{"id":11811,"date":"2025-02-13T18:33:33","date_gmt":"2025-02-13T17:33:33","guid":{"rendered":"https:\/\/joyeriagordillo.com\/?page_id=11811"},"modified":"2025-06-09T17:35:40","modified_gmt":"2025-06-09T16:35:40","slug":"gordillo-alta-joyeria","status":"publish","type":"page","link":"https:\/\/joyeriagordillo.com\/en\/gordillo-alta-joyeria\/","title":{"rendered":"Gordillo alta joyer\u00eda"},"content":{"rendered":"<div data-elementor-type=\"wp-page\" data-elementor-id=\"11811\" class=\"elementor elementor-11811\" data-elementor-post-type=\"page\">\n\t\t\t\t<div class=\"elementor-element elementor-element-15d6e19 e-flex e-con-boxed e-con e-parent\" data-id=\"15d6e19\" data-element_type=\"container\" data-e-type=\"container\">\n\t\t\t\t\t<div class=\"e-con-inner\">\n\t\t\t\t<div class=\"elementor-element elementor-element-3f7ac52 elementor-widget elementor-widget-heading\" data-id=\"3f7ac52\" data-element_type=\"widget\" data-e-type=\"widget\" data-widget_type=\"heading.default\">\n\t\t\t\t<div class=\"elementor-widget-container\">\n\t\t\t\t\t<h1 class=\"elementor-heading-title elementor-size-default\">Gordillo alta joyer\u00eda<\/h1>\t\t\t\t<\/div>\n\t\t\t\t<\/div>\n\t\t\t\t<div class=\"elementor-element elementor-element-db005f8 elementor-widget elementor-widget-heading\" data-id=\"db005f8\" data-element_type=\"widget\" data-e-type=\"widget\" data-widget_type=\"heading.default\">\n\t\t\t\t<div class=\"elementor-widget-container\">\n\t\t\t\t\t<h2 class=\"elementor-heading-title elementor-size-default\"><span style=\"font-family: Montserrat, Arial, Helvetica, sans-serif;font-size: 16px;letter-spacing: 0.24px;text-transform: uppercase\">La pureza de las mejores piedras preciosas<\/span><\/h2>\t\t\t\t<\/div>\n\t\t\t\t<\/div>\n\t\t\t\t<div class=\"elementor-element elementor-element-6e60d93 elementor-widget elementor-widget-text-editor\" data-id=\"6e60d93\" data-element_type=\"widget\" data-e-type=\"widget\" data-widget_type=\"text-editor.default\">\n\t\t\t\t<div class=\"elementor-widget-container\">\n\t\t\t\t\t\t\t\t\t<p>Desde nuestros or\u00edgenes, en 1960,\u00a0<strong>Gordillo Jewellery<\/strong>\u00a0se ha especializado en el dise\u00f1o de joyas de alta joyer\u00eda, restauraci\u00f3n y redise\u00f1o de joyas antiguas, teniendo presente en todo momento que la calidad y pureza de las mejores gemas y piedras preciosas otorgan a cada pieza de alta joyer\u00eda su mayor belleza.<\/p><p>Fundada por Antonio Gordillo, que tras formarse en su C\u00f3rdoba natal en el arte de la orfebrer\u00eda y joyer\u00eda se instal\u00f3 en C\u00e1diz, nuestra empresa se ha consolidado, a trav\u00e9s de su savoir faire, como una de las referentes del sector, no solo en esta provincia sino tambi\u00e9n en Europa.<br \/>Al frente de\u00a0<a href=\"https:\/\/www.elconfidencialdigital.com\/articulo\/noticias\/donde-comprar-relojes-alta-joyeria-internet-joyeria-gordillo\/20241001140413851035.html\" target=\"_blank\" rel=\"noopener noreferrer nofollow\">Gordillo Jewellery<\/a>\u00a0en la actualidad se encuentra Esther Gordillo, de la segunda generaci\u00f3n familiar, que al unir su versi\u00f3n m\u00e1s emprendedora con su pasi\u00f3n por la gemolog\u00eda, impregna de originalidad y vanguardismo cada joya que dise\u00f1a, sin olvidar ni dejar de lado la elegancia y lo tradicional de cada una de las piezas.<\/p>\t\t\t\t\t\t\t\t<\/div>\n\t\t\t\t<\/div>\n\t\t\t\t\t<\/div>\n\t\t\t\t<\/div>\n\t\t<div class=\"elementor-element elementor-element-5e7f9b4 e-flex e-con-boxed e-con e-parent\" data-id=\"5e7f9b4\" data-element_type=\"container\" data-e-type=\"container\">\n\t\t\t\t\t<div class=\"e-con-inner\">\n\t\t\t\t<div class=\"elementor-element elementor-element-8a53b88 elementor-widget elementor-widget-heading\" data-id=\"8a53b88\" data-element_type=\"widget\" data-e-type=\"widget\" data-widget_type=\"heading.default\">\n\t\t\t\t<div class=\"elementor-widget-container\">\n\t\t\t\t\t<h2 class=\"elementor-heading-title elementor-size-default\">INNOVACI\u00d3N Y TENDENCIAS INTERNACIONALES<\/h2>\t\t\t\t<\/div>\n\t\t\t\t<\/div>\n\t\t<div class=\"elementor-element elementor-element-ce3dbad e-con-full e-flex e-con e-child\" data-id=\"ce3dbad\" data-element_type=\"container\" data-e-type=\"container\">\n\t\t<div class=\"elementor-element elementor-element-03a8533 e-con-full e-flex e-con e-child\" data-id=\"03a8533\" data-element_type=\"container\" data-e-type=\"container\">\n\t\t\t\t<div class=\"elementor-element elementor-element-f6ae759 elementor-widget elementor-widget-image\" data-id=\"f6ae759\" data-element_type=\"widget\" data-e-type=\"widget\" data-widget_type=\"image.default\">\n\t\t\t\t<div class=\"elementor-widget-container\">\n\t\t\t\t\t\t\t\t\t\t\t\t\t\t\t<img fetchpriority=\"high\" decoding=\"async\" width=\"800\" height=\"533\" src=\"https:\/\/joyeriagordillo.com\/wp-content\/uploads\/2025\/02\/Fran-Varela-4-1024x682.jpg\" class=\"attachment-large size-large wp-image-11174\" alt=\"\" srcset=\"https:\/\/joyeriagordillo.com\/wp-content\/uploads\/2025\/02\/Fran-Varela-4-1024x682.jpg 1024w, https:\/\/joyeriagordillo.com\/wp-content\/uploads\/2025\/02\/Fran-Varela-4-300x200.jpg 300w, https:\/\/joyeriagordillo.com\/wp-content\/uploads\/2025\/02\/Fran-Varela-4-768x511.jpg 768w, https:\/\/joyeriagordillo.com\/wp-content\/uploads\/2025\/02\/Fran-Varela-4-1536x1022.jpg 1536w, https:\/\/joyeriagordillo.com\/wp-content\/uploads\/2025\/02\/Fran-Varela-4-2048x1363.jpg 2048w, https:\/\/joyeriagordillo.com\/wp-content\/uploads\/2025\/02\/Fran-Varela-4-18x12.jpg 18w, https:\/\/joyeriagordillo.com\/wp-content\/uploads\/2025\/02\/Fran-Varela-4-600x399.jpg 600w\" sizes=\"(max-width: 800px) 100vw, 800px\">\t\t\t\t\t\t\t\t\t\t\t\t\t\t\t<\/div>\n\t\t\t\t<\/div>\n\t\t\t\t<div class=\"elementor-element elementor-element-b7eac3a elementor-widget elementor-widget-heading\" data-id=\"b7eac3a\" data-element_type=\"widget\" data-e-type=\"widget\" data-widget_type=\"heading.default\">\n\t\t\t\t<div class=\"elementor-widget-container\">\n\t\t\t\t\t<p class=\"elementor-heading-title elementor-size-default\">Pulsera Skyline de dise\u00f1o propio de Joyer\u00eda Gordillo<\/p>\t\t\t\t<\/div>\n\t\t\t\t<\/div>\n\t\t\t\t<\/div>\n\t\t<div class=\"elementor-element elementor-element-a9d73af e-con-full e-flex e-con e-child\" data-id=\"a9d73af\" data-element_type=\"container\" data-e-type=\"container\">\n\t\t\t\t<div class=\"elementor-element elementor-element-f82cf85 elementor-widget elementor-widget-heading\" data-id=\"f82cf85\" data-element_type=\"widget\" data-e-type=\"widget\" data-widget_type=\"heading.default\">\n\t\t\t\t<div class=\"elementor-widget-container\">\n\t\t\t\t\t<h2 class=\"elementor-heading-title elementor-size-default\"><span style=\"font-family: Montserrat, Arial, Helvetica, sans-serif;font-size: 16px;letter-spacing: 0.24px;text-transform: uppercase\">La pureza de las mejores piedras preciosas<\/span><\/h2>\t\t\t\t<\/div>\n\t\t\t\t<\/div>\n\t\t\t\t<div class=\"elementor-element elementor-element-a316d1a elementor-widget elementor-widget-text-editor\" data-id=\"a316d1a\" data-element_type=\"widget\" data-e-type=\"widget\" data-widget_type=\"text-editor.default\">\n\t\t\t\t<div class=\"elementor-widget-container\">\n\t\t\t\t\t\t\t\t\t<p>Desde nuestros or\u00edgenes, en 1960,\u00a0<strong>Gordillo Jewellery<\/strong>\u00a0se ha especializado en el dise\u00f1o de joyas de alta joyer\u00eda, restauraci\u00f3n y redise\u00f1o de joyas antiguas, teniendo presente en todo momento que la calidad y pureza de las mejores gemas y piedras preciosas otorgan a cada pieza de alta joyer\u00eda su mayor belleza.<\/p><p>Fundada por Antonio Gordillo, que tras formarse en su C\u00f3rdoba natal en el arte de la orfebrer\u00eda y joyer\u00eda se instal\u00f3 en C\u00e1diz, nuestra empresa se ha consolidado, a trav\u00e9s de su savoir faire, como una de las referentes del sector, no solo en esta provincia sino tambi\u00e9n en Europa.<br \/>Al frente de\u00a0<a href=\"https:\/\/www.elconfidencialdigital.com\/articulo\/noticias\/donde-comprar-relojes-alta-joyeria-internet-joyeria-gordillo\/20241001140413851035.html\" target=\"_blank\" rel=\"noopener noreferrer nofollow\">Gordillo Jewellery<\/a>\u00a0en la actualidad se encuentra Esther Gordillo, de la segunda generaci\u00f3n familiar, que al unir su versi\u00f3n m\u00e1s emprendedora con su pasi\u00f3n por la gemolog\u00eda, impregna de originalidad y vanguardismo cada joya que dise\u00f1a, sin olvidar ni dejar de lado la elegancia y lo tradicional de cada una de las piezas.<\/p>\t\t\t\t\t\t\t\t<\/div>\n\t\t\t\t<\/div>\n\t\t\t\t<\/div>\n\t\t\t\t<\/div>\n\t\t\t\t\t<\/div>\n\t\t\t\t<\/div>\n\t\t<div class=\"elementor-element elementor-element-a48d902 e-flex e-con-boxed e-con e-parent\" data-id=\"a48d902\" data-element_type=\"container\" data-e-type=\"container\">\n\t\t\t\t\t<div class=\"e-con-inner\">\n\t\t\t\t<div class=\"elementor-element elementor-element-6032947 elementor-widget elementor-widget-heading\" data-id=\"6032947\" data-element_type=\"widget\" data-e-type=\"widget\" data-widget_type=\"heading.default\">\n\t\t\t\t<div class=\"elementor-widget-container\">\n\t\t\t\t\t<h2 class=\"elementor-heading-title elementor-size-default\">COLECCIONES DE ALTA JOYER\u00cdA GORDILLO<\/h2>\t\t\t\t<\/div>\n\t\t\t\t<\/div>\n\t\t<div class=\"elementor-element elementor-element-d376603 e-con-full e-flex e-con e-child\" data-id=\"d376603\" data-element_type=\"container\" data-e-type=\"container\">\n\t\t<div class=\"elementor-element elementor-element-d4e4c98 e-con-full e-flex e-con e-child\" data-id=\"d4e4c98\" data-element_type=\"container\" data-e-type=\"container\">\n\t\t\t\t<div class=\"elementor-element elementor-element-f5e5aea elementor-widget elementor-widget-image\" data-id=\"f5e5aea\" data-element_type=\"widget\" data-e-type=\"widget\" data-widget_type=\"image.default\">\n\t\t\t\t<div class=\"elementor-widget-container\">\n\t\t\t\t\t\t\t\t\t\t\t\t\t\t\t<img decoding=\"async\" width=\"400\" height=\"400\" src=\"https:\/\/joyeriagordillo.com\/wp-content\/uploads\/2025\/02\/2-400x400-1.jpg\" class=\"attachment-large size-large wp-image-11815\" alt=\"\" srcset=\"https:\/\/joyeriagordillo.com\/wp-content\/uploads\/2025\/02\/2-400x400-1.jpg 400w, https:\/\/joyeriagordillo.com\/wp-content\/uploads\/2025\/02\/2-400x400-1-300x300.jpg 300w, https:\/\/joyeriagordillo.com\/wp-content\/uploads\/2025\/02\/2-400x400-1-150x150.jpg 150w, https:\/\/joyeriagordillo.com\/wp-content\/uploads\/2025\/02\/2-400x400-1-100x100.jpg 100w\" sizes=\"(max-width: 400px) 100vw, 400px\">\t\t\t\t\t\t\t\t\t\t\t\t\t\t\t<\/div>\n\t\t\t\t<\/div>\n\t\t\t\t<\/div>\n\t\t<div class=\"elementor-element elementor-element-62d503b e-con-full e-flex e-con e-child\" data-id=\"62d503b\" data-element_type=\"container\" data-e-type=\"container\">\n\t\t\t\t<div class=\"elementor-element elementor-element-67db3d4 elementor-widget elementor-widget-image\" data-id=\"67db3d4\" data-element_type=\"widget\" data-e-type=\"widget\" data-widget_type=\"image.default\">\n\t\t\t\t<div class=\"elementor-widget-container\">\n\t\t\t\t\t\t\t\t\t\t\t\t\t\t\t<img decoding=\"async\" width=\"400\" height=\"400\" src=\"https:\/\/joyeriagordillo.com\/wp-content\/uploads\/2025\/02\/3-400x400-1.jpg\" class=\"attachment-large size-large wp-image-11814\" alt=\"\" srcset=\"https:\/\/joyeriagordillo.com\/wp-content\/uploads\/2025\/02\/3-400x400-1.jpg 400w, https:\/\/joyeriagordillo.com\/wp-content\/uploads\/2025\/02\/3-400x400-1-300x300.jpg 300w, https:\/\/joyeriagordillo.com\/wp-content\/uploads\/2025\/02\/3-400x400-1-150x150.jpg 150w, https:\/\/joyeriagordillo.com\/wp-content\/uploads\/2025\/02\/3-400x400-1-100x100.jpg 100w\" sizes=\"(max-width: 400px) 100vw, 400px\">\t\t\t\t\t\t\t\t\t\t\t\t\t\t\t<\/div>\n\t\t\t\t<\/div>\n\t\t\t\t<\/div>\n\t\t<div class=\"elementor-element elementor-element-544f424 e-con-full e-flex e-con e-child\" data-id=\"544f424\" data-element_type=\"container\" data-e-type=\"container\">\n\t\t\t\t<div class=\"elementor-element elementor-element-c917529 elementor-widget elementor-widget-image\" data-id=\"c917529\" data-element_type=\"widget\" data-e-type=\"widget\" data-widget_type=\"image.default\">\n\t\t\t\t<div class=\"elementor-widget-container\">\n\t\t\t\t\t\t\t\t\t\t\t\t\t\t\t<img loading=\"lazy\" decoding=\"async\" width=\"400\" height=\"400\" src=\"https:\/\/joyeriagordillo.com\/wp-content\/uploads\/2025\/02\/1-400x400-1.jpg\" class=\"attachment-large size-large wp-image-11813\" alt=\"\" srcset=\"https:\/\/joyeriagordillo.com\/wp-content\/uploads\/2025\/02\/1-400x400-1.jpg 400w, https:\/\/joyeriagordillo.com\/wp-content\/uploads\/2025\/02\/1-400x400-1-300x300.jpg 300w, https:\/\/joyeriagordillo.com\/wp-content\/uploads\/2025\/02\/1-400x400-1-150x150.jpg 150w, https:\/\/joyeriagordillo.com\/wp-content\/uploads\/2025\/02\/1-400x400-1-100x100.jpg 100w\" sizes=\"(max-width: 400px) 100vw, 400px\">\t\t\t\t\t\t\t\t\t\t\t\t\t\t\t<\/div>\n\t\t\t\t<\/div>\n\t\t\t\t<\/div>\n\t\t<div class=\"elementor-element elementor-element-1fa1498 e-con-full e-flex e-con e-child\" data-id=\"1fa1498\" data-element_type=\"container\" data-e-type=\"container\">\n\t\t\t\t<div class=\"elementor-element elementor-element-b23fca2 elementor-widget elementor-widget-image\" data-id=\"b23fca2\" data-element_type=\"widget\" data-e-type=\"widget\" data-widget_type=\"image.default\">\n\t\t\t\t<div class=\"elementor-widget-container\">\n\t\t\t\t\t\t\t\t\t\t\t\t\t\t\t<img loading=\"lazy\" decoding=\"async\" width=\"400\" height=\"400\" src=\"https:\/\/joyeriagordillo.com\/wp-content\/uploads\/2025\/02\/4-400x400-1.jpg\" class=\"attachment-large size-large wp-image-11812\" alt=\"\" srcset=\"https:\/\/joyeriagordillo.com\/wp-content\/uploads\/2025\/02\/4-400x400-1.jpg 400w, https:\/\/joyeriagordillo.com\/wp-content\/uploads\/2025\/02\/4-400x400-1-300x300.jpg 300w, https:\/\/joyeriagordillo.com\/wp-content\/uploads\/2025\/02\/4-400x400-1-150x150.jpg 150w, https:\/\/joyeriagordillo.com\/wp-content\/uploads\/2025\/02\/4-400x400-1-100x100.jpg 100w\" sizes=\"(max-width: 400px) 100vw, 400px\">\t\t\t\t\t\t\t\t\t\t\t\t\t\t\t<\/div>\n\t\t\t\t<\/div>\n\t\t\t\t<\/div>\n\t\t\t\t<\/div>\n\t\t\t\t\t<\/div>\n\t\t\t\t<\/div>\n\t\t<div class=\"elementor-element elementor-element-72053cd e-flex e-con-boxed e-con e-parent\" data-id=\"72053cd\" data-element_type=\"container\" data-e-type=\"container\">\n\t\t\t\t\t<div class=\"e-con-inner\">\n\t\t\t\t<div class=\"elementor-element elementor-element-4a73e45 elementor-widget elementor-widget-heading\" data-id=\"4a73e45\" data-element_type=\"widget\" data-e-type=\"widget\" data-widget_type=\"heading.default\">\n\t\t\t\t<div class=\"elementor-widget-container\">\n\t\t\t\t\t<h2 class=\"elementor-heading-title elementor-size-default\">REFLEJO DEL BUEN HACER<\/h2>\t\t\t\t<\/div>\n\t\t\t\t<\/div>\n\t\t<div class=\"elementor-element elementor-element-9927954 e-con-full e-flex e-con e-child\" data-id=\"9927954\" data-element_type=\"container\" data-e-type=\"container\">\n\t\t<div class=\"elementor-element elementor-element-7691651 e-con-full e-flex e-con e-child\" data-id=\"7691651\" data-element_type=\"container\" data-e-type=\"container\">\n\t\t\t\t<div class=\"elementor-element elementor-element-7008099 elementor-widget elementor-widget-text-editor\" data-id=\"7008099\" data-element_type=\"widget\" data-e-type=\"widget\" data-widget_type=\"text-editor.default\">\n\t\t\t\t<div class=\"elementor-widget-container\">\n\t\t\t\t\t\t\t\t\t<div class=\"fusion-layout-column fusion_builder_column fusion-builder-column-19 fusion_builder_column_1_2 1_2 fusion-flex-column fusion-flex-align-self-flex-start\"><div class=\"fusion-column-wrapper fusion-column-has-shadow fusion-flex-justify-content-center fusion-content-layout-column\"><div class=\"fusion-text fusion-text-5\"><p>Nuestros dise\u00f1os y creaciones de alta joyer\u00eda reflejan nuestra pasi\u00f3n por el buen hacer. Nuestras colecciones propias son \u00fanicas, llenas de personalidad, estilo, brillo y color. Creadas para que sean diferentes. Disponemos de dise\u00f1os \u00fanicos, de personalidad. Porque para nosotros no hay dos joyas ni dos piedras preciosas iguales.\u00a0As\u00ed es como dotamos de car\u00e1cter y personalidad a todas y cada una de las gemas que seleccionamos, ya sean<strong>\u00a0diamantes, esmeraldas, zafiros o topacios.<\/strong> Nos encanta aportar un estilo fresco y contempor\u00e1neo a las piezas gracias al dise\u00f1o y la\u00a0 combinaci\u00f3n de formas originales y novedosas, con las tallas, los colores y los materiales nobles, ya sea el cl\u00e1sico oro amarillo, el moderno oro blanco o el rom\u00e1ntico oro rosa.<\/p><\/div><\/div><\/div>\t\t\t\t\t\t\t\t<\/div>\n\t\t\t\t<\/div>\n\t\t\t\t<\/div>\n\t\t<div class=\"elementor-element elementor-element-3baa65d e-con-full e-flex e-con e-child\" data-id=\"3baa65d\" data-element_type=\"container\" data-e-type=\"container\">\n\t\t\t\t<div class=\"elementor-element elementor-element-2b89b71 elementor-widget elementor-widget-image\" data-id=\"2b89b71\" data-element_type=\"widget\" data-e-type=\"widget\" data-widget_type=\"image.default\">\n\t\t\t\t<div class=\"elementor-widget-container\">\n\t\t\t\t\t\t\t\t\t\t\t\t\t\t\t<img decoding=\"async\" src=\"https:\/\/joyeriagordillo.com\/wp-content\/uploads\/2025\/02\/Perseidas-scaled.jpg\" title=\"\" alt=\"\" loading=\"lazy\">\t\t\t\t\t\t\t\t\t\t\t\t\t\t\t<\/div>\n\t\t\t\t<\/div>\n\t\t\t\t<div class=\"elementor-element elementor-element-d3aa718 elementor-widget elementor-widget-heading\" data-id=\"d3aa718\" data-element_type=\"widget\" data-e-type=\"widget\" data-widget_type=\"heading.default\">\n\t\t\t\t<div class=\"elementor-widget-container\">\n\t\t\t\t\t<p class=\"elementor-heading-title elementor-size-default\">Colecci\u00f3n Perseidas de dise\u00f1o propio de Joyer\u00eda Gordillo<\/p>\t\t\t\t<\/div>\n\t\t\t\t<\/div>\n\t\t\t\t<\/div>\n\t\t\t\t<\/div>\n\t\t\t\t\t<\/div>\n\t\t\t\t<\/div>\n\t\t<div class=\"elementor-element elementor-element-31ad642 e-flex e-con-boxed e-con e-parent\" data-id=\"31ad642\" data-element_type=\"container\" data-e-type=\"container\">\n\t\t\t\t\t<div class=\"e-con-inner\">\n\t\t\t\t<div class=\"elementor-element elementor-element-d488b39 elementor-widget elementor-widget-heading\" data-id=\"d488b39\" data-element_type=\"widget\" data-e-type=\"widget\" data-widget_type=\"heading.default\">\n\t\t\t\t<div class=\"elementor-widget-container\">\n\t\t\t\t\t<h2 class=\"elementor-heading-title elementor-size-default\">ORGULLO DEL EQUIPO GORDILLO<\/h2>\t\t\t\t<\/div>\n\t\t\t\t<\/div>\n\t\t\t\t<div class=\"elementor-element elementor-element-5eaf282 elementor-widget elementor-widget-text-editor\" data-id=\"5eaf282\" data-element_type=\"widget\" data-e-type=\"widget\" data-widget_type=\"text-editor.default\">\n\t\t\t\t<div class=\"elementor-widget-container\">\n\t\t\t\t\t\t\t\t\t<div class=\"fusion-layout-column fusion_builder_column fusion-builder-column-19 fusion_builder_column_1_2 1_2 fusion-flex-column fusion-flex-align-self-flex-start\"><div class=\"fusion-column-wrapper fusion-column-has-shadow fusion-flex-justify-content-center fusion-content-layout-column\"><div class=\"fusion-text fusion-text-5\"><p>Estamos absolutamente orgullosos de nuestros maestros artesanos y dise\u00f1adores, quienes ponen todo su empe\u00f1o a lo largo de todo el proceso creativo, inspirado, desde que surge la idea, en la esencia de nuestra tierra. De esta forma, las joyas pasan a ser un legado, para toda la vida.<br \/>A su vez, Joyer\u00eda Gordillo, dispone de un moderno\u00a0<strong>watchmaking workshop<\/strong>\u00a0donde completamos y ponemos a punto los relojes y solucionamos cualquier problema que pueda en torno a este tipo de piezas. Adem\u00e1s, en este espacio, hay una sala de pulido para las cajas y brazaletes, ya sean de oro o acero.<\/p><\/div><\/div><\/div>\t\t\t\t\t\t\t\t<\/div>\n\t\t\t\t<\/div>\n\t\t\t\t\t<\/div>\n\t\t\t\t<\/div>\n\t\t\t\t<\/div>","protected":false},"excerpt":{"rendered":"<p>La pureza de las mejores piedras preciosas Desde nuestros or\u00edgenes, en 1960,\u00a0Joyer\u00eda Gordillo\u00a0se ha especializado en el dise\u00f1o de joyas de alta joyer\u00eda, restauraci\u00f3n y redise\u00f1o de joyas antiguas, teniendo presente en todo momento que la calidad y pureza de las mejores gemas y piedras preciosas otorgan a cada pieza de alta joyer\u00eda su mayor [&hellip;]<\/p>\n","protected":false},"author":1,"featured_media":0,"parent":0,"menu_order":0,"comment_status":"closed","ping_status":"closed","template":"","meta":{"_acf_changed":false,"footnotes":""},"class_list":["post-11811","page","type-page","status-publish","hentry"],"acf":[],"_links":{"self":[{"href":"https:\/\/joyeriagordillo.com\/en\/wp-json\/wp\/v2\/pages\/11811","targetHints":{"allow":["GET"]}}],"collection":[{"href":"https:\/\/joyeriagordillo.com\/en\/wp-json\/wp\/v2\/pages"}],"about":[{"href":"https:\/\/joyeriagordillo.com\/en\/wp-json\/wp\/v2\/types\/page"}],"author":[{"embeddable":true,"href":"https:\/\/joyeriagordillo.com\/en\/wp-json\/wp\/v2\/users\/1"}],"replies":[{"embeddable":true,"href":"https:\/\/joyeriagordillo.com\/en\/wp-json\/wp\/v2\/comments?post=11811"}],"version-history":[{"count":0,"href":"https:\/\/joyeriagordillo.com\/en\/wp-json\/wp\/v2\/pages\/11811\/revisions"}],"wp:attachment":[{"href":"https:\/\/joyeriagordillo.com\/en\/wp-json\/wp\/v2\/media?parent=11811"}],"curies":[{"name":"wp","href":"https:\/\/api.w.org\/{rel}","templated":true}]}}