{"id":12162,"date":"2025-02-18T18:29:11","date_gmt":"2025-02-18T17:29:11","guid":{"rendered":"https:\/\/joyeriagordillo.com\/?page_id=12162"},"modified":"2025-02-25T11:47:50","modified_gmt":"2025-02-25T10:47:50","slug":"meraki","status":"publish","type":"page","link":"https:\/\/joyeriagordillo.com\/en\/meraki\/","title":{"rendered":"Meraki"},"content":{"rendered":"\t\t<div data-elementor-type=\"wp-page\" data-elementor-id=\"12162\" class=\"elementor elementor-12162\" data-elementor-post-type=\"page\">\n\t\t\t\t<div class=\"elementor-element elementor-element-c27c29d e-flex e-con-boxed e-con e-parent\" data-id=\"c27c29d\" data-element_type=\"container\" data-e-type=\"container\">\n\t\t\t\t\t<div class=\"e-con-inner\">\n\t\t\t\t<div class=\"elementor-element elementor-element-48f538f elementor-widget elementor-widget-woocommerce-breadcrumb\" data-id=\"48f538f\" data-element_type=\"widget\" data-e-type=\"widget\" data-widget_type=\"woocommerce-breadcrumb.default\">\n\t\t\t\t<div class=\"elementor-widget-container\">\n\t\t\t\t\t<nav class=\"woocommerce-breadcrumb\" aria-label=\"Breadcrumb\">Home<\/nav>\t\t\t\t<\/div>\n\t\t\t\t<\/div>\n\t\t\t\t\t<\/div>\n\t\t\t\t<\/div>\n\t\t<div class=\"elementor-element elementor-element-36e008f e-flex e-con-boxed e-con e-parent\" data-id=\"36e008f\" data-element_type=\"container\" data-e-type=\"container\">\n\t\t\t\t\t<div class=\"e-con-inner\">\n\t\t\t\t<div class=\"elementor-element elementor-element-aa3cca6 elementor-widget elementor-widget-heading\" data-id=\"aa3cca6\" data-element_type=\"widget\" data-e-type=\"widget\" data-widget_type=\"heading.default\">\n\t\t\t\t<div class=\"elementor-widget-container\">\n\t\t\t\t\t<h2 class=\"elementor-heading-title elementor-size-default\">Meraki By Gordillo<\/h2>\t\t\t\t<\/div>\n\t\t\t\t<\/div>\n\t\t\t\t<div class=\"elementor-element elementor-element-61f2048 elementor-widget elementor-widget-heading\" data-id=\"61f2048\" data-element_type=\"widget\" data-e-type=\"widget\" data-widget_type=\"heading.default\">\n\t\t\t\t<div class=\"elementor-widget-container\">\n\t\t\t\t\t<h2 class=\"elementor-heading-title elementor-size-default\">Joyas para mujeres modernas y actuales<\/h2>\t\t\t\t<\/div>\n\t\t\t\t<\/div>\n\t\t\t\t\t<\/div>\n\t\t\t\t<\/div>\n\t\t<div class=\"elementor-element elementor-element-c556006 e-flex e-con-boxed e-con e-parent\" data-id=\"c556006\" data-element_type=\"container\" data-e-type=\"container\">\n\t\t\t\t\t<div class=\"e-con-inner\">\n\t\t\t\t<div class=\"woocommerce elementor-element elementor-element-229432a elementor-grid-4 elementor-grid-tablet-3 elementor-grid-mobile-2 elementor-widget elementor-widget-loop-grid\" data-id=\"229432a\" data-element_type=\"widget\" data-e-type=\"widget\" data-settings=\"{&quot;_skin&quot;:&quot;product&quot;,&quot;template_id&quot;:&quot;11027&quot;,&quot;columns&quot;:4,&quot;pagination_type&quot;:&quot;numbers_and_prev_next&quot;,&quot;columns_tablet&quot;:3,&quot;columns_mobile&quot;:2,&quot;edit_handle_selector&quot;:&quot;[data-elementor-type=\\&quot;loop-item\\&quot;]&quot;,&quot;pagination_load_type&quot;:&quot;page_reload&quot;,&quot;row_gap&quot;:{&quot;unit&quot;:&quot;px&quot;,&quot;size&quot;:&quot;&quot;,&quot;sizes&quot;:[]},&quot;row_gap_tablet&quot;:{&quot;unit&quot;:&quot;px&quot;,&quot;size&quot;:&quot;&quot;,&quot;sizes&quot;:[]},&quot;row_gap_mobile&quot;:{&quot;unit&quot;:&quot;px&quot;,&quot;size&quot;:&quot;&quot;,&quot;sizes&quot;:[]}}\" data-widget_type=\"loop-grid.product\">\n\t\t\t\t<div class=\"elementor-widget-container\">\n\t\t\t\t\t\t\t<div class=\"e-loop-nothing-found-message\">\n\t\t<\/div>\n\t\t\t\t\t\t<\/div>\n\t\t\t\t<\/div>\n\t\t\t\t\t<\/div>\n\t\t\t\t<\/div>\n\t\t<div class=\"elementor-element elementor-element-ba1511d e-flex e-con-boxed e-con e-parent\" data-id=\"ba1511d\" data-element_type=\"container\" data-e-type=\"container\">\n\t\t\t\t\t<div class=\"e-con-inner\">\n\t\t<div class=\"elementor-element elementor-element-270adf8 e-con-full e-flex e-con e-child\" data-id=\"270adf8\" data-element_type=\"container\" data-e-type=\"container\">\n\t\t\t\t<div class=\"elementor-element elementor-element-a214772 elementor-widget elementor-widget-text-editor\" data-id=\"a214772\" data-element_type=\"widget\" data-e-type=\"widget\" data-widget_type=\"text-editor.default\">\n\t\t\t\t<div class=\"elementor-widget-container\">\n\t\t\t\t\t\t\t\t\t<p>Esta colecci\u00f3n est\u00e1 pensada para\u00a0<strong>mujeres modernas y actuales<\/strong>. La colecci\u00f3n consta de anillos, pulseras y colgantes con un aire m\u00e1s atrevido y desenfadado.<\/p><p>Es la m\u00e1s joven de nuestras colecciones. Est\u00e1 pensada para mujeres modernas, actuales y atrevidas. Esta colecci\u00f3n de joyas consta de<strong>\u00a0anillos, pulseras y colgantes<\/strong>\u00a0que se enfocan en un p\u00fablico m\u00e1s joven. Con un aire m\u00e1s atrevido y moderno, sus joyas combinan con looks m\u00e1s desenfadados sin dejar de ser joyas.<\/p><p>El dise\u00f1o destaca por sus l\u00edneas minimalistas. Sus piezas son exclusivas y han sido seleccionadas y dise\u00f1adas con mimo para una mujer independiente y con mucho estilo. Sus piezas pueden llevarse a\u00a0<a href=\"https:\/\/joyeriagordillo.com\/el-joyero-capsula\/\">diario<\/a>, as\u00ed como combinarse con otras, para hacer m\u00e1s personal el estilo en cualquier ocasi\u00f3n.<\/p><p>Las joyas de\u00a0<a href=\"https:\/\/www.aimdesarrolloprofesional.com\/l\/meraki-significado\/#:~:text=La%20palabra%20meraki%20proviene%20del,tareas%20no%20tan%20%22art%C3%ADsticas%22.\" target=\"_blank\" rel=\"noopener noreferrer nofollow\">Meraki<\/a>\u00a0son\u00a0<strong>ligeras y c\u00f3modas<\/strong>. Para aquellas mujeres que busquen completar su atuendo con piezas especiales, que las hagan destacar, pues nuestros maestros artesanos han cuidado de cada detalle y de cada dise\u00f1o.<\/p><p>La colecci\u00f3n da protagonismo a los diamantes, al oro rosa, al\u00a0<strong>oro amarillo y al oro blanco de 18 quilate<\/strong>s, y cada una de las joyas est\u00e1n realizadas con gran cuidado, con los materiales de mayor calidad. El trato con los materiales es minucioso para as\u00ed dar forma a las joyas m\u00e1s especiales. Siempre inspiradas para que sea el complemento perfecto para momentos \u00fanicos.<\/p>\t\t\t\t\t\t\t\t<\/div>\n\t\t\t\t<\/div>\n\t\t\t\t<\/div>\n\t\t<div class=\"elementor-element elementor-element-c8278ca e-con-full e-flex e-con e-child\" data-id=\"c8278ca\" data-element_type=\"container\" data-e-type=\"container\">\n\t\t\t\t<div class=\"elementor-element elementor-element-41b9508 elementor-widget elementor-widget-image\" data-id=\"41b9508\" data-element_type=\"widget\" data-e-type=\"widget\" data-widget_type=\"image.default\">\n\t\t\t\t<div class=\"elementor-widget-container\">\n\t\t\t\t\t\t\t\t\t\t\t\t\t\t\t<img fetchpriority=\"high\" decoding=\"async\" width=\"800\" height=\"534\" src=\"https:\/\/joyeriagordillo.com\/wp-content\/uploads\/2025\/02\/IMG_2390-1024x683.jpg\" class=\"attachment-large size-large wp-image-12164\" alt=\"\" srcset=\"https:\/\/joyeriagordillo.com\/wp-content\/uploads\/2025\/02\/IMG_2390-1024x683.jpg.avif 1024w, https:\/\/joyeriagordillo.com\/wp-content\/uploads\/2025\/02\/IMG_2390-300x200.jpg.avif 300w, https:\/\/joyeriagordillo.com\/wp-content\/uploads\/2025\/02\/IMG_2390-768x512.jpg.avif 768w, https:\/\/joyeriagordillo.com\/wp-content\/uploads\/2025\/02\/IMG_2390-1536x1024.jpg.avif 1536w, https:\/\/joyeriagordillo.com\/wp-content\/uploads\/2025\/02\/IMG_2390-2048x1365.jpg.avif 2048w, https:\/\/joyeriagordillo.com\/wp-content\/uploads\/2025\/02\/IMG_2390-600x400.jpg.avif 600w\" sizes=\"(max-width: 800px) 100vw, 800px\">\t\t\t\t\t\t\t\t\t\t\t\t\t\t\t<\/div>\n\t\t\t\t<\/div>\n\t\t\t\t<\/div>\n\t\t\t\t\t<\/div>\n\t\t\t\t<\/div>\n\t\t<div class=\"elementor-element elementor-element-4cbc851 e-con-full e-flex e-con e-parent\" data-id=\"4cbc851\" data-element_type=\"container\" data-e-type=\"container\">\n\t\t<div class=\"elementor-element elementor-element-f76efca e-flex e-con-boxed e-con e-child\" data-id=\"f76efca\" data-element_type=\"container\" data-e-type=\"container\">\n\t\t\t\t\t<div class=\"e-con-inner\">\n\t\t\t\t<div class=\"elementor-element elementor-element-c68d97d elementor-widget elementor-widget-image\" data-id=\"c68d97d\" data-element_type=\"widget\" data-e-type=\"widget\" data-widget_type=\"image.default\">\n\t\t\t\t<div class=\"elementor-widget-container\">\n\t\t\t\t\t\t\t\t\t\t\t\t\t\t\t<img decoding=\"async\" width=\"800\" height=\"800\" src=\"https:\/\/joyeriagordillo.com\/wp-content\/uploads\/2025\/02\/5.jpg\" class=\"attachment-large size-large wp-image-12165\" alt=\"\" srcset=\"https:\/\/joyeriagordillo.com\/wp-content\/uploads\/2025\/02\/5.jpg.avif 1000w, https:\/\/joyeriagordillo.com\/wp-content\/uploads\/2025\/02\/5-300x300.jpg.avif 300w, https:\/\/joyeriagordillo.com\/wp-content\/uploads\/2025\/02\/5-150x150.jpg.avif 150w, https:\/\/joyeriagordillo.com\/wp-content\/uploads\/2025\/02\/5-768x768.jpg.avif 768w, https:\/\/joyeriagordillo.com\/wp-content\/uploads\/2025\/02\/5-600x600.jpg.avif 600w, https:\/\/joyeriagordillo.com\/wp-content\/uploads\/2025\/02\/5-100x100.jpg.avif 100w\" sizes=\"(max-width: 800px) 100vw, 800px\">\t\t\t\t\t\t\t\t\t\t\t\t\t\t\t<\/div>\n\t\t\t\t<\/div>\n\t\t\t\t\t<\/div>\n\t\t\t\t<\/div>\n\t\t<div class=\"elementor-element elementor-element-cebf113 e-flex e-con-boxed e-con e-child\" data-id=\"cebf113\" data-element_type=\"container\" data-e-type=\"container\">\n\t\t\t\t\t<div class=\"e-con-inner\">\n\t\t\t\t<div class=\"elementor-element elementor-element-75fbb4c elementor-widget elementor-widget-image\" data-id=\"75fbb4c\" data-element_type=\"widget\" data-e-type=\"widget\" data-widget_type=\"image.default\">\n\t\t\t\t<div class=\"elementor-widget-container\">\n\t\t\t\t\t\t\t\t\t\t\t\t\t\t\t<img decoding=\"async\" width=\"800\" height=\"800\" src=\"https:\/\/joyeriagordillo.com\/wp-content\/uploads\/2025\/02\/6.jpg\" class=\"attachment-large size-large wp-image-12166\" alt=\"\" srcset=\"https:\/\/joyeriagordillo.com\/wp-content\/uploads\/2025\/02\/6.jpg.avif 1000w, https:\/\/joyeriagordillo.com\/wp-content\/uploads\/2025\/02\/6-300x300.jpg.avif 300w, https:\/\/joyeriagordillo.com\/wp-content\/uploads\/2025\/02\/6-150x150.jpg.avif 150w, https:\/\/joyeriagordillo.com\/wp-content\/uploads\/2025\/02\/6-768x768.jpg.avif 768w, https:\/\/joyeriagordillo.com\/wp-content\/uploads\/2025\/02\/6-600x600.jpg.avif 600w, https:\/\/joyeriagordillo.com\/wp-content\/uploads\/2025\/02\/6-100x100.jpg.avif 100w\" sizes=\"(max-width: 800px) 100vw, 800px\">\t\t\t\t\t\t\t\t\t\t\t\t\t\t\t<\/div>\n\t\t\t\t<\/div>\n\t\t\t\t\t<\/div>\n\t\t\t\t<\/div>\n\t\t<div class=\"elementor-element elementor-element-538e30f e-flex e-con-boxed e-con e-child\" data-id=\"538e30f\" data-element_type=\"container\" data-e-type=\"container\">\n\t\t\t\t\t<div class=\"e-con-inner\">\n\t\t\t\t<div class=\"elementor-element elementor-element-8d76548 elementor-widget elementor-widget-image\" data-id=\"8d76548\" data-element_type=\"widget\" data-e-type=\"widget\" data-widget_type=\"image.default\">\n\t\t\t\t<div class=\"elementor-widget-container\">\n\t\t\t\t\t\t\t\t\t\t\t\t\t\t\t<img loading=\"lazy\" decoding=\"async\" width=\"800\" height=\"800\" src=\"https:\/\/joyeriagordillo.com\/wp-content\/uploads\/2025\/02\/4-3.jpg\" class=\"attachment-large size-large wp-image-12167\" alt=\"\" srcset=\"https:\/\/joyeriagordillo.com\/wp-content\/uploads\/2025\/02\/4-3.jpg.avif 1000w, https:\/\/joyeriagordillo.com\/wp-content\/uploads\/2025\/02\/4-3-300x300.jpg.avif 300w, https:\/\/joyeriagordillo.com\/wp-content\/uploads\/2025\/02\/4-3-150x150.jpg.avif 150w, https:\/\/joyeriagordillo.com\/wp-content\/uploads\/2025\/02\/4-3-768x768.jpg.avif 768w, https:\/\/joyeriagordillo.com\/wp-content\/uploads\/2025\/02\/4-3-600x600.jpg.avif 600w, https:\/\/joyeriagordillo.com\/wp-content\/uploads\/2025\/02\/4-3-100x100.jpg.avif 100w\" sizes=\"(max-width: 800px) 100vw, 800px\">\t\t\t\t\t\t\t\t\t\t\t\t\t\t\t<\/div>\n\t\t\t\t<\/div>\n\t\t\t\t\t<\/div>\n\t\t\t\t<\/div>\n\t\t\t\t<\/div>\n\t\t\t\t<\/div>\n\t\t","protected":false},"excerpt":{"rendered":"<p>Meraki By Gordillo Joyas para mujeres modernas y actuales Esta colecci\u00f3n est\u00e1 pensada para\u00a0mujeres modernas y actuales. La colecci\u00f3n consta de anillos, pulseras y colgantes con un aire m\u00e1s atrevido y desenfadado. Es la m\u00e1s joven de nuestras colecciones. Est\u00e1 pensada para mujeres modernas, actuales y atrevidas. Esta colecci\u00f3n de joyas consta de\u00a0anillos, pulseras y [&hellip;]<\/p>\n","protected":false},"author":1,"featured_media":0,"parent":0,"menu_order":0,"comment_status":"closed","ping_status":"closed","template":"","meta":{"_acf_changed":false,"footnotes":""},"class_list":["post-12162","page","type-page","status-publish","hentry"],"acf":[],"_links":{"self":[{"href":"https:\/\/joyeriagordillo.com\/en\/wp-json\/wp\/v2\/pages\/12162","targetHints":{"allow":["GET"]}}],"collection":[{"href":"https:\/\/joyeriagordillo.com\/en\/wp-json\/wp\/v2\/pages"}],"about":[{"href":"https:\/\/joyeriagordillo.com\/en\/wp-json\/wp\/v2\/types\/page"}],"author":[{"embeddable":true,"href":"https:\/\/joyeriagordillo.com\/en\/wp-json\/wp\/v2\/users\/1"}],"replies":[{"embeddable":true,"href":"https:\/\/joyeriagordillo.com\/en\/wp-json\/wp\/v2\/comments?post=12162"}],"version-history":[{"count":0,"href":"https:\/\/joyeriagordillo.com\/en\/wp-json\/wp\/v2\/pages\/12162\/revisions"}],"wp:attachment":[{"href":"https:\/\/joyeriagordillo.com\/en\/wp-json\/wp\/v2\/media?parent=12162"}],"curies":[{"name":"wp","href":"https:\/\/api.w.org\/{rel}","templated":true}]}}