{"id":72983,"date":"2025-04-08T19:37:50","date_gmt":"2025-04-08T18:37:50","guid":{"rendered":"https:\/\/joyeriagordillo.com\/?page_id=72983"},"modified":"2025-06-12T17:21:37","modified_gmt":"2025-06-12T16:21:37","slug":"escuela-de-arte","status":"publish","type":"page","link":"https:\/\/joyeriagordillo.com\/en\/escuela-de-arte\/","title":{"rendered":"School of Art"},"content":{"rendered":"<div data-elementor-type=\"wp-page\" data-elementor-id=\"72983\" class=\"elementor elementor-72983\" data-elementor-post-type=\"page\">\n\t\t\t\t<div class=\"elementor-element elementor-element-cb97a81 e-flex e-con-boxed e-con e-parent\" data-id=\"cb97a81\" data-element_type=\"container\" data-e-type=\"container\">\n\t\t\t\t\t<div class=\"e-con-inner\">\n\t\t<div class=\"elementor-element elementor-element-97a63ff e-con-full e-flex e-con e-child\" data-id=\"97a63ff\" data-element_type=\"container\" data-e-type=\"container\">\n\t\t\t\t<div class=\"elementor-element elementor-element-28c62af elementor-widget__width-initial elementor-widget elementor-widget-image\" data-id=\"28c62af\" data-element_type=\"widget\" data-e-type=\"widget\" data-widget_type=\"image.default\">\n\t\t\t\t<div class=\"elementor-widget-container\">\n\t\t\t\t\t\t\t\t\t\t\t\t\t\t\t<img decoding=\"async\" width=\"300\" height=\"119\" src=\"https:\/\/joyeriagordillo.com\/wp-content\/uploads\/2025\/02\/LOGO-GORDILLO-VECTORIAL-SIN-OVALO-300x119.png\" class=\"attachment-medium size-medium wp-image-83\" alt=\"\" srcset=\"https:\/\/joyeriagordillo.com\/wp-content\/uploads\/2025\/02\/LOGO-GORDILLO-VECTORIAL-SIN-OVALO-300x119.png 300w, https:\/\/joyeriagordillo.com\/wp-content\/uploads\/2025\/02\/LOGO-GORDILLO-VECTORIAL-SIN-OVALO-768x304.png 768w, https:\/\/joyeriagordillo.com\/wp-content\/uploads\/2025\/02\/LOGO-GORDILLO-VECTORIAL-SIN-OVALO-18x7.png 18w, https:\/\/joyeriagordillo.com\/wp-content\/uploads\/2025\/02\/LOGO-GORDILLO-VECTORIAL-SIN-OVALO-600x238.png 600w, https:\/\/joyeriagordillo.com\/wp-content\/uploads\/2025\/02\/LOGO-GORDILLO-VECTORIAL-SIN-OVALO.png 898w\" sizes=\"(max-width: 300px) 100vw, 300px\">\t\t\t\t\t\t\t\t\t\t\t\t\t\t\t<\/div>\n\t\t\t\t<\/div>\n\t\t\t\t<\/div>\n\t\t<div class=\"elementor-element elementor-element-a07a262 e-con-full e-flex e-con e-child\" data-id=\"a07a262\" data-element_type=\"container\" data-e-type=\"container\">\n\t\t\t\t<div class=\"elementor-element elementor-element-b613648 elementor-widget elementor-widget-heading\" data-id=\"b613648\" data-element_type=\"widget\" data-e-type=\"widget\" data-widget_type=\"heading.default\">\n\t\t\t\t<div class=\"elementor-widget-container\">\n\t\t\t\t\t<h2 class=\"elementor-heading-title elementor-size-default\">X<\/h2>\t\t\t\t<\/div>\n\t\t\t\t<\/div>\n\t\t\t\t<\/div>\n\t\t<div class=\"elementor-element elementor-element-4e646c8 e-con-full e-flex e-con e-child\" data-id=\"4e646c8\" data-element_type=\"container\" data-e-type=\"container\">\n\t\t\t\t<div class=\"elementor-element elementor-element-41587f2 elementor-widget elementor-widget-image\" data-id=\"41587f2\" data-element_type=\"widget\" data-e-type=\"widget\" data-widget_type=\"image.default\">\n\t\t\t\t<div class=\"elementor-widget-container\">\n\t\t\t\t\t\t\t\t\t\t\t\t\t\t\t<img fetchpriority=\"high\" decoding=\"async\" width=\"700\" height=\"98\" src=\"https:\/\/joyeriagordillo.com\/wp-content\/uploads\/2025\/04\/Recurso-4logo.png\" class=\"attachment-medium_large size-medium_large wp-image-72985\" alt=\"\" srcset=\"https:\/\/joyeriagordillo.com\/wp-content\/uploads\/2025\/04\/Recurso-4logo.png 700w, https:\/\/joyeriagordillo.com\/wp-content\/uploads\/2025\/04\/Recurso-4logo-300x42.png 300w, https:\/\/joyeriagordillo.com\/wp-content\/uploads\/2025\/04\/Recurso-4logo-18x3.png 18w, https:\/\/joyeriagordillo.com\/wp-content\/uploads\/2025\/04\/Recurso-4logo-600x84.png 600w\" sizes=\"(max-width: 700px) 100vw, 700px\">\t\t\t\t\t\t\t\t\t\t\t\t\t\t\t<\/div>\n\t\t\t\t<\/div>\n\t\t\t\t<\/div>\n\t\t\t\t\t<\/div>\n\t\t\t\t<\/div>\n\t\t<div class=\"elementor-element elementor-element-3ffa68d e-flex e-con-boxed e-con e-parent\" data-id=\"3ffa68d\" data-element_type=\"container\" data-e-type=\"container\">\n\t\t\t\t\t<div class=\"e-con-inner\">\n\t\t\t\t<div class=\"elementor-element elementor-element-39a0e6c elementor-widget elementor-widget-text-editor\" data-id=\"39a0e6c\" data-element_type=\"widget\" data-e-type=\"widget\" data-widget_type=\"text-editor.default\">\n\t\t\t\t<div class=\"elementor-widget-container\">\n\t\t\t\t\t\t\t\t\t<p class=\"p1\">\u00a1Ya tenemos <strong>ganadores de nuestro Concurso de Ilustraci\u00f3n Joyer\u00eda Gordillo<\/strong>!<\/p><p class=\"p1\">Siguiendo lo establecido en las bases del certamen, queremos agradecer la participaci\u00f3n de todos los talentos que compartieron su creatividad y dedicaci\u00f3n. Tras la deliberaci\u00f3n del jurado compuesto por dos gem\u00f3logas, dos jefes de departamentos en diferentes \u00e1reas de la propia escuela de arte y un c\u00e9lebre pintor gaditano, estos son los artistas que se han alzado con <strong>los tres primeros puestos<\/strong>:<\/p>\t\t\t\t\t\t\t\t<\/div>\n\t\t\t\t<\/div>\n\t\t\t\t<div class=\"elementor-element elementor-element-ac41522 elementor-widget elementor-widget-text-editor\" data-id=\"ac41522\" data-element_type=\"widget\" data-e-type=\"widget\" data-widget_type=\"text-editor.default\">\n\t\t\t\t<div class=\"elementor-widget-container\">\n\t\t\t\t\t\t\t\t\t<p class=\"p3\"><b>Primer premio: Javier Rosa Medina<\/b><b><\/b><\/p><p class=\"p1\">Enhorabuena a Javier Rosa Medina por su obra, que destac\u00f3 por la originalidad en el concepto y la maestr\u00eda en el trazo. Seg\u00fan lo estipulado en las bases, recibe un vale de 1500 \u20ac, as\u00ed como la difusi\u00f3n en nuestros canales oficiales y prensa.<\/p>\t\t\t\t\t\t\t\t<\/div>\n\t\t\t\t<\/div>\n\t\t\t\t<div class=\"elementor-element elementor-element-abfd2b2 elementor-widget elementor-widget-gallery\" data-id=\"abfd2b2\" data-element_type=\"widget\" data-e-type=\"widget\" data-settings=\"{&quot;gallery_layout&quot;:&quot;masonry&quot;,&quot;columns&quot;:3,&quot;gap&quot;:{&quot;unit&quot;:&quot;px&quot;,&quot;size&quot;:0,&quot;sizes&quot;:[]},&quot;lazyload&quot;:&quot;yes&quot;,&quot;columns_tablet&quot;:2,&quot;columns_mobile&quot;:1,&quot;gap_tablet&quot;:{&quot;unit&quot;:&quot;px&quot;,&quot;size&quot;:10,&quot;sizes&quot;:[]},&quot;gap_mobile&quot;:{&quot;unit&quot;:&quot;px&quot;,&quot;size&quot;:10,&quot;sizes&quot;:[]},&quot;link_to&quot;:&quot;file&quot;,&quot;overlay_background&quot;:&quot;yes&quot;,&quot;content_hover_animation&quot;:&quot;fade-in&quot;}\" data-widget_type=\"gallery.default\">\n\t\t\t\t<div class=\"elementor-widget-container\">\n\t\t\t\t\t\t\t<div class=\"elementor-gallery__container\">\n\t\t\t\t\t\t\t<a class=\"e-gallery-item elementor-gallery-item elementor-animated-content\" href=\"https:\/\/joyeriagordillo.com\/wp-content\/uploads\/2025\/06\/27-en-tamano-grande.jpeg\" data-elementor-open-lightbox=\"yes\" data-elementor-lightbox-slideshow=\"abfd2b2\" data-elementor-lightbox-title=\"\u201cEsmeralda\u201d_Javier_Lebrero.pdf - 27\" data-e-action-hash=\"#elementor-action%3Aaction%3Dlightbox%26settings%3DeyJpZCI6NzYyMDYsInVybCI6Imh0dHBzOlwvXC9qb3llcmlhZ29yZGlsbG8uY29tXC93cC1jb250ZW50XC91cGxvYWRzXC8yMDI1XC8wNlwvMjctZW4tdGFtYW5vLWdyYW5kZS5qcGVnIiwic2xpZGVzaG93IjoiYWJmZDJiMiJ9\">\n\t\t\t\t\t<div class=\"e-gallery-image elementor-gallery-item__image\" data-thumbnail=\"https:\/\/joyeriagordillo.com\/wp-content\/uploads\/2025\/06\/27-en-tamano-grande-724x1024.jpeg\" data-width=\"724\" data-height=\"1024\" aria-label=\"\" role=\"img\" ><\/div>\n\t\t\t\t\t\t\t\t\t\t\t<div class=\"elementor-gallery-item__overlay\"><\/div>\n\t\t\t\t\t\t\t\t\t\t\t\t\t\t<\/a>\n\t\t\t\t\t\t\t<a class=\"e-gallery-item elementor-gallery-item elementor-animated-content\" href=\"https:\/\/joyeriagordillo.com\/wp-content\/uploads\/2025\/06\/25-en-tamano-grande.jpeg\" data-elementor-open-lightbox=\"yes\" data-elementor-lightbox-slideshow=\"abfd2b2\" data-elementor-lightbox-title=\"\u201cEsmeralda\u201d_Javier_Lebrero.pdf - 25\" data-e-action-hash=\"#elementor-action%3Aaction%3Dlightbox%26settings%3DeyJpZCI6NzYyMDQsInVybCI6Imh0dHBzOlwvXC9qb3llcmlhZ29yZGlsbG8uY29tXC93cC1jb250ZW50XC91cGxvYWRzXC8yMDI1XC8wNlwvMjUtZW4tdGFtYW5vLWdyYW5kZS5qcGVnIiwic2xpZGVzaG93IjoiYWJmZDJiMiJ9\">\n\t\t\t\t\t<div class=\"e-gallery-image elementor-gallery-item__image\" data-thumbnail=\"https:\/\/joyeriagordillo.com\/wp-content\/uploads\/2025\/06\/25-en-tamano-grande-724x1024.jpeg\" data-width=\"724\" data-height=\"1024\" aria-label=\"\" role=\"img\" ><\/div>\n\t\t\t\t\t\t\t\t\t\t\t<div class=\"elementor-gallery-item__overlay\"><\/div>\n\t\t\t\t\t\t\t\t\t\t\t\t\t\t<\/a>\n\t\t\t\t\t\t\t<a class=\"e-gallery-item elementor-gallery-item elementor-animated-content\" href=\"https:\/\/joyeriagordillo.com\/wp-content\/uploads\/2025\/06\/26-en-tamano-grande.jpeg\" data-elementor-open-lightbox=\"yes\" data-elementor-lightbox-slideshow=\"abfd2b2\" data-elementor-lightbox-title=\"\u201cEsmeralda\u201d_Javier_Lebrero.pdf - 26\" data-e-action-hash=\"#elementor-action%3Aaction%3Dlightbox%26settings%3DeyJpZCI6NzYyMDUsInVybCI6Imh0dHBzOlwvXC9qb3llcmlhZ29yZGlsbG8uY29tXC93cC1jb250ZW50XC91cGxvYWRzXC8yMDI1XC8wNlwvMjYtZW4tdGFtYW5vLWdyYW5kZS5qcGVnIiwic2xpZGVzaG93IjoiYWJmZDJiMiJ9\">\n\t\t\t\t\t<div class=\"e-gallery-image elementor-gallery-item__image\" data-thumbnail=\"https:\/\/joyeriagordillo.com\/wp-content\/uploads\/2025\/06\/26-en-tamano-grande-724x1024.jpeg\" data-width=\"724\" data-height=\"1024\" aria-label=\"\" role=\"img\" ><\/div>\n\t\t\t\t\t\t\t\t\t\t\t<div class=\"elementor-gallery-item__overlay\"><\/div>\n\t\t\t\t\t\t\t\t\t\t\t\t\t\t<\/a>\n\t\t\t\t\t<\/div>\n\t\t\t\t\t<\/div>\n\t\t\t\t<\/div>\n\t\t\t\t<div class=\"elementor-element elementor-element-7ae52cf elementor-widget elementor-widget-text-editor\" data-id=\"7ae52cf\" data-element_type=\"widget\" data-e-type=\"widget\" data-widget_type=\"text-editor.default\">\n\t\t\t\t<div class=\"elementor-widget-container\">\n\t\t\t\t\t\t\t\t\t<p class=\"p3\"><b>Segundo premio: Javier Lebrero Barbar\u00e1n<\/b><b><\/b><\/p><p class=\"p1\">Felicitamos a Javier Lebrero Barbar\u00e1n, cuyo dise\u00f1o se caracteriz\u00f3 por la elegancia en los detalles y el tratamiento del color. Obtiene un vale de 500 \u20ac, as\u00ed como difusi\u00f3n de su trabajo en nuestros canales oficiales.<\/p>\t\t\t\t\t\t\t\t<\/div>\n\t\t\t\t<\/div>\n\t\t\t\t<div class=\"elementor-element elementor-element-0eaa482 elementor-widget elementor-widget-gallery\" data-id=\"0eaa482\" data-element_type=\"widget\" data-e-type=\"widget\" data-settings=\"{&quot;gallery_layout&quot;:&quot;masonry&quot;,&quot;columns&quot;:3,&quot;gap&quot;:{&quot;unit&quot;:&quot;px&quot;,&quot;size&quot;:0,&quot;sizes&quot;:[]},&quot;lazyload&quot;:&quot;yes&quot;,&quot;columns_tablet&quot;:2,&quot;columns_mobile&quot;:1,&quot;gap_tablet&quot;:{&quot;unit&quot;:&quot;px&quot;,&quot;size&quot;:10,&quot;sizes&quot;:[]},&quot;gap_mobile&quot;:{&quot;unit&quot;:&quot;px&quot;,&quot;size&quot;:10,&quot;sizes&quot;:[]},&quot;link_to&quot;:&quot;file&quot;,&quot;overlay_background&quot;:&quot;yes&quot;,&quot;content_hover_animation&quot;:&quot;fade-in&quot;}\" data-widget_type=\"gallery.default\">\n\t\t\t\t<div class=\"elementor-widget-container\">\n\t\t\t\t\t\t\t<div class=\"elementor-gallery__container\">\n\t\t\t\t\t\t\t<a class=\"e-gallery-item elementor-gallery-item elementor-animated-content\" href=\"https:\/\/joyeriagordillo.com\/wp-content\/uploads\/2025\/06\/1-en-tamano-grande.jpeg\" data-elementor-open-lightbox=\"yes\" data-elementor-lightbox-slideshow=\"0eaa482\" data-elementor-lightbox-title=\"\u201cEsmeralda\u201d_Javier_Lebrero.pdf - 1\" data-e-action-hash=\"#elementor-action%3Aaction%3Dlightbox%26settings%3DeyJpZCI6NzYxOTgsInVybCI6Imh0dHBzOlwvXC9qb3llcmlhZ29yZGlsbG8uY29tXC93cC1jb250ZW50XC91cGxvYWRzXC8yMDI1XC8wNlwvMS1lbi10YW1hbm8tZ3JhbmRlLmpwZWciLCJzbGlkZXNob3ciOiIwZWFhNDgyIn0%3D\">\n\t\t\t\t\t<div class=\"e-gallery-image elementor-gallery-item__image\" data-thumbnail=\"https:\/\/joyeriagordillo.com\/wp-content\/uploads\/2025\/06\/1-en-tamano-grande-724x1024.jpeg\" data-width=\"724\" data-height=\"1024\" aria-label=\"\" role=\"img\" ><\/div>\n\t\t\t\t\t\t\t\t\t\t\t<div class=\"elementor-gallery-item__overlay\"><\/div>\n\t\t\t\t\t\t\t\t\t\t\t\t\t\t<\/a>\n\t\t\t\t\t\t\t<a class=\"e-gallery-item elementor-gallery-item elementor-animated-content\" href=\"https:\/\/joyeriagordillo.com\/wp-content\/uploads\/2025\/06\/3-en-tamano-grande.jpeg\" data-elementor-open-lightbox=\"yes\" data-elementor-lightbox-slideshow=\"0eaa482\" data-elementor-lightbox-title=\"\u201cEsmeralda\u201d_Javier_Lebrero.pdf - 3\" data-e-action-hash=\"#elementor-action%3Aaction%3Dlightbox%26settings%3DeyJpZCI6NzYyMDAsInVybCI6Imh0dHBzOlwvXC9qb3llcmlhZ29yZGlsbG8uY29tXC93cC1jb250ZW50XC91cGxvYWRzXC8yMDI1XC8wNlwvMy1lbi10YW1hbm8tZ3JhbmRlLmpwZWciLCJzbGlkZXNob3ciOiIwZWFhNDgyIn0%3D\">\n\t\t\t\t\t<div class=\"e-gallery-image elementor-gallery-item__image\" data-thumbnail=\"https:\/\/joyeriagordillo.com\/wp-content\/uploads\/2025\/06\/3-en-tamano-grande-724x1024.jpeg\" data-width=\"724\" data-height=\"1024\" aria-label=\"\" role=\"img\" ><\/div>\n\t\t\t\t\t\t\t\t\t\t\t<div class=\"elementor-gallery-item__overlay\"><\/div>\n\t\t\t\t\t\t\t\t\t\t\t\t\t\t<\/a>\n\t\t\t\t\t\t\t<a class=\"e-gallery-item elementor-gallery-item elementor-animated-content\" href=\"https:\/\/joyeriagordillo.com\/wp-content\/uploads\/2025\/06\/2-en-tamano-grande.jpeg\" data-elementor-open-lightbox=\"yes\" data-elementor-lightbox-slideshow=\"0eaa482\" data-elementor-lightbox-title=\"\u201cEsmeralda\u201d_Javier_Lebrero.pdf - 2\" data-e-action-hash=\"#elementor-action%3Aaction%3Dlightbox%26settings%3DeyJpZCI6NzYxOTksInVybCI6Imh0dHBzOlwvXC9qb3llcmlhZ29yZGlsbG8uY29tXC93cC1jb250ZW50XC91cGxvYWRzXC8yMDI1XC8wNlwvMi1lbi10YW1hbm8tZ3JhbmRlLmpwZWciLCJzbGlkZXNob3ciOiIwZWFhNDgyIn0%3D\">\n\t\t\t\t\t<div class=\"e-gallery-image elementor-gallery-item__image\" data-thumbnail=\"https:\/\/joyeriagordillo.com\/wp-content\/uploads\/2025\/06\/2-en-tamano-grande-724x1024.jpeg\" data-width=\"724\" data-height=\"1024\" aria-label=\"\" role=\"img\" ><\/div>\n\t\t\t\t\t\t\t\t\t\t\t<div class=\"elementor-gallery-item__overlay\"><\/div>\n\t\t\t\t\t\t\t\t\t\t\t\t\t\t<\/a>\n\t\t\t\t\t<\/div>\n\t\t\t\t\t<\/div>\n\t\t\t\t<\/div>\n\t\t\t\t<div class=\"elementor-element elementor-element-95d2387 elementor-widget elementor-widget-text-editor\" data-id=\"95d2387\" data-element_type=\"widget\" data-e-type=\"widget\" data-widget_type=\"text-editor.default\">\n\t\t\t\t<div class=\"elementor-widget-container\">\n\t\t\t\t\t\t\t\t\t<p class=\"p3\"><b>Tercer premio: Luc\u00eda Ojeda Merch\u00e1n<\/b><b><\/b><\/p><p class=\"p1\">Nuestra tercera posici\u00f3n corresponde a Luc\u00eda Ojeda Merch\u00e1n, cuya propuesta combin\u00f3 inspiraci\u00f3n contempor\u00e1nea con tradici\u00f3n artesanal. Luc\u00eda recibir\u00e1 un vale de una cena para dos.<\/p>\t\t\t\t\t\t\t\t<\/div>\n\t\t\t\t<\/div>\n\t\t\t\t<div class=\"elementor-element elementor-element-4c1f0af elementor-widget elementor-widget-gallery\" data-id=\"4c1f0af\" data-element_type=\"widget\" data-e-type=\"widget\" data-settings=\"{&quot;gallery_layout&quot;:&quot;masonry&quot;,&quot;columns&quot;:3,&quot;gap&quot;:{&quot;unit&quot;:&quot;px&quot;,&quot;size&quot;:0,&quot;sizes&quot;:[]},&quot;lazyload&quot;:&quot;yes&quot;,&quot;columns_tablet&quot;:2,&quot;columns_mobile&quot;:1,&quot;gap_tablet&quot;:{&quot;unit&quot;:&quot;px&quot;,&quot;size&quot;:10,&quot;sizes&quot;:[]},&quot;gap_mobile&quot;:{&quot;unit&quot;:&quot;px&quot;,&quot;size&quot;:10,&quot;sizes&quot;:[]},&quot;link_to&quot;:&quot;file&quot;,&quot;overlay_background&quot;:&quot;yes&quot;,&quot;content_hover_animation&quot;:&quot;fade-in&quot;}\" data-widget_type=\"gallery.default\">\n\t\t\t\t<div class=\"elementor-widget-container\">\n\t\t\t\t\t\t\t<div class=\"elementor-gallery__container\">\n\t\t\t\t\t\t\t<a class=\"e-gallery-item elementor-gallery-item elementor-animated-content\" href=\"https:\/\/joyeriagordillo.com\/wp-content\/uploads\/2025\/06\/10-en-tamano-grande.jpeg\" data-elementor-open-lightbox=\"yes\" data-elementor-lightbox-slideshow=\"4c1f0af\" data-elementor-lightbox-title=\"\u201cEsmeralda\u201d_Javier_Lebrero.pdf - 10\" data-e-action-hash=\"#elementor-action%3Aaction%3Dlightbox%26settings%3DeyJpZCI6NzYyMDEsInVybCI6Imh0dHBzOlwvXC9qb3llcmlhZ29yZGlsbG8uY29tXC93cC1jb250ZW50XC91cGxvYWRzXC8yMDI1XC8wNlwvMTAtZW4tdGFtYW5vLWdyYW5kZS5qcGVnIiwic2xpZGVzaG93IjoiNGMxZjBhZiJ9\">\n\t\t\t\t\t<div class=\"e-gallery-image elementor-gallery-item__image\" data-thumbnail=\"https:\/\/joyeriagordillo.com\/wp-content\/uploads\/2025\/06\/10-en-tamano-grande-724x1024.jpeg\" data-width=\"724\" data-height=\"1024\" aria-label=\"\" role=\"img\" ><\/div>\n\t\t\t\t\t\t\t\t\t\t\t<div class=\"elementor-gallery-item__overlay\"><\/div>\n\t\t\t\t\t\t\t\t\t\t\t\t\t\t<\/a>\n\t\t\t\t\t\t\t<a class=\"e-gallery-item elementor-gallery-item elementor-animated-content\" href=\"https:\/\/joyeriagordillo.com\/wp-content\/uploads\/2025\/06\/12-en-tamano-grande.jpeg\" data-elementor-open-lightbox=\"yes\" data-elementor-lightbox-slideshow=\"4c1f0af\" data-elementor-lightbox-title=\"\u201cEsmeralda\u201d_Javier_Lebrero.pdf - 12\" data-e-action-hash=\"#elementor-action%3Aaction%3Dlightbox%26settings%3DeyJpZCI6NzYyMDMsInVybCI6Imh0dHBzOlwvXC9qb3llcmlhZ29yZGlsbG8uY29tXC93cC1jb250ZW50XC91cGxvYWRzXC8yMDI1XC8wNlwvMTItZW4tdGFtYW5vLWdyYW5kZS5qcGVnIiwic2xpZGVzaG93IjoiNGMxZjBhZiJ9\">\n\t\t\t\t\t<div class=\"e-gallery-image elementor-gallery-item__image\" data-thumbnail=\"https:\/\/joyeriagordillo.com\/wp-content\/uploads\/2025\/06\/12-en-tamano-grande-724x1024.jpeg\" data-width=\"724\" data-height=\"1024\" aria-label=\"\" role=\"img\" ><\/div>\n\t\t\t\t\t\t\t\t\t\t\t<div class=\"elementor-gallery-item__overlay\"><\/div>\n\t\t\t\t\t\t\t\t\t\t\t\t\t\t<\/a>\n\t\t\t\t\t\t\t<a class=\"e-gallery-item elementor-gallery-item elementor-animated-content\" href=\"https:\/\/joyeriagordillo.com\/wp-content\/uploads\/2025\/06\/11-en-tamano-grande.jpeg\" data-elementor-open-lightbox=\"yes\" data-elementor-lightbox-slideshow=\"4c1f0af\" data-elementor-lightbox-title=\"\u201cEsmeralda\u201d_Javier_Lebrero.pdf - 11\" data-e-action-hash=\"#elementor-action%3Aaction%3Dlightbox%26settings%3DeyJpZCI6NzYyMDIsInVybCI6Imh0dHBzOlwvXC9qb3llcmlhZ29yZGlsbG8uY29tXC93cC1jb250ZW50XC91cGxvYWRzXC8yMDI1XC8wNlwvMTEtZW4tdGFtYW5vLWdyYW5kZS5qcGVnIiwic2xpZGVzaG93IjoiNGMxZjBhZiJ9\">\n\t\t\t\t\t<div class=\"e-gallery-image elementor-gallery-item__image\" data-thumbnail=\"https:\/\/joyeriagordillo.com\/wp-content\/uploads\/2025\/06\/11-en-tamano-grande-724x1024.jpeg\" data-width=\"724\" data-height=\"1024\" aria-label=\"\" role=\"img\" ><\/div>\n\t\t\t\t\t\t\t\t\t\t\t<div class=\"elementor-gallery-item__overlay\"><\/div>\n\t\t\t\t\t\t\t\t\t\t\t\t\t\t<\/a>\n\t\t\t\t\t<\/div>\n\t\t\t\t\t<\/div>\n\t\t\t\t<\/div>\n\t\t\t\t<div class=\"elementor-element elementor-element-798aef6 elementor-widget elementor-widget-text-editor\" data-id=\"798aef6\" data-element_type=\"widget\" data-e-type=\"widget\" data-widget_type=\"text-editor.default\">\n\t\t\t\t<div class=\"elementor-widget-container\">\n\t\t\t\t\t\t\t\t\t<p class=\"p1\">Queremos reiterar nuestro agradecimiento a todas las personas que presentaron sus ilustraciones y recordamos que, conforme a lo indicado en las bases, el jurado valor\u00f3 criterios como la fidelidad a la tem\u00e1tica, la calidad t\u00e9cnica y la originalidad. Invitamos a todo el p\u00fablico a visitar nuestra p\u00e1gina web para descubrir las obras premiadas y las menciones especiales, as\u00ed como a seguirnos en redes sociales para estar al tanto de futuros concursos y lanzamientos.<\/p><p class=\"p1\">\u00a1Enhorabuena a los ganadores, al equipo docente de la escuela de arte de C\u00e1diz y gracias por formar parte de esta experiencia art\u00edstica en Joyer\u00eda Gordillo!<\/p>\t\t\t\t\t\t\t\t<\/div>\n\t\t\t\t<\/div>\n\t\t\t\t\t<\/div>\n\t\t\t\t<\/div>\n\t\t<div class=\"elementor-element elementor-element-8382b75 e-flex e-con-boxed e-con e-parent\" data-id=\"8382b75\" data-element_type=\"container\" data-e-type=\"container\">\n\t\t\t\t\t<div class=\"e-con-inner\">\n\t\t\t\t<div class=\"elementor-element elementor-element-2ec6d79 elementor-align-center elementor-widget elementor-widget-button\" data-id=\"2ec6d79\" data-element_type=\"widget\" data-e-type=\"widget\" data-widget_type=\"button.default\">\n\t\t\t\t<div class=\"elementor-widget-container\">\n\t\t\t\t\t\t\t\t\t<div class=\"elementor-button-wrapper\">\n\t\t\t\t\t<a class=\"elementor-button elementor-button-link elementor-size-sm\" href=\"https:\/\/joyeriagordillo.com\/wp-content\/uploads\/2025\/04\/Joyeria-Gordillo-x-Escuela-de-Artes.docx.pdf\">\n\t\t\t\t\t\t<span class=\"elementor-button-content-wrapper\">\n\t\t\t\t\t\t\t\t\t<span class=\"elementor-button-text\">Bases del concurso<\/span>\n\t\t\t\t\t<\/span>\n\t\t\t\t\t<\/a>\n\t\t\t\t<\/div>\n\t\t\t\t\t\t\t\t<\/div>\n\t\t\t\t<\/div>\n\t\t\t\t\t<\/div>\n\t\t\t\t<\/div>\n\t\t\t\t<\/div>","protected":false},"excerpt":{"rendered":"<p>X \u00a1Ya tenemos ganadores de nuestro Concurso de Ilustraci\u00f3n Joyer\u00eda Gordillo! Siguiendo lo establecido en las bases del certamen, queremos agradecer la participaci\u00f3n de todos los talentos que compartieron su creatividad y dedicaci\u00f3n. Tras la deliberaci\u00f3n del jurado compuesto por dos gem\u00f3logas, dos jefes de departamentos en diferentes \u00e1reas de la propia escuela de arte [&hellip;]<\/p>\n","protected":false},"author":1,"featured_media":0,"parent":0,"menu_order":0,"comment_status":"closed","ping_status":"closed","template":"","meta":{"_acf_changed":false,"footnotes":""},"class_list":["post-72983","page","type-page","status-publish","hentry"],"acf":[],"_links":{"self":[{"href":"https:\/\/joyeriagordillo.com\/en\/wp-json\/wp\/v2\/pages\/72983","targetHints":{"allow":["GET"]}}],"collection":[{"href":"https:\/\/joyeriagordillo.com\/en\/wp-json\/wp\/v2\/pages"}],"about":[{"href":"https:\/\/joyeriagordillo.com\/en\/wp-json\/wp\/v2\/types\/page"}],"author":[{"embeddable":true,"href":"https:\/\/joyeriagordillo.com\/en\/wp-json\/wp\/v2\/users\/1"}],"replies":[{"embeddable":true,"href":"https:\/\/joyeriagordillo.com\/en\/wp-json\/wp\/v2\/comments?post=72983"}],"version-history":[{"count":1,"href":"https:\/\/joyeriagordillo.com\/en\/wp-json\/wp\/v2\/pages\/72983\/revisions"}],"predecessor-version":[{"id":86562,"href":"https:\/\/joyeriagordillo.com\/en\/wp-json\/wp\/v2\/pages\/72983\/revisions\/86562"}],"wp:attachment":[{"href":"https:\/\/joyeriagordillo.com\/en\/wp-json\/wp\/v2\/media?parent=72983"}],"curies":[{"name":"wp","href":"https:\/\/api.w.org\/{rel}","templated":true}]}}