{"id":8,"date":"2025-02-04T11:48:41","date_gmt":"2025-02-04T11:48:41","guid":{"rendered":"https:\/\/joyeriagordillo.com\/index.php\/carrito\/"},"modified":"2025-09-22T18:51:48","modified_gmt":"2025-09-22T17:51:48","slug":"trolley","status":"publish","type":"page","link":"https:\/\/joyeriagordillo.com\/en\/carrito\/","title":{"rendered":"Trolley"},"content":{"rendered":"<div data-elementor-type=\"wp-page\" data-elementor-id=\"8\" class=\"elementor elementor-8\" data-elementor-post-type=\"page\">\n\t\t\t\t<div class=\"elementor-element elementor-element-c390691 e-con-full e-flex e-con e-parent\" data-id=\"c390691\" data-element_type=\"container\" data-e-type=\"container\">\n\t\t\t\t<div class=\"elementor-element elementor-element-3a0f31e elementor-widget elementor-widget-heading\" data-id=\"3a0f31e\" data-element_type=\"widget\" data-e-type=\"widget\" data-widget_type=\"heading.default\">\n\t\t\t\t<div class=\"elementor-widget-container\">\n\t\t\t\t\t<h1 class=\"elementor-heading-title elementor-size-default\">Trolley<\/h1>\t\t\t\t<\/div>\n\t\t\t\t<\/div>\n\t\t\t\t<\/div>\n\t\t<div class=\"elementor-element elementor-element-5a0d0bc e-con-full e-flex e-con e-parent\" data-id=\"5a0d0bc\" data-element_type=\"container\" data-e-type=\"container\">\n\t\t\t\t<\/div>\n\t\t\t\t<\/div>","protected":false},"excerpt":{"rendered":"<p>Carrito Eliminar art\u00edculo Imagen en miniatura Producto Precio Cantidad Subtotal &times; Certina DS Action Diver 43mm Autom\u00e1tico 1.045,00&nbsp;&euro; Certina DS Action Diver 43mm Autom\u00e1tico cantidad 1.045,00&nbsp;&euro; Aplicar el cup\u00f3n Totales del carrito Subtotal 1.045,00&nbsp;&euro; Env\u00edo Env\u00edo gratuito Recogida (Calle San Francisco 33) Enviar a calle falsa 123, 11005 C\u00e1diz, C\u00e1diz. Total 1.045,00&nbsp;&euro; (incluye 181,36&nbsp;&euro; VAT) [&hellip;]<\/p>\n","protected":false},"author":1,"featured_media":0,"parent":0,"menu_order":0,"comment_status":"closed","ping_status":"closed","template":"","meta":{"_acf_changed":false,"footnotes":""},"class_list":["post-8","page","type-page","status-publish","hentry"],"acf":[],"_links":{"self":[{"href":"https:\/\/joyeriagordillo.com\/en\/wp-json\/wp\/v2\/pages\/8","targetHints":{"allow":["GET"]}}],"collection":[{"href":"https:\/\/joyeriagordillo.com\/en\/wp-json\/wp\/v2\/pages"}],"about":[{"href":"https:\/\/joyeriagordillo.com\/en\/wp-json\/wp\/v2\/types\/page"}],"author":[{"embeddable":true,"href":"https:\/\/joyeriagordillo.com\/en\/wp-json\/wp\/v2\/users\/1"}],"replies":[{"embeddable":true,"href":"https:\/\/joyeriagordillo.com\/en\/wp-json\/wp\/v2\/comments?post=8"}],"version-history":[{"count":0,"href":"https:\/\/joyeriagordillo.com\/en\/wp-json\/wp\/v2\/pages\/8\/revisions"}],"wp:attachment":[{"href":"https:\/\/joyeriagordillo.com\/en\/wp-json\/wp\/v2\/media?parent=8"}],"curies":[{"name":"wp","href":"https:\/\/api.w.org\/{rel}","templated":true}]}}