{"id":80126,"date":"2025-08-06T10:00:19","date_gmt":"2025-08-06T09:00:19","guid":{"rendered":"https:\/\/joyeriagordillo.com\/?page_id=80126"},"modified":"2025-08-18T18:09:38","modified_gmt":"2025-08-18T17:09:38","slug":"terminos-y-condiciones-de-los-mensajes","status":"publish","type":"page","link":"https:\/\/joyeriagordillo.com\/en\/terminos-y-condiciones-de-los-mensajes\/","title":{"rendered":"T\u00e9rminos y condiciones de los mensajes"},"content":{"rendered":"<h1>T\u00e9rminos y condiciones de los mensajes<\/h1>\n<p><strong>Gordillo<\/strong><br \/>\nCalle San Francisco 33<br \/>\nC\u00e1diz, Andaluc\u00eda, ES 11005<br \/>\nEmail: <a href=\"mailto:info@joyeriagordillo.com\">info@joyeriagordillo.com<\/a><br \/>\nTel\u00e9fono: <a href=\"tel:+34956281240\">+34 956 28 12 40<\/a><br \/>\nPol\u00edtica de privacidad: <a href=\"https:\/\/joyeriagordillo.com\/politica-de-privacidad\/\" target=\"_blank\" rel=\"noopener\">https:\/\/joyeriagordillo.com\/politica-de-privacidad\/<\/a><\/p>\n<h2>General<\/h2>\n<p>Cuando optes por el servicio, te enviaremos un mensaje para confirmar tu suscripci\u00f3n.<\/p>\n<p>Al optar por recibir mensajes, aceptas recibir marketing automatizado recurrente y mensajes de texto informativos de Gordillo. Los mensajes automatizados pueden enviarse mediante un sistema de marcaci\u00f3n autom\u00e1tica al n\u00famero de tel\u00e9fono m\u00f3vil que proporcionaste al suscribirte o a cualquier otro n\u00famero que designes.<\/p>\n<p>La frecuencia de los mensajes puede variar, y podr\u00edan enviarse mensajes m\u00f3viles adicionales en funci\u00f3n de tu interacci\u00f3n con Gordillo. Gordillo se reserva el derecho de modificar esta frecuencia en cualquier momento, as\u00ed como de cambiar el c\u00f3digo corto, n\u00famero de tel\u00e9fono o remitente alfanum\u00e9rico desde el cual se env\u00edan los mensajes.<\/p>\n<p>Se pueden aplicar tarifas est\u00e1ndar de mensajes y datos. Para dudas sobre tu plan de tarifas, contacta con tu operador. Tu operador no se responsabiliza por mensajes retrasados o no entregados.<\/p>\n<p>Tu consentimiento para recibir mensajes de marketing no constituye una condici\u00f3n de compra.<\/p>\n<h2>Operadores<\/h2>\n<p>Los operadores no se hacen responsables de los mensajes retrasados o no entregados.<\/p>\n<h2>Cancelaci\u00f3n<\/h2>\n<p>Los mensajes incluir\u00e1n instrucciones para cancelar la suscripci\u00f3n enviando un mensaje con la palabra <strong>STOP<\/strong> o mediante un enlace proporcionado. Tras la cancelaci\u00f3n, recibir\u00e1s un mensaje de confirmaci\u00f3n y no se enviar\u00e1n m\u00e1s comunicaciones. Para volver a suscribirte, simplemente reg\u00edstrate de nuevo.<\/p>\n<h2>Informaci\u00f3n<\/h2>\n<p>Si necesitas ayuda, puedes enviar un correo electr\u00f3nico a <a href=\"mailto:info@joyeriagordillo.com\">info@joyeriagordillo.com<\/a> o enviar \u00abHELP\u00bb al <a href=\"tel:+34956281240\">+34 956 28 12 40<\/a> en cualquier momento. Tambi\u00e9n puedes acceder a instrucciones mediante el enlace incluido en nuestros mensajes.<\/p>\n<h2>Transferencia de n\u00famero<\/h2>\n<p>Antes de cambiar o transferir tu n\u00famero m\u00f3vil, deber\u00e1s enviarnos un mensaje con la palabra <strong>STOP<\/strong> desde tu n\u00famero actual o notificar el cambio a <a href=\"mailto:info@joyeriagordillo.com\">info@joyeriagordillo.com<\/a>. Esta notificaci\u00f3n es condici\u00f3n necesaria para continuar recibiendo nuestros mensajes.<\/p>\n<h2>Privacidad<\/h2>\n<p>Para m\u00e1s informaci\u00f3n sobre c\u00f3mo tratamos tus datos, consulta nuestra <a href=\"https:\/\/joyeriagordillo.com\/politica-de-privacidad\/\" target=\"_blank\" rel=\"noopener\">Privacy Policy<\/a>.<\/p>\n<h2>Cambios en las condiciones<\/h2>\n<p>Nos reservamos el derecho de modificar o cancelar nuestro programa de mensajer\u00eda en cualquier momento, as\u00ed como de actualizar estas condiciones. Los cambios ser\u00e1n efectivos desde su publicaci\u00f3n. Si no est\u00e1s de acuerdo con ellos, deber\u00e1s cancelar tu suscripci\u00f3n. Continuar suscrito constituir\u00e1 tu aceptaci\u00f3n de los cambios.<\/p>","protected":false},"excerpt":{"rendered":"<p>T\u00e9rminos y condiciones de los mensajes Gordillo Calle San Francisco 33 C\u00e1diz, Andaluc\u00eda, ES 11005 Email: info@joyeriagordillo.com Tel\u00e9fono: +34 956 28 12 40 Pol\u00edtica de privacidad: https:\/\/joyeriagordillo.com\/politica-de-privacidad\/ General Cuando optes por el servicio, te enviaremos un mensaje para confirmar tu suscripci\u00f3n. Al optar por recibir mensajes, aceptas recibir marketing automatizado recurrente y mensajes de texto [&hellip;]<\/p>\n","protected":false},"author":1,"featured_media":0,"parent":0,"menu_order":0,"comment_status":"closed","ping_status":"closed","template":"","meta":{"_acf_changed":false,"footnotes":""},"class_list":["post-80126","page","type-page","status-publish","hentry"],"acf":[],"_links":{"self":[{"href":"https:\/\/joyeriagordillo.com\/en\/wp-json\/wp\/v2\/pages\/80126","targetHints":{"allow":["GET"]}}],"collection":[{"href":"https:\/\/joyeriagordillo.com\/en\/wp-json\/wp\/v2\/pages"}],"about":[{"href":"https:\/\/joyeriagordillo.com\/en\/wp-json\/wp\/v2\/types\/page"}],"author":[{"embeddable":true,"href":"https:\/\/joyeriagordillo.com\/en\/wp-json\/wp\/v2\/users\/1"}],"replies":[{"embeddable":true,"href":"https:\/\/joyeriagordillo.com\/en\/wp-json\/wp\/v2\/comments?post=80126"}],"version-history":[{"count":0,"href":"https:\/\/joyeriagordillo.com\/en\/wp-json\/wp\/v2\/pages\/80126\/revisions"}],"wp:attachment":[{"href":"https:\/\/joyeriagordillo.com\/en\/wp-json\/wp\/v2\/media?parent=80126"}],"curies":[{"name":"wp","href":"https:\/\/api.w.org\/{rel}","templated":true}]}}