{"id":10344,"date":"2025-02-04T21:23:01","date_gmt":"2025-02-04T21:23:01","guid":{"rendered":"https:\/\/joyeriagordillo.com\/?post_type=product&#038;p=10344"},"modified":"2026-03-10T19:20:06","modified_gmt":"2026-03-10T18:20:06","slug":"gargantilla-de-oro-blanco-con-diamantes","status":"publish","type":"product","link":"https:\/\/joyeriagordillo.com\/en\/producto\/gargantilla-de-oro-blanco-con-diamantes\/","title":{"rendered":"Gargantilla de Oro Blanco con Diamantes"},"content":{"rendered":"<p>Descubre la elegancia eterna con nuestra Gargantilla de Oro Blanco con Diamantes, una pieza que irradia lujo y sofisticaci\u00f3n. Cada diamante cuidadosamente engarzado en oro blanco de la m\u00e1s alta calidad crea un brillo incomparable, resaltando la belleza \u00fanica de quien la lleva puesta. Con un dise\u00f1o refinado y atemporal, esta gargantilla es la elecci\u00f3n perfecta para aquellas personas que buscan a\u00f1adir un toque de distinci\u00f3n a su estilo. Deja que nuestros expertos artesanos en joyer\u00eda te gu\u00eden en esta experiencia \u00fanica, donde la excelencia y la atenci\u00f3n al detalle son nuestro sello distintivo. Sum\u00e9rgete en el mundo de la alta joyer\u00eda con esta magn\u00edfica pieza que encarna la excelencia y la belleza sin igual. \u00a1Haz tuya esta joya excepcional que perdurar\u00e1 en el tiempo y realzar\u00e1 tu belleza con un brillo incomparable!<\/p>","protected":false},"excerpt":{"rendered":"<p>&#8216;- Dise\u00f1o elegante y sofisticado de una gargantilla de oro blanco con incrustaciones de diamantes brillantes.<br \/>\n&#8211; Hecha con materiales de alta calidad para garantizar durabilidad y brillo perdurable.<br \/>\n&#8211; El complemento perfecto para cualquier outfit, ya sea para ocasiones especiales o uso diario.<br \/>\n&#8211; Tama\u00f1o ajustable para adaptarse a diferentes longitudes de cuello.<br \/>\n&#8211; Un regalo ideal que seguro sorprender\u00e1 y deleitar\u00e1 a esa persona especial.<\/p>","protected":false},"featured_media":10418,"template":"","meta":{"_acf_changed":false},"product_brand":[],"product_cat":[32],"product_tag":[1239],"class_list":{"0":"post-10344","1":"product","2":"type-product","3":"status-publish","4":"has-post-thumbnail","6":"product_cat-joyas","7":"product_tag-oro-blanco-con-diamante","9":"first","10":"instock","11":"taxable","12":"shipping-taxable","13":"purchasable","14":"product-type-simple"},"acf":[],"df_price":1189,"df_sale_price":"","df_regular_price":1189,"df_image_link":"https:\/\/joyeriagordillo.com\/wp-content\/uploads\/2025\/02\/COLGANTE-OCTO-ORO-BLANCO-18K-DIAMANTES-GD145OB-300x300.jpg","_links":{"self":[{"href":"https:\/\/joyeriagordillo.com\/en\/wp-json\/wp\/v2\/product\/10344","targetHints":{"allow":["GET"]}}],"collection":[{"href":"https:\/\/joyeriagordillo.com\/en\/wp-json\/wp\/v2\/product"}],"about":[{"href":"https:\/\/joyeriagordillo.com\/en\/wp-json\/wp\/v2\/types\/product"}],"version-history":[{"count":1,"href":"https:\/\/joyeriagordillo.com\/en\/wp-json\/wp\/v2\/product\/10344\/revisions"}],"predecessor-version":[{"id":86531,"href":"https:\/\/joyeriagordillo.com\/en\/wp-json\/wp\/v2\/product\/10344\/revisions\/86531"}],"wp:featuredmedia":[{"embeddable":true,"href":"https:\/\/joyeriagordillo.com\/en\/wp-json\/wp\/v2\/media\/10418"}],"wp:attachment":[{"href":"https:\/\/joyeriagordillo.com\/en\/wp-json\/wp\/v2\/media?parent=10344"}],"wp:term":[{"taxonomy":"product_brand","embeddable":true,"href":"https:\/\/joyeriagordillo.com\/en\/wp-json\/wp\/v2\/product_brand?post=10344"},{"taxonomy":"product_cat","embeddable":true,"href":"https:\/\/joyeriagordillo.com\/en\/wp-json\/wp\/v2\/product_cat?post=10344"},{"taxonomy":"product_tag","embeddable":true,"href":"https:\/\/joyeriagordillo.com\/en\/wp-json\/wp\/v2\/product_tag?post=10344"}],"curies":[{"name":"wp","href":"https:\/\/api.w.org\/{rel}","templated":true}]}}