{"id":10653,"date":"2025-02-04T21:27:25","date_gmt":"2025-02-04T21:27:25","guid":{"rendered":"https:\/\/joyeriagordillo.com\/?post_type=product&#038;p=10653"},"modified":"2025-10-02T10:44:34","modified_gmt":"2025-10-02T09:44:34","slug":"g-shock-classic-green","status":"publish","type":"product","link":"https:\/\/joyeriagordillo.com\/en\/producto\/g-shock-classic-verde\/","title":{"rendered":"G-Shock Classic green"},"content":{"rendered":"<div class=\"flex-shrink-0 flex flex-col relative items-end\">\n<div>\n<div class=\"pt-0\">\n<div class=\"gizmo-bot-avatar flex h-8 w-8 items-center justify-center overflow-hidden rounded-full\">\n<div class=\"relative p-1 rounded-sm flex items-center justify-center bg-token-main-surface-primary text-token-text-primary h-8 w-8\">Descubre el GM-2110D, un modelo G-STEEL que combina lo mejor del dise\u00f1o anal\u00f3gico-digital del ic\u00f3nico GA-2100, ahora elevado con un elegante bisel y correa de metal.<\/div>\n<\/div>\n<\/div>\n<\/div>\n<\/div>\n<div class=\"group\/conversation-turn relative flex w-full min-w-0 flex-col agent-turn\">\n<div class=\"flex-col gap-1 md:gap-3\">\n<div class=\"flex max-w-full flex-col flex-grow\">\n<div class=\"min-h-8 text-message flex w-full flex-col items-end gap-2 whitespace-normal break-words [.text-message+&amp;]:mt-5\" dir=\"auto\" data-message-author-role=\"assistant\" data-message-id=\"4dad9d17-9312-40b3-adc5-f6da19de742a\" data-message-model-slug=\"gpt-4o\">\n<div class=\"flex w-full flex-col gap-1 empty:hidden first:pt-[3px]\">\n<div class=\"markdown prose w-full break-words dark:prose-invert light\">\n<p>El bisel octogonal de acero inoxidable, forjado y pulido con precisi\u00f3n, ofrece un dise\u00f1o minimalista que equilibra sofisticaci\u00f3n y durabilidad. Su caja, elaborada con resina fina reforzada con fibra de vidrio de alta rigidez, es la m\u00e1s compacta entre los modelos combinados de G-SHOCK, con un grosor de solo 11,8 mm.<\/p>\n<p>La correa met\u00e1lica, junto con el vibrante acabado met\u00e1lico de la esfera en tonos de lat\u00f3n, es perfecta para cualquier ocasi\u00f3n, ya sea en el trabajo o en el tiempo libre.<\/p>\n<p>Disponible en una gama de colores que incluye azul cielo, naranja y verde lima, adem\u00e1s de los cl\u00e1sicos azul marino y plateado. Y para m\u00e1xima funcionalidad, cuenta con una luz LED doble de alta luminosidad, asegurando una visibilidad \u00f3ptima incluso en la oscuridad.<\/p>\n<\/div>\n<\/div>\n<\/div>\n<\/div>\n<\/div>\n<\/div>\n","protected":false},"excerpt":{"rendered":"<p>Green G-Shock Classic watch with 49mm case, with analogue-digital combination. A versatile watch now with a stylish metal bezel and strap.<\/p>\n<h4>Dimensions (L \u00d7 W \u00d7 H) 49.3 \u00d7 44.4 \u00d7 11.8 mm<\/h4>","protected":false},"featured_media":10734,"template":"","meta":{"_acf_changed":false},"product_brand":[1134,1462],"product_cat":[656,47],"product_tag":[],"class_list":{"0":"post-10653","1":"product","2":"type-product","3":"status-publish","4":"has-post-thumbnail","6":"product_brand-casio","7":"product_brand-g-shock","8":"product_cat-g-shock","9":"product_cat-relojes","11":"first","12":"instock","13":"taxable","14":"shipping-taxable","15":"purchasable","16":"product-type-simple"},"acf":[],"df_price":299,"df_sale_price":"","df_regular_price":299,"df_image_link":"https:\/\/joyeriagordillo.com\/wp-content\/uploads\/2025\/02\/image-8-300x300.avif","_links":{"self":[{"href":"https:\/\/joyeriagordillo.com\/en\/wp-json\/wp\/v2\/product\/10653","targetHints":{"allow":["GET"]}}],"collection":[{"href":"https:\/\/joyeriagordillo.com\/en\/wp-json\/wp\/v2\/product"}],"about":[{"href":"https:\/\/joyeriagordillo.com\/en\/wp-json\/wp\/v2\/types\/product"}],"version-history":[{"count":0,"href":"https:\/\/joyeriagordillo.com\/en\/wp-json\/wp\/v2\/product\/10653\/revisions"}],"wp:featuredmedia":[{"embeddable":true,"href":"https:\/\/joyeriagordillo.com\/en\/wp-json\/wp\/v2\/media\/10734"}],"wp:attachment":[{"href":"https:\/\/joyeriagordillo.com\/en\/wp-json\/wp\/v2\/media?parent=10653"}],"wp:term":[{"taxonomy":"product_brand","embeddable":true,"href":"https:\/\/joyeriagordillo.com\/en\/wp-json\/wp\/v2\/product_brand?post=10653"},{"taxonomy":"product_cat","embeddable":true,"href":"https:\/\/joyeriagordillo.com\/en\/wp-json\/wp\/v2\/product_cat?post=10653"},{"taxonomy":"product_tag","embeddable":true,"href":"https:\/\/joyeriagordillo.com\/en\/wp-json\/wp\/v2\/product_tag?post=10653"}],"curies":[{"name":"wp","href":"https:\/\/api.w.org\/{rel}","templated":true}]}}