{"id":12723,"date":"2025-03-11T12:40:15","date_gmt":"2025-03-11T11:40:15","guid":{"rendered":"https:\/\/joyeriagordillo.com\/producto\/hamilton-spirit-liberty-42mm-a-e-negra-brazalate\/"},"modified":"2025-08-13T19:17:16","modified_gmt":"2025-08-13T18:17:16","slug":"hamilton-american-classic-spirit-of-liberty-auto-chrono","status":"publish","type":"product","link":"https:\/\/joyeriagordillo.com\/en\/producto\/hamilton-american-classic-spirit-of-liberty-auto-chrono\/","title":{"rendered":"Hamilton American Classic Spirit of Liberty Auto Chrono"},"content":{"rendered":"<p data-start=\"527\" data-end=\"1049\">At <strong data-start=\"530\" data-end=\"550\">Gordillo Jewellery<\/strong>, tu referencia en relojer\u00eda de lujo en <strong data-start=\"590\" data-end=\"599\">Cadiz<\/strong>, nos enorgullece presentar el <strong data-start=\"630\" data-end=\"672\">Hamilton American Classic Spirit of Liberty Auto Chrono<\/strong>, un modelo que encarna a la perfecci\u00f3n la combinaci\u00f3n de historia, precisi\u00f3n y elegancia caracter\u00edstica de la colecci\u00f3n <strong data-start=\"793\" data-end=\"813\">American Classic<\/strong>. Con la referencia <strong data-start=\"833\" data-end=\"846\">H32416131<\/strong>, este reloj de estilo cl\u00e1sico es una aut\u00e9ntica obra maestra de la alta relojer\u00eda suiza, dise\u00f1ado para quienes buscan una pieza refinada, con un aire atemporal y un coraz\u00f3n mec\u00e1nico de \u00faltima generaci\u00f3n.<\/p>\n<p data-start=\"1051\" data-end=\"1604\">The <strong data-start=\"630\" data-end=\"672\">Hamilton American Classic Spirit <\/strong><strong data-start=\"1054\" data-end=\"1087\">Auto Chrono<\/strong> destaca por su imponente <strong data-start=\"1113\" data-end=\"1150\">42 mm stainless steel case<\/strong>, un tama\u00f1o equilibrado que asegura una presencia llamativa en la mu\u00f1eca sin resultar excesivo. Su dise\u00f1o juega con acabados pulidos y cepillados que realzan la elegancia de la colecci\u00f3n <strong data-start=\"1337\" data-end=\"1357\">American Classic<\/strong>, evocando el esp\u00edritu de libertad y la tradici\u00f3n artesanal de la marca. Este modelo es ideal para quienes buscan un reloj vers\u00e1til, apto para ocasiones formales, eventos especiales o incluso el d\u00eda a d\u00eda, aportando siempre un toque de distinci\u00f3n.<\/p>\n<p data-start=\"1606\" data-end=\"2065\">The <strong data-start=\"1609\" data-end=\"1628\">silver dial<\/strong> from <strong data-start=\"630\" data-end=\"672\">Hamilton American Classic Spirit <\/strong><strong data-start=\"1633\" data-end=\"1666\">of Liberty Auto Chrono<\/strong> es un homenaje al clasicismo atemporal. Su dise\u00f1o limpio y equilibrado incluye <strong data-start=\"1746\" data-end=\"1765\">tres subesferas<\/strong> que resaltan la funcionalidad cron\u00f3grafa del modelo, ofreciendo un contador de 30 minutos, otro de 12 horas y un peque\u00f1o segundero. Los <strong data-start=\"1902\" data-end=\"1923\">\u00edndices aplicados<\/strong> y las agujas, con detalles en color azul, aportan un sutil contraste que realza la legibilidad y refuerza el car\u00e1cter refinado de este reloj.<\/p>\n<p data-start=\"2067\" data-end=\"2620\">Bajo esta elegante esfera, el <strong data-start=\"630\" data-end=\"672\">Hamilton American Classic Spirit <\/strong><strong data-start=\"2097\" data-end=\"2130\">\u00a0of Liberty Auto Chrono<\/strong> houses the <strong data-start=\"2142\" data-end=\"2169\">calibre autom\u00e1tico H-21<\/strong>, un movimiento cron\u00f3grafo fiable y robusto, desarrollado espec\u00edficamente por <strong data-start=\"2247\" data-end=\"2259\">Hamilton<\/strong> para ofrecer una <strong data-start=\"2277\" data-end=\"2316\">reserva de marcha de hasta 60 horas<\/strong>. Esta autonom\u00eda extendida es perfecta para quienes disfrutan alternando diferentes relojes, ya que permite dejar el reloj en reposo durante d\u00edas sin perder su precisi\u00f3n. Adem\u00e1s, el H-21 garantiza un cronometraje preciso y un rendimiento \u00f3ptimo gracias a su dise\u00f1o mejorado y componentes de alta calidad.<\/p>\n<p data-start=\"2622\" data-end=\"3167\">Uno de los detalles m\u00e1s especiales de este modelo es su <strong data-start=\"2678\" data-end=\"2703\">brown leather strap<\/strong>, fabricada en cuero de alta calidad, que no solo a\u00f1ade un aire vintage al conjunto, sino que tambi\u00e9n incorpora un mensaje grabado: <strong data-start=\"2835\" data-end=\"2874\">\u00abWithout liberty, life is a misery\u00bb<\/strong> (\u00abSin libertad, la vida es una miseria\u00bb). Este toque personalizado conecta directamente con el esp\u00edritu pionero y la herencia hist\u00f3rica de <strong data-start=\"3014\" data-end=\"3026\">Hamilton<\/strong>, fundada en 1892 en Lancaster, Pensilvania. La correa, adem\u00e1s, cuenta con un <strong data-start=\"3104\" data-end=\"3126\">folding clasp<\/strong> que garantiza un ajuste seguro y c\u00f3modo.<\/p>\n<p data-start=\"3169\" data-end=\"3601\">The <strong data-start=\"630\" data-end=\"672\">Hamilton American Classic Spirit <\/strong><strong data-start=\"3172\" data-end=\"3205\">of Liberty Auto Chrono<\/strong> es mucho m\u00e1s que un simple reloj cron\u00f3grafo. Es una declaraci\u00f3n de intenciones para aquellos que valoran la libertad, la autenticidad y el buen gusto. Su dise\u00f1o combina la est\u00e9tica cl\u00e1sica con toques modernos, creando una pieza equilibrada que refleja el alma de <strong data-start=\"3469\" data-end=\"3481\">Hamilton<\/strong>: una marca que ha sabido evolucionar sin perder su esencia, fusionando el legado estadounidense con la precisi\u00f3n suiza.<\/p>\n<p data-start=\"3603\" data-end=\"3959\">With a <strong data-start=\"3611\" data-end=\"3646\">watertightness up to 50 metres<\/strong>the <strong data-start=\"630\" data-end=\"672\">Hamilton American Classic Spirit <\/strong><strong data-start=\"3651\" data-end=\"3684\">\u00a0of Liberty Auto Chrono<\/strong> es apto para el uso diario, resistiendo salpicaduras ocasionales y lluvias ligeras. Sin embargo, su verdadera vocaci\u00f3n es acompa\u00f1ar a su propietario en reuniones, cenas elegantes o momentos especiales, donde su est\u00e9tica refinada y su calidad relojera brillan con luz propia.<\/p>\n<p data-start=\"3961\" data-end=\"4485\">At <strong data-start=\"3964\" data-end=\"3984\">Gordillo Jewellery<\/strong>, como especialistas en <strong data-start=\"4008\" data-end=\"4038\">relojer\u00eda de lujo en C\u00e1diz<\/strong>, apostamos por marcas con historia y tradici\u00f3n, y <strong data-start=\"4089\" data-end=\"4101\">Hamilton<\/strong> es sin duda una de ellas. Desde sus inicios vinculados a la industria ferroviaria americana hasta su consolidaci\u00f3n en la \u00e9lite de la relojer\u00eda suiza, <strong data-start=\"4252\" data-end=\"4264\">Hamilton<\/strong> representa el equilibrio entre innovaci\u00f3n, precisi\u00f3n y estilo. El <strong data-start=\"630\" data-end=\"672\">Hamilton American Classic Spirit<\/strong><strong data-start=\"4331\" data-end=\"4364\">\u00a0of Liberty Auto Chrono<\/strong> es un reflejo perfecto de ese legado, ofreciendo un cron\u00f3grafo sofisticado y fiable que conecta el pasado y el presente.<\/p>\n<p data-start=\"4487\" data-end=\"4896\">El dise\u00f1o atemporal, la funcionalidad avanzada y la atenci\u00f3n al detalle convierten al <strong data-start=\"630\" data-end=\"672\">Hamilton American Classic Spirit<\/strong><strong data-start=\"4573\" data-end=\"4606\">\u00a0of Liberty Auto Chrono<\/strong> en una opci\u00f3n ideal para quienes buscan un reloj de alta gama con una historia que contar. Su est\u00e9tica cl\u00e1sica lo hace perfectamente combinable con looks formales o business casual, mientras que su herencia aventurera y su robustez t\u00e9cnica lo dotan de una personalidad vers\u00e1til y din\u00e1mica.<\/p>\n<p data-start=\"4898\" data-end=\"5408\">Si deseas descubrir m\u00e1s sobre el <strong data-start=\"4931\" data-end=\"4964\">Spirit of Liberty Auto Chrono<\/strong>, o explorar la colecci\u00f3n completa de relojes <strong data-start=\"5010\" data-end=\"5022\">Hamilton<\/strong>, te invitamos a visitar <strong data-start=\"5047\" data-end=\"5067\">Gordillo Jewellery<\/strong> en el centro de <strong data-start=\"5084\" data-end=\"5093\">Cadiz<\/strong>. Nuestro equipo de expertos en alta relojer\u00eda estar\u00e1 encantado de asesorarte y ayudarte a encontrar el reloj perfecto para ti. Adem\u00e1s, en nuestra tienda online podr\u00e1s conocer m\u00e1s detalles de cada modelo y realizar tu compra de forma segura y c\u00f3moda, con la garant\u00eda y el servicio personalizado que nos caracteriza.<\/p>\n<p data-start=\"5410\" data-end=\"5631\">Discover the <strong data-start=\"5422\" data-end=\"5464\">Hamilton Spirit of Liberty Auto Chrono<\/strong> at <strong data-start=\"5468\" data-end=\"5488\">Gordillo Jewellery<\/strong> y d\u00e9jate seducir por un cron\u00f3grafo que combina tradici\u00f3n, precisi\u00f3n y libertad, en una pieza dise\u00f1ada para marcar tus momentos m\u00e1s especiales.<\/p>","protected":false},"excerpt":{"rendered":"<p>Discover the <strong data-start=\"630\" data-end=\"672\">Hamilton American Classic Spirit of liberty <\/strong><strong data-start=\"285\" data-end=\"327\">Auto Chrono<\/strong> en Joyer\u00eda Gordillo, C\u00e1diz. Un cron\u00f3grafo autom\u00e1tico suizo con dise\u00f1o cl\u00e1sico, esfera plateada y correa de piel marr\u00f3n. Precisi\u00f3n y elegancia atemporal.<\/p>","protected":false},"featured_media":70725,"template":"","meta":{"_acf_changed":false},"product_brand":[1119],"product_cat":[134,47],"product_tag":[],"class_list":{"0":"post-12723","1":"product","2":"type-product","3":"status-publish","4":"has-post-thumbnail","6":"product_brand-hamilton","7":"product_cat-hamilton","8":"product_cat-relojes","10":"first","11":"instock","12":"taxable","13":"shipping-taxable","14":"purchasable","15":"product-type-simple"},"acf":[],"df_price":2075,"df_sale_price":"","df_regular_price":2075,"df_image_link":"https:\/\/joyeriagordillo.com\/wp-content\/uploads\/2025\/02\/h32416131-300x300.webp","_links":{"self":[{"href":"https:\/\/joyeriagordillo.com\/en\/wp-json\/wp\/v2\/product\/12723","targetHints":{"allow":["GET"]}}],"collection":[{"href":"https:\/\/joyeriagordillo.com\/en\/wp-json\/wp\/v2\/product"}],"about":[{"href":"https:\/\/joyeriagordillo.com\/en\/wp-json\/wp\/v2\/types\/product"}],"version-history":[{"count":0,"href":"https:\/\/joyeriagordillo.com\/en\/wp-json\/wp\/v2\/product\/12723\/revisions"}],"wp:featuredmedia":[{"embeddable":true,"href":"https:\/\/joyeriagordillo.com\/en\/wp-json\/wp\/v2\/media\/70725"}],"wp:attachment":[{"href":"https:\/\/joyeriagordillo.com\/en\/wp-json\/wp\/v2\/media?parent=12723"}],"wp:term":[{"taxonomy":"product_brand","embeddable":true,"href":"https:\/\/joyeriagordillo.com\/en\/wp-json\/wp\/v2\/product_brand?post=12723"},{"taxonomy":"product_cat","embeddable":true,"href":"https:\/\/joyeriagordillo.com\/en\/wp-json\/wp\/v2\/product_cat?post=12723"},{"taxonomy":"product_tag","embeddable":true,"href":"https:\/\/joyeriagordillo.com\/en\/wp-json\/wp\/v2\/product_tag?post=12723"}],"curies":[{"name":"wp","href":"https:\/\/api.w.org\/{rel}","templated":true}]}}