{"id":12726,"date":"2025-03-11T12:40:14","date_gmt":"2025-03-11T11:40:14","guid":{"rendered":"https:\/\/joyeriagordillo.com\/producto\/hamilton-jm-performer-crono\/"},"modified":"2025-08-13T19:17:20","modified_gmt":"2025-08-13T18:17:20","slug":"hamilton-jazzmaster-performer-auto-chrono","status":"publish","type":"product","link":"https:\/\/joyeriagordillo.com\/en\/producto\/hamilton-jazzmaster-performer-auto-chrono\/","title":{"rendered":"Hamilton Jazzmaster Performer Auto Chrono"},"content":{"rendered":"<p data-start=\"504\" data-end=\"1057\">At <strong data-start=\"507\" data-end=\"527\">Gordillo Jewellery<\/strong>, tu boutique de <strong data-start=\"544\" data-end=\"574\">relojer\u00eda de lujo en C\u00e1diz<\/strong>, we present to you the <strong data-start=\"594\" data-end=\"639\">Hamilton Jazzmaster Performer Auto Chrono<\/strong>, reference <strong data-start=\"652\" data-end=\"665\">H36606130<\/strong>, un modelo que encarna a la perfecci\u00f3n el equilibrio entre el rendimiento deportivo y la elegancia refinada que caracteriza a la l\u00ednea <strong data-start=\"801\" data-end=\"815\">Jazzmaster<\/strong> from <strong data-start=\"819\" data-end=\"831\">Hamilton<\/strong>. Este cron\u00f3grafo autom\u00e1tico combina la precisi\u00f3n de la alta relojer\u00eda suiza con un dise\u00f1o contempor\u00e1neo pensado para quienes buscan un reloj vers\u00e1til, capaz de adaptarse tanto a la acci\u00f3n como a los entornos m\u00e1s sofisticados.<\/p>\n<p data-start=\"1059\" data-end=\"1584\">The <strong data-start=\"1062\" data-end=\"1098\">Jazzmaster Performer Auto Chrono<\/strong> has a robust <strong data-start=\"1122\" data-end=\"1150\">stainless steel case<\/strong> de 42 mm, un tama\u00f1o ideal para quienes prefieren relojes de presencia destacada sin renunciar a la comodidad. Sus l\u00edneas limpias y el acabado cepillado de la caja refuerzan el car\u00e1cter deportivo del reloj, mientras que los sutiles toques pulidos aportan ese aire elegante que define a la colecci\u00f3n <strong data-start=\"1449\" data-end=\"1463\">Jazzmaster<\/strong>. Este modelo es un claro ejemplo de la capacidad de <strong data-start=\"1516\" data-end=\"1528\">Hamilton<\/strong> para fusionar tradici\u00f3n y modernidad en una sola pieza.<\/p>\n<p data-start=\"1586\" data-end=\"2121\">The <strong data-start=\"1589\" data-end=\"1604\">blue sphere<\/strong>, protagonista de este modelo, es una aut\u00e9ntica declaraci\u00f3n de estilo. Con un tono profundo que cambia seg\u00fan la luz, se convierte en el tel\u00f3n de fondo perfecto para los <strong data-start=\"1773\" data-end=\"1801\">contadores de cron\u00f3grafo<\/strong> dispuestos a las 3, 6 y 9 en punto, que permiten medir intervalos de tiempo con la m\u00e1xima precisi\u00f3n. Los <strong data-start=\"1907\" data-end=\"1928\">\u00edndices aplicados<\/strong> and the <strong data-start=\"1935\" data-end=\"1959\">agujas luminiscentes<\/strong> garantizan una legibilidad \u00f3ptima en cualquier situaci\u00f3n, mientras que el <strong data-start=\"2034\" data-end=\"2048\">taqu\u00edmetro<\/strong> que bordea la esfera refuerza la funcionalidad deportiva de este modelo.<\/p>\n<p data-start=\"2123\" data-end=\"2568\">Inside the <strong data-start=\"2142\" data-end=\"2178\">Jazzmaster Performer Auto Chrono<\/strong> late el fiable <strong data-start=\"2194\" data-end=\"2210\">calibre H-31<\/strong>, un movimiento cron\u00f3grafo autom\u00e1tico de fabricaci\u00f3n suiza que ofrece una impresionante <strong data-start=\"2298\" data-end=\"2337\">reserva de marcha de hasta 60 horas<\/strong>. Este calibre, basado en el legendario Valjoux 7753, ha sido optimizado por <strong data-start=\"2414\" data-end=\"2426\">Hamilton<\/strong> para ofrecer un rendimiento superior y una mayor autonom\u00eda, asegurando que el reloj est\u00e9 siempre listo para acompa\u00f1arte en cualquier desaf\u00edo.<\/p>\n<p data-start=\"2570\" data-end=\"2985\">La funcionalidad de cron\u00f3grafo convierte al <strong data-start=\"2614\" data-end=\"2650\">Jazzmaster Performer Auto Chrono<\/strong> en el compa\u00f1ero perfecto para medir tiempos en cualquier contexto, ya sea durante una sesi\u00f3n de entrenamiento, un evento deportivo o simplemente para cronometrar tus actividades diarias. Su mecanismo de alta precisi\u00f3n, combinado con un dise\u00f1o limpio y legible, refleja la esencia misma de un reloj pensado para rendir al m\u00e1ximo nivel.<\/p>\n<p data-start=\"2987\" data-end=\"3434\">The <strong data-start=\"2990\" data-end=\"3018\">correa de piel perforada<\/strong>, de tono negro y estilo racing, refuerza el car\u00e1cter deportivo del <strong data-start=\"3086\" data-end=\"3122\">Jazzmaster Performer Auto Chrono<\/strong>. Este tipo de correa, inspirada en los guantes de carreras de automovilismo, no solo es visualmente atractiva, sino que tambi\u00e9n ofrece una comodidad excepcional y una excelente transpirabilidad, ideal para el uso diario. El cierre desplegable de acero garantiza un ajuste seguro y c\u00f3modo en cualquier situaci\u00f3n.<\/p>\n<p data-start=\"3436\" data-end=\"3899\">In terms of <strong data-start=\"3451\" data-end=\"3466\">resistance<\/strong>the <strong data-start=\"3471\" data-end=\"3507\">Jazzmaster Performer Auto Chrono<\/strong> offers a <strong data-start=\"3519\" data-end=\"3555\">hermeticidad de hasta 100 metros<\/strong>, lo que lo convierte en un reloj perfectamente preparado para soportar salpicaduras, lluvia e incluso alguna inmersi\u00f3n ocasional, sin perder su elegancia ni su rendimiento. Esta combinaci\u00f3n de robustez y sofisticaci\u00f3n es parte fundamental de la filosof\u00eda de la colecci\u00f3n <strong data-start=\"3827\" data-end=\"3841\">Jazzmaster<\/strong>, que busca ofrecer relojes aptos para cualquier contexto.<\/p>\n<p data-start=\"3901\" data-end=\"4345\">The <strong data-start=\"3904\" data-end=\"3940\">Jazzmaster Performer Auto Chrono<\/strong> es m\u00e1s que un simple cron\u00f3grafo: es un s\u00edmbolo del saber hacer de <strong data-start=\"4007\" data-end=\"4019\">Hamilton<\/strong>, una marca con m\u00e1s de 130 a\u00f1os de historia, que ha sabido adaptarse a los tiempos sin perder su esencia. Desde sus or\u00edgenes en Estados Unidos hasta su consolidaci\u00f3n en el prestigioso <strong data-start=\"4203\" data-end=\"4219\">Swatch Group<\/strong>, <strong data-start=\"4221\" data-end=\"4233\">Hamilton<\/strong> ha sabido fusionar innovaci\u00f3n, precisi\u00f3n suiza y un dise\u00f1o inspirado en las necesidades reales de sus usuarios.<\/p>\n<p data-start=\"4347\" data-end=\"4721\">At <strong data-start=\"4350\" data-end=\"4370\">Gordillo Jewellery<\/strong>, luxury watchmaking in <strong data-start=\"4393\" data-end=\"4402\">Cadiz<\/strong>, we invite you to take a closer look at the <strong data-start=\"4441\" data-end=\"4486\">Hamilton Jazzmaster Performer Auto Chrono<\/strong>. Nuestro equipo de especialistas estar\u00e1 encantado de asesorarte y ayudarte a conocer cada detalle de este excepcional cron\u00f3grafo autom\u00e1tico, un modelo que representa a la perfecci\u00f3n el equilibrio entre estilo, rendimiento y precisi\u00f3n.<\/p>\n<p data-start=\"4723\" data-end=\"5108\">The <strong data-start=\"4726\" data-end=\"4762\">Jazzmaster Performer Auto Chrono<\/strong> es ideal para aquellos que buscan un reloj polivalente, capaz de adaptarse tanto a las aventuras urbanas como a eventos formales. Su dise\u00f1o refinado, combinado con una funcionalidad avanzada y una mec\u00e1nica impecable, lo convierte en una pieza imprescindible para cualquier amante de la relojer\u00eda que valore tanto la est\u00e9tica como el rendimiento.<\/p>\n<p data-start=\"5110\" data-end=\"5514\">Si est\u00e1s buscando un <strong data-start=\"5131\" data-end=\"5156\">cron\u00f3grafo autom\u00e1tico<\/strong> que combine deportividad, elegancia y fiabilidad suiza, el <strong data-start=\"5216\" data-end=\"5261\">Hamilton Jazzmaster Performer Auto Chrono<\/strong> es, sin duda, una de las mejores opciones. Ven a <strong data-start=\"5311\" data-end=\"5331\">Gordillo Jewellery<\/strong> y descubre c\u00f3mo este reloj puede convertirse en tu compa\u00f1ero perfecto para el d\u00eda a d\u00eda, una pieza que te permitir\u00e1 medir el tiempo con estilo y precisi\u00f3n en cada momento de tu vida.<\/p>","protected":false},"excerpt":{"rendered":"<p>Discover the <strong data-start=\"265\" data-end=\"310\">Hamilton Jazzmaster Performer Auto Chrono<\/strong> en Joyer\u00eda Gordillo, C\u00e1diz. Un cron\u00f3grafo autom\u00e1tico suizo con dise\u00f1o deportivo-elegante, esfera azul y caja de acero. Precisi\u00f3n y estilo atemporal.<\/p>","protected":false},"featured_media":70698,"template":"","meta":{"_acf_changed":false},"product_brand":[1119],"product_cat":[134,47],"product_tag":[],"class_list":{"0":"post-12726","1":"product","2":"type-product","3":"status-publish","4":"has-post-thumbnail","6":"product_brand-hamilton","7":"product_cat-hamilton","8":"product_cat-relojes","10":"first","11":"instock","12":"taxable","13":"shipping-taxable","14":"purchasable","15":"product-type-simple"},"acf":[],"df_price":2525,"df_sale_price":"","df_regular_price":2525,"df_image_link":"https:\/\/joyeriagordillo.com\/wp-content\/uploads\/2025\/02\/h36606130_1-300x300.webp","_links":{"self":[{"href":"https:\/\/joyeriagordillo.com\/en\/wp-json\/wp\/v2\/product\/12726","targetHints":{"allow":["GET"]}}],"collection":[{"href":"https:\/\/joyeriagordillo.com\/en\/wp-json\/wp\/v2\/product"}],"about":[{"href":"https:\/\/joyeriagordillo.com\/en\/wp-json\/wp\/v2\/types\/product"}],"version-history":[{"count":0,"href":"https:\/\/joyeriagordillo.com\/en\/wp-json\/wp\/v2\/product\/12726\/revisions"}],"wp:featuredmedia":[{"embeddable":true,"href":"https:\/\/joyeriagordillo.com\/en\/wp-json\/wp\/v2\/media\/70698"}],"wp:attachment":[{"href":"https:\/\/joyeriagordillo.com\/en\/wp-json\/wp\/v2\/media?parent=12726"}],"wp:term":[{"taxonomy":"product_brand","embeddable":true,"href":"https:\/\/joyeriagordillo.com\/en\/wp-json\/wp\/v2\/product_brand?post=12726"},{"taxonomy":"product_cat","embeddable":true,"href":"https:\/\/joyeriagordillo.com\/en\/wp-json\/wp\/v2\/product_cat?post=12726"},{"taxonomy":"product_tag","embeddable":true,"href":"https:\/\/joyeriagordillo.com\/en\/wp-json\/wp\/v2\/product_tag?post=12726"}],"curies":[{"name":"wp","href":"https:\/\/api.w.org\/{rel}","templated":true}]}}