{"id":12737,"date":"2025-03-11T12:30:09","date_gmt":"2025-03-11T11:30:09","guid":{"rendered":"https:\/\/joyeriagordillo.com\/producto\/hamilton-khaki-aut-esf-silver-c-marron\/"},"modified":"2026-03-31T10:52:53","modified_gmt":"2026-03-31T09:52:53","slug":"hamilton-khaki-field-auto-cuero","status":"publish","type":"product","link":"https:\/\/joyeriagordillo.com\/en\/producto\/hamilton-khaki-field-auto-cuero\/","title":{"rendered":"Hamilton Khaki Field Auto Cuero"},"content":{"rendered":"<p data-start=\"628\" data-end=\"703\"><strong data-start=\"628\" data-end=\"703\">Hamilton Khaki Field Auto Cuero: tradici\u00f3n militar con esp\u00edritu moderno<\/strong><\/p>\n<p data-start=\"705\" data-end=\"958\">\u00bfTe gustar\u00eda llevar un reloj que capture el coraje y la precisi\u00f3n de generaciones pasadas, adaptado a tu vida actual? El <strong data-start=\"826\" data-end=\"861\">Hamilton Khaki Field Auto Cuero<\/strong> es la definici\u00f3n perfecta de equilibrio entre historia, tecnolog\u00eda suiza y estilo contempor\u00e1neo.<\/p>\n<h2 data-start=\"960\" data-end=\"1024\">Dise\u00f1o robusto y elegante del Hamilton Khaki Field Auto Cuero<\/h2>\n<p data-start=\"1026\" data-end=\"1353\">The <strong data-start=\"1029\" data-end=\"1064\">Hamilton Khaki Field Auto Cuero<\/strong> est\u00e1 inspirado en los relojes militares cl\u00e1sicos, reinterpretado para el aventurero moderno. Su <strong data-start=\"1161\" data-end=\"1189\">stainless steel case<\/strong> de 38 mm o 42 mm (seg\u00fan modelo) presenta l\u00edneas limpias y robustas, mientras que su <strong data-start=\"1274\" data-end=\"1293\">correa de cuero<\/strong> de alta calidad aporta un toque de calidez y sofisticaci\u00f3n.<\/p>\n<p data-start=\"1355\" data-end=\"1585\">The <strong data-start=\"1358\" data-end=\"1374\">black dial<\/strong> o en tonos tierra, con \u00edndices e indicadores luminiscentes Super-LumiNova\u00ae, ofrece <strong data-start=\"1458\" data-end=\"1487\">legibilidad sobresaliente<\/strong> incluso en condiciones de baja visibilidad, fiel al prop\u00f3sito original de los relojes de campa\u00f1a.<\/p>\n<p data-start=\"1587\" data-end=\"1765\">At <strong data-start=\"1590\" data-end=\"1645\"><a class=\"\" href=\"https:\/\/www.joyeriagordillo.com\" target=\"_new\" rel=\"noopener noreferrer nofollow\" data-start=\"1592\" data-end=\"1643\">Gordillo Jewellery<\/a><\/strong> apostamos por piezas aut\u00e9nticas, y el <strong data-start=\"1684\" data-end=\"1719\">Hamilton Khaki Field Auto Cuero<\/strong> refleja nuestro compromiso con la excelencia.<\/p>\n<h2 data-start=\"1767\" data-end=\"1838\">Tecnolog\u00eda de alto rendimiento en el Hamilton Khaki Field Auto Cuero<\/h2>\n<p data-start=\"1840\" data-end=\"2089\">The <strong data-start=\"1843\" data-end=\"1878\">Hamilton Khaki Field Auto Cuero<\/strong> est\u00e1 equipado con el reconocido <strong data-start=\"1911\" data-end=\"1938\">calibre autom\u00e1tico H-10<\/strong>, ofreciendo una <strong data-start=\"1955\" data-end=\"1994\">power reserve up to 80 hours<\/strong>, lo que garantiza autonom\u00eda y fiabilidad durante d\u00edas enteros sin necesidad de recarga manual.<\/p>\n<p data-start=\"2091\" data-end=\"2360\">Protected by a <strong data-start=\"2108\" data-end=\"2129\">sapphire crystal<\/strong> resistente a rayaduras y dotado de una <strong data-start=\"2169\" data-end=\"2206\">resistencia al agua de 100 metros<\/strong>the <strong data-start=\"2211\" data-end=\"2246\">Hamilton Khaki Field Auto Cuero<\/strong> es un reloj preparado para soportar los retos m\u00e1s exigentes, tanto en ambientes urbanos como en plena naturaleza.<\/p>\n<p data-start=\"2362\" data-end=\"2548\">Para conocer otros modelos autom\u00e1ticos resistentes, visita tambi\u00e9n nuestra secci\u00f3n de <a class=\"cursor-pointer\" target=\"_new\" rel=\"noopener\" data-start=\"2448\" data-end=\"2547\">relojes autom\u00e1ticos resistentes<\/a>.<\/p>\n<h3 data-start=\"2550\" data-end=\"2609\">Sensaci\u00f3n de uso con el Hamilton Khaki Field Auto Cuero<\/h3>\n<p data-start=\"2611\" data-end=\"2922\">Carrying a <strong data-start=\"2621\" data-end=\"2656\">Hamilton Khaki Field Auto Cuero<\/strong> significa experimentar el confort del <strong data-start=\"2695\" data-end=\"2713\">cuero flexible<\/strong> adapt\u00e1ndose a tu mu\u00f1eca y la tranquilidad que ofrece un movimiento autom\u00e1tico fiable. Es un reloj que transmite confianza en cada situaci\u00f3n, desde una reuni\u00f3n de trabajo hasta una expedici\u00f3n de fin de semana.<\/p>\n<p data-start=\"2924\" data-end=\"3096\">Su est\u00e9tica discreta pero poderosa convierte al <strong data-start=\"2972\" data-end=\"3007\">Hamilton Khaki Field Auto Cuero<\/strong> en una elecci\u00f3n vers\u00e1til, ideal para quienes valoran la autenticidad y la funcionalidad.<\/p>\n<p data-start=\"3098\" data-end=\"3287\">\u00bfTe interesa saber c\u00f3mo elegir la correa de cuero perfecta para tu reloj? Te recomendamos este art\u00edculo especializado de <a class=\"cursor-pointer\" target=\"_new\" rel=\"noopener\" data-start=\"3219\" data-end=\"3286\">Worn &amp; Wound<\/a>.<\/p>\n<h3 data-start=\"3289\" data-end=\"3350\">Ventajas competitivas del Hamilton Khaki Field Auto Cuero<\/h3>\n<ul data-start=\"3352\" data-end=\"3765\">\n<li data-start=\"3352\" data-end=\"3439\">\n<p data-start=\"3354\" data-end=\"3439\"><strong data-start=\"3354\" data-end=\"3384\">Dise\u00f1o militar actualizado<\/strong>: un estilo robusto y funcional que nunca pasa de moda.<\/p>\n<\/li>\n<li data-start=\"3440\" data-end=\"3528\">\n<p data-start=\"3442\" data-end=\"3528\"><strong data-start=\"3442\" data-end=\"3472\">Self-winding movement H-10<\/strong>: autonom\u00eda extendida con 80 horas de reserva de marcha.<\/p>\n<\/li>\n<li data-start=\"3529\" data-end=\"3607\">\n<p data-start=\"3531\" data-end=\"3607\"><strong data-start=\"3531\" data-end=\"3553\">Premium materials<\/strong>: acero inoxidable, cuero genuino y cristal de zafiro.<\/p>\n<\/li>\n<li data-start=\"3608\" data-end=\"3677\">\n<p data-start=\"3610\" data-end=\"3677\"><strong data-start=\"3610\" data-end=\"3633\">Extreme durability<\/strong>: preparado para cualquier tipo de aventura.<\/p>\n<\/li>\n<li data-start=\"3678\" data-end=\"3765\">\n<p data-start=\"3680\" data-end=\"3765\"><strong data-start=\"3680\" data-end=\"3709\">Comfort and adaptability<\/strong>: correa de cuero de alta calidad que mejora con el uso.<\/p>\n<\/li>\n<\/ul>\n<p data-start=\"3767\" data-end=\"3968\">The <strong data-start=\"3770\" data-end=\"3805\">Hamilton Khaki Field Auto Cuero<\/strong> es m\u00e1s que un reloj: es una declaraci\u00f3n de autenticidad, resistencia y buen gusto, disponible en exclusiva en <a class=\"\" href=\"https:\/\/www.joyeriagordillo.com\" target=\"_new\" rel=\"noopener noreferrer nofollow\" data-start=\"3916\" data-end=\"3967\">Gordillo Jewellery<\/a>.<\/p>","protected":false},"excerpt":{"rendered":"<p>The <strong data-start=\"400\" data-end=\"435\">Hamilton Khaki Field Auto Cuero<\/strong> combina la tradici\u00f3n militar con la precisi\u00f3n suiza moderna, ofreciendo un reloj autom\u00e1tico elegante, resistente y listo para acompa\u00f1arte en cada aventura diaria.<\/p>","protected":false},"featured_media":70631,"template":"","meta":{"_acf_changed":false},"product_brand":[1119],"product_cat":[134,47],"product_tag":[],"class_list":{"0":"post-12737","1":"product","2":"type-product","3":"status-publish","4":"has-post-thumbnail","6":"product_brand-hamilton","7":"product_cat-hamilton","8":"product_cat-relojes","10":"first","11":"instock","12":"taxable","13":"shipping-taxable","14":"purchasable","15":"product-type-simple"},"acf":[],"df_price":745,"df_sale_price":"","df_regular_price":745,"df_image_link":"https:\/\/joyeriagordillo.com\/wp-content\/uploads\/2025\/02\/h70455533_1-300x300.webp","_links":{"self":[{"href":"https:\/\/joyeriagordillo.com\/en\/wp-json\/wp\/v2\/product\/12737","targetHints":{"allow":["GET"]}}],"collection":[{"href":"https:\/\/joyeriagordillo.com\/en\/wp-json\/wp\/v2\/product"}],"about":[{"href":"https:\/\/joyeriagordillo.com\/en\/wp-json\/wp\/v2\/types\/product"}],"version-history":[{"count":1,"href":"https:\/\/joyeriagordillo.com\/en\/wp-json\/wp\/v2\/product\/12737\/revisions"}],"predecessor-version":[{"id":86754,"href":"https:\/\/joyeriagordillo.com\/en\/wp-json\/wp\/v2\/product\/12737\/revisions\/86754"}],"wp:featuredmedia":[{"embeddable":true,"href":"https:\/\/joyeriagordillo.com\/en\/wp-json\/wp\/v2\/media\/70631"}],"wp:attachment":[{"href":"https:\/\/joyeriagordillo.com\/en\/wp-json\/wp\/v2\/media?parent=12737"}],"wp:term":[{"taxonomy":"product_brand","embeddable":true,"href":"https:\/\/joyeriagordillo.com\/en\/wp-json\/wp\/v2\/product_brand?post=12737"},{"taxonomy":"product_cat","embeddable":true,"href":"https:\/\/joyeriagordillo.com\/en\/wp-json\/wp\/v2\/product_cat?post=12737"},{"taxonomy":"product_tag","embeddable":true,"href":"https:\/\/joyeriagordillo.com\/en\/wp-json\/wp\/v2\/product_tag?post=12737"}],"curies":[{"name":"wp","href":"https:\/\/api.w.org\/{rel}","templated":true}]}}