{"id":12763,"date":"2025-03-11T12:30:09","date_gmt":"2025-03-11T11:30:09","guid":{"rendered":"https:\/\/joyeriagordillo.com\/producto\/certina-ds-2-a-434mm-chrono-e-azul\/"},"modified":"2025-08-13T19:19:26","modified_gmt":"2025-08-13T18:19:26","slug":"certina-ds-2-chronograph-automatic","status":"publish","type":"product","link":"https:\/\/joyeriagordillo.com\/en\/producto\/certina-ds-2-chronograph-automatic\/","title":{"rendered":"Certina DS-2 Chronograph Automatic"},"content":{"rendered":"<h2 data-start=\"748\" data-end=\"836\"><strong data-start=\"748\" data-end=\"836\">Certina DS-2 Chronograph Automatic: cronometra cada instante con estilo y fiabilidad<\/strong><\/h2>\n<p data-start=\"838\" data-end=\"1090\">\u00bfTe imaginas un reloj que combine la resistencia de un deportivo cl\u00e1sico con la precisi\u00f3n de la alta relojer\u00eda suiza? El <strong data-start=\"959\" data-end=\"997\">Certina DS-2 Chronograph Automatic<\/strong> es esa pieza que transforma el cronometraje en una experiencia \u00fanica, robusta y sofisticada.<\/p>\n<h2 data-start=\"1092\" data-end=\"1158\">Dise\u00f1o retro y deportivo del Certina DS-2 Chronograph Automatic<\/h2>\n<p data-start=\"1160\" data-end=\"1449\">The <strong data-start=\"1163\" data-end=\"1201\">Certina DS-2 Chronograph Automatic<\/strong> recupera la esencia de los cron\u00f3grafos deportivos de los a\u00f1os 70 con una interpretaci\u00f3n moderna. Su <strong data-start=\"1302\" data-end=\"1341\">caja de acero inoxidable de 43,3 mm<\/strong> ofrece una presencia poderosa pero refinada, combinada con una <strong data-start=\"1405\" data-end=\"1428\">esfera azul o negra<\/strong> de gran legibilidad.<\/p>\n<p data-start=\"1451\" data-end=\"1653\">El contraste de sus subesferas, su escala taquim\u00e9trica y sus pulsadores ergon\u00f3micos convierten al <strong data-start=\"1549\" data-end=\"1587\">Certina DS-2 Chronograph Automatic<\/strong> en un homenaje perfecto a la historia del deporte y la relojer\u00eda.<\/p>\n<p data-start=\"1655\" data-end=\"1851\">At <strong data-start=\"1658\" data-end=\"1713\"><a class=\"\" href=\"https:\/\/www.joyeriagordillo.com\" target=\"_new\" rel=\"noopener noreferrer nofollow\" data-start=\"1660\" data-end=\"1711\">Gordillo Jewellery<\/a><\/strong> apostamos por relojes que unen tradici\u00f3n e innovaci\u00f3n, y el <strong data-start=\"1774\" data-end=\"1812\">Certina DS-2 Chronograph Automatic<\/strong> es un claro ejemplo de esta filosof\u00eda.<\/p>\n<h2 data-start=\"1853\" data-end=\"1913\">Tecnolog\u00eda suiza en el Certina DS-2 Chronograph Automatic<\/h2>\n<p data-start=\"1915\" data-end=\"2208\">The <strong data-start=\"1918\" data-end=\"1956\">Certina DS-2 Chronograph Automatic<\/strong> est\u00e1 impulsado por el <strong data-start=\"1979\" data-end=\"2016\">movimiento autom\u00e1tico ETA A05.H31<\/strong>, basado en el fiable Valjoux 7753, ofreciendo <strong data-start=\"2063\" data-end=\"2110\">una reserva de marcha extendida de 60 horas<\/strong>. Este calibre garantiza una medici\u00f3n precisa del tiempo y un funcionamiento suave del cron\u00f3grafo.<\/p>\n<p data-start=\"2210\" data-end=\"2499\">Gracias a su tecnolog\u00eda <strong data-start=\"2234\" data-end=\"2258\">DS (Double Security)<\/strong>the <strong data-start=\"2263\" data-end=\"2301\">Certina DS-2 Chronograph Automatic<\/strong> offers a <strong data-start=\"2313\" data-end=\"2365\">resistencia extrema a golpes, vibraciones y agua<\/strong> hasta 100 metros. Su <strong data-start=\"2387\" data-end=\"2438\">sapphire crystal with anti-reflective coating<\/strong> asegura claridad y protecci\u00f3n frente a cualquier imprevisto.<\/p>\n<p data-start=\"2501\" data-end=\"2684\">\u00bfTe interesa comparar otros cron\u00f3grafos autom\u00e1ticos de alta resistencia? Puedes visitar nuestra secci\u00f3n de <a class=\"cursor-pointer\" target=\"_new\" rel=\"noopener\" data-start=\"2608\" data-end=\"2683\">relojes cron\u00f3grafos<\/a>.<\/p>\n<h3 data-start=\"2686\" data-end=\"2750\">Experiencia de uso con el Certina DS-2 Chronograph Automatic<\/h3>\n<p data-start=\"2752\" data-end=\"2968\">The <strong data-start=\"2755\" data-end=\"2793\">Certina DS-2 Chronograph Automatic<\/strong> ofrece una sensaci\u00f3n inmediata de solidez y precisi\u00f3n en la mu\u00f1eca. Su tama\u00f1o generoso, combinado con una excelente ergonom\u00eda, garantiza comodidad incluso en jornadas largas.<\/p>\n<p data-start=\"2970\" data-end=\"3162\">Ya sea para medir tiempos deportivos, gestionar tu agenda diaria o simplemente disfrutar del arte mec\u00e1nico suizo, el <strong data-start=\"3087\" data-end=\"3125\">Certina DS-2 Chronograph Automatic<\/strong> te acompa\u00f1a con fiabilidad y estilo.<\/p>\n<p data-start=\"3164\" data-end=\"3364\">Para conocer m\u00e1s sobre la evoluci\u00f3n de los cron\u00f3grafos suizos y su importancia hist\u00f3rica, te recomendamos este art\u00edculo de <a class=\"cursor-pointer\" target=\"_new\" rel=\"noopener\" data-start=\"3287\" data-end=\"3363\">Hodinkee<\/a>.<\/p>\n<h3 data-start=\"3366\" data-end=\"3430\">Ventajas competitivas del Certina DS-2 Chronograph Automatic<\/h3>\n<ul data-start=\"3432\" data-end=\"3783\">\n<li data-start=\"3432\" data-end=\"3504\">\n<p data-start=\"3434\" data-end=\"3504\"><strong data-start=\"3434\" data-end=\"3460\">Dise\u00f1o retro deportivo<\/strong>: homenaje a los cron\u00f3grafos de los a\u00f1os 70.<\/p>\n<\/li>\n<li data-start=\"3505\" data-end=\"3577\">\n<p data-start=\"3507\" data-end=\"3577\"><strong data-start=\"3507\" data-end=\"3533\">Movimiento ETA A05.H31<\/strong>: robustez, precisi\u00f3n y reserva de 60 horas.<\/p>\n<\/li>\n<li data-start=\"3578\" data-end=\"3638\">\n<p data-start=\"3580\" data-end=\"3638\"><strong data-start=\"3580\" data-end=\"3597\">Tecnolog\u00eda DS<\/strong>: resistencia extrema a golpes y al agua.<\/p>\n<\/li>\n<li data-start=\"3639\" data-end=\"3714\">\n<p data-start=\"3641\" data-end=\"3714\"><strong data-start=\"3641\" data-end=\"3676\">Cristal de zafiro antirreflejos<\/strong>: claridad y durabilidad garantizadas.<\/p>\n<\/li>\n<li data-start=\"3715\" data-end=\"3783\">\n<p data-start=\"3717\" data-end=\"3783\"><strong data-start=\"3717\" data-end=\"3738\">Est\u00e9tica vers\u00e1til<\/strong>: ideal para uso deportivo y casual elegante.<\/p>\n<\/li>\n<\/ul>\n<p data-start=\"3785\" data-end=\"4030\">The <strong data-start=\"3788\" data-end=\"3826\">Certina DS-2 Chronograph Automatic<\/strong> es la elecci\u00f3n perfecta para quienes valoran la historia, la precisi\u00f3n y el dise\u00f1o atemporal en un cron\u00f3grafo de alta gama, disponible en exclusiva en <a class=\"\" href=\"https:\/\/www.joyeriagordillo.com\" target=\"_new\" rel=\"noopener noreferrer nofollow\" data-start=\"3978\" data-end=\"4029\">Gordillo Jewellery<\/a>.<\/p>","protected":false},"excerpt":{"rendered":"<p>The <strong data-start=\"528\" data-end=\"566\">Certina DS-2 Chronograph Automatic<\/strong> combina la precisi\u00f3n suiza con un dise\u00f1o retro deportivo, ofreciendo un cron\u00f3grafo autom\u00e1tico robusto, elegante y preparado para cualquier reto diario.<\/p>","protected":false},"featured_media":70600,"template":"","meta":{"_acf_changed":false},"product_brand":[1135],"product_cat":[369,47],"product_tag":[],"class_list":{"0":"post-12763","1":"product","2":"type-product","3":"status-publish","4":"has-post-thumbnail","6":"product_brand-certina","7":"product_cat-certina","8":"product_cat-relojes","10":"first","11":"instock","12":"taxable","13":"shipping-taxable","14":"purchasable","15":"product-type-simple"},"acf":[],"df_price":2250,"df_sale_price":"","df_regular_price":2250,"df_image_link":"https:\/\/joyeriagordillo.com\/wp-content\/uploads\/2025\/02\/C024.462.18.041.00_SLD-300x300.webp","_links":{"self":[{"href":"https:\/\/joyeriagordillo.com\/en\/wp-json\/wp\/v2\/product\/12763","targetHints":{"allow":["GET"]}}],"collection":[{"href":"https:\/\/joyeriagordillo.com\/en\/wp-json\/wp\/v2\/product"}],"about":[{"href":"https:\/\/joyeriagordillo.com\/en\/wp-json\/wp\/v2\/types\/product"}],"version-history":[{"count":0,"href":"https:\/\/joyeriagordillo.com\/en\/wp-json\/wp\/v2\/product\/12763\/revisions"}],"wp:featuredmedia":[{"embeddable":true,"href":"https:\/\/joyeriagordillo.com\/en\/wp-json\/wp\/v2\/media\/70600"}],"wp:attachment":[{"href":"https:\/\/joyeriagordillo.com\/en\/wp-json\/wp\/v2\/media?parent=12763"}],"wp:term":[{"taxonomy":"product_brand","embeddable":true,"href":"https:\/\/joyeriagordillo.com\/en\/wp-json\/wp\/v2\/product_brand?post=12763"},{"taxonomy":"product_cat","embeddable":true,"href":"https:\/\/joyeriagordillo.com\/en\/wp-json\/wp\/v2\/product_cat?post=12763"},{"taxonomy":"product_tag","embeddable":true,"href":"https:\/\/joyeriagordillo.com\/en\/wp-json\/wp\/v2\/product_tag?post=12763"}],"curies":[{"name":"wp","href":"https:\/\/api.w.org\/{rel}","templated":true}]}}