{"id":12764,"date":"2025-03-11T12:30:09","date_gmt":"2025-03-11T11:30:09","guid":{"rendered":"https:\/\/joyeriagordillo.com\/producto\/certina-ds-1-38mm-a-e-negra-brazalete\/"},"modified":"2025-08-13T19:19:27","modified_gmt":"2025-08-13T18:19:27","slug":"certina-ds-1-38mm","status":"publish","type":"product","link":"https:\/\/joyeriagordillo.com\/en\/producto\/certina-ds-1-38mm\/","title":{"rendered":"Certina DS-1 38mm Automatic"},"content":{"rendered":"<p data-start=\"724\" data-end=\"803\"><strong data-start=\"724\" data-end=\"803\">Certina DS-1 38mm: la elegancia suiza reinterpretada en un formato perfecto<\/strong><\/p>\n<p data-start=\"805\" data-end=\"1042\">\u00bfTe imaginas llevar un reloj que capture la esencia de la relojer\u00eda suiza cl\u00e1sica en un tama\u00f1o moderno y vers\u00e1til? El <strong data-start=\"923\" data-end=\"944\">Certina DS-1 38mm<\/strong> es la perfecta expresi\u00f3n de elegancia atemporal, t\u00e9cnica avanzada y comodidad para el uso diario.<\/p>\n<h2 data-start=\"1044\" data-end=\"1096\">Dise\u00f1o atemporal y refinado del Certina DS-1 38mm<\/h2>\n<p data-start=\"1098\" data-end=\"1412\">The <strong data-start=\"1101\" data-end=\"1122\">Certina DS-1 38mm<\/strong> presenta un dise\u00f1o sobrio y equilibrado, inspirado en los relojes hist\u00f3ricos de Certina. Su <strong data-start=\"1215\" data-end=\"1243\">stainless steel case<\/strong> de 38 mm, de l\u00edneas puras y perfil delgado, se adapta perfectamente a cualquier mu\u00f1eca, ofreciendo un porte elegante tanto para eventos formales como para el d\u00eda a d\u00eda.<\/p>\n<p data-start=\"1414\" data-end=\"1653\">The <strong data-start=\"1417\" data-end=\"1470\">esfera disponible en tonos azul, verde o plateado<\/strong> con acabados rayos de sol aporta profundidad visual, mientras que los \u00edndices aplicados y las agujas finamente trabajadas garantizan una <strong data-start=\"1608\" data-end=\"1627\">lectura precisa<\/strong> y un toque de distinci\u00f3n.<\/p>\n<p data-start=\"1655\" data-end=\"1841\">At <strong data-start=\"1658\" data-end=\"1713\"><a class=\"\" href=\"https:\/\/www.joyeriagordillo.com\" target=\"_new\" rel=\"noopener noreferrer nofollow\" data-start=\"1660\" data-end=\"1711\">Gordillo Jewellery<\/a><\/strong> sabemos que la aut\u00e9ntica elegancia est\u00e1 en los detalles, y el <strong data-start=\"1776\" data-end=\"1797\">Certina DS-1 38mm<\/strong> lo demuestra en cada elemento de su dise\u00f1o.<\/p>\n<h2 data-start=\"1843\" data-end=\"1893\">Tecnolog\u00eda de precisi\u00f3n en el Certina DS-1 38mm<\/h2>\n<p data-start=\"1895\" data-end=\"2094\">Inside, the <strong data-start=\"1914\" data-end=\"1935\">Certina DS-1 38mm<\/strong> alberga el fiable <strong data-start=\"1954\" data-end=\"1990\">calibre autom\u00e1tico Powermatic 80<\/strong>, which offers a <strong data-start=\"2007\" data-end=\"2060\">impresionante reserva de marcha de hasta 80 horas<\/strong> y una excelente precisi\u00f3n diaria.<\/p>\n<p data-start=\"2096\" data-end=\"2367\">Gracias a la tecnolog\u00eda <strong data-start=\"2120\" data-end=\"2144\">DS (Double Security)<\/strong>the <strong data-start=\"2149\" data-end=\"2170\">Certina DS-1 38mm<\/strong> ofrece una resistencia extra a golpes, vibraciones y cambios de presi\u00f3n, mientras que su <strong data-start=\"2260\" data-end=\"2295\">anti-reflective sapphire crystal glass<\/strong> garantiza una protecci\u00f3n superior y visibilidad en cualquier condici\u00f3n.<\/p>\n<p data-start=\"2369\" data-end=\"2572\">Si quieres descubrir m\u00e1s relojes de estilo cl\u00e1sico y autom\u00e1tico, te invitamos a visitar nuestra secci\u00f3n de <a class=\"cursor-pointer\" target=\"_new\" rel=\"noopener\" data-start=\"2476\" data-end=\"2571\">relojes de vestir autom\u00e1ticos<\/a>.<\/p>\n<h3 data-start=\"2574\" data-end=\"2621\">Experiencia de uso con el Certina DS-1 38mm<\/h3>\n<p data-start=\"2623\" data-end=\"2851\">Carrying the <strong data-start=\"2633\" data-end=\"2654\">Certina DS-1 38mm<\/strong> es experimentar la fusi\u00f3n de tradici\u00f3n y modernidad en cada segundo. Su tama\u00f1o de 38 mm ofrece una comodidad excepcional, ideal para quienes prefieren un reloj que sea discreto pero con presencia.<\/p>\n<p data-start=\"2853\" data-end=\"3032\">La sensaci\u00f3n del movimiento autom\u00e1tico, unida al acabado perfecto de su caja y correa, hace que cada detalle del <strong data-start=\"2966\" data-end=\"2987\">Certina DS-1 38mm<\/strong> transmita calidad y artesan\u00eda suiza genuina.<\/p>\n<p data-start=\"3034\" data-end=\"3239\">Para comprender m\u00e1s sobre la evoluci\u00f3n de los relojes de inspiraci\u00f3n vintage en el mercado moderno, recomendamos este an\u00e1lisis en <a class=\"cursor-pointer\" target=\"_new\" rel=\"noopener\" data-start=\"3164\" data-end=\"3238\">Worn &amp; Wound<\/a>.<\/p>\n<h3 data-start=\"3241\" data-end=\"3288\">Ventajas competitivas del Certina DS-1 38mm<\/h3>\n<ul data-start=\"3290\" data-end=\"3656\">\n<li data-start=\"3290\" data-end=\"3361\">\n<p data-start=\"3292\" data-end=\"3361\"><strong data-start=\"3292\" data-end=\"3315\">Elegancia atemporal<\/strong>: dise\u00f1o inspirado en los cl\u00e1sicos de Certina.<\/p>\n<\/li>\n<li data-start=\"3362\" data-end=\"3442\">\n<p data-start=\"3364\" data-end=\"3442\"><strong data-start=\"3364\" data-end=\"3403\">Powermatic 80 automatic movement<\/strong>: autonom\u00eda extendida y alta precisi\u00f3n.<\/p>\n<\/li>\n<li data-start=\"3443\" data-end=\"3502\">\n<p data-start=\"3445\" data-end=\"3502\"><strong data-start=\"3445\" data-end=\"3462\">Tecnolog\u00eda DS<\/strong>: m\u00e1xima resistencia a golpes y al agua.<\/p>\n<\/li>\n<li data-start=\"3503\" data-end=\"3585\">\n<p data-start=\"3505\" data-end=\"3585\"><strong data-start=\"3505\" data-end=\"3540\">Cristal de zafiro antirreflejos<\/strong>: protecci\u00f3n duradera y visibilidad mejorada.<\/p>\n<\/li>\n<li data-start=\"3586\" data-end=\"3656\">\n<p data-start=\"3588\" data-end=\"3656\"><strong data-start=\"3588\" data-end=\"3616\">Tama\u00f1o perfecto de 38 mm<\/strong>: ideal para cualquier ocasi\u00f3n y estilo.<\/p>\n<\/li>\n<\/ul>\n<p data-start=\"3658\" data-end=\"3879\">The <strong data-start=\"3661\" data-end=\"3682\">Certina DS-1 38mm<\/strong> es la opci\u00f3n perfecta para quienes valoran el legado suizo, la precisi\u00f3n t\u00e9cnica y un dise\u00f1o que nunca pasa de moda, disponible en exclusiva en <a class=\"\" href=\"https:\/\/www.joyeriagordillo.com\" target=\"_new\" rel=\"noopener noreferrer nofollow\" data-start=\"3827\" data-end=\"3878\">Gordillo Jewellery<\/a>.<\/p>","protected":false},"excerpt":{"rendered":"<p>The <strong data-start=\"507\" data-end=\"528\">Certina DS-1 38mm<\/strong> es un reloj suizo autom\u00e1tico que combina elegancia cl\u00e1sica, precisi\u00f3n contempor\u00e1nea y resistencia diaria, ideal para quienes valoran la autenticidad en cada detalle.<\/p>","protected":false},"featured_media":70595,"template":"","meta":{"_acf_changed":false},"product_brand":[1135],"product_cat":[369,47],"product_tag":[],"class_list":{"0":"post-12764","1":"product","2":"type-product","3":"status-publish","4":"has-post-thumbnail","6":"product_brand-certina","7":"product_cat-certina","8":"product_cat-relojes","10":"first","11":"instock","12":"taxable","13":"shipping-taxable","14":"purchasable","15":"product-type-simple"},"acf":[],"df_price":745,"df_sale_price":"","df_regular_price":745,"df_image_link":"https:\/\/joyeriagordillo.com\/wp-content\/uploads\/2025\/02\/C029.207.11.051.00_SLD-1-300x300.webp","_links":{"self":[{"href":"https:\/\/joyeriagordillo.com\/en\/wp-json\/wp\/v2\/product\/12764","targetHints":{"allow":["GET"]}}],"collection":[{"href":"https:\/\/joyeriagordillo.com\/en\/wp-json\/wp\/v2\/product"}],"about":[{"href":"https:\/\/joyeriagordillo.com\/en\/wp-json\/wp\/v2\/types\/product"}],"version-history":[{"count":0,"href":"https:\/\/joyeriagordillo.com\/en\/wp-json\/wp\/v2\/product\/12764\/revisions"}],"wp:featuredmedia":[{"embeddable":true,"href":"https:\/\/joyeriagordillo.com\/en\/wp-json\/wp\/v2\/media\/70595"}],"wp:attachment":[{"href":"https:\/\/joyeriagordillo.com\/en\/wp-json\/wp\/v2\/media?parent=12764"}],"wp:term":[{"taxonomy":"product_brand","embeddable":true,"href":"https:\/\/joyeriagordillo.com\/en\/wp-json\/wp\/v2\/product_brand?post=12764"},{"taxonomy":"product_cat","embeddable":true,"href":"https:\/\/joyeriagordillo.com\/en\/wp-json\/wp\/v2\/product_cat?post=12764"},{"taxonomy":"product_tag","embeddable":true,"href":"https:\/\/joyeriagordillo.com\/en\/wp-json\/wp\/v2\/product_tag?post=12764"}],"curies":[{"name":"wp","href":"https:\/\/api.w.org\/{rel}","templated":true}]}}