{"id":271,"date":"2025-02-04T19:18:10","date_gmt":"2025-02-04T19:18:10","guid":{"rendered":"https:\/\/joyeriagordillo.com\/?post_type=product&#038;p=271"},"modified":"2025-06-20T12:07:12","modified_gmt":"2025-06-20T11:07:12","slug":"anillo-de-compromiso-gabriella-solitario-oro-blanco-y-diamante","status":"publish","type":"product","link":"https:\/\/joyeriagordillo.com\/en\/producto\/anillo-de-compromiso-gabriella-solitario-oro-blanco-y-diamante\/","title":{"rendered":"Gabriella Engagement Ring Solitaire White Gold and Diamond"},"content":{"rendered":"<p>The <strong>Solitaire engagement ring <\/strong>Gabriella realizado en <strong>white gold <\/strong>y con un <strong>brillante <\/strong>de 0,40 ct.y de dise\u00f1o cl\u00e1sico es el modelo ideal para pedirle su mano.<br \/>A <strong>jewel <\/strong>de nuestra colecci\u00f3n de compromiso, en la que seleccionamos cada piedra preciosa y s\u00f3lo elegimos las de m\u00e1xima pureza, color y mejores tallas.<\/p>","protected":false},"excerpt":{"rendered":"<p>The <strong>Anillo de compromiso Solitario<\/strong> de compromiso en oro blanco y brillante de 0,40 ct Gabriella<\/p>","protected":false},"featured_media":308,"template":"","meta":{"_acf_changed":false},"product_brand":[],"product_cat":[32],"product_tag":[1239],"class_list":{"0":"post-271","1":"product","2":"type-product","3":"status-publish","4":"has-post-thumbnail","6":"product_cat-joyas","7":"product_tag-oro-blanco-con-diamante","9":"first","10":"instock","11":"taxable","12":"shipping-taxable","13":"purchasable","14":"product-type-simple"},"acf":[],"df_price":3110,"df_sale_price":"","df_regular_price":3110,"df_image_link":"https:\/\/joyeriagordillo.com\/wp-content\/uploads\/2025\/02\/products-CCC6790-300x223.jpg","_links":{"self":[{"href":"https:\/\/joyeriagordillo.com\/en\/wp-json\/wp\/v2\/product\/271","targetHints":{"allow":["GET"]}}],"collection":[{"href":"https:\/\/joyeriagordillo.com\/en\/wp-json\/wp\/v2\/product"}],"about":[{"href":"https:\/\/joyeriagordillo.com\/en\/wp-json\/wp\/v2\/types\/product"}],"version-history":[{"count":0,"href":"https:\/\/joyeriagordillo.com\/en\/wp-json\/wp\/v2\/product\/271\/revisions"}],"wp:featuredmedia":[{"embeddable":true,"href":"https:\/\/joyeriagordillo.com\/en\/wp-json\/wp\/v2\/media\/308"}],"wp:attachment":[{"href":"https:\/\/joyeriagordillo.com\/en\/wp-json\/wp\/v2\/media?parent=271"}],"wp:term":[{"taxonomy":"product_brand","embeddable":true,"href":"https:\/\/joyeriagordillo.com\/en\/wp-json\/wp\/v2\/product_brand?post=271"},{"taxonomy":"product_cat","embeddable":true,"href":"https:\/\/joyeriagordillo.com\/en\/wp-json\/wp\/v2\/product_cat?post=271"},{"taxonomy":"product_tag","embeddable":true,"href":"https:\/\/joyeriagordillo.com\/en\/wp-json\/wp\/v2\/product_tag?post=271"}],"curies":[{"name":"wp","href":"https:\/\/api.w.org\/{rel}","templated":true}]}}