{"id":272,"date":"2025-02-04T19:18:10","date_gmt":"2025-02-04T19:18:10","guid":{"rendered":"https:\/\/joyeriagordillo.com\/?post_type=product&#038;p=272"},"modified":"2025-06-20T12:07:13","modified_gmt":"2025-06-20T11:07:13","slug":"anillo-de-compromiso-solitario-oro-blanco-y-diamante-berta","status":"publish","type":"product","link":"https:\/\/joyeriagordillo.com\/en\/producto\/anillo-de-compromiso-solitario-oro-blanco-y-diamante-berta\/","title":{"rendered":"Berta solitaire engagement ring in white gold and diamond."},"content":{"rendered":"<p>Anillo Solitario Oro Blanco y Diamante Berta. Ref 111-018855.<br \/>The<strong> Anillo Solitario <\/strong>from<strong> white gold <\/strong>y diamante talla baguette de 0,22 ct Berta se caracteriza por ser una joya novedosa y actual, ideal para un compromiso.<br \/>El bello diamante se encuentra engastado en cuatro garras sobre un cuerpo de ca\u00f1a fina. Joya con un dise\u00f1o contempor\u00e1neo para una mujer moderna.<\/p>","protected":false},"excerpt":{"rendered":"<p>El Anillo solitario de oro blanco y <strong>diamond<\/strong> Berta se caracteriza por la talla baguette, lo que le aporta novedad al dise\u00f1o.<\/p>","protected":false},"featured_media":310,"template":"","meta":{"_acf_changed":false},"product_brand":[],"product_cat":[32],"product_tag":[1239],"class_list":{"0":"post-272","1":"product","2":"type-product","3":"status-publish","4":"has-post-thumbnail","6":"product_cat-joyas","7":"product_tag-oro-blanco-con-diamante","9":"first","10":"instock","11":"taxable","12":"shipping-taxable","13":"purchasable","14":"product-type-simple"},"acf":[],"df_price":1155,"df_sale_price":"","df_regular_price":1155,"df_image_link":"https:\/\/joyeriagordillo.com\/wp-content\/uploads\/2025\/02\/products-111-018855-298x300.jpg","_links":{"self":[{"href":"https:\/\/joyeriagordillo.com\/en\/wp-json\/wp\/v2\/product\/272","targetHints":{"allow":["GET"]}}],"collection":[{"href":"https:\/\/joyeriagordillo.com\/en\/wp-json\/wp\/v2\/product"}],"about":[{"href":"https:\/\/joyeriagordillo.com\/en\/wp-json\/wp\/v2\/types\/product"}],"version-history":[{"count":0,"href":"https:\/\/joyeriagordillo.com\/en\/wp-json\/wp\/v2\/product\/272\/revisions"}],"wp:featuredmedia":[{"embeddable":true,"href":"https:\/\/joyeriagordillo.com\/en\/wp-json\/wp\/v2\/media\/310"}],"wp:attachment":[{"href":"https:\/\/joyeriagordillo.com\/en\/wp-json\/wp\/v2\/media?parent=272"}],"wp:term":[{"taxonomy":"product_brand","embeddable":true,"href":"https:\/\/joyeriagordillo.com\/en\/wp-json\/wp\/v2\/product_brand?post=272"},{"taxonomy":"product_cat","embeddable":true,"href":"https:\/\/joyeriagordillo.com\/en\/wp-json\/wp\/v2\/product_cat?post=272"},{"taxonomy":"product_tag","embeddable":true,"href":"https:\/\/joyeriagordillo.com\/en\/wp-json\/wp\/v2\/product_tag?post=272"}],"curies":[{"name":"wp","href":"https:\/\/api.w.org\/{rel}","templated":true}]}}