{"id":339,"date":"2025-02-04T19:18:42","date_gmt":"2025-02-04T19:18:42","guid":{"rendered":"https:\/\/joyeriagordillo.com\/?post_type=product&#038;p=339"},"modified":"2025-06-20T12:07:15","modified_gmt":"2025-06-20T11:07:15","slug":"pendientes-oro-blanco-y-diamantes","status":"publish","type":"product","link":"https:\/\/joyeriagordillo.com\/en\/producto\/pendientes-oro-blanco-y-diamantes\/","title":{"rendered":"White Gold and Diamond Earrings"},"content":{"rendered":"<p>Pendientes Oro Blanco y Diamantes Brillantes 0,62 k.<br \/>Estos pendientes de oro blanco y diamantes con forma de tr\u00e9bol de cuatro hojas de l\u00edneas sencillas son ideales para un look elegante y funcional que podr\u00e1s lucirlos a diario por su comodidad y su tama\u00f1o perfecto.<\/p>","protected":false},"excerpt":{"rendered":"<p>Nuestros pendientes de oro blanco y brillantes trifoglio con forma de tr\u00e9bol de cuatro hojas, y l\u00edneas sencillas son perfecto para un look elegante y funcional.<\/p>","protected":false},"featured_media":381,"template":"","meta":{"_acf_changed":false},"product_brand":[],"product_cat":[32,56,210],"product_tag":[1239],"class_list":{"0":"post-339","1":"product","2":"type-product","3":"status-publish","4":"has-post-thumbnail","6":"product_cat-joyas","7":"product_cat-pendientes-de-oro","8":"product_cat-pendientes-de-oro-blanco","9":"product_tag-oro-blanco-con-diamante","11":"first","12":"instock","13":"taxable","14":"shipping-taxable","15":"purchasable","16":"product-type-simple"},"acf":[],"df_price":1513,"df_sale_price":"","df_regular_price":1513,"df_image_link":"https:\/\/joyeriagordillo.com\/wp-content\/uploads\/2025\/02\/products-2202_gordillo-300x277.jpg","_links":{"self":[{"href":"https:\/\/joyeriagordillo.com\/en\/wp-json\/wp\/v2\/product\/339","targetHints":{"allow":["GET"]}}],"collection":[{"href":"https:\/\/joyeriagordillo.com\/en\/wp-json\/wp\/v2\/product"}],"about":[{"href":"https:\/\/joyeriagordillo.com\/en\/wp-json\/wp\/v2\/types\/product"}],"version-history":[{"count":0,"href":"https:\/\/joyeriagordillo.com\/en\/wp-json\/wp\/v2\/product\/339\/revisions"}],"wp:featuredmedia":[{"embeddable":true,"href":"https:\/\/joyeriagordillo.com\/en\/wp-json\/wp\/v2\/media\/381"}],"wp:attachment":[{"href":"https:\/\/joyeriagordillo.com\/en\/wp-json\/wp\/v2\/media?parent=339"}],"wp:term":[{"taxonomy":"product_brand","embeddable":true,"href":"https:\/\/joyeriagordillo.com\/en\/wp-json\/wp\/v2\/product_brand?post=339"},{"taxonomy":"product_cat","embeddable":true,"href":"https:\/\/joyeriagordillo.com\/en\/wp-json\/wp\/v2\/product_cat?post=339"},{"taxonomy":"product_tag","embeddable":true,"href":"https:\/\/joyeriagordillo.com\/en\/wp-json\/wp\/v2\/product_tag?post=339"}],"curies":[{"name":"wp","href":"https:\/\/api.w.org\/{rel}","templated":true}]}}