{"id":341,"date":"2025-02-04T19:18:42","date_gmt":"2025-02-04T19:18:42","guid":{"rendered":"https:\/\/joyeriagordillo.com\/?post_type=product&#038;p=341"},"modified":"2025-06-20T12:07:15","modified_gmt":"2025-06-20T11:07:15","slug":"pulsera-oro-blanco-y-diamantes-161kt","status":"publish","type":"product","link":"https:\/\/joyeriagordillo.com\/en\/producto\/pulsera-oro-blanco-y-diamantes-161kt\/","title":{"rendered":"Bracelet White Gold and Diamonds 1,61kt"},"content":{"rendered":"<p>Pulsera Oro Blanco y Diamantes Brillantes 1,61 k.<br \/>La pulsera calabrote est\u00e1 realizada en oro blanco y su eslab\u00f3n central es un calabrote cuajado de brillantes, con un peso total de 1,61 ct. Terminada en nylon negro para darle un car\u00e1cter m\u00e1s n\u00e1utico y juvenil. Esta pulsera es una joya desenfadada para las amantes de la joyer\u00eda m\u00e1s juvenil.<\/p>","protected":false},"excerpt":{"rendered":"<p>La pulsera de oro blanco y brillantes calabrote est\u00e1 inspirada en la tradiciones marineras de nuestra tierra.<\/p>","protected":false},"featured_media":385,"template":"","meta":{"_acf_changed":false},"product_brand":[],"product_cat":[32,97,703],"product_tag":[1239],"class_list":{"0":"post-341","1":"product","2":"type-product","3":"status-publish","4":"has-post-thumbnail","6":"product_cat-joyas","7":"product_cat-pulseras-de-oro","8":"product_cat-pulseras-oro-blanco","9":"product_tag-oro-blanco-con-diamante","11":"first","12":"instock","13":"taxable","14":"shipping-taxable","15":"purchasable","16":"product-type-simple"},"acf":[],"df_price":3645,"df_sale_price":"","df_regular_price":3645,"df_image_link":"https:\/\/joyeriagordillo.com\/wp-content\/uploads\/2025\/02\/products-2212_gordillo-300x254.jpg","_links":{"self":[{"href":"https:\/\/joyeriagordillo.com\/en\/wp-json\/wp\/v2\/product\/341","targetHints":{"allow":["GET"]}}],"collection":[{"href":"https:\/\/joyeriagordillo.com\/en\/wp-json\/wp\/v2\/product"}],"about":[{"href":"https:\/\/joyeriagordillo.com\/en\/wp-json\/wp\/v2\/types\/product"}],"version-history":[{"count":0,"href":"https:\/\/joyeriagordillo.com\/en\/wp-json\/wp\/v2\/product\/341\/revisions"}],"wp:featuredmedia":[{"embeddable":true,"href":"https:\/\/joyeriagordillo.com\/en\/wp-json\/wp\/v2\/media\/385"}],"wp:attachment":[{"href":"https:\/\/joyeriagordillo.com\/en\/wp-json\/wp\/v2\/media?parent=341"}],"wp:term":[{"taxonomy":"product_brand","embeddable":true,"href":"https:\/\/joyeriagordillo.com\/en\/wp-json\/wp\/v2\/product_brand?post=341"},{"taxonomy":"product_cat","embeddable":true,"href":"https:\/\/joyeriagordillo.com\/en\/wp-json\/wp\/v2\/product_cat?post=341"},{"taxonomy":"product_tag","embeddable":true,"href":"https:\/\/joyeriagordillo.com\/en\/wp-json\/wp\/v2\/product_tag?post=341"}],"curies":[{"name":"wp","href":"https:\/\/api.w.org\/{rel}","templated":true}]}}