{"id":3915,"date":"2025-02-04T20:13:30","date_gmt":"2025-02-04T20:13:30","guid":{"rendered":"https:\/\/joyeriagordillo.com\/?post_type=product&#038;p=3915"},"modified":"2026-04-01T12:12:58","modified_gmt":"2026-04-01T11:12:58","slug":"tudor-pelagos-39mm-titanium","status":"publish","type":"product","link":"https:\/\/joyeriagordillo.com\/en\/producto\/tudor-pelagos-39mm-titanio\/","title":{"rendered":"Tudor Pelagos 39MM Titanium"},"content":{"rendered":"<p>TUDOR PELAGOS TITANIO 39MM M25407N-0001<br \/>\nEl modelo TUDOR Pelagos 39mm M25407N-0001 se une a la familia de relojes de buceo t\u00e9cnicos de TUDOR, con un dise\u00f1o vers\u00e1til y complementario, es un reloj de buceo mec\u00e1nico tradicional, compacto y vers\u00e1til, con un toque de elegancia creado por el brillo de los acabados satinados en su esfera y la inserci\u00f3n del bisel.<\/p>\n<p>El equilibrio est\u00e9tico del modelo TUDOR Pelagos 39 se consigue mediante una caja totalmente satinada, en l\u00ednea con esta familia de productos TUDOR.<\/p>\n<p>Esto contrasta ingeniosamente con el resplandor de su inserto en el bisel, fabricado en cer\u00e1mica negra con un acabado satinado realzado con rayos de sol, que presenta una escala graduada en material luminoso blanco.<\/p>\n<p>El di\u00e1metro del bisel sobrepasa ligeramente el de la caja central para lograr el m\u00e1ximo agarre.d coinciden con el tono del logotipo y las inscripciones del escudo de TUDOR.<\/p>\n<p>Tambi\u00e9n es caracter\u00edstica de la est\u00e9tica Ranger la aguja horaria en forma de flecha.<\/p>\n<p>Para hacerse eco de su herencia funcional, la caja de 39 mil\u00edmetros y el brazalete est\u00e1n satinados, creando un acabado general mate, en el m\u00e1s puro esp\u00edritu de un \u00abreloj herramienta\u00bb.<\/p>\n<p>Los \u00edndices aplicados en la esfera son de un compuesto cer\u00e1mico luminiscente monobloque, una caracter\u00edstica que mejora la est\u00e9tica t\u00e9cnica, al tiempo que aumenta considerablemente la superficie luminosa de los \u00edndices.<\/p>\n<p>La esfera se compone de dos elementos principales, un disco plano con acabado satinado en forma de rayos de sol, cuyo sutil brillo contrasta con el acabado mate del reborde c\u00f3nico de 45\u00b0. Por \u00faltimo, pero no menos importante, el nombre Pelagos destaca en rojo cereza brillante a las 6 horas, interrumpiendo la paleta de colores bicolor del modelo.<\/p>\n<p>El nuevo modelo TUDOR Pelagos M25407N-0001 de 39 mm se suministra con un brazalete de titanio totalmente satinado que est\u00e1 equipado con el cierre \u00abT-fit\u00bb de TUDOR para un r\u00e1pido ajuste de la longitud. F\u00e1cil de usar, sin necesidad de herramientas y con cinco posiciones, este sistema permite al usuario realizar un ajuste fino e instant\u00e1neo de la longitud total del brazalete a lo largo de una ventana de ajuste de 8 mil\u00edmetros.<\/p>\n<p>El cierre tambi\u00e9n dispone de una funci\u00f3n de extensi\u00f3n del brazalete de 25 mil\u00edmetros para poder llevar el reloj sobre un traje de buceo.<\/p>\n<p>El TUDOR Pelagos 39 mm M25407N-0001 viene con una segunda correa de caucho negro, con hebilla de pasador de titanio, que se une a la caja con eslabones finales de titanio.<\/p>\n<p>Tambi\u00e9n se incluye una pieza de extensi\u00f3n de caucho que permite alargar a\u00fan m\u00e1s la correa, hasta 110 mil\u00edmetros.<\/p>\n<p>Gracias a este volante y a la espiral de silicio no magn\u00e9tica, el Calibre de Manufactura MT5400 ha sido certificado como cron\u00f3metro por el Instituto Oficial Suizo de Ensayos de Cron\u00f3metros (COSC), y sus prestaciones van m\u00e1s all\u00e1 de las normas establecidas por este instituto independiente. De hecho, mientras que el COSC permite una variaci\u00f3n media en el funcionamiento diario de un reloj de entre -4 y +6 segundos con respecto al tiempo absoluto en un solo movimiento, TUDOR insiste en una variaci\u00f3n de entre -2 y +4 segundos en su funcionamiento cuando est\u00e1 completamente montado.<\/p>\n<p>Otra caracter\u00edstica notable es que la reserva de marcha del Calibre de Manufactura MT5400 es \u00aba prueba de fin de semana\u00bb, unas 70 horas, lo que permite al usuario quitarse el reloj un viernes por la noche y pon\u00e9rselo de nuevo el lunes por la ma\u00f1ana sin tener que darle cuerda.<\/p>\n<p>Caja de titanio de grado 2 de 39 mm con acabado satinado<\/p>\n<p>Corona atornillada de titanio de grado 2, adornada con el escudo TUDOR en relieve y bisel giratorio unidireccional de titanio de grado 2 con inserci\u00f3n de cer\u00e1mica satinada y material luminoso<\/p>\n<p>Acabado satinado sunray negro con reborde arenado e indicadores horarios monobloque de cer\u00e1mica compuesta luminiscente<\/p>\n<p>Sapphire crystal<\/p>\n<p>Brazalete de titanio con cierre desplegable TUDOR \u00abT-fit\u00bb, cierre de seguridad y extensi\u00f3n para buceadores, correa de caucho negra de cortes\u00eda con hebilla de pasador y extensi\u00f3n para buceadores, incluida en la caja<\/p>\n<p>Movimiento &#8211; Calibre de fabricaci\u00f3n MT5400 (COSC) Movimiento mec\u00e1nico de cuerda autom\u00e1tica con sistema de rotor bidireccional<\/p>\n<p>Reserva de marcha de aproximadamente 70 horas<\/p>\n<p>Sumergible hasta 200 m (660 pies)<\/p>\n<p>Garant\u00eda transferible de cinco a\u00f1os sin necesidad de registro ni de revisiones peri\u00f3dicas de mantenimiento<\/p>\n<div data-content-type=\"row\" data-appearance=\"contained\" data-element=\"main\">\n<div data-enable-parallax=\"0\" data-parallax-speed=\"0.5\" data-background-images=\"{}\" data-background-type=\"image\" data-video-loop=\"true\" data-video-play-only-visible=\"true\" data-video-lazy-load=\"true\" data-video-fallback-src=\"\" data-element=\"inner\" data-pb-style=\"FRXQCEN\">\n<div data-content-type=\"text\" data-appearance=\"default\" data-element=\"main\">\n<p>Watches that are an exceptional tool and a symbol of aquatic adventure. Among the most complete models of traditional mechanical diving watches is the Pelagos line. The new Pelagos 39 model is a versatile watch that combines the world of technical diving with urban sophistication.<\/p>\n<\/div>\n<\/div>\n<\/div>","protected":false},"excerpt":{"rendered":"<p>Tudor Pelagos 39 watch in titanium.<\/p>","protected":false},"featured_media":78960,"template":"","meta":{"_acf_changed":false},"product_brand":[1450,999],"product_cat":[582,47,484],"product_tag":[],"class_list":{"0":"post-3915","1":"product","2":"type-product","3":"status-publish","4":"has-post-thumbnail","6":"product_brand-pelagos","7":"product_brand-tudor","8":"product_cat-pelagos","9":"product_cat-relojes","10":"product_cat-tudor","12":"first","13":"instock","14":"taxable","15":"shipping-taxable","16":"purchasable","17":"product-type-simple"},"acf":[],"df_price":5200,"df_sale_price":"","df_regular_price":5200,"df_image_link":"https:\/\/joyeriagordillo.com\/wp-content\/uploads\/2025\/02\/m25407n-0001_upright-tr-zoom_zoom-300x300.png","_links":{"self":[{"href":"https:\/\/joyeriagordillo.com\/en\/wp-json\/wp\/v2\/product\/3915","targetHints":{"allow":["GET"]}}],"collection":[{"href":"https:\/\/joyeriagordillo.com\/en\/wp-json\/wp\/v2\/product"}],"about":[{"href":"https:\/\/joyeriagordillo.com\/en\/wp-json\/wp\/v2\/types\/product"}],"version-history":[{"count":1,"href":"https:\/\/joyeriagordillo.com\/en\/wp-json\/wp\/v2\/product\/3915\/revisions"}],"predecessor-version":[{"id":85355,"href":"https:\/\/joyeriagordillo.com\/en\/wp-json\/wp\/v2\/product\/3915\/revisions\/85355"}],"wp:featuredmedia":[{"embeddable":true,"href":"https:\/\/joyeriagordillo.com\/en\/wp-json\/wp\/v2\/media\/78960"}],"wp:attachment":[{"href":"https:\/\/joyeriagordillo.com\/en\/wp-json\/wp\/v2\/media?parent=3915"}],"wp:term":[{"taxonomy":"product_brand","embeddable":true,"href":"https:\/\/joyeriagordillo.com\/en\/wp-json\/wp\/v2\/product_brand?post=3915"},{"taxonomy":"product_cat","embeddable":true,"href":"https:\/\/joyeriagordillo.com\/en\/wp-json\/wp\/v2\/product_cat?post=3915"},{"taxonomy":"product_tag","embeddable":true,"href":"https:\/\/joyeriagordillo.com\/en\/wp-json\/wp\/v2\/product_tag?post=3915"}],"curies":[{"name":"wp","href":"https:\/\/api.w.org\/{rel}","templated":true}]}}