{"id":4123,"date":"2025-02-04T20:15:35","date_gmt":"2025-02-04T20:15:35","guid":{"rendered":"https:\/\/joyeriagordillo.com\/?post_type=product&#038;p=4123"},"modified":"2026-04-29T20:05:01","modified_gmt":"2026-04-29T19:05:01","slug":"pulsera-empire-state-oro-rosa-y-diamantes-grande","status":"publish","type":"product","link":"https:\/\/joyeriagordillo.com\/en\/producto\/pulsera-empire-state-oro-rosa-y-diamantes-grande\/","title":{"rendered":"Bracelet Empire State Rose gold and diamonds (Large)"},"content":{"rendered":"<p>#html-body [data-pb-style=C2VPXW6]{justify-content:flex-start;display:flex;flex-direction:column;background-position:left top;background-size:cover;background-repeat:no-repeat;background-attachment:scroll}<\/p>\n<div data-content-type=\"row\" data-appearance=\"contained\" data-element=\"main\">\n<div data-enable-parallax=\"0\" data-parallax-speed=\"0.5\" data-background-images=\"{}\" data-background-type=\"image\" data-video-loop=\"true\" data-video-play-only-visible=\"true\" data-video-lazy-load=\"true\" data-video-fallback-src=\"\" data-element=\"inner\" data-pb-style=\"C2VPXW6\">\n<div data-content-type=\"text\" data-appearance=\"default\" data-element=\"main\">\n<p>Una de las piezas m\u00e1s especiales de la colecci\u00f3n por su volumetr\u00eda y presencia. Inspirada en el edificio Empire Square, uno de los edificios m\u00e1s altos de todo Nueva York. Caracterizado por su estilo Art Dec\u00f3 y sus lineas rectas que alcanzan el cielo.&nbsp;<\/p>\n<p>Esta joya desprende brillo y elegancia.<\/p>\n<\/div>\n<\/div>\n<\/div>\n","protected":false},"excerpt":{"rendered":"<p>Pulsera grande de la colecci\u00f3n Skyline realizada en Oro rosa de 18kt y diamantes de 3.32ct engastados.<\/p>\n<p>Tama\u00f1o grande<\/p>","protected":false},"featured_media":4195,"template":"","meta":{"_acf_changed":false},"product_brand":[],"product_cat":[111,32,97,590],"product_tag":[1238],"class_list":{"0":"post-4123","1":"product","2":"type-product","3":"status-publish","4":"has-post-thumbnail","6":"product_cat-colecciones-propias","7":"product_cat-joyas","8":"product_cat-pulseras-de-oro","9":"product_cat-skyline","10":"product_tag-oro-rosa-con-diamante","12":"first","13":"instock","14":"taxable","15":"shipping-taxable","16":"purchasable","17":"product-type-simple"},"acf":[],"df_price":25595,"df_sale_price":"","df_regular_price":25595,"df_image_link":"https:\/\/joyeriagordillo.com\/wp-content\/uploads\/2025\/02\/products-pulsera_1-plantilla-gordillo-300x300.jpg","_links":{"self":[{"href":"https:\/\/joyeriagordillo.com\/en\/wp-json\/wp\/v2\/product\/4123","targetHints":{"allow":["GET"]}}],"collection":[{"href":"https:\/\/joyeriagordillo.com\/en\/wp-json\/wp\/v2\/product"}],"about":[{"href":"https:\/\/joyeriagordillo.com\/en\/wp-json\/wp\/v2\/types\/product"}],"version-history":[{"count":1,"href":"https:\/\/joyeriagordillo.com\/en\/wp-json\/wp\/v2\/product\/4123\/revisions"}],"predecessor-version":[{"id":87262,"href":"https:\/\/joyeriagordillo.com\/en\/wp-json\/wp\/v2\/product\/4123\/revisions\/87262"}],"wp:featuredmedia":[{"embeddable":true,"href":"https:\/\/joyeriagordillo.com\/en\/wp-json\/wp\/v2\/media\/4195"}],"wp:attachment":[{"href":"https:\/\/joyeriagordillo.com\/en\/wp-json\/wp\/v2\/media?parent=4123"}],"wp:term":[{"taxonomy":"product_brand","embeddable":true,"href":"https:\/\/joyeriagordillo.com\/en\/wp-json\/wp\/v2\/product_brand?post=4123"},{"taxonomy":"product_cat","embeddable":true,"href":"https:\/\/joyeriagordillo.com\/en\/wp-json\/wp\/v2\/product_cat?post=4123"},{"taxonomy":"product_tag","embeddable":true,"href":"https:\/\/joyeriagordillo.com\/en\/wp-json\/wp\/v2\/product_tag?post=4123"}],"curies":[{"name":"wp","href":"https:\/\/api.w.org\/{rel}","templated":true}]}}