{"id":4180,"date":"2025-02-04T20:16:00","date_gmt":"2025-02-04T20:16:00","guid":{"rendered":"https:\/\/joyeriagordillo.com\/?post_type=product&#038;p=4180"},"modified":"2025-06-20T12:07:38","modified_gmt":"2025-06-20T11:07:38","slug":"fani-bridal-earrings-white-gold-and-diamonds","status":"publish","type":"product","link":"https:\/\/joyeriagordillo.com\/en\/producto\/pendientes-de-novia-fani-oro-blanco-y-diamantes\/","title":{"rendered":"Fani bridal earrings in white gold and diamonds"},"content":{"rendered":"<p>#html-body [data-pb-style=OLL6NRM]{justify-content:flex-start;display:flex;flex-direction:column;background-position:left top;background-size:cover;background-repeat:no-repeat;background-attachment:scroll}<\/p>\n<div data-content-type=\"row\" data-appearance=\"contained\" data-element=\"main\">\n<div data-enable-parallax=\"0\" data-parallax-speed=\"0.5\" data-background-images=\"{}\" data-background-type=\"image\" data-video-loop=\"true\" data-video-play-only-visible=\"true\" data-video-lazy-load=\"true\" data-video-fallback-src=\"\" data-element=\"inner\" data-pb-style=\"OLL6NRM\">\n<div data-content-type=\"text\" data-appearance=\"default\" data-element=\"main\">\n<p>Los pendientes cl\u00e1sicos que cualquier novia quiere llevar en su d\u00eda m\u00e1s especial. La joya que completa tu fondo de joyero.<\/p>\n<\/div>\n<\/div>\n<\/div>\n","protected":false},"excerpt":{"rendered":"<p>Earrings made in 18kt white gold with 0.79ct diamonds.<\/p>","protected":false},"featured_media":4225,"template":"","meta":{"_acf_changed":false},"product_brand":[],"product_cat":[32,42,706,68,56,210],"product_tag":[1239],"class_list":{"0":"post-4180","1":"product","2":"type-product","3":"status-publish","4":"has-post-thumbnail","6":"product_cat-joyas","7":"product_cat-joyas-de-boda","8":"product_cat-pendientes-con-diamantes","9":"product_cat-pendientes-de-novia","10":"product_cat-pendientes-de-oro","11":"product_cat-pendientes-de-oro-blanco","12":"product_tag-oro-blanco-con-diamante","14":"first","15":"instock","16":"taxable","17":"shipping-taxable","18":"purchasable","19":"product-type-simple"},"acf":[],"df_price":4362,"df_sale_price":"","df_regular_price":4362,"df_image_link":"https:\/\/joyeriagordillo.com\/wp-content\/uploads\/2025\/02\/products-121-022405-300x300.jpg","_links":{"self":[{"href":"https:\/\/joyeriagordillo.com\/en\/wp-json\/wp\/v2\/product\/4180","targetHints":{"allow":["GET"]}}],"collection":[{"href":"https:\/\/joyeriagordillo.com\/en\/wp-json\/wp\/v2\/product"}],"about":[{"href":"https:\/\/joyeriagordillo.com\/en\/wp-json\/wp\/v2\/types\/product"}],"version-history":[{"count":0,"href":"https:\/\/joyeriagordillo.com\/en\/wp-json\/wp\/v2\/product\/4180\/revisions"}],"wp:featuredmedia":[{"embeddable":true,"href":"https:\/\/joyeriagordillo.com\/en\/wp-json\/wp\/v2\/media\/4225"}],"wp:attachment":[{"href":"https:\/\/joyeriagordillo.com\/en\/wp-json\/wp\/v2\/media?parent=4180"}],"wp:term":[{"taxonomy":"product_brand","embeddable":true,"href":"https:\/\/joyeriagordillo.com\/en\/wp-json\/wp\/v2\/product_brand?post=4180"},{"taxonomy":"product_cat","embeddable":true,"href":"https:\/\/joyeriagordillo.com\/en\/wp-json\/wp\/v2\/product_cat?post=4180"},{"taxonomy":"product_tag","embeddable":true,"href":"https:\/\/joyeriagordillo.com\/en\/wp-json\/wp\/v2\/product_tag?post=4180"}],"curies":[{"name":"wp","href":"https:\/\/api.w.org\/{rel}","templated":true}]}}