{"id":480,"date":"2025-02-04T19:19:31","date_gmt":"2025-02-04T19:19:31","guid":{"rendered":"https:\/\/joyeriagordillo.com\/?post_type=product&#038;p=480"},"modified":"2025-06-20T12:08:46","modified_gmt":"2025-06-20T11:08:46","slug":"pendientes-oro-rosa-coral-brillantes-y-granate","status":"publish","type":"product","link":"https:\/\/joyeriagordillo.com\/en\/producto\/pendientes-oro-rosa-coral-brillantes-y-granate\/","title":{"rendered":"Rose gold, coral, rhinestones and garnet earrings"},"content":{"rendered":"<p>Nuestros Pendientes de coral , brillantes y granates Capri cuentan con un dise\u00f1o original y audaz gracias a la combinaci\u00f3n de gemas y por su vibrante colorido. Ideal para lucir las noches m\u00e1s veraniegas y calurosas.<\/p>","protected":false},"excerpt":{"rendered":"<p>Pendientes coral y diamante Capri est\u00e1n pensados para que expreses toda tu feminidad.<\/p>","protected":false},"featured_media":518,"template":"","meta":{"_acf_changed":false},"product_brand":[],"product_cat":[32,56,707],"product_tag":[1220,1202],"class_list":{"0":"post-480","1":"product","2":"type-product","3":"status-publish","4":"has-post-thumbnail","6":"product_cat-joyas","7":"product_cat-pendientes-de-oro","8":"product_cat-pendientes-de-oro-rosa","9":"product_tag-oro-rosa-con-coral","10":"product_tag-oro-rosa-con-granate","12":"first","13":"instock","14":"taxable","15":"shipping-taxable","16":"purchasable","17":"product-type-simple"},"acf":[],"df_price":1488,"df_sale_price":"","df_regular_price":1488,"df_image_link":"https:\/\/joyeriagordillo.com\/wp-content\/uploads\/2025\/02\/products-08_gor_4_17_mmzty6-300x240.jpg","_links":{"self":[{"href":"https:\/\/joyeriagordillo.com\/en\/wp-json\/wp\/v2\/product\/480","targetHints":{"allow":["GET"]}}],"collection":[{"href":"https:\/\/joyeriagordillo.com\/en\/wp-json\/wp\/v2\/product"}],"about":[{"href":"https:\/\/joyeriagordillo.com\/en\/wp-json\/wp\/v2\/types\/product"}],"version-history":[{"count":0,"href":"https:\/\/joyeriagordillo.com\/en\/wp-json\/wp\/v2\/product\/480\/revisions"}],"wp:featuredmedia":[{"embeddable":true,"href":"https:\/\/joyeriagordillo.com\/en\/wp-json\/wp\/v2\/media\/518"}],"wp:attachment":[{"href":"https:\/\/joyeriagordillo.com\/en\/wp-json\/wp\/v2\/media?parent=480"}],"wp:term":[{"taxonomy":"product_brand","embeddable":true,"href":"https:\/\/joyeriagordillo.com\/en\/wp-json\/wp\/v2\/product_brand?post=480"},{"taxonomy":"product_cat","embeddable":true,"href":"https:\/\/joyeriagordillo.com\/en\/wp-json\/wp\/v2\/product_cat?post=480"},{"taxonomy":"product_tag","embeddable":true,"href":"https:\/\/joyeriagordillo.com\/en\/wp-json\/wp\/v2\/product_tag?post=480"}],"curies":[{"name":"wp","href":"https:\/\/api.w.org\/{rel}","templated":true}]}}