{"id":486,"date":"2025-02-04T19:19:32","date_gmt":"2025-02-04T19:19:32","guid":{"rendered":"https:\/\/joyeriagordillo.com\/?post_type=product&#038;p=486"},"modified":"2025-12-24T12:46:23","modified_gmt":"2025-12-24T11:46:23","slug":"tissot-t-wave","status":"publish","type":"product","link":"https:\/\/joyeriagordillo.com\/en\/producto\/tissot-t-wave\/","title":{"rendered":"TISSOT T-WAVE"},"content":{"rendered":"<p>Reloj Tissot T-Wave de se\u00f1ora en Acero y brazalete. Una delicada esfera de 30 mm de di\u00e1metro en color plateada o rosa.<br \/>\nFeminidad, fluidez, delicadeza y armon\u00eda. El dise\u00f1o T-Wave se inspira en el movimiento de una cinta que transporta a un universo de glamour y delicadeza.<br \/>\nPertenece a la Colecci\u00f3n T-Lady de Tissot, la cual, est\u00e1 pensada para las Mujeres que siguen de cerca el mundo de la moda y desean un reloj para llevarlo en cualquier ocasi\u00f3n.<br \/>\nPieza que no puede faltar en tu joyero.<\/p>","protected":false},"excerpt":{"rendered":"<p>Tissot T-Wave en Acero y brazalete, esfera plateada.<\/p>","protected":false},"featured_media":548,"template":"","meta":{"_acf_changed":false},"product_brand":[1120],"product_cat":[46,51],"product_tag":[],"class_list":{"0":"post-486","1":"product","2":"type-product","3":"status-publish","4":"has-post-thumbnail","6":"product_brand-omega","7":"product_cat-outlet","8":"product_cat-outlet-de-relojes","10":"first","11":"outofstock","12":"sale","13":"purchasable","14":"product-type-simple"},"acf":[],"df_price":316,"df_sale_price":316,"df_regular_price":395,"df_image_link":"https:\/\/joyeriagordillo.com\/wp-content\/uploads\/2025\/02\/products-T1122101103100-300x300.jpg","_links":{"self":[{"href":"https:\/\/joyeriagordillo.com\/en\/wp-json\/wp\/v2\/product\/486","targetHints":{"allow":["GET"]}}],"collection":[{"href":"https:\/\/joyeriagordillo.com\/en\/wp-json\/wp\/v2\/product"}],"about":[{"href":"https:\/\/joyeriagordillo.com\/en\/wp-json\/wp\/v2\/types\/product"}],"version-history":[{"count":1,"href":"https:\/\/joyeriagordillo.com\/en\/wp-json\/wp\/v2\/product\/486\/revisions"}],"predecessor-version":[{"id":85201,"href":"https:\/\/joyeriagordillo.com\/en\/wp-json\/wp\/v2\/product\/486\/revisions\/85201"}],"wp:featuredmedia":[{"embeddable":true,"href":"https:\/\/joyeriagordillo.com\/en\/wp-json\/wp\/v2\/media\/548"}],"wp:attachment":[{"href":"https:\/\/joyeriagordillo.com\/en\/wp-json\/wp\/v2\/media?parent=486"}],"wp:term":[{"taxonomy":"product_brand","embeddable":true,"href":"https:\/\/joyeriagordillo.com\/en\/wp-json\/wp\/v2\/product_brand?post=486"},{"taxonomy":"product_cat","embeddable":true,"href":"https:\/\/joyeriagordillo.com\/en\/wp-json\/wp\/v2\/product_cat?post=486"},{"taxonomy":"product_tag","embeddable":true,"href":"https:\/\/joyeriagordillo.com\/en\/wp-json\/wp\/v2\/product_tag?post=486"}],"curies":[{"name":"wp","href":"https:\/\/api.w.org\/{rel}","templated":true}]}}