{"id":490,"date":"2025-02-04T19:19:32","date_gmt":"2025-02-04T19:19:32","guid":{"rendered":"https:\/\/joyeriagordillo.com\/?post_type=product&#038;p=490"},"modified":"2025-06-20T09:28:00","modified_gmt":"2025-06-20T08:28:00","slug":"tissot-heritage-1936-automatico-36mm","status":"publish","type":"product","link":"https:\/\/joyeriagordillo.com\/en\/producto\/tissot-heritage-1936-automatico-36mm\/","title":{"rendered":"Tissot Heritage 1936 Automatic 36mm"},"content":{"rendered":"<p>El Reloj Tissot Heritage 1936 Autom\u00e1tico de 36mm, con c\u00f3digo de referencia T1042281601200, es una joya que combina la elegancia del pasado con la tecnolog\u00eda del presente. Este reloj es un homenaje a la rica historia de Tissot, una marca que ha sido sin\u00f3nimo de excelencia relojera desde 1853.<\/p>\n<p>El dise\u00f1o de este reloj se inspira en los modelos de 1936, una \u00e9poca en la que los relojes de pulsera comenzaban a popularizarse. La caja de 36mm, hecha de acero inoxidable, tiene un tama\u00f1o cl\u00e1sico que se adapta a la perfecci\u00f3n a cualquier mu\u00f1eca. El dial blanco, con n\u00fameros ar\u00e1bigos y manecillas azules, evoca la est\u00e9tica de los relojes de \u00e9poca, mientras que el peque\u00f1o segundero a las 6 en punto a\u00f1ade un toque de sofisticaci\u00f3n.<\/p>\n<p>Pero lo que realmente distingue a este reloj es su mecanismo autom\u00e1tico. A diferencia de los relojes de cuarzo, que necesitan una bater\u00eda para funcionar, los relojes autom\u00e1ticos se alimentan del movimiento de la mu\u00f1eca del usuario. Esto significa que, siempre que lo uses regularmente, nunca tendr\u00e1s que preocuparte por cambiar la bater\u00eda.<\/p>\n<p>Adem\u00e1s, este reloj cuenta con una correa de cuero marr\u00f3n, que complementa a la perfecci\u00f3n su dise\u00f1o vintage. La correa es c\u00f3moda y duradera, y su color marr\u00f3n oscuro se oscurecer\u00e1 con el tiempo, a\u00f1adiendo a\u00fan m\u00e1s car\u00e1cter al reloj.<\/p>\n<p>En resumen, el Reloj Tissot Heritage 1936 Autom\u00e1tico de 36mm es una pieza que combina la belleza del dise\u00f1o cl\u00e1sico con la precisi\u00f3n de la tecnolog\u00eda moderna. Ya sea que seas un aficionado a los relojes o simplemente est\u00e9s buscando un accesorio elegante, este reloj es una excelente elecci\u00f3n. Con su rica historia y su excepcional calidad, es m\u00e1s que un simple reloj: es una pieza de la historia de la relojer\u00eda.<\/p>","protected":false},"excerpt":{"rendered":"<p>El Reloj Tissot Heritage 1936 Autom\u00e1tico de 36mm, con c\u00f3digo de referencia T1042281601200, es un homenaje a la tradici\u00f3n relojera. Con su dise\u00f1o vintage y su mecanismo autom\u00e1tico, este reloj combina la nostalgia del pasado con la innovaci\u00f3n del presente.<\/p>","protected":false},"featured_media":556,"template":"","meta":{"_acf_changed":false},"product_brand":[1120],"product_cat":[46,51],"product_tag":[],"class_list":{"0":"post-490","1":"product","2":"type-product","3":"status-publish","4":"has-post-thumbnail","6":"product_brand-omega","7":"product_cat-outlet","8":"product_cat-outlet-de-relojes","10":"first","11":"instock","12":"purchasable","13":"product-type-simple"},"acf":[],"df_price":1125,"df_sale_price":900,"df_regular_price":1125,"df_image_link":"https:\/\/joyeriagordillo.com\/wp-content\/uploads\/2025\/02\/products-T1042281601200-300x300.jpg","_links":{"self":[{"href":"https:\/\/joyeriagordillo.com\/en\/wp-json\/wp\/v2\/product\/490","targetHints":{"allow":["GET"]}}],"collection":[{"href":"https:\/\/joyeriagordillo.com\/en\/wp-json\/wp\/v2\/product"}],"about":[{"href":"https:\/\/joyeriagordillo.com\/en\/wp-json\/wp\/v2\/types\/product"}],"version-history":[{"count":0,"href":"https:\/\/joyeriagordillo.com\/en\/wp-json\/wp\/v2\/product\/490\/revisions"}],"wp:featuredmedia":[{"embeddable":true,"href":"https:\/\/joyeriagordillo.com\/en\/wp-json\/wp\/v2\/media\/556"}],"wp:attachment":[{"href":"https:\/\/joyeriagordillo.com\/en\/wp-json\/wp\/v2\/media?parent=490"}],"wp:term":[{"taxonomy":"product_brand","embeddable":true,"href":"https:\/\/joyeriagordillo.com\/en\/wp-json\/wp\/v2\/product_brand?post=490"},{"taxonomy":"product_cat","embeddable":true,"href":"https:\/\/joyeriagordillo.com\/en\/wp-json\/wp\/v2\/product_cat?post=490"},{"taxonomy":"product_tag","embeddable":true,"href":"https:\/\/joyeriagordillo.com\/en\/wp-json\/wp\/v2\/product_tag?post=490"}],"curies":[{"name":"wp","href":"https:\/\/api.w.org\/{rel}","templated":true}]}}