{"id":584,"date":"2025-02-04T19:20:23","date_gmt":"2025-02-04T19:20:23","guid":{"rendered":"https:\/\/joyeriagordillo.com\/?post_type=product&#038;p=584"},"modified":"2025-06-20T12:07:19","modified_gmt":"2025-06-20T11:07:19","slug":"collar-riviere-de-oro-blanco-con-brillantes","status":"publish","type":"product","link":"https:\/\/joyeriagordillo.com\/en\/producto\/collar-riviere-de-oro-blanco-con-brillantes\/","title":{"rendered":"White gold riviere necklace with rhinestones"},"content":{"rendered":"<p>El collar Riviera de oro blanco de 18kt y diamantes  talla brillante con un peso total de 6,00ct posee un largo de 90cm y  pertenece a la colecci\u00f3n Riviere. Con un brillo incesante y acentuado por el fulgor de la composici\u00f3n continua de nuestros excepcionales diamantes, su nombre hace referencia a la m\u00e1gica e iluminada  Riviera Francesa al caer la noche. <\/p>","protected":false},"excerpt":{"rendered":"<p>El collar Riviera de oro balnco de 18kt y diamantes  talla brillante pertenece a la colecci\u00f3n Riviere.<\/p>","protected":false},"featured_media":657,"template":"","meta":{"_acf_changed":false},"product_brand":[],"product_cat":[32],"product_tag":[1239],"class_list":{"0":"post-584","1":"product","2":"type-product","3":"status-publish","4":"has-post-thumbnail","6":"product_cat-joyas","7":"product_tag-oro-blanco-con-diamante","9":"first","10":"instock","11":"taxable","12":"shipping-taxable","13":"purchasable","14":"product-type-simple"},"acf":[],"df_price":16037,"df_sale_price":"","df_regular_price":16037,"df_image_link":"https:\/\/joyeriagordillo.com\/wp-content\/uploads\/2025\/02\/products-131-019880-300x300.jpg","_links":{"self":[{"href":"https:\/\/joyeriagordillo.com\/en\/wp-json\/wp\/v2\/product\/584","targetHints":{"allow":["GET"]}}],"collection":[{"href":"https:\/\/joyeriagordillo.com\/en\/wp-json\/wp\/v2\/product"}],"about":[{"href":"https:\/\/joyeriagordillo.com\/en\/wp-json\/wp\/v2\/types\/product"}],"version-history":[{"count":0,"href":"https:\/\/joyeriagordillo.com\/en\/wp-json\/wp\/v2\/product\/584\/revisions"}],"wp:featuredmedia":[{"embeddable":true,"href":"https:\/\/joyeriagordillo.com\/en\/wp-json\/wp\/v2\/media\/657"}],"wp:attachment":[{"href":"https:\/\/joyeriagordillo.com\/en\/wp-json\/wp\/v2\/media?parent=584"}],"wp:term":[{"taxonomy":"product_brand","embeddable":true,"href":"https:\/\/joyeriagordillo.com\/en\/wp-json\/wp\/v2\/product_brand?post=584"},{"taxonomy":"product_cat","embeddable":true,"href":"https:\/\/joyeriagordillo.com\/en\/wp-json\/wp\/v2\/product_cat?post=584"},{"taxonomy":"product_tag","embeddable":true,"href":"https:\/\/joyeriagordillo.com\/en\/wp-json\/wp\/v2\/product_tag?post=584"}],"curies":[{"name":"wp","href":"https:\/\/api.w.org\/{rel}","templated":true}]}}