{"id":5900,"date":"2025-02-04T20:36:11","date_gmt":"2025-02-04T20:36:11","guid":{"rendered":"https:\/\/joyeriagordillo.com\/?post_type=product&#038;p=5900"},"modified":"2025-08-14T09:07:03","modified_gmt":"2025-08-14T08:07:03","slug":"tudor-black-bay-green-18k-gold","status":"publish","type":"product","link":"https:\/\/joyeriagordillo.com\/en\/producto\/tudor-black-bay-verde-oro-18k\/","title":{"rendered":"Tudor Black Bay green 18k gold"},"content":{"rendered":"<p>Introducimos el Tudor Black Bay verde oro 18k. Este reloj es una verdadera obra de arte de la relojer\u00eda, que posee una precisi\u00f3n mas all\u00e1 de la imaginaci\u00f3n. Equipado con el calibre de manufactura MT5400 (COSC), la confiabilidad y la precisi\u00f3n de este reloj son incomparables. La caja de oro amarillo de 39 mm le da un toque de elegancia y estilo inigualable que solo se puede encontrar en un reloj de alta calidad. Adem\u00e1s, la correa de cuero de alig\u00e1tor marr\u00f3n complementa el dise\u00f1o general del reloj y lo hace muy c\u00f3modo de llevar.<\/p>\n<p>Este reloj es ideal para aquellos apasionados de la relojer\u00eda y la joyer\u00eda que buscan un producto de calidad excepcional en el que puedan confiar. En nuestro cat\u00e1logo, encontrar\u00e1 marcas como Rolex, Tudor y Omega que han sido seleccionadas cuidadosamente por nuestro equipo para asegurarnos de que ofrecemos solo lo mejor de lo mejor.<\/p>\n<p>Nuestro compromiso con nuestros clientes es inigualable. Nos esforzamos por ofrecer un servicio de atenci\u00f3n al cliente excepcional y garantizar que cada cliente est\u00e9 completamente satisfecho con su compra. Comprar en nuestra tienda significa comprar un producto confiable y duradero respaldado por nuestro compromiso con la calidad y la excelencia.<\/p>\n<p>Por su dise\u00f1o excepcional y materiales de alta calidad, el Tudor Black Bay verde oro 18k es una pieza esencial para cualquier coleccionista de relojes y joyas de alta calidad. Aseg\u00farese de tener su propio Tudor Black Bay\u00a0 verde oro 18k en su colecci\u00f3n hoy mismo.<\/p>","protected":false},"excerpt":{"rendered":"<p>Tudor Black Bay green 18k gold<\/p>\n<p>El Tudor Black Bay verde oro 18 ct es una verdadera obra de arte de la relojer\u00eda con precisi\u00f3n fuera de serie. La caja de oro amarillo de 39 mm y la correa de cuero de alig\u00e1tor marr\u00f3n ofrecen un dise\u00f1o elegante y c\u00f3modo. En nuestra tienda, encontrar\u00e1 marcas de relojer\u00eda y joyer\u00eda de alta calidad seleccionadas cuidadosamente para brindar solo lo mejor de lo mejor. Obtenga su propio Tudor Black Bay para tener una pieza esencial en su colecci\u00f3n de lujo.<\/p>","protected":false},"featured_media":79276,"template":"","meta":{"_acf_changed":false},"product_brand":[1444,999],"product_cat":[498,484],"product_tag":[],"class_list":{"0":"post-5900","1":"product","2":"type-product","3":"status-publish","4":"has-post-thumbnail","6":"product_brand-black-bay","7":"product_brand-tudor","8":"product_cat-black-bay","9":"product_cat-tudor","11":"first","12":"instock","13":"taxable","14":"shipping-taxable","15":"purchasable","16":"product-type-simple"},"acf":[],"df_price":19250,"df_sale_price":"","df_regular_price":19250,"df_image_link":"https:\/\/joyeriagordillo.com\/wp-content\/uploads\/2025\/02\/4-1-300x300.png","_links":{"self":[{"href":"https:\/\/joyeriagordillo.com\/en\/wp-json\/wp\/v2\/product\/5900","targetHints":{"allow":["GET"]}}],"collection":[{"href":"https:\/\/joyeriagordillo.com\/en\/wp-json\/wp\/v2\/product"}],"about":[{"href":"https:\/\/joyeriagordillo.com\/en\/wp-json\/wp\/v2\/types\/product"}],"version-history":[{"count":0,"href":"https:\/\/joyeriagordillo.com\/en\/wp-json\/wp\/v2\/product\/5900\/revisions"}],"wp:featuredmedia":[{"embeddable":true,"href":"https:\/\/joyeriagordillo.com\/en\/wp-json\/wp\/v2\/media\/79276"}],"wp:attachment":[{"href":"https:\/\/joyeriagordillo.com\/en\/wp-json\/wp\/v2\/media?parent=5900"}],"wp:term":[{"taxonomy":"product_brand","embeddable":true,"href":"https:\/\/joyeriagordillo.com\/en\/wp-json\/wp\/v2\/product_brand?post=5900"},{"taxonomy":"product_cat","embeddable":true,"href":"https:\/\/joyeriagordillo.com\/en\/wp-json\/wp\/v2\/product_cat?post=5900"},{"taxonomy":"product_tag","embeddable":true,"href":"https:\/\/joyeriagordillo.com\/en\/wp-json\/wp\/v2\/product_tag?post=5900"}],"curies":[{"name":"wp","href":"https:\/\/api.w.org\/{rel}","templated":true}]}}