{"id":635,"date":"2025-02-04T19:20:47","date_gmt":"2025-02-04T19:20:47","guid":{"rendered":"https:\/\/joyeriagordillo.com\/?post_type=product&#038;p=635"},"modified":"2025-06-20T09:28:07","modified_gmt":"2025-06-20T08:28:07","slug":"pendientes-zaire-de-oro-blanco-y-brillantes","status":"publish","type":"product","link":"https:\/\/joyeriagordillo.com\/en\/producto\/pendientes-zaire-de-oro-blanco-y-brillantes\/","title":{"rendered":"ZAIRE EARRINGS IN WHITE GOLD AND DIAMONDS"},"content":{"rendered":"<p>Los pendientes Zaire de oro blanco de 18kt tienen un dise\u00f1o tipo aro, irregular y moderno engastado de diamantes talla brillante con un total de 1,14 ct. Nos encanta innovar e ir m\u00e1s all\u00e1 dejando plasmado nuestro sello de identidad, el resultado, Car\u00e1cter Gordillo en toda su esencia.<\/p>","protected":false},"excerpt":{"rendered":"<p>Los pendientes Zaire de oro blanco de 18kt tienen un dise\u00f1o tipo aro irregular engastado de diamantes.<\/p>","protected":false},"featured_media":677,"template":"","meta":{"_acf_changed":false},"product_brand":[],"product_cat":[32,56,210],"product_tag":[],"class_list":{"0":"post-635","1":"product","2":"type-product","3":"status-publish","4":"has-post-thumbnail","6":"product_cat-joyas","7":"product_cat-pendientes-de-oro","8":"product_cat-pendientes-de-oro-blanco","10":"first","11":"instock","12":"taxable","13":"shipping-taxable","14":"purchasable","15":"product-type-simple"},"acf":[],"df_price":3555,"df_sale_price":"","df_regular_price":3555,"df_image_link":"https:\/\/joyeriagordillo.com\/wp-content\/uploads\/2025\/02\/products-020127_blanco-300x300.jpg","_links":{"self":[{"href":"https:\/\/joyeriagordillo.com\/en\/wp-json\/wp\/v2\/product\/635","targetHints":{"allow":["GET"]}}],"collection":[{"href":"https:\/\/joyeriagordillo.com\/en\/wp-json\/wp\/v2\/product"}],"about":[{"href":"https:\/\/joyeriagordillo.com\/en\/wp-json\/wp\/v2\/types\/product"}],"version-history":[{"count":0,"href":"https:\/\/joyeriagordillo.com\/en\/wp-json\/wp\/v2\/product\/635\/revisions"}],"wp:featuredmedia":[{"embeddable":true,"href":"https:\/\/joyeriagordillo.com\/en\/wp-json\/wp\/v2\/media\/677"}],"wp:attachment":[{"href":"https:\/\/joyeriagordillo.com\/en\/wp-json\/wp\/v2\/media?parent=635"}],"wp:term":[{"taxonomy":"product_brand","embeddable":true,"href":"https:\/\/joyeriagordillo.com\/en\/wp-json\/wp\/v2\/product_brand?post=635"},{"taxonomy":"product_cat","embeddable":true,"href":"https:\/\/joyeriagordillo.com\/en\/wp-json\/wp\/v2\/product_cat?post=635"},{"taxonomy":"product_tag","embeddable":true,"href":"https:\/\/joyeriagordillo.com\/en\/wp-json\/wp\/v2\/product_tag?post=635"}],"curies":[{"name":"wp","href":"https:\/\/api.w.org\/{rel}","templated":true}]}}