{"id":636,"date":"2025-02-04T19:20:47","date_gmt":"2025-02-04T19:20:47","guid":{"rendered":"https:\/\/joyeriagordillo.com\/?post_type=product&#038;p=636"},"modified":"2025-06-20T09:28:08","modified_gmt":"2025-06-20T08:28:08","slug":"pulsera-clarin-de-oro-rosa-y-brillantes","status":"publish","type":"product","link":"https:\/\/joyeriagordillo.com\/en\/producto\/pulsera-clarin-de-oro-rosa-y-brillantes\/","title":{"rendered":"Clarin bracelet in rose gold and diamonds."},"content":{"rendered":"<p>Pulsera Clarin de oro rosa y brillantes. Ref 141-020115<br \/>\nPulsera de oro rosa y diamantes talla brillante con un total de 0,36 quilates.<br \/>\n<strong>La pulsera Clarin<\/strong>\u00a0de oro rosa de 18kt se adapta delicadamente a la mu\u00f1eca gracias a su flexibilidad y a su estructura semirr\u00edgida, con un chat\u00f3n en la parte superior engastado diamantes de 0,36ct y un cierre de seguridad en su parte posterior, es c\u00f3moda y segura de llevar, se adaptar\u00e1 perfectamente a cualquier look y podr\u00e1s combinarla con cualquier otra pulsera de la colecci\u00f3n Meraki.<\/p>","protected":false},"excerpt":{"rendered":"<p>Repetido<\/p>","protected":false},"featured_media":679,"template":"","meta":{"_acf_changed":false},"product_brand":[],"product_cat":[32,97,714],"product_tag":[],"class_list":{"0":"post-636","1":"product","2":"type-product","3":"status-publish","4":"has-post-thumbnail","6":"product_cat-joyas","7":"product_cat-pulseras-de-oro","8":"product_cat-pulseras-oro-rosa","10":"first","11":"instock","12":"purchasable","13":"product-type-simple"},"acf":[],"df_price":1115,"df_sale_price":"","df_regular_price":1115,"df_image_link":"https:\/\/joyeriagordillo.com\/wp-content\/uploads\/2025\/02\/products-020115_rosa-300x300.jpg","_links":{"self":[{"href":"https:\/\/joyeriagordillo.com\/en\/wp-json\/wp\/v2\/product\/636","targetHints":{"allow":["GET"]}}],"collection":[{"href":"https:\/\/joyeriagordillo.com\/en\/wp-json\/wp\/v2\/product"}],"about":[{"href":"https:\/\/joyeriagordillo.com\/en\/wp-json\/wp\/v2\/types\/product"}],"version-history":[{"count":0,"href":"https:\/\/joyeriagordillo.com\/en\/wp-json\/wp\/v2\/product\/636\/revisions"}],"wp:featuredmedia":[{"embeddable":true,"href":"https:\/\/joyeriagordillo.com\/en\/wp-json\/wp\/v2\/media\/679"}],"wp:attachment":[{"href":"https:\/\/joyeriagordillo.com\/en\/wp-json\/wp\/v2\/media?parent=636"}],"wp:term":[{"taxonomy":"product_brand","embeddable":true,"href":"https:\/\/joyeriagordillo.com\/en\/wp-json\/wp\/v2\/product_brand?post=636"},{"taxonomy":"product_cat","embeddable":true,"href":"https:\/\/joyeriagordillo.com\/en\/wp-json\/wp\/v2\/product_cat?post=636"},{"taxonomy":"product_tag","embeddable":true,"href":"https:\/\/joyeriagordillo.com\/en\/wp-json\/wp\/v2\/product_tag?post=636"}],"curies":[{"name":"wp","href":"https:\/\/api.w.org\/{rel}","templated":true}]}}