{"id":6519,"date":"2025-02-04T20:40:39","date_gmt":"2025-02-04T20:40:39","guid":{"rendered":"https:\/\/joyeriagordillo.com\/?post_type=product&#038;p=6519"},"modified":"2025-06-20T09:34:09","modified_gmt":"2025-06-20T08:34:09","slug":"sortija-lilu-fenicia-cuadrada-de-oro","status":"publish","type":"product","link":"https:\/\/joyeriagordillo.com\/en\/producto\/sortija-lilu-fenicia-cuadrada-de-oro\/","title":{"rendered":"Ring Lilu Fenicia square in gold and diamonds"},"content":{"rendered":"<p>Sum\u00e9rgete en el legado de la antigua Fenicia con nuestra Sortija Lilu Fenicia de oro amarillo de 18 quilates, una joya que rinde homenaje a la riqueza cultural y el arte distintivo de esta civilizaci\u00f3n. Este tesoro exquisito combina la calidez del oro puro con la exuberante luminosidad de tres diamantes cuidadosamente engastados.<\/p>\n<h2 class=\"serp-title\">Ring Lilu Fenicia square in gold and diamonds<\/h2>\n<p>El dise\u00f1o cuadrado, una oda a la simetr\u00eda y el equilibrio, rinde homenaje a la geometr\u00eda meticulosa que caracterizaba la arquitectura fenicia. Cada faceta y \u00e1ngulo de esta sSortija Lilu Fenicia es una obra maestra de artesan\u00eda, capturando la esencia de una era rica en historia y creatividad.<\/p>\n<p>Los tres diamantes, seleccionados por su pureza y brillo inigualable, emiten una luz que hipnotiza y cautiva. Engastados en el oro amarillo de 18 quilates, crean un contraste impresionante, a\u00f1adiendo profundidad y dimensi\u00f3n a esta obra de arte que adornar\u00e1 tu mano con elegancia y gracia.<\/p>\n<p>Esta sortija es un testimonio de la m\u00e1s fina artesan\u00eda, un tributo a la habilidad y la dedicaci\u00f3n de nuestros maestros joyeros. Cada detalle, desde el dise\u00f1o cuadrado hasta el engaste preciso, es una expresi\u00f3n de perfecci\u00f3n en su forma m\u00e1s pura.<\/p>\n<h2>La joya de tu d\u00eda a d\u00eda<\/h2>\n<p>Al portar esta sortija, llevas contigo un pedazo tangible de la rica herencia fenicia, un recordatorio eterno de la belleza perdurable y el legado de una civilizaci\u00f3n antigua. Ya sea que la uses como un s\u00edmbolo de tu estilo o como un tributo a la historia, esta sortija se convertir\u00e1 en el epicentro de admiraci\u00f3n, siempre.<\/p>\n<p>Emb\u00e1rcate en una traves\u00eda de elegancia fenicia redefinida. Descubre una sortija que trasciende el tiempo y las tendencias, convirti\u00e9ndose en un tesoro apreciado por las generaciones futuras.<\/p>","protected":false},"excerpt":{"rendered":"<p>Sortija Lilu Fenicia realizada en oro amarillo de 18 quilates con diamantes engastados. Su forma cuadrada la hace especial y original.<\/p>","protected":false},"featured_media":6550,"template":"","meta":{"_acf_changed":false},"product_brand":[],"product_cat":[45,203,705,111,639,32],"product_tag":[],"class_list":{"0":"post-6519","1":"product","2":"type-product","3":"status-publish","4":"has-post-thumbnail","6":"product_cat-anillos-de-oro","7":"product_cat-anillos-diamantes","8":"product_cat-anillos-oro-amarillo","9":"product_cat-colecciones-propias","10":"product_cat-fenicia","11":"product_cat-joyas","13":"first","14":"instock","15":"taxable","16":"shipping-taxable","17":"purchasable","18":"product-type-variable","19":"has-default-attributes"},"acf":[],"df_price":592,"df_sale_price":"","df_regular_price":592,"df_image_link":"https:\/\/joyeriagordillo.com\/wp-content\/uploads\/2025\/02\/111-023176-Sortija-cuadrada-fenicia_ME_1-300x300.jpg","_links":{"self":[{"href":"https:\/\/joyeriagordillo.com\/en\/wp-json\/wp\/v2\/product\/6519","targetHints":{"allow":["GET"]}}],"collection":[{"href":"https:\/\/joyeriagordillo.com\/en\/wp-json\/wp\/v2\/product"}],"about":[{"href":"https:\/\/joyeriagordillo.com\/en\/wp-json\/wp\/v2\/types\/product"}],"version-history":[{"count":0,"href":"https:\/\/joyeriagordillo.com\/en\/wp-json\/wp\/v2\/product\/6519\/revisions"}],"wp:featuredmedia":[{"embeddable":true,"href":"https:\/\/joyeriagordillo.com\/en\/wp-json\/wp\/v2\/media\/6550"}],"wp:attachment":[{"href":"https:\/\/joyeriagordillo.com\/en\/wp-json\/wp\/v2\/media?parent=6519"}],"wp:term":[{"taxonomy":"product_brand","embeddable":true,"href":"https:\/\/joyeriagordillo.com\/en\/wp-json\/wp\/v2\/product_brand?post=6519"},{"taxonomy":"product_cat","embeddable":true,"href":"https:\/\/joyeriagordillo.com\/en\/wp-json\/wp\/v2\/product_cat?post=6519"},{"taxonomy":"product_tag","embeddable":true,"href":"https:\/\/joyeriagordillo.com\/en\/wp-json\/wp\/v2\/product_tag?post=6519"}],"curies":[{"name":"wp","href":"https:\/\/api.w.org\/{rel}","templated":true}]}}