{"id":655,"date":"2025-02-04T19:20:50","date_gmt":"2025-02-04T19:20:50","guid":{"rendered":"https:\/\/joyeriagordillo.com\/?post_type=product&#038;p=655"},"modified":"2026-04-29T19:09:51","modified_gmt":"2026-04-29T18:09:51","slug":"sortija-move-oro-blanco-de-18kt","status":"publish","type":"product","link":"https:\/\/joyeriagordillo.com\/en\/producto\/sortija-move-oro-blanco-de-18kt\/","title":{"rendered":"Ring Move 18kt white gold"},"content":{"rendered":"<p>El anillo de oro blanco de 18\u00a0kt elaborado a mano y engastado con un diamante talla brillante en movimiento pertenece a la colecci\u00f3n Move, emblema de la Maison Messika. Una joya de diamantes delicada de estilo minimalista que ser\u00e1 la compa\u00f1era ideal de cada d\u00eda. El anillo de diamantes con pav\u00e9 en oro blanco Move se puede llevar solo o mezclado con otro anillo de diamantes de la l\u00ednea Move Uno El brillo del oro blanco refuerza la pureza de los diamantes acentuando as\u00ed su magn\u00edfico esplendor.<\/p>","protected":false},"excerpt":{"rendered":"<p>Anillo de oro blanco y diamante talla brillante en movimiento Move pertenece a la Maisson Messika.<\/p>","protected":false},"featured_media":740,"template":"","meta":{"_acf_changed":false},"product_brand":[1140],"product_cat":[45,203,704,32,185],"product_tag":[],"class_list":{"0":"post-655","1":"product","2":"type-product","3":"status-publish","4":"has-post-thumbnail","6":"product_brand-messika","7":"product_cat-anillos-de-oro","8":"product_cat-anillos-diamantes","9":"product_cat-anillos-oro-blanco","10":"product_cat-joyas","11":"product_cat-messika","13":"first","14":"instock","15":"purchasable","16":"product-type-simple"},"acf":[],"df_price":1260,"df_sale_price":"","df_regular_price":1260,"df_image_link":"https:\/\/joyeriagordillo.com\/wp-content\/uploads\/2025\/02\/products-messika-bague-move-uno-or-blanc-diamant_1-300x300.jpg","_links":{"self":[{"href":"https:\/\/joyeriagordillo.com\/en\/wp-json\/wp\/v2\/product\/655","targetHints":{"allow":["GET"]}}],"collection":[{"href":"https:\/\/joyeriagordillo.com\/en\/wp-json\/wp\/v2\/product"}],"about":[{"href":"https:\/\/joyeriagordillo.com\/en\/wp-json\/wp\/v2\/types\/product"}],"version-history":[{"count":1,"href":"https:\/\/joyeriagordillo.com\/en\/wp-json\/wp\/v2\/product\/655\/revisions"}],"predecessor-version":[{"id":87222,"href":"https:\/\/joyeriagordillo.com\/en\/wp-json\/wp\/v2\/product\/655\/revisions\/87222"}],"wp:featuredmedia":[{"embeddable":true,"href":"https:\/\/joyeriagordillo.com\/en\/wp-json\/wp\/v2\/media\/740"}],"wp:attachment":[{"href":"https:\/\/joyeriagordillo.com\/en\/wp-json\/wp\/v2\/media?parent=655"}],"wp:term":[{"taxonomy":"product_brand","embeddable":true,"href":"https:\/\/joyeriagordillo.com\/en\/wp-json\/wp\/v2\/product_brand?post=655"},{"taxonomy":"product_cat","embeddable":true,"href":"https:\/\/joyeriagordillo.com\/en\/wp-json\/wp\/v2\/product_cat?post=655"},{"taxonomy":"product_tag","embeddable":true,"href":"https:\/\/joyeriagordillo.com\/en\/wp-json\/wp\/v2\/product_tag?post=655"}],"curies":[{"name":"wp","href":"https:\/\/api.w.org\/{rel}","templated":true}]}}