{"id":701,"date":"2025-02-04T19:21:15","date_gmt":"2025-02-04T19:21:15","guid":{"rendered":"https:\/\/joyeriagordillo.com\/?post_type=product&#038;p=701"},"modified":"2026-04-29T19:09:50","modified_gmt":"2026-04-29T18:09:50","slug":"collar-move-messika-oro-blanco-de-18kt","status":"publish","type":"product","link":"https:\/\/joyeriagordillo.com\/en\/producto\/collar-move-messika-oro-blanco-de-18kt\/","title":{"rendered":"Move Messika 18kt white gold necklace"},"content":{"rendered":"<p>El collar BabyMove de oro blanco de 18kt y diamantes pertenece a la emblem\u00e1tica colecci\u00f3n de joyer\u00eda Move de la Maison Messika y se ha dise\u00f1ado para lucirse elegantemente en el nacimiento del cuello. Los tres diamantes m\u00f3viles de 0,08\u00a0ct cada uno, s\u00edmbolo del amor del pasado, el presente y el futuro, lanzan sus destellos al ritmo de los movimientos de la mujer que los luce. Este collar de la colecci\u00f3n Baby Move, que aqu\u00ed se presenta en oro blanco de 18\u00a0quilates, ser\u00e1 la pieza perfecta para sublimar la belleza del cuello gracias a su elegante y discreto color.<\/p>","protected":false},"excerpt":{"rendered":"<p>El collar BabyMove de oro blanco y diamante talla brillante en movimiento Move pertenece a la Maisson Messika.<\/p>","protected":false},"featured_media":746,"template":"","meta":{"_acf_changed":false},"product_brand":[1140],"product_cat":[32,185],"product_tag":[1239],"class_list":{"0":"post-701","1":"product","2":"type-product","3":"status-publish","4":"has-post-thumbnail","6":"product_brand-messika","7":"product_cat-joyas","8":"product_cat-messika","9":"product_tag-oro-blanco-con-diamante","11":"first","12":"instock","13":"purchasable","14":"product-type-simple"},"acf":[],"df_price":2850,"df_sale_price":"","df_regular_price":2850,"df_image_link":"https:\/\/joyeriagordillo.com\/wp-content\/uploads\/2025\/02\/products-messika-collier-baby-move-or-blanc-diamant_1-300x300.jpg","_links":{"self":[{"href":"https:\/\/joyeriagordillo.com\/en\/wp-json\/wp\/v2\/product\/701","targetHints":{"allow":["GET"]}}],"collection":[{"href":"https:\/\/joyeriagordillo.com\/en\/wp-json\/wp\/v2\/product"}],"about":[{"href":"https:\/\/joyeriagordillo.com\/en\/wp-json\/wp\/v2\/types\/product"}],"version-history":[{"count":1,"href":"https:\/\/joyeriagordillo.com\/en\/wp-json\/wp\/v2\/product\/701\/revisions"}],"predecessor-version":[{"id":87253,"href":"https:\/\/joyeriagordillo.com\/en\/wp-json\/wp\/v2\/product\/701\/revisions\/87253"}],"wp:featuredmedia":[{"embeddable":true,"href":"https:\/\/joyeriagordillo.com\/en\/wp-json\/wp\/v2\/media\/746"}],"wp:attachment":[{"href":"https:\/\/joyeriagordillo.com\/en\/wp-json\/wp\/v2\/media?parent=701"}],"wp:term":[{"taxonomy":"product_brand","embeddable":true,"href":"https:\/\/joyeriagordillo.com\/en\/wp-json\/wp\/v2\/product_brand?post=701"},{"taxonomy":"product_cat","embeddable":true,"href":"https:\/\/joyeriagordillo.com\/en\/wp-json\/wp\/v2\/product_cat?post=701"},{"taxonomy":"product_tag","embeddable":true,"href":"https:\/\/joyeriagordillo.com\/en\/wp-json\/wp\/v2\/product_tag?post=701"}],"curies":[{"name":"wp","href":"https:\/\/api.w.org\/{rel}","templated":true}]}}