{"id":706,"date":"2025-02-04T19:21:16","date_gmt":"2025-02-04T19:21:16","guid":{"rendered":"https:\/\/joyeriagordillo.com\/?post_type=product&#038;p=706"},"modified":"2026-02-10T19:51:26","modified_gmt":"2026-02-10T18:51:26","slug":"pulsera-oro-blanco-y-brillantes","status":"publish","type":"product","link":"https:\/\/joyeriagordillo.com\/en\/producto\/pulsera-oro-blanco-y-brillantes\/","title":{"rendered":"White gold and diamonds bracelet"},"content":{"rendered":"<p>Descubre la elegancia y distinci\u00f3n que ofrece nuestra pulsera de oro blanco y brillantes. Esta fant\u00e1stica pieza de joyer\u00eda es perfecta para aquellos momentos especiales donde deseas destacar tu estilo con una joya sofisticada y de alta calidad.<\/p>\n<p>Cada uno de los brillantes ha sido cuidadosamente seleccionado para garantizar su autenticidad y calidad, por lo que puedes estar seguro de que est\u00e1s adquiriendo una joya \u00fanica y excepcional. Adem\u00e1s, su dise\u00f1o fino y moderno la convierten en una opci\u00f3n vers\u00e1til que podr\u00e1s combinar con cualquier look.<\/p>\n<p>En nuestra tienda valoramos la importancia de brindar un servicio de calidad a todos nuestros clientes, por lo que puedes confiar en que tu compra ser\u00e1 atendida de forma profesional y seria. Asimismo, nuestro compromiso con la satisfacci\u00f3n del cliente es una prioridad, por lo que garantizamos la autenticidad del oro y los brillantes en cada una de nuestras joyas.<\/p>\n<p>Haz de esta pulsera de oro blanco y brillantes una pieza imprescindible en tu joyero y destaca tu estilo con clase y elegancia. Conf\u00eda en nuestra experiencia en el mundo de la joyer\u00eda y adquiere una joya de alta calidad, que acompa\u00f1ar\u00e1 tus momentos m\u00e1s especiales.<\/p>","protected":false},"excerpt":{"rendered":"<p>&#8216;- Pulsera de oro blanco de alta calidad con un dise\u00f1o elegante y sofisticado.<br \/>\n&#8211; Adornada con delicados y brillantes diamantes que resaltan su belleza.<br \/>\n&#8211; Mide 18 cent\u00edmetros de largo y es ajustable para lograr el ajuste perfecto.<br \/>\n&#8211; Ideal para ocasiones especiales como bodas, cenas elegantes o como regalo para alguien especial.<br \/>\n&#8211; Viene con su correspondiente caja o estuche de joyer\u00eda, perfecto para regalar o almacenar la pieza.<br \/>\n&#8211; Esta pulsera de oro blanco y brillantes har\u00e1 que cualquier persona se sienta hermosa, elegante y sofisticada con solo llevarla puesta.<\/p>","protected":false},"featured_media":758,"template":"","meta":{"_acf_changed":false},"product_brand":[],"product_cat":[32,42,67,97,703],"product_tag":[1239],"class_list":{"0":"post-706","1":"product","2":"type-product","3":"status-publish","4":"has-post-thumbnail","6":"product_cat-joyas","7":"product_cat-joyas-de-boda","8":"product_cat-joyas-para-novia","9":"product_cat-pulseras-de-oro","10":"product_cat-pulseras-oro-blanco","11":"product_tag-oro-blanco-con-diamante","13":"first","14":"instock","15":"taxable","16":"shipping-taxable","17":"purchasable","18":"product-type-simple"},"acf":[],"df_price":7986,"df_sale_price":"","df_regular_price":7986,"df_image_link":"https:\/\/joyeriagordillo.com\/wp-content\/uploads\/2025\/02\/products-141-020217_rpt-300x300.jpg","_links":{"self":[{"href":"https:\/\/joyeriagordillo.com\/en\/wp-json\/wp\/v2\/product\/706","targetHints":{"allow":["GET"]}}],"collection":[{"href":"https:\/\/joyeriagordillo.com\/en\/wp-json\/wp\/v2\/product"}],"about":[{"href":"https:\/\/joyeriagordillo.com\/en\/wp-json\/wp\/v2\/types\/product"}],"version-history":[{"count":1,"href":"https:\/\/joyeriagordillo.com\/en\/wp-json\/wp\/v2\/product\/706\/revisions"}],"predecessor-version":[{"id":86003,"href":"https:\/\/joyeriagordillo.com\/en\/wp-json\/wp\/v2\/product\/706\/revisions\/86003"}],"wp:featuredmedia":[{"embeddable":true,"href":"https:\/\/joyeriagordillo.com\/en\/wp-json\/wp\/v2\/media\/758"}],"wp:attachment":[{"href":"https:\/\/joyeriagordillo.com\/en\/wp-json\/wp\/v2\/media?parent=706"}],"wp:term":[{"taxonomy":"product_brand","embeddable":true,"href":"https:\/\/joyeriagordillo.com\/en\/wp-json\/wp\/v2\/product_brand?post=706"},{"taxonomy":"product_cat","embeddable":true,"href":"https:\/\/joyeriagordillo.com\/en\/wp-json\/wp\/v2\/product_cat?post=706"},{"taxonomy":"product_tag","embeddable":true,"href":"https:\/\/joyeriagordillo.com\/en\/wp-json\/wp\/v2\/product_tag?post=706"}],"curies":[{"name":"wp","href":"https:\/\/api.w.org\/{rel}","templated":true}]}}