{"id":7159,"date":"2025-02-04T20:45:32","date_gmt":"2025-02-04T20:45:32","guid":{"rendered":"https:\/\/joyeriagordillo.com\/?post_type=product&#038;p=7159"},"modified":"2025-06-20T12:09:11","modified_gmt":"2025-06-20T11:09:11","slug":"brazalete-gran-oro-rosa-y-diamantes","status":"publish","type":"product","link":"https:\/\/joyeriagordillo.com\/en\/producto\/brazalete-gran-oro-rosa-y-diamantes\/","title":{"rendered":"Bracelet Large rose gold and diamonds"},"content":{"rendered":"<p>Sum\u00e9rgete en un mundo de opulencia y elegancia con nuestro deslumbrante Brazalete Gran oro rosa. Esta obra maestra de joyer\u00eda est\u00e1 meticulosamente dise\u00f1ada para capturar la esencia del lujo, presentando una fusi\u00f3n sublime de dise\u00f1o refinado y el resplandor c\u00e1lido del oro rosa de 18 quilates.<\/p>\n<p>El dise\u00f1o de este brazalete es una oda a la sofisticaci\u00f3n. Su estructura imponente combina l\u00edneas fluidas y curvas exquisitas, creando un efecto visual hipnotizante que atrae miradas y deslumbra a quienes tienen el privilegio de contemplarlo. La piedra central, una joya de incomparable belleza, es engastada con maestr\u00eda para resaltar su brillo y claridad excepcionales.<\/p>\n<p>Esta pieza es una declaraci\u00f3n audaz de estilo y refinamiento. Su generoso tama\u00f1o garantiza que se convierta en el centro de atenci\u00f3n en cualquier ocasi\u00f3n, irradiando una elegancia que no pasa desapercibida. El Brazalete Gran oro rosa no es solo una joya, es una expresi\u00f3n de estatus y buen gusto, una pieza que ser\u00e1 apreciada por generaciones venideras.<\/p>\n<p>Tanto si es un regalo especial como un autoregalo indulgente, el Brazalete Gran oro rosa se convierte en un s\u00edmbolo de prestigio y distinci\u00f3n. Es una joya que trasciende el tiempo, destinada a ser apreciada y admirada en todas las ocasiones especiales de la vida.<\/p>\n<p>No comprometas tu estilo. Eleva tu look con el Brazalete Gran oro rosa y experimenta la sensaci\u00f3n de llevar una pieza de arte en tu mu\u00f1eca. Este brazalete es mucho m\u00e1s que una joya, es una manifestaci\u00f3n de la excelencia artesanal y la pasi\u00f3n por la belleza en su forma m\u00e1s pura.<\/p>","protected":false},"excerpt":{"rendered":"<p>Brazalete Gran oro rosa de 18 quilates y diamantes engastados a su alrededor de 10,24ct.<\/p>","protected":false},"featured_media":7232,"template":"","meta":{"_acf_changed":false},"product_brand":[],"product_cat":[32,97],"product_tag":[1238],"class_list":{"0":"post-7159","1":"product","2":"type-product","3":"status-publish","4":"has-post-thumbnail","6":"product_cat-joyas","7":"product_cat-pulseras-de-oro","8":"product_tag-oro-rosa-con-diamante","10":"first","11":"instock","12":"taxable","13":"shipping-taxable","14":"product-type-simple"},"acf":[],"df_price":"","df_sale_price":"","df_regular_price":"","df_image_link":"https:\/\/joyeriagordillo.com\/wp-content\/uploads\/2025\/02\/141-023446-brazalete-or-diamantes_1-300x300.jpg","_links":{"self":[{"href":"https:\/\/joyeriagordillo.com\/en\/wp-json\/wp\/v2\/product\/7159","targetHints":{"allow":["GET"]}}],"collection":[{"href":"https:\/\/joyeriagordillo.com\/en\/wp-json\/wp\/v2\/product"}],"about":[{"href":"https:\/\/joyeriagordillo.com\/en\/wp-json\/wp\/v2\/types\/product"}],"version-history":[{"count":0,"href":"https:\/\/joyeriagordillo.com\/en\/wp-json\/wp\/v2\/product\/7159\/revisions"}],"wp:featuredmedia":[{"embeddable":true,"href":"https:\/\/joyeriagordillo.com\/en\/wp-json\/wp\/v2\/media\/7232"}],"wp:attachment":[{"href":"https:\/\/joyeriagordillo.com\/en\/wp-json\/wp\/v2\/media?parent=7159"}],"wp:term":[{"taxonomy":"product_brand","embeddable":true,"href":"https:\/\/joyeriagordillo.com\/en\/wp-json\/wp\/v2\/product_brand?post=7159"},{"taxonomy":"product_cat","embeddable":true,"href":"https:\/\/joyeriagordillo.com\/en\/wp-json\/wp\/v2\/product_cat?post=7159"},{"taxonomy":"product_tag","embeddable":true,"href":"https:\/\/joyeriagordillo.com\/en\/wp-json\/wp\/v2\/product_tag?post=7159"}],"curies":[{"name":"wp","href":"https:\/\/api.w.org\/{rel}","templated":true}]}}