{"id":7163,"date":"2025-02-04T20:45:33","date_gmt":"2025-02-04T20:45:33","guid":{"rendered":"https:\/\/joyeriagordillo.com\/?post_type=product&#038;p=7163"},"modified":"2026-04-08T10:30:58","modified_gmt":"2026-04-08T09:30:58","slug":"sortija-fina-oro-blanco-zafiro-y-onix","status":"publish","type":"product","link":"https:\/\/joyeriagordillo.com\/en\/producto\/sortija-fina-oro-blanco-zafiro-y-onix\/","title":{"rendered":"Fine white gold sapphire and onyx ring"},"content":{"rendered":"<p>Sum\u00e9rgete en la sublime fusi\u00f3n de elegancia y originalidad con nuestra cautivadora Sortija Fina de Oro Blanco, destacada por un zafiro resplandeciente y el misterioso encanto del onix. Con un dise\u00f1o estilo solitario, estaSortija fina oro blanco zafiro y onix es mucho m\u00e1s que una joya; es una expresi\u00f3n de estilo refinado y distinci\u00f3n.<\/p>\n<p>En el coraz\u00f3n de esta sortija, un zafiro se destaca como una joya central, irradiando un resplandor que evoca serenidad y sofisticaci\u00f3n. Enmarcado por la pureza del oro blanco, el zafiro crea un foco de atenci\u00f3n que captura la luz de manera deslumbrante, a\u00f1adiendo un toque de encanto et\u00e9reo a esta exquisita pieza.<\/p>\n<p>El cuerpo de la sortija, delicadamente esculpido en oro blanco fino, se fusiona armoniosamente con la profundidad del onix que bordea la gema central. Esta combinaci\u00f3n \u00fanica de materiales no solo a\u00f1ade un toque de dramatismo a la sortija, sino que tambi\u00e9n resalta la originalidad y la creatividad de su dise\u00f1o.<\/p>\n<p>La delgadez y refinamiento de esta sortija la convierten en una elecci\u00f3n vers\u00e1til, perfecta para realzar tu estilo en cualquier ocasi\u00f3n. Ya sea como una joya diaria o para eventos especiales, su dise\u00f1o elegante y contempor\u00e1neo se adapta con gracia a cada situaci\u00f3n.<\/p>\n<p>Esta Sortija fina oro blanco zafiro y onix es m\u00e1s que una joya; es una declaraci\u00f3n de individualidad y buen gusto. Ya sea como un regalo especial o un capricho personal, esta sortija es una inversi\u00f3n atemporal en elegancia y estilo distintivo que resonar\u00e1 con cada mujer que busque expresar su singularidad a trav\u00e9s de la joyer\u00eda.<\/p>","protected":false},"excerpt":{"rendered":"<p>Fine white gold sapphire and onyx ring<\/p>","protected":false},"featured_media":7251,"template":"","meta":{"_acf_changed":false},"product_brand":[],"product_cat":[45,704,207,32],"product_tag":[1239,1215,1170],"class_list":{"0":"post-7163","1":"product","2":"type-product","3":"status-publish","4":"has-post-thumbnail","6":"product_cat-anillos-de-oro","7":"product_cat-anillos-oro-blanco","8":"product_cat-anillos-zafiros","9":"product_cat-joyas","10":"product_tag-oro-blanco-con-diamante","11":"product_tag-oro-blanco-con-onix","12":"product_tag-oro-blanco-con-zafiros","14":"first","15":"outofstock","16":"taxable","17":"shipping-taxable","18":"purchasable","19":"product-type-variable","20":"has-default-attributes"},"acf":[],"df_price":2750,"df_sale_price":"","df_regular_price":2750,"df_image_link":"https:\/\/joyeriagordillo.com\/wp-content\/uploads\/2025\/02\/115-023439-Anillo-ob-zaf_1-300x300.jpg","_links":{"self":[{"href":"https:\/\/joyeriagordillo.com\/en\/wp-json\/wp\/v2\/product\/7163","targetHints":{"allow":["GET"]}}],"collection":[{"href":"https:\/\/joyeriagordillo.com\/en\/wp-json\/wp\/v2\/product"}],"about":[{"href":"https:\/\/joyeriagordillo.com\/en\/wp-json\/wp\/v2\/types\/product"}],"version-history":[{"count":1,"href":"https:\/\/joyeriagordillo.com\/en\/wp-json\/wp\/v2\/product\/7163\/revisions"}],"predecessor-version":[{"id":86791,"href":"https:\/\/joyeriagordillo.com\/en\/wp-json\/wp\/v2\/product\/7163\/revisions\/86791"}],"wp:featuredmedia":[{"embeddable":true,"href":"https:\/\/joyeriagordillo.com\/en\/wp-json\/wp\/v2\/media\/7251"}],"wp:attachment":[{"href":"https:\/\/joyeriagordillo.com\/en\/wp-json\/wp\/v2\/media?parent=7163"}],"wp:term":[{"taxonomy":"product_brand","embeddable":true,"href":"https:\/\/joyeriagordillo.com\/en\/wp-json\/wp\/v2\/product_brand?post=7163"},{"taxonomy":"product_cat","embeddable":true,"href":"https:\/\/joyeriagordillo.com\/en\/wp-json\/wp\/v2\/product_cat?post=7163"},{"taxonomy":"product_tag","embeddable":true,"href":"https:\/\/joyeriagordillo.com\/en\/wp-json\/wp\/v2\/product_tag?post=7163"}],"curies":[{"name":"wp","href":"https:\/\/api.w.org\/{rel}","templated":true}]}}