{"id":7242,"date":"2025-02-04T20:46:47","date_gmt":"2025-02-04T20:46:47","guid":{"rendered":"https:\/\/joyeriagordillo.com\/?post_type=product&#038;p=7242"},"modified":"2025-06-20T12:09:12","modified_gmt":"2025-06-20T11:09:12","slug":"pendientes-oro-rosa-con-diamantes","status":"publish","type":"product","link":"https:\/\/joyeriagordillo.com\/en\/producto\/pendientes-oro-rosa-con-diamantes\/","title":{"rendered":"Rose gold earrings with diamonds"},"content":{"rendered":"<p>Sum\u00e9rgete en la opulencia y la modernidad con nuestros Pendientes Oro Rosa con Diamantes, una expresi\u00f3n sublime de elegancia contempor\u00e1nea. Confeccionados en oro rosa de alta calidad, estos pendientes ofrecen una interpretaci\u00f3n audaz y sofisticada de la joyer\u00eda cl\u00e1sica.<\/p>\n<p>El dise\u00f1o distintivo de estos pendientes se presenta en una forma geom\u00e9trica, una fusi\u00f3n perfecta de l\u00edneas limpias y proporciones armoniosas. La silueta alargada y esculpida a\u00f1ade un toque de drama a tu apariencia, elevando instant\u00e1neamente tu estilo a nuevas alturas. Estos no son solo pendientes, son una declaraci\u00f3n de moda que refleja la individualidad y la confianza de la mujer moderna.<\/p>\n<p>El oro rosa de la m\u00e1s alta calidad, con su tonalidad c\u00e1lida y sutil, se fusiona con la luz de los diamantes cuidadosamente engastados en la pieza. Cada diamante, brillando con un resplandor \u00fanico, aporta un destello inigualable a tu rostro. El dise\u00f1o largo y esculpido de los pendientes crea un juego de luces y sombras, resaltando la belleza natural de quien los lleva.<\/p>\n<p>La meticulosa artesan\u00eda garantiza no solo un dise\u00f1o est\u00e9ticamente atractivo, sino tambi\u00e9n una comodidad inigualable. Los pendientes son lo suficientemente ligeros para llevar durante todo el d\u00eda, asegurando que te sientas tan c\u00f3moda como impresionante. Ya sea para una ocasi\u00f3n especial o para elevar tu estilo cotidiano, estos Pendientes Oro Rosa con Diamantes son la elecci\u00f3n perfecta.<\/p>\n<p>Haz una declaraci\u00f3n audaz y sin disculpas con estos pendientes que trascienden las expectativas convencionales de la joyer\u00eda. Celebra tu singularidad con una pieza que fusiona lo cl\u00e1sico y lo moderno, elevando tu presencia con cada paso que das. Adquiere estos Pendientes Oro Rosa con Diamantes y descubre c\u00f3mo la joyer\u00eda puede ser una expresi\u00f3n verdadera de tu estilo distintivo.<\/p>","protected":false},"excerpt":{"rendered":"<p>Pendientes oro rosa con diamantes. Realizados en oro de 18 quilates y diamantes engastados de 1.15ct a lo largo de todo el pendiente.<\/p>","protected":false},"featured_media":7314,"template":"","meta":{"_acf_changed":false},"product_brand":[],"product_cat":[32,706,56,707],"product_tag":[1238],"class_list":{"0":"post-7242","1":"product","2":"type-product","3":"status-publish","4":"has-post-thumbnail","6":"product_cat-joyas","7":"product_cat-pendientes-con-diamantes","8":"product_cat-pendientes-de-oro","9":"product_cat-pendientes-de-oro-rosa","10":"product_tag-oro-rosa-con-diamante","12":"first","13":"instock","14":"taxable","15":"shipping-taxable","16":"purchasable","17":"product-type-simple"},"acf":[],"df_price":7170,"df_sale_price":"","df_regular_price":7170,"df_image_link":"https:\/\/joyeriagordillo.com\/wp-content\/uploads\/2025\/02\/121-023338-pendientes-or-diamantes_ME_1-300x300.jpg","_links":{"self":[{"href":"https:\/\/joyeriagordillo.com\/en\/wp-json\/wp\/v2\/product\/7242","targetHints":{"allow":["GET"]}}],"collection":[{"href":"https:\/\/joyeriagordillo.com\/en\/wp-json\/wp\/v2\/product"}],"about":[{"href":"https:\/\/joyeriagordillo.com\/en\/wp-json\/wp\/v2\/types\/product"}],"version-history":[{"count":0,"href":"https:\/\/joyeriagordillo.com\/en\/wp-json\/wp\/v2\/product\/7242\/revisions"}],"wp:featuredmedia":[{"embeddable":true,"href":"https:\/\/joyeriagordillo.com\/en\/wp-json\/wp\/v2\/media\/7314"}],"wp:attachment":[{"href":"https:\/\/joyeriagordillo.com\/en\/wp-json\/wp\/v2\/media?parent=7242"}],"wp:term":[{"taxonomy":"product_brand","embeddable":true,"href":"https:\/\/joyeriagordillo.com\/en\/wp-json\/wp\/v2\/product_brand?post=7242"},{"taxonomy":"product_cat","embeddable":true,"href":"https:\/\/joyeriagordillo.com\/en\/wp-json\/wp\/v2\/product_cat?post=7242"},{"taxonomy":"product_tag","embeddable":true,"href":"https:\/\/joyeriagordillo.com\/en\/wp-json\/wp\/v2\/product_tag?post=7242"}],"curies":[{"name":"wp","href":"https:\/\/api.w.org\/{rel}","templated":true}]}}