{"id":75762,"date":"2025-06-03T19:02:37","date_gmt":"2025-06-03T18:02:37","guid":{"rendered":"https:\/\/joyeriagordillo.com\/?post_type=product&#038;p=75762"},"modified":"2026-02-24T10:39:28","modified_gmt":"2026-02-24T09:39:28","slug":"bell-ross-black-steel-gold-40mm","status":"publish","type":"product","link":"https:\/\/joyeriagordillo.com\/en\/producto\/bell-ross-black-steel-gold-40mm\/","title":{"rendered":"Bell &amp; Ross Black Steel &amp; Gold 40mm"},"content":{"rendered":"<article class=\"text-token-text-primary w-full\" dir=\"auto\" data-testid=\"conversation-turn-4\" data-scroll-anchor=\"true\">\n<div class=\"text-base my-auto mx-auto py-5 [--thread-content-margin:--spacing(4)] @[37rem]:[--thread-content-margin:--spacing(6)] @[72rem]:[--thread-content-margin:--spacing(16)] px-(--thread-content-margin)\">\n<div class=\"[--thread-content-max-width:32rem] @[34rem]:[--thread-content-max-width:40rem] @[64rem]:[--thread-content-max-width:48rem] mx-auto flex max-w-(--thread-content-max-width) flex-1 text-base gap-4 md:gap-5 lg:gap-6 group\/turn-messages focus-visible:outline-hidden\" tabindex=\"-1\">\n<div class=\"group\/conversation-turn relative flex w-full min-w-0 flex-col agent-turn\">\n<div class=\"relative flex-col gap-1 md:gap-3\">\n<div class=\"flex max-w-full flex-col grow\">\n<div class=\"min-h-8 text-message relative flex w-full flex-col items-end gap-2 text-start break-words whitespace-normal [.text-message+&amp;]:mt-5\" dir=\"auto\" data-message-author-role=\"assistant\" data-message-id=\"6c9eaafe-ada9-41f4-8e7c-65bb387daeb1\" data-message-model-slug=\"gpt-4o\">\n<div class=\"flex w-full flex-col gap-1 empty:hidden first:pt-[3px]\">\n<div class=\"markdown prose dark:prose-invert w-full break-words light\">\n<p data-start=\"495\" data-end=\"914\">El <strong data-start=\"498\" data-end=\"532\">Bell &amp; Ross Black Steel &amp; Gold<\/strong> representa una visi\u00f3n atrevida de la relojer\u00eda contempor\u00e1nea. Con su caja de 40 mm que combina <strong data-start=\"628\" data-end=\"648\">acero inoxidable<\/strong> y <strong data-start=\"651\" data-end=\"678\">oro rosa de 18 quilates<\/strong>, este reloj redefine el equilibrio entre <strong data-start=\"720\" data-end=\"760\">elegancia urbana y precisi\u00f3n t\u00e9cnica<\/strong>. La esfera negra brillante, enmarcada por detalles dorados, crea un contraste visual poderoso que lo convierte en una pieza \u00fanica en cualquier colecci\u00f3n.<\/p>\n<p data-start=\"916\" data-end=\"1191\">Este modelo de Bell &amp; Ross no pasa desapercibido. Inspirado en la arquitectura moderna y el dise\u00f1o industrial, el <strong data-start=\"1030\" data-end=\"1064\">Bell &amp; Ross Black Steel &amp; Gold<\/strong> ofrece una est\u00e9tica geom\u00e9trica y robusta, ideal para quienes buscan destacar con una pieza distintiva sin perder refinamiento.<\/p>\n<h2 data-start=\"1193\" data-end=\"1234\">Relojer\u00eda t\u00e9cnica de alto rendimiento<\/h2>\n<h3 data-start=\"1236\" data-end=\"1280\">Movimiento autom\u00e1tico y precisi\u00f3n suiza<\/h3>\n<p data-start=\"1282\" data-end=\"1610\">En el coraz\u00f3n del <strong data-start=\"1300\" data-end=\"1334\">Bell &amp; Ross Black Steel &amp; Gold<\/strong> late un movimiento autom\u00e1tico BR-CAL.321, sin\u00f3nimo de <strong data-start=\"1389\" data-end=\"1426\">fiabilidad, precisi\u00f3n y autonom\u00eda<\/strong>. Su funci\u00f3n de fecha a las 3 h y su barrido de segundos fluido garantizan una lectura precisa, mientras que su reserva de marcha asegura el rendimiento continuo durante el uso diario.<\/p>\n<h3 data-start=\"1612\" data-end=\"1647\">Caracter\u00edsticas t\u00e9cnicas clave<\/h3>\n<ul data-start=\"1649\" data-end=\"1986\">\n<li data-start=\"1649\" data-end=\"1689\">\n<p data-start=\"1651\" data-end=\"1689\">Caja: Acero y oro rosa satinado\/pulido<\/p>\n<\/li>\n<li data-start=\"1690\" data-end=\"1707\">\n<p data-start=\"1692\" data-end=\"1707\">Di\u00e1metro: 40 mm<\/p>\n<\/li>\n<li data-start=\"1708\" data-end=\"1743\">\n<p data-start=\"1710\" data-end=\"1743\">Movimiento: Autom\u00e1tico BR-CAL.321<\/p>\n<\/li>\n<li data-start=\"1744\" data-end=\"1789\">\n<p data-start=\"1746\" data-end=\"1789\">Funciones: Horas, minutos, segundos y fecha<\/p>\n<\/li>\n<li data-start=\"1790\" data-end=\"1845\">\n<p data-start=\"1792\" data-end=\"1845\">Esfera: Negra brillante con \u00edndices dorados aplicados<\/p>\n<\/li>\n<li data-start=\"1846\" data-end=\"1893\">\n<p data-start=\"1848\" data-end=\"1893\">Cristal: Zafiro con tratamiento antirreflejos<\/p>\n<\/li>\n<li data-start=\"1894\" data-end=\"1959\">\n<p data-start=\"1896\" data-end=\"1959\">Correa: Caucho negro con cierre desplegable en acero y oro rosa<\/p>\n<\/li>\n<li data-start=\"1960\" data-end=\"1986\">\n<p data-start=\"1962\" data-end=\"1986\">Hermeticidad: 100 metros<\/p>\n<\/li>\n<\/ul>\n<p data-start=\"1988\" data-end=\"2230\">El dise\u00f1o angular de la caja, las l\u00edneas depuradas y el uso del caucho como correa lo convierten en un reloj tan c\u00f3modo como elegante. El <strong data-start=\"2126\" data-end=\"2160\">Bell &amp; Ross Black Steel &amp; Gold<\/strong> no es solo est\u00e9ticamente atractivo, sino tambi\u00e9n altamente funcional.<\/p>\n<h2 data-start=\"2232\" data-end=\"2271\">Sofisticaci\u00f3n para el estilo diario<\/h2>\n<h3 data-start=\"2273\" data-end=\"2331\">La elecci\u00f3n de los amantes del dise\u00f1o y la innovaci\u00f3n<\/h3>\n<p data-start=\"2333\" data-end=\"2612\">Este modelo es ideal para quienes valoran tanto la <strong data-start=\"2384\" data-end=\"2405\">est\u00e9tica refinada<\/strong> como la ingenier\u00eda precisa. El <strong data-start=\"2437\" data-end=\"2471\">Bell &amp; Ross Black Steel &amp; Gold<\/strong> refleja una personalidad fuerte, pensada para acompa\u00f1ar a hombres modernos y decididos que buscan una pieza que les represente sin palabras.<\/p>\n<h3 data-start=\"2614\" data-end=\"2651\">Exclusividad en Joyer\u00eda Gordillo<\/h3>\n<p data-start=\"2653\" data-end=\"3068\">En <a class=\"\" href=\"https:\/\/joyeriagordillo.com\/\" target=\"_new\" rel=\"noopener\" data-start=\"2656\" data-end=\"2704\">Joyer\u00eda Gordillo<\/a>, solo ofrecemos piezas con historia, car\u00e1cter y excelencia t\u00e9cnica. El <strong data-start=\"2776\" data-end=\"2810\">Bell &amp; Ross Black Steel &amp; Gold<\/strong> forma parte de nuestra cuidada selecci\u00f3n de relojes de lujo que marcan tendencia y establecen nuevos est\u00e1ndares de dise\u00f1o. Visita nuestra <a class=\"cursor-pointer\" target=\"_new\" rel=\"noopener\" data-start=\"2949\" data-end=\"3019\">colecci\u00f3n Bell &amp; Ross<\/a> y explora otros modelos igualmente emblem\u00e1ticos.<\/p>\n<h3 data-start=\"3070\" data-end=\"3123\">M\u00e1s all\u00e1 del lujo: una pieza con valor atemporal<\/h3>\n<p data-start=\"3125\" data-end=\"3544\">El <strong data-start=\"3128\" data-end=\"3162\">Bell &amp; Ross Black Steel &amp; Gold<\/strong> no es solo un accesorio de moda; es una inversi\u00f3n en identidad, funcionalidad y distinci\u00f3n. Descubre c\u00f3mo la mezcla de materiales nobles y la relojer\u00eda t\u00e9cnica lo convierten en un referente de dise\u00f1o consultando <a class=\"cursor-pointer\" target=\"_new\" rel=\"noopener\" data-start=\"3375\" data-end=\"3492\">esta gu\u00eda sobre relojes h\u00edbridos de lujo<\/a>, que analiza piezas similares en el mercado actual.<\/p>\n<p data-start=\"3546\" data-end=\"3819\" data-is-last-node=\"\" data-is-only-node=\"\">Con su presencia poderosa y acabado impecable, el <strong data-start=\"3596\" data-end=\"3630\">Bell &amp; Ross Black Steel &amp; Gold<\/strong> se convierte en el compa\u00f1ero perfecto para el d\u00eda a d\u00eda de quienes saben apreciar los detalles que marcan la diferencia. Un reloj que no solo mide el tiempo, sino que lo define con estilo.<\/p>\n<\/div>\n<\/div>\n<\/div>\n<\/div>\n<div class=\"flex min-h-[46px] justify-start\">\n<div class=\"touch:-me-2 touch:-ms-3.5 -ms-2.5 -me-1 flex items-center p-1 select-none -mt-1 w-full duration-[1.5s] focus-within:transition-none hover:transition-none pointer-events-none [mask-image:linear-gradient(to_right,black_33%,transparent_66%)] [mask-size:300%_100%] [mask-position:100%_0%] motion-safe:transition-[mask-position] group-hover\/turn-messages:pointer-events-auto group-hover\/turn-messages:[mask-position:0_0] group-focus-within\/turn-messages:pointer-events-auto group-focus-within\/turn-messages:[mask-position:0_0] has-data-[state=open]:pointer-events-auto has-data-[state=open]:[mask-position:0_0]\"><\/div>\n<\/div>\n<\/div>\n<\/div>\n<\/div>\n<\/div>\n<\/article>\n","protected":false},"excerpt":{"rendered":"<p>The <strong data-start=\"236\" data-end=\"270\">Bell &amp; Ross Black Steel &amp; Gold<\/strong> combina el poder del negro profundo con la elegancia del oro rosa, creando un reloj de est\u00e9tica moderna, lujo funcional y presencia magn\u00e9tica.<\/p>","protected":false},"featured_media":75764,"template":"","meta":{"_acf_changed":false},"product_brand":[1133],"product_cat":[47,181],"product_tag":[],"class_list":{"0":"post-75762","1":"product","2":"type-product","3":"status-publish","4":"has-post-thumbnail","6":"product_brand-bell-ross","7":"product_cat-relojes","8":"product_cat-bell-ross","10":"first","11":"instock","12":"taxable","13":"shipping-taxable","14":"purchasable","15":"product-type-simple"},"acf":[],"df_price":6700,"df_sale_price":"","df_regular_price":6700,"df_image_link":"https:\/\/joyeriagordillo.com\/wp-content\/uploads\/2025\/06\/Diseno-sin-titulo-2025-06-03T195807.928-300x300.jpg","_links":{"self":[{"href":"https:\/\/joyeriagordillo.com\/en\/wp-json\/wp\/v2\/product\/75762","targetHints":{"allow":["GET"]}}],"collection":[{"href":"https:\/\/joyeriagordillo.com\/en\/wp-json\/wp\/v2\/product"}],"about":[{"href":"https:\/\/joyeriagordillo.com\/en\/wp-json\/wp\/v2\/types\/product"}],"version-history":[{"count":1,"href":"https:\/\/joyeriagordillo.com\/en\/wp-json\/wp\/v2\/product\/75762\/revisions"}],"predecessor-version":[{"id":86276,"href":"https:\/\/joyeriagordillo.com\/en\/wp-json\/wp\/v2\/product\/75762\/revisions\/86276"}],"wp:featuredmedia":[{"embeddable":true,"href":"https:\/\/joyeriagordillo.com\/en\/wp-json\/wp\/v2\/media\/75764"}],"wp:attachment":[{"href":"https:\/\/joyeriagordillo.com\/en\/wp-json\/wp\/v2\/media?parent=75762"}],"wp:term":[{"taxonomy":"product_brand","embeddable":true,"href":"https:\/\/joyeriagordillo.com\/en\/wp-json\/wp\/v2\/product_brand?post=75762"},{"taxonomy":"product_cat","embeddable":true,"href":"https:\/\/joyeriagordillo.com\/en\/wp-json\/wp\/v2\/product_cat?post=75762"},{"taxonomy":"product_tag","embeddable":true,"href":"https:\/\/joyeriagordillo.com\/en\/wp-json\/wp\/v2\/product_tag?post=75762"}],"curies":[{"name":"wp","href":"https:\/\/api.w.org\/{rel}","templated":true}]}}