{"id":75881,"date":"2025-06-04T11:58:58","date_gmt":"2025-06-04T10:58:58","guid":{"rendered":"https:\/\/joyeriagordillo.com\/?post_type=product&#038;p=75881"},"modified":"2025-12-15T11:48:46","modified_gmt":"2025-12-15T10:48:46","slug":"omega-seamaster-diver-300m-caucho","status":"publish","type":"product","link":"https:\/\/joyeriagordillo.com\/en\/producto\/omega-seamaster-diver-300m-caucho\/","title":{"rendered":"Omega Seamaster Diver 300m Rubber"},"content":{"rendered":"<article class=\"text-token-text-primary w-full\" dir=\"auto\" data-testid=\"conversation-turn-40\" data-scroll-anchor=\"true\">\n<div class=\"text-base my-auto mx-auto py-5 [--thread-content-margin:--spacing(4)] @[37rem]:[--thread-content-margin:--spacing(6)] @[72rem]:[--thread-content-margin:--spacing(16)] px-(--thread-content-margin)\">\n<div class=\"[--thread-content-max-width:32rem] @[34rem]:[--thread-content-max-width:40rem] @[64rem]:[--thread-content-max-width:48rem] mx-auto flex max-w-(--thread-content-max-width) flex-1 text-base gap-4 md:gap-5 lg:gap-6 group\/turn-messages focus-visible:outline-hidden\" tabindex=\"-1\">\n<div class=\"group\/conversation-turn relative flex w-full min-w-0 flex-col agent-turn\">\n<div class=\"relative flex-col gap-1 md:gap-3\">\n<div class=\"flex max-w-full flex-col grow\">\n<div class=\"min-h-8 text-message relative flex w-full flex-col items-end gap-2 text-start break-words whitespace-normal [.text-message+&amp;]:mt-5\" dir=\"auto\" data-message-author-role=\"assistant\" data-message-id=\"a0f31c51-2c1d-4291-88e3-23617828303c\" data-message-model-slug=\"gpt-4o\">\n<div class=\"flex w-full flex-col gap-1 empty:hidden first:pt-[3px]\">\n<div class=\"markdown prose dark:prose-invert w-full break-words light\">\n<p data-start=\"262\" data-end=\"378\"><span class=\"relative -mx-px my-[-0.2rem] rounded px-px py-[0.2rem] transition-colors duration-100 ease-in-out\">El <strong data-start=\"3\" data-end=\"59\">Omega Seamaster Diver 300M caucho<\/strong> es una pieza que destaca por su dise\u00f1o refinado y su avanzada tecnolog\u00eda.<\/span> <span class=\"relative -mx-px my-[-0.2rem] rounded px-px py-[0.2rem] transition-colors duration-100 ease-in-out\">Este modelo rinde homenaje a la herencia marina de Omega, ofreciendo una combinaci\u00f3n perfecta de est\u00e9tica y funcionalidad para los entusiastas de la relojer\u00eda y las actividades acu\u00e1ticas.<\/span><\/p>\n<h3 data-start=\"380\" data-end=\"433\">Materiales de alta calidad y detalles funcionales<\/h3>\n<p data-start=\"435\" data-end=\"593\"><span class=\"relative -mx-px my-[-0.2rem] rounded px-px py-[0.2rem] transition-colors duration-100 ease-in-out\">La caja de <strong data-start=\"11\" data-end=\"40\">acero inoxidable de 42 mm<\/strong> alberga una <strong data-start=\"53\" data-end=\"78\">esfera gris cepillada<\/strong> con \u00edndices y agujas esqueletizadas rellenos de <strong data-start=\"127\" data-end=\"152\">Super-LumiNova blanca<\/strong>, garantizando una legibilidad \u00f3ptima en cualquier condici\u00f3n.<\/span> <span class=\"relative -mx-px my-[-0.2rem] rounded px-px py-[0.2rem] transition-colors duration-100 ease-in-out\">El bisel unidireccional de <strong data-start=\"27\" data-end=\"46\">titanio grado 5<\/strong> presenta una escala de inmersi\u00f3n grabada con l\u00e1ser en relieve positivo, aportando un toque moderno y funcional al dise\u00f1o.<\/span> <span class=\"relative -mx-px my-[-0.2rem] rounded px-px py-[0.2rem] transition-colors duration-100 ease-in-out\">La correa de <strong data-start=\"13\" data-end=\"28\">caucho gris<\/strong> con cierre desplegable asegura un ajuste c\u00f3modo y seguro.<\/span><\/p>\n<h3 data-start=\"595\" data-end=\"650\">Movimiento Co-Axial Master Chronometer calibre 8806<\/h3>\n<p data-start=\"652\" data-end=\"770\"><span class=\"relative -mx-px my-[-0.2rem] rounded px-px py-[0.2rem] transition-colors duration-100 ease-in-out\">En su interior, el reloj alberga el <strong data-start=\"36\" data-end=\"58\">calibre Omega 8806<\/strong>, un movimiento autom\u00e1tico certificado como Master Chronometer por METAS, que ofrece una <strong data-start=\"147\" data-end=\"180\">reserva de marcha de 55 horas<\/strong> y una resistencia antimagn\u00e9tica superior a 15.000 gauss.<\/span> <span class=\"relative -mx-px my-[-0.2rem] rounded px-px py-[0.2rem] transition-colors duration-100 ease-in-out\">Este calibre garantiza una precisi\u00f3n y fiabilidad excepcionales, reflejando la excelencia de la relojer\u00eda suiza.<\/span><\/p>\n<h3 data-start=\"772\" data-end=\"801\">Especificaciones t\u00e9cnicas<\/h3>\n<ul data-start=\"803\" data-end=\"1337\">\n<li data-start=\"803\" data-end=\"854\">\n<p data-start=\"805\" data-end=\"854\"><strong data-start=\"805\" data-end=\"813\">Caja<\/strong>: <span class=\"relative -mx-px my-[-0.2rem] rounded px-px py-[0.2rem] transition-colors duration-100 ease-in-out\">Acero inoxidable, 42 mm de di\u00e1metro<\/span><\/p>\n<\/li>\n<li data-start=\"855\" data-end=\"912\">\n<p data-start=\"857\" data-end=\"912\"><strong data-start=\"857\" data-end=\"871\">Movimiento<\/strong>: <span class=\"relative -mx-px my-[-0.2rem] rounded px-px py-[0.2rem] transition-colors duration-100 ease-in-out\">Autom\u00e1tico Co-Axial Master Chronometer calibre 8806, reserva de marcha de 55 horas<\/span><\/p>\n<\/li>\n<li data-start=\"913\" data-end=\"969\">\n<p data-start=\"915\" data-end=\"969\"><strong data-start=\"915\" data-end=\"928\">Funciones<\/strong>: <span class=\"relative -mx-px my-[-0.2rem] rounded px-px py-[0.2rem] transition-colors duration-100 ease-in-out\">Horas, minutos y segundos<\/span><\/p>\n<\/li>\n<li data-start=\"970\" data-end=\"1023\">\n<p data-start=\"972\" data-end=\"1023\"><strong data-start=\"972\" data-end=\"982\">Esfera<\/strong>: <span class=\"relative -mx-px my-[-0.2rem] rounded px-px py-[0.2rem] transition-colors duration-100 ease-in-out\">Gris cepillada, \u00edndices y agujas con Super-LumiNova blanca<\/span><\/p>\n<\/li>\n<li data-start=\"1024\" data-end=\"1078\">\n<p data-start=\"1026\" data-end=\"1078\"><strong data-start=\"1026\" data-end=\"1037\">Cristal<\/strong>: <span class=\"relative -mx-px my-[-0.2rem] rounded px-px py-[0.2rem] transition-colors duration-100 ease-in-out\">Zafiro abombado resistente a los ara\u00f1azos con tratamiento antirreflejos en ambas caras<\/span><\/p>\n<\/li>\n<li data-start=\"1079\" data-end=\"1131\">\n<p data-start=\"1081\" data-end=\"1131\"><strong data-start=\"1081\" data-end=\"1090\">Fondo<\/strong>: <span class=\"relative -mx-px my-[-0.2rem] rounded px-px py-[0.2rem] transition-colors duration-100 ease-in-out\">Transparente con cristal de zafiro<\/span><\/p>\n<\/li>\n<li data-start=\"1132\" data-end=\"1184\">\n<p data-start=\"1134\" data-end=\"1184\"><strong data-start=\"1134\" data-end=\"1143\">Bisel<\/strong>: <span class=\"relative -mx-px my-[-0.2rem] rounded px-px py-[0.2rem] transition-colors duration-100 ease-in-out\">Titanio grado 5 con escala de inmersi\u00f3n grabada con l\u00e1ser en relieve positivo<\/span><\/p>\n<\/li>\n<li data-start=\"1185\" data-end=\"1238\">\n<p data-start=\"1187\" data-end=\"1238\"><strong data-start=\"1187\" data-end=\"1197\">Correa<\/strong>: <span class=\"relative -mx-px my-[-0.2rem] rounded px-px py-[0.2rem] transition-colors duration-100 ease-in-out\">Caucho gris con cierre desplegable<\/span><\/p>\n<\/li>\n<li data-start=\"1239\" data-end=\"1337\">\n<p data-start=\"1241\" data-end=\"1337\"><strong data-start=\"1241\" data-end=\"1257\">Hermeticidad<\/strong>: <span class=\"relative -mx-px my-[-0.2rem] rounded px-px py-[0.2rem] transition-colors duration-100 ease-in-out\">300 metros (30 ATM)<\/span><\/p>\n<\/li>\n<\/ul>\n<h3 data-start=\"1339\" data-end=\"1373\">Disponible en Joyer\u00eda Gordillo<\/h3>\n<p data-start=\"1375\" data-end=\"1493\"><span class=\"relative -mx-px my-[-0.2rem] rounded px-px py-[0.2rem] transition-colors duration-100 ease-in-out\">En Joyer\u00eda Gordillo, nos enorgullece ofrecer piezas que combinan historia, dise\u00f1o y precisi\u00f3n.<\/span> <span class=\"relative -mx-px my-[-0.2rem] rounded px-px py-[0.2rem] transition-colors duration-100 ease-in-out\">El <strong data-start=\"3\" data-end=\"59\">Omega Seamaster Diver 300M caucho<\/strong> es una muestra de la maestr\u00eda relojera que honra las ra\u00edces culturales y la innovaci\u00f3n t\u00e9cnica.<\/span><\/p>\n<p data-start=\"1495\" data-end=\"1573\"><span class=\"relative -mx-px my-[-0.2rem] rounded px-px py-[0.2rem] transition-colors duration-100 ease-in-out\">Descubre m\u00e1s sobre este modelo y otros de la colecci\u00f3n Seamaster en nuestra <a href=\"https:\/\/joyeriagordillo.com\/marcas\/omega\/\" target=\"_new\" rel=\"noopener noreferrer\" data-start=\"76\" data-end=\"145\">secci\u00f3n dedicada a Omega<\/a>.<\/span><\/p>\n<h2 data-start=\"1575\" data-end=\"1607\">Reconocimiento internacional<\/h2>\n<p data-start=\"1609\" data-end=\"1727\"><span class=\"relative -mx-px my-[-0.2rem] rounded px-px py-[0.2rem] transition-colors duration-100 ease-in-out\">El <strong data-start=\"3\" data-end=\"53\">Seamaster Diver 300M caucho<\/strong> ha sido destacado por expertos en relojer\u00eda por su combinaci\u00f3n de dise\u00f1o elegante y movimiento de alta calidad.<\/span> <span class=\"relative -mx-px my-[-0.2rem] rounded px-px py-[0.2rem] transition-colors duration-100 ease-in-out\">Su est\u00e9tica refinada y su herencia marina lo convierten en una pieza \u00fanica en el mundo de la relojer\u00eda.<\/span><\/p>\n<p data-start=\"1729\" data-end=\"1807\"><span class=\"relative -mx-px my-[-0.2rem] rounded px-px py-[0.2rem] transition-colors duration-100 ease-in-out\">Con el <strong data-start=\"7\" data-end=\"63\">Omega Seamaster Diver 300M caucho<\/strong>, llevas en tu mu\u00f1eca una historia de exploraci\u00f3n, innovaci\u00f3n y excelencia relojera.<\/span><\/p>\n<\/div>\n<\/div>\n<\/div>\n<\/div>\n<div class=\"flex min-h-[46px] justify-start\"><\/div>\n<\/div>\n<div class=\"absolute\">\n<div class=\"flex items-center justify-center\"><\/div>\n<\/div>\n<\/div>\n<\/div>\n<\/div>\n<\/article>\n<div class=\"pointer-events-none h-px w-px\" aria-hidden=\"true\" data-edge=\"true\"><\/div>\n","protected":false},"excerpt":{"rendered":"<p>The <strong data-start=\"3\" data-end=\"59\">Omega Seamaster Diver 300M rubber<\/strong> fusiona elegancia y rendimiento en una caja de acero de 42 mm, con esfera gris cepillada, bisel de titanio y movimiento autom\u00e1tico Co-Axial Master Chronometer calibre 8806, ofreciendo una reserva de marcha de 55 horas y resistencia al agua hasta 300 metros.<\/p>","protected":false},"featured_media":75883,"template":"","meta":{"_acf_changed":false},"product_brand":[1120,1455],"product_cat":[47,182,183],"product_tag":[],"class_list":{"0":"post-75881","1":"product","2":"type-product","3":"status-publish","4":"has-post-thumbnail","6":"product_brand-omega","7":"product_brand-seamaster","8":"product_cat-relojes","9":"product_cat-omega","10":"product_cat-seamaster","12":"first","13":"outofstock","14":"taxable","15":"shipping-taxable","16":"purchasable","17":"product-type-simple"},"acf":[],"df_price":6800,"df_sale_price":"","df_regular_price":6800,"df_image_link":"https:\/\/joyeriagordillo.com\/wp-content\/uploads\/2025\/06\/omega-seamaster-diver-300m-co-axial-master-chronometer-42-mm-21032422006002-3a6b7f-300x300.avif","_links":{"self":[{"href":"https:\/\/joyeriagordillo.com\/en\/wp-json\/wp\/v2\/product\/75881","targetHints":{"allow":["GET"]}}],"collection":[{"href":"https:\/\/joyeriagordillo.com\/en\/wp-json\/wp\/v2\/product"}],"about":[{"href":"https:\/\/joyeriagordillo.com\/en\/wp-json\/wp\/v2\/types\/product"}],"version-history":[{"count":0,"href":"https:\/\/joyeriagordillo.com\/en\/wp-json\/wp\/v2\/product\/75881\/revisions"}],"wp:featuredmedia":[{"embeddable":true,"href":"https:\/\/joyeriagordillo.com\/en\/wp-json\/wp\/v2\/media\/75883"}],"wp:attachment":[{"href":"https:\/\/joyeriagordillo.com\/en\/wp-json\/wp\/v2\/media?parent=75881"}],"wp:term":[{"taxonomy":"product_brand","embeddable":true,"href":"https:\/\/joyeriagordillo.com\/en\/wp-json\/wp\/v2\/product_brand?post=75881"},{"taxonomy":"product_cat","embeddable":true,"href":"https:\/\/joyeriagordillo.com\/en\/wp-json\/wp\/v2\/product_cat?post=75881"},{"taxonomy":"product_tag","embeddable":true,"href":"https:\/\/joyeriagordillo.com\/en\/wp-json\/wp\/v2\/product_tag?post=75881"}],"curies":[{"name":"wp","href":"https:\/\/api.w.org\/{rel}","templated":true}]}}