{"id":7627,"date":"2025-02-04T20:50:06","date_gmt":"2025-02-04T20:50:06","guid":{"rendered":"https:\/\/joyeriagordillo.com\/?post_type=product&#038;p=7627"},"modified":"2025-06-20T12:08:38","modified_gmt":"2025-06-20T11:08:38","slug":"media-alianza-de-oro-blanco-y-zafiros","status":"publish","type":"product","link":"https:\/\/joyeriagordillo.com\/en\/producto\/media-alianza-de-oro-blanco-y-zafiros\/","title":{"rendered":"White gold and sapphire half wedding ring"},"content":{"rendered":"<p>Explora la elegancia atemporal con nuestra exquisita Media Alianza de Oro Blanco y Zafiros, una joya que encarna la belleza cl\u00e1sica y la modernidad refinada. El oro blanco, con su tono sofisticado y atemporal, proporciona el escenario perfecto para realzar la deslumbrante luminosidad de los zafiros que adornan esta media alianza.<\/p>\n<h2>Unique designs at Gordillo Jewellery<\/h2>\n<p>El dise\u00f1o de esta Media alianza de oro blanco y zafiros es una celebraci\u00f3n de la armon\u00eda entre lo tradicional y lo contempor\u00e1neo. La media alianza, cuidadosamente elaborada en oro blanco, presenta una disposici\u00f3n equilibrada de zafiros que captura la esencia de la elegancia y la simplicidad refinada. Cada zafiro, con su profundo tono azul, aporta un toque de color y distinci\u00f3n a la joya, creando un contraste cautivador con el brillo del oro blanco.<\/p>\n<p>La elecci\u00f3n del oro blanco no solo es est\u00e9ticamente impactante, sino que tambi\u00e9n simboliza la pureza y la eternidad del compromiso. La suavidad del oro blanco se une de manera perfecta con la firmeza de los zafiros, creando una pieza que refleja la fuerza de los v\u00ednculos especiales y la promesa de un amor duradero.<\/p>\n<h2>Marca tu estilo con joyas<\/h2>\n<p>Esta media alianza no solo es un s\u00edmbolo de compromiso, sino tambi\u00e9n una declaraci\u00f3n de estilo. Su perfil delgado y elegante la convierte en la elecci\u00f3n ideal para complementar tu estilo diario o para a\u00f1adir un toque de sofisticaci\u00f3n a una ocasi\u00f3n especial. La versatilidad de esta joya permite que se use sola para un look discreto o se combine con otras piezas para crear un conjunto m\u00e1s audaz.<\/p>\n<p>Cada detalle de esta Media Alianza de Oro Blanco y Zafiros ha sido trabajado con precisi\u00f3n por artesanos expertos, garantizando no solo su belleza visual, sino tambi\u00e9n su durabilidad y calidad duradera. Descubre la magia de esta joya \u00fanica y deja que tu estilo brille con la luz suave de los zafiros en una media alianza que trasciende el tiempo y la moda.<\/p>","protected":false},"excerpt":{"rendered":"<p>Media alianza de oro blanco y zafiros. Realizada en oro de 18 quilates. Cl\u00e1sica y elegante <strong data-start=\"220\" data-end=\"256\">media alianza con zafiros azules<\/strong> montada en oro blanco, con 7 zafiros naturales que suman 2.06CT. Un dise\u00f1o atemporal con un toque vibrante de color y distinci\u00f3n.<\/p>","protected":false},"featured_media":7643,"template":"","meta":{"_acf_changed":false},"product_brand":[],"product_cat":[112,45,704,207,111,32],"product_tag":[1170],"class_list":{"0":"post-7627","1":"product","2":"type-product","3":"status-publish","4":"has-post-thumbnail","6":"product_cat-caractergordillo","7":"product_cat-anillos-de-oro","8":"product_cat-anillos-oro-blanco","9":"product_cat-anillos-zafiros","10":"product_cat-colecciones-propias","11":"product_cat-joyas","12":"product_tag-oro-blanco-con-zafiros","14":"first","15":"instock","16":"taxable","17":"shipping-taxable","18":"purchasable","19":"product-type-variable","20":"has-default-attributes"},"acf":[],"df_price":1450,"df_sale_price":"","df_regular_price":1450,"df_image_link":"https:\/\/joyeriagordillo.com\/wp-content\/uploads\/2025\/02\/Sortija-OB-y-7-zafiros_1-1-300x300.jpg","_links":{"self":[{"href":"https:\/\/joyeriagordillo.com\/en\/wp-json\/wp\/v2\/product\/7627","targetHints":{"allow":["GET"]}}],"collection":[{"href":"https:\/\/joyeriagordillo.com\/en\/wp-json\/wp\/v2\/product"}],"about":[{"href":"https:\/\/joyeriagordillo.com\/en\/wp-json\/wp\/v2\/types\/product"}],"version-history":[{"count":0,"href":"https:\/\/joyeriagordillo.com\/en\/wp-json\/wp\/v2\/product\/7627\/revisions"}],"wp:featuredmedia":[{"embeddable":true,"href":"https:\/\/joyeriagordillo.com\/en\/wp-json\/wp\/v2\/media\/7643"}],"wp:attachment":[{"href":"https:\/\/joyeriagordillo.com\/en\/wp-json\/wp\/v2\/media?parent=7627"}],"wp:term":[{"taxonomy":"product_brand","embeddable":true,"href":"https:\/\/joyeriagordillo.com\/en\/wp-json\/wp\/v2\/product_brand?post=7627"},{"taxonomy":"product_cat","embeddable":true,"href":"https:\/\/joyeriagordillo.com\/en\/wp-json\/wp\/v2\/product_cat?post=7627"},{"taxonomy":"product_tag","embeddable":true,"href":"https:\/\/joyeriagordillo.com\/en\/wp-json\/wp\/v2\/product_tag?post=7627"}],"curies":[{"name":"wp","href":"https:\/\/api.w.org\/{rel}","templated":true}]}}