{"id":764,"date":"2025-02-04T19:21:40","date_gmt":"2025-02-04T19:21:40","guid":{"rendered":"https:\/\/joyeriagordillo.com\/?post_type=product&#038;p=764"},"modified":"2026-04-23T17:29:41","modified_gmt":"2026-04-23T16:29:41","slug":"omega-constellation-manhattan-con-brillantes","status":"publish","type":"product","link":"https:\/\/joyeriagordillo.com\/en\/producto\/omega-constellation-manhattan-con-brillantes\/","title":{"rendered":"Omega Constellation Manhattan con brillantes"},"content":{"rendered":"<p>Sum\u00e9rgete en la esencia de la elegancia atemporal con el Reloj Omega Constellation Manhattan con Brillantes. Este exquisito reloj de 28 mm fusiona la artesan\u00eda excepcional con la innovaci\u00f3n contempor\u00e1nea, llevando consigo el legado distintivo de la colecci\u00f3n Constellation.<\/p>\n<p>La caja, elaborada en oro Sedna\u2122 de 18 quilates y acero noble, resplandece con la presencia imponente de las ic\u00f3nicas garras de Constellation y un bisel adornado con n\u00fameros romanos grabados. La esfera, un lienzo de n\u00e1car blanco, se transforma en una obra de arte con diamantes que act\u00faan como \u00edndices horarios, a\u00f1adiendo un toque de luminosidad y sofisticaci\u00f3n.<\/p>\n<p>Cada detalle de este reloj est\u00e1 cuidadosamente dise\u00f1ado para reflejar la excelencia suiza. Las agujas, el logotipo OMEGA, la estrella Constellation y los engastes de diamantes son de oro Sedna\u2122 de 18 quilates, creando una armon\u00eda perfecta con la caja y el brazalete \u00abmono-rang\u00bb. El cristal de zafiro resistente a los ara\u00f1azos protege esta obra maestra, garantizando una claridad duradera.<\/p>\n<p>En su n\u00facleo late el calibre OMEGA 4061, un movimiento preciso y confiable que impulsa las funciones de este reloj con gracia y exactitud. El medall\u00f3n del Observatorio Constellation estampado en el fondo de caja rinde homenaje a la herencia relojera de OMEGA.<\/p>\n<p>Ya sea que lo uses en ocasiones especiales o en tu d\u00eda a d\u00eda, el Reloj Omega Constellation Manhattan con Brillantes personifica la elegancia refinada. Celebra la tradici\u00f3n y la modernidad con esta joya que refleja el arte y la precisi\u00f3n suiza en cada centelleo de diamante y cada detalle sofisticado. Con Constellation, lleva la excelencia en tu mu\u00f1eca y deja una impresi\u00f3n duradera.<\/p>","protected":false},"excerpt":{"rendered":"<p>Reloj Omega Constellation Manhattan con brillantes de 28mm.<\/p>","protected":false},"featured_media":811,"template":"","meta":{"_acf_changed":false},"product_brand":[1453],"product_cat":[195,182,47],"product_tag":[],"class_list":{"0":"post-764","1":"product","2":"type-product","3":"status-publish","4":"has-post-thumbnail","6":"product_brand-constellation","7":"product_cat-constellation","8":"product_cat-omega","9":"product_cat-relojes","11":"first","12":"outofstock","13":"purchasable","14":"product-type-simple"},"acf":[],"df_price":7500,"df_sale_price":"","df_regular_price":7500,"df_image_link":"https:\/\/joyeriagordillo.com\/wp-content\/uploads\/2025\/02\/products-131.20.28.60.55.001-300x300.jpg","_links":{"self":[{"href":"https:\/\/joyeriagordillo.com\/en\/wp-json\/wp\/v2\/product\/764","targetHints":{"allow":["GET"]}}],"collection":[{"href":"https:\/\/joyeriagordillo.com\/en\/wp-json\/wp\/v2\/product"}],"about":[{"href":"https:\/\/joyeriagordillo.com\/en\/wp-json\/wp\/v2\/types\/product"}],"version-history":[{"count":1,"href":"https:\/\/joyeriagordillo.com\/en\/wp-json\/wp\/v2\/product\/764\/revisions"}],"predecessor-version":[{"id":87103,"href":"https:\/\/joyeriagordillo.com\/en\/wp-json\/wp\/v2\/product\/764\/revisions\/87103"}],"wp:featuredmedia":[{"embeddable":true,"href":"https:\/\/joyeriagordillo.com\/en\/wp-json\/wp\/v2\/media\/811"}],"wp:attachment":[{"href":"https:\/\/joyeriagordillo.com\/en\/wp-json\/wp\/v2\/media?parent=764"}],"wp:term":[{"taxonomy":"product_brand","embeddable":true,"href":"https:\/\/joyeriagordillo.com\/en\/wp-json\/wp\/v2\/product_brand?post=764"},{"taxonomy":"product_cat","embeddable":true,"href":"https:\/\/joyeriagordillo.com\/en\/wp-json\/wp\/v2\/product_cat?post=764"},{"taxonomy":"product_tag","embeddable":true,"href":"https:\/\/joyeriagordillo.com\/en\/wp-json\/wp\/v2\/product_tag?post=764"}],"curies":[{"name":"wp","href":"https:\/\/api.w.org\/{rel}","templated":true}]}}