{"id":76482,"date":"2025-06-06T17:37:15","date_gmt":"2025-06-06T16:37:15","guid":{"rendered":"https:\/\/joyeriagordillo.com\/?post_type=product&#038;p=76482"},"modified":"2026-01-08T13:28:17","modified_gmt":"2026-01-08T12:28:17","slug":"hamilton-american-classic-intra-matic","status":"publish","type":"product","link":"https:\/\/joyeriagordillo.com\/en\/producto\/hamilton-american-classic-intra-matic\/","title":{"rendered":"Hamilton American Classic Intra-Matic Auto"},"content":{"rendered":"<p data-start=\"270\" data-end=\"426\"><span class=\"relative -mx-px my-[-0.2rem] rounded px-px py-[0.2rem] transition-colors duration-100 ease-in-out\">El <strong data-start=\"3\" data-end=\"56\">Hamilton American Classic Intra-Matic Auto Chrono<\/strong> es una reinterpretaci\u00f3n moderna de una pieza emblem\u00e1tica de 1968, que ofrece un aspecto cl\u00e1sico y deportivo.<\/span> <span class=\"relative -mx-px my-[-0.2rem] rounded px-px py-[0.2rem] transition-colors duration-100 ease-in-out\">Su estilo aut\u00e9ntico de los a\u00f1os 60 y su movimiento autom\u00e1tico exclusivo H-31 hacen de su esfera \u00abpanda\u00bb un distintivo reclamo.<\/span><\/p>\n<h2 data-start=\"428\" data-end=\"481\">Materiales de alta calidad y detalles funcionales<\/h2>\n<p data-start=\"483\" data-end=\"601\"><span class=\"relative -mx-px my-[-0.2rem] rounded px-px py-[0.2rem] transition-colors duration-100 ease-in-out\">La caja de <strong data-start=\"11\" data-end=\"40\">acero inoxidable de 40 mm<\/strong> alberga una <strong data-start=\"53\" data-end=\"93\">esfera azul con subesferas plateadas<\/strong>, garantizando una legibilidad \u00f3ptima en cualquier condici\u00f3n.<\/span> <span class=\"relative -mx-px my-[-0.2rem] rounded px-px py-[0.2rem] transition-colors duration-100 ease-in-out\">El cristal de zafiro resistente a los ara\u00f1azos protege la esfera, mientras que la correa de <strong data-start=\"92\" data-end=\"107\">piel marr\u00f3n<\/strong> con hebilla asegura un ajuste c\u00f3modo y seguro.<\/span><\/p>\n<h3 data-start=\"603\" data-end=\"639\">Movimiento autom\u00e1tico suizo H-31<\/h3>\n<p data-start=\"641\" data-end=\"759\"><span class=\"relative -mx-px my-[-0.2rem] rounded px-px py-[0.2rem] transition-colors duration-100 ease-in-out\">En su interior, el reloj alberga un <strong data-start=\"36\" data-end=\"72\">movimiento autom\u00e1tico suizo H-31<\/strong>, que ofrece una <strong data-start=\"89\" data-end=\"122\">reserva de marcha de 60 horas<\/strong> y una precisi\u00f3n excepcional.<\/span> <span class=\"relative -mx-px my-[-0.2rem] rounded px-px py-[0.2rem] transition-colors duration-100 ease-in-out\">Este calibre garantiza una fiabilidad excepcional, reflejando la excelencia de la relojer\u00eda suiza.<\/span><\/p>\n<h3 data-start=\"761\" data-end=\"790\">Especificaciones t\u00e9cnicas<\/h3>\n<ul data-start=\"792\" data-end=\"1220\">\n<li data-start=\"792\" data-end=\"843\">\n<p data-start=\"794\" data-end=\"843\"><strong data-start=\"794\" data-end=\"802\">Caja<\/strong>: <span class=\"relative -mx-px my-[-0.2rem] rounded px-px py-[0.2rem] transition-colors duration-100 ease-in-out\">Acero inoxidable, 40 mm de di\u00e1metro<\/span><\/p>\n<\/li>\n<li data-start=\"844\" data-end=\"901\">\n<p data-start=\"846\" data-end=\"901\"><strong data-start=\"846\" data-end=\"860\">Movimiento<\/strong>: <span class=\"relative -mx-px my-[-0.2rem] rounded px-px py-[0.2rem] transition-colors duration-100 ease-in-out\">Autom\u00e1tico suizo H-31<\/span><\/p>\n<\/li>\n<li data-start=\"902\" data-end=\"958\">\n<p data-start=\"904\" data-end=\"958\"><strong data-start=\"904\" data-end=\"917\">Funciones<\/strong>: <span class=\"relative -mx-px my-[-0.2rem] rounded px-px py-[0.2rem] transition-colors duration-100 ease-in-out\">Horas, minutos, segundos, cron\u00f3grafo y fecha<\/span><\/p>\n<\/li>\n<li data-start=\"959\" data-end=\"1012\">\n<p data-start=\"961\" data-end=\"1012\"><strong data-start=\"961\" data-end=\"971\">Esfera<\/strong>: <span class=\"relative -mx-px my-[-0.2rem] rounded px-px py-[0.2rem] transition-colors duration-100 ease-in-out\">Azul con subesferas plateadas, \u00edndices aplicados<\/span><\/p>\n<\/li>\n<li data-start=\"1013\" data-end=\"1067\">\n<p data-start=\"1015\" data-end=\"1067\"><strong data-start=\"1015\" data-end=\"1026\">Cristal<\/strong>: <span class=\"relative -mx-px my-[-0.2rem] rounded px-px py-[0.2rem] transition-colors duration-100 ease-in-out\">Zafiro resistente a los ara\u00f1azos<\/span><\/p>\n<\/li>\n<li data-start=\"1068\" data-end=\"1121\">\n<p data-start=\"1070\" data-end=\"1121\"><strong data-start=\"1070\" data-end=\"1080\">Correa<\/strong>: <span class=\"relative -mx-px my-[-0.2rem] rounded px-px py-[0.2rem] transition-colors duration-100 ease-in-out\">Piel marr\u00f3n con hebilla<\/span><\/p>\n<\/li>\n<li data-start=\"1122\" data-end=\"1220\">\n<p data-start=\"1124\" data-end=\"1220\"><strong data-start=\"1124\" data-end=\"1140\">Hermeticidad<\/strong>: <span class=\"relative -mx-px my-[-0.2rem] rounded px-px py-[0.2rem] transition-colors duration-100 ease-in-out\">100 metros (10 ATM)<\/span><\/p>\n<\/li>\n<\/ul>\n<h3 data-start=\"1222\" data-end=\"1256\">Disponible en Joyer\u00eda Gordillo<\/h3>\n<p data-start=\"1258\" data-end=\"1376\"><span class=\"relative -mx-px my-[-0.2rem] rounded px-px py-[0.2rem] transition-colors duration-100 ease-in-out\">En Joyer\u00eda Gordillo, nos enorgullece ofrecer piezas que combinan historia, dise\u00f1o y precisi\u00f3n.<\/span> <span class=\"relative -mx-px my-[-0.2rem] rounded px-px py-[0.2rem] transition-colors duration-100 ease-in-out\">El <strong data-start=\"3\" data-end=\"56\">Hamilton American Classic Intra-Matic Auto Chrono<\/strong> es una muestra de la maestr\u00eda relojera que honra las ra\u00edces culturales y la innovaci\u00f3n t\u00e9cnica.<\/span><\/p>\n<p data-start=\"1378\" data-end=\"1456\"><span class=\"relative -mx-px my-[-0.2rem] rounded px-px py-[0.2rem] transition-colors duration-100 ease-in-out\">Descubre m\u00e1s sobre este modelo y otros de la colecci\u00f3n American Classic en nuestra <a href=\"https:\/\/joyeriagordillo.com\/marcas\/hamilton\/\" target=\"_new\" rel=\"noopener noreferrer\" data-start=\"83\" data-end=\"158\">secci\u00f3n dedicada a Hamilton<\/a>.<\/span><\/p>\n<h2 data-start=\"1458\" data-end=\"1490\">Reconocimiento internacional<\/h2>\n<p data-start=\"1492\" data-end=\"1610\"><span class=\"relative -mx-px my-[-0.2rem] rounded px-px py-[0.2rem] transition-colors duration-100 ease-in-out\">El <strong data-start=\"3\" data-end=\"47\">American Classic Intra-Matic Auto Chrono<\/strong> ha sido destacado por expertos en relojer\u00eda por su combinaci\u00f3n de dise\u00f1o elegante y movimiento de alta calidad.<\/span> <span class=\"relative -mx-px my-[-0.2rem] rounded px-px py-[0.2rem] transition-colors duration-100 ease-in-out\">Su est\u00e9tica refinada y su herencia lo convierten en una pieza \u00fanica en el mundo de la relojer\u00eda.<\/span><\/p>\n<p data-start=\"1612\" data-end=\"1690\"><span class=\"relative -mx-px my-[-0.2rem] rounded px-px py-[0.2rem] transition-colors duration-100 ease-in-out\">Con el <strong data-start=\"7\" data-end=\"60\">Hamilton American Classic Intra-Matic Auto Chrono<\/strong>, llevas en tu mu\u00f1eca una historia de innovaci\u00f3n, precisi\u00f3n y excelencia relojera.<\/span><\/p>\n","protected":false},"excerpt":{"rendered":"<p>The <strong data-start=\"3\" data-end=\"56\">Hamilton American Classic Intra-Matic Auto Chrono<\/strong> combina dise\u00f1o vintage y tecnolog\u00eda moderna en una caja de acero inoxidable de 40 mm, con esfera azul y subesferas plateadas, movimiento autom\u00e1tico suizo H-31, ofreciendo una reserva de marcha de 60 horas y resistencia al agua hasta 100 metros.<\/p>","protected":false},"featured_media":76485,"template":"","meta":{"_acf_changed":false},"product_brand":[1119],"product_cat":[47,134],"product_tag":[],"class_list":{"0":"post-76482","1":"product","2":"type-product","3":"status-publish","4":"has-post-thumbnail","6":"product_brand-hamilton","7":"product_cat-relojes","8":"product_cat-hamilton","10":"first","11":"outofstock","12":"taxable","13":"shipping-taxable","14":"purchasable","15":"product-type-simple"},"acf":[],"df_price":2445,"df_sale_price":"","df_regular_price":2445,"df_image_link":"https:\/\/joyeriagordillo.com\/wp-content\/uploads\/2025\/06\/h38416541-300x300.avif","_links":{"self":[{"href":"https:\/\/joyeriagordillo.com\/en\/wp-json\/wp\/v2\/product\/76482","targetHints":{"allow":["GET"]}}],"collection":[{"href":"https:\/\/joyeriagordillo.com\/en\/wp-json\/wp\/v2\/product"}],"about":[{"href":"https:\/\/joyeriagordillo.com\/en\/wp-json\/wp\/v2\/types\/product"}],"version-history":[{"count":1,"href":"https:\/\/joyeriagordillo.com\/en\/wp-json\/wp\/v2\/product\/76482\/revisions"}],"predecessor-version":[{"id":85434,"href":"https:\/\/joyeriagordillo.com\/en\/wp-json\/wp\/v2\/product\/76482\/revisions\/85434"}],"wp:featuredmedia":[{"embeddable":true,"href":"https:\/\/joyeriagordillo.com\/en\/wp-json\/wp\/v2\/media\/76485"}],"wp:attachment":[{"href":"https:\/\/joyeriagordillo.com\/en\/wp-json\/wp\/v2\/media?parent=76482"}],"wp:term":[{"taxonomy":"product_brand","embeddable":true,"href":"https:\/\/joyeriagordillo.com\/en\/wp-json\/wp\/v2\/product_brand?post=76482"},{"taxonomy":"product_cat","embeddable":true,"href":"https:\/\/joyeriagordillo.com\/en\/wp-json\/wp\/v2\/product_cat?post=76482"},{"taxonomy":"product_tag","embeddable":true,"href":"https:\/\/joyeriagordillo.com\/en\/wp-json\/wp\/v2\/product_tag?post=76482"}],"curies":[{"name":"wp","href":"https:\/\/api.w.org\/{rel}","templated":true}]}}