{"id":7650,"date":"2025-02-04T20:50:19","date_gmt":"2025-02-04T20:50:19","guid":{"rendered":"https:\/\/joyeriagordillo.com\/?post_type=product&#038;p=7650"},"modified":"2025-06-20T12:09:36","modified_gmt":"2025-06-20T11:09:36","slug":"pendientes-roseta-en-oro-rosa","status":"publish","type":"product","link":"https:\/\/joyeriagordillo.com\/en\/producto\/pendientes-roseta-en-oro-rosa\/","title":{"rendered":"Rose gold rosette earrings"},"content":{"rendered":"<p><span>Sum\u00e9rgete en la opulencia y la elegancia con nuestros deslumbrantes pendientes roseta en oro rosa, adornados con la atemporal combinaci\u00f3n de diamantes negros y blancos. Estas exquisitas joyas est\u00e1n dise\u00f1adas para elevar tu estilo a nuevas alturas, fusionando la belleza cl\u00e1sica con un toque moderno y audaz.<\/span><\/p>\n<p><span>Cada par de pendientes es una obra maestra de artesan\u00eda, elaborada con esmero en oro rosa de 18 quilates. Este metal precioso no solo aporta un brillo c\u00e1lido y rom\u00e1ntico, sino que tambi\u00e9n sirve como el lienzo perfecto para realzar el brillo de los diamantes que adornan estos pendientes \u00fanicos.<\/span><\/p>\n<p><span>El dise\u00f1o de roseta, con diamantes blancos centrales rodeados por un halo de diamantes negros, crea un impacto visual extraordinario. Los diamantes blancos, con su resplandor puro y radiante, son el epicentro de estas joyas, atrayendo la atenci\u00f3n con un brillo deslumbrante. La elegante disposici\u00f3n de diamantes negros que rodean la gema central agrega un toque de misterio y sofisticaci\u00f3n, creando un contraste visual impresionante.<\/span><\/p>\n<p><span>La atenci\u00f3n meticulosa al detalle se refleja en la calidad de los diamantes utilizados en estos pendientes. La combinaci\u00f3n armoniosa de diamantes negros y blancos no solo resalta la artesan\u00eda excepcional, sino que tambi\u00e9n evoca un sentido de estilo audaz y vanguardista. La disposici\u00f3n cuidadosa de los diamantes crea una roseta \u00fanica que captura la luz de manera fascinante, haciendo que estos pendientes sean el foco de todas las miradas.<\/span><\/p>\n<p><span>Ya sea para una ocasi\u00f3n especial o simplemente para agregar un toque de lujo a tu estilo diario, estos pendientes de roseta son la elecci\u00f3n perfecta. Su dise\u00f1o vers\u00e1til y llamativo los convierte en la joya ideal para complementar cualquier atuendo, desde el casual hasta el m\u00e1s elegante.<\/span><\/p>\n<p><span>Con estos Pendientes roseta en oro rosa , no solo est\u00e1s adquiriendo una joya, sino una expresi\u00f3n tangible de estilo y refinamiento. Eleva tu presencia con estos pendientes roseta en oro rosa, una fusi\u00f3n perfecta de tradici\u00f3n y modernidad que te acompa\u00f1ar\u00e1 con elegancia en todas tus experiencias memorables.<\/span><\/p>","protected":false},"excerpt":{"rendered":"<p>Pendientes roseta en oro rosa con diamantes negros y diamantes blancos. Realizados en oro de 18 quilates y los diamantes presentan: 0.14ct los diamantes blancos y 0.23ct los diamantes negros<\/p>","protected":false},"featured_media":7682,"template":"","meta":{"_acf_changed":false},"product_brand":[],"product_cat":[32,706,56,707],"product_tag":[1238,1229],"class_list":{"0":"post-7650","1":"product","2":"type-product","3":"status-publish","4":"has-post-thumbnail","6":"product_cat-joyas","7":"product_cat-pendientes-con-diamantes","8":"product_cat-pendientes-de-oro","9":"product_cat-pendientes-de-oro-rosa","10":"product_tag-oro-rosa-con-diamante","11":"product_tag-oro-rosa-con-diamante-fancy","13":"first","14":"instock","15":"taxable","16":"shipping-taxable","17":"purchasable","18":"product-type-simple"},"acf":[],"df_price":950,"df_sale_price":"","df_regular_price":950,"df_image_link":"https:\/\/joyeriagordillo.com\/wp-content\/uploads\/2025\/02\/121-023516_1-300x300.jpg","_links":{"self":[{"href":"https:\/\/joyeriagordillo.com\/en\/wp-json\/wp\/v2\/product\/7650","targetHints":{"allow":["GET"]}}],"collection":[{"href":"https:\/\/joyeriagordillo.com\/en\/wp-json\/wp\/v2\/product"}],"about":[{"href":"https:\/\/joyeriagordillo.com\/en\/wp-json\/wp\/v2\/types\/product"}],"version-history":[{"count":0,"href":"https:\/\/joyeriagordillo.com\/en\/wp-json\/wp\/v2\/product\/7650\/revisions"}],"wp:featuredmedia":[{"embeddable":true,"href":"https:\/\/joyeriagordillo.com\/en\/wp-json\/wp\/v2\/media\/7682"}],"wp:attachment":[{"href":"https:\/\/joyeriagordillo.com\/en\/wp-json\/wp\/v2\/media?parent=7650"}],"wp:term":[{"taxonomy":"product_brand","embeddable":true,"href":"https:\/\/joyeriagordillo.com\/en\/wp-json\/wp\/v2\/product_brand?post=7650"},{"taxonomy":"product_cat","embeddable":true,"href":"https:\/\/joyeriagordillo.com\/en\/wp-json\/wp\/v2\/product_cat?post=7650"},{"taxonomy":"product_tag","embeddable":true,"href":"https:\/\/joyeriagordillo.com\/en\/wp-json\/wp\/v2\/product_tag?post=7650"}],"curies":[{"name":"wp","href":"https:\/\/api.w.org\/{rel}","templated":true}]}}