{"id":78327,"date":"2025-07-01T17:11:46","date_gmt":"2025-07-01T16:11:46","guid":{"rendered":"https:\/\/joyeriagordillo.com\/?post_type=product&#038;p=78327"},"modified":"2025-08-13T19:16:36","modified_gmt":"2025-08-13T18:16:36","slug":"montblanc-1858-automatic-date","status":"publish","type":"product","link":"https:\/\/joyeriagordillo.com\/en\/producto\/montblanc-1858-automatic-date\/","title":{"rendered":"Montblanc 1858 Automatic Date"},"content":{"rendered":"<p data-start=\"353\" data-end=\"511\"><span class=\"relative -mx-px my-[-0.2rem] rounded px-px py-[0.2rem] transition-colors duration-100 ease-in-out\">El <strong data-start=\"3\" data-end=\"59\">Montblanc 1858 Automatic Date 0 Oxygen (ref. 134339)<\/strong> es una expresi\u00f3n de la relojer\u00eda suiza que equilibra funcionalidad y dise\u00f1o atemporal.<\/span> <span class=\"relative -mx-px my-[-0.2rem] rounded px-px py-[0.2rem] transition-colors duration-100 ease-in-out\">Este modelo, parte de la colecci\u00f3n 1858, se destaca por su precisi\u00f3n y robustez, caracter\u00edsticas que han definido a esta l\u00ednea desde su introducci\u00f3n.<\/span><\/p>\n<h2 data-start=\"513\" data-end=\"561\">Dise\u00f1o elegante y materiales de alta calidad<\/h2>\n<p data-start=\"563\" data-end=\"801\"><span class=\"relative -mx-px my-[-0.2rem] rounded px-px py-[0.2rem] transition-colors duration-100 ease-in-out\">La caja de <strong data-start=\"11\" data-end=\"20\">41 mm<\/strong> est\u00e1 fabricada en <strong data-start=\"39\" data-end=\"49\">bronce<\/strong>, conocido por su resistencia a la corrosi\u00f3n y durabilidad.<\/span> <span class=\"relative -mx-px my-[-0.2rem] rounded px-px py-[0.2rem] transition-colors duration-100 ease-in-out\">La <strong data-start=\"3\" data-end=\"28\">esfera marr\u00f3n Sfumato<\/strong> presenta n\u00fameros \u00e1rabes luminiscentes chapados en oro rosa, que garantizan una excelente legibilidad.<\/span> <span class=\"relative -mx-px my-[-0.2rem] rounded px-px py-[0.2rem] transition-colors duration-100 ease-in-out\">El <strong data-start=\"3\" data-end=\"24\">cristal de zafiro<\/strong> resistente a los ara\u00f1azos con tratamiento antirreflejos en ambas caras ofrece una protecci\u00f3n superior, manteniendo la claridad y el brillo del reloj a lo largo del tiempo.<\/span> <span class=\"relative -mx-px my-[-0.2rem] rounded px-px py-[0.2rem] transition-colors duration-100 ease-in-out\">El dise\u00f1o se completa con un bisel fijo con inserci\u00f3n de cer\u00e1mica marr\u00f3n y puntos cardinales luminiscentes, y una correa de piel de becerro marr\u00f3n Sfumato intercambiable con costura beige.<\/span><\/p>\n<h3 data-start=\"803\" data-end=\"850\">Movimiento autom\u00e1tico suizo y funcionalidad<\/h3>\n<p data-start=\"852\" data-end=\"1090\"><span class=\"relative -mx-px my-[-0.2rem] rounded px-px py-[0.2rem] transition-colors duration-100 ease-in-out\">Equipado con el <strong data-start=\"16\" data-end=\"36\">calibre MB 24.17<\/strong>, un movimiento autom\u00e1tico suizo, este reloj <strong data-start=\"3\" data-end=\"59\">Montblanc 1858 Automatic Date<\/strong> asegura una medici\u00f3n del tiempo precisa y fiable.<\/span> <span class=\"relative -mx-px my-[-0.2rem] rounded px-px py-[0.2rem] transition-colors duration-100 ease-in-out\">Ofrece una <strong data-start=\"11\" data-end=\"44\">reserva de marcha de 38 horas<\/strong> y resistencia a campos magn\u00e9ticos.<\/span> <span class=\"relative -mx-px my-[-0.2rem] rounded px-px py-[0.2rem] transition-colors duration-100 ease-in-out\">Incluye funciones de <strong data-start=\"21\" data-end=\"57\">horas, minutos, segundos y fecha<\/strong>, con una ventana de fecha ubicada a las 3 en punto.<\/span> <span class=\"relative -mx-px my-[-0.2rem] rounded px-px py-[0.2rem] transition-colors duration-100 ease-in-out\">La resistencia al agua de hasta <strong data-start=\"32\" data-end=\"55\">100 metros (10 ATM)<\/strong> permite su uso en actividades al aire libre como la nataci\u00f3n y el senderismo.<\/span><\/p>\n<h3 data-start=\"1092\" data-end=\"1121\">Comodidad y adaptabilidad<\/h3>\n<p data-start=\"1123\" data-end=\"1321\"><span class=\"relative -mx-px my-[-0.2rem] rounded px-px py-[0.2rem] transition-colors duration-100 ease-in-out\">El <strong data-start=\"3\" data-end=\"50\">brazalete de piel de becerro marr\u00f3n Sfumato<\/strong> cuenta con un <strong data-start=\"65\" data-end=\"87\">cierre desplegable<\/strong> que proporciona seguridad y comodidad al usuario.<\/span> <span class=\"relative -mx-px my-[-0.2rem] rounded px-px py-[0.2rem] transition-colors duration-100 ease-in-out\">Con un grosor de <strong data-start=\"17\" data-end=\"28\">11.3 mm<\/strong>, este reloj ofrece una presencia elegante y discreta en la mu\u00f1eca.<\/span> <span class=\"relative -mx-px my-[-0.2rem] rounded px-px py-[0.2rem] transition-colors duration-100 ease-in-out\">El fondo de la caja presenta el grabado especial \u00abSpirit of Exploration\u00bb, a\u00f1adiendo un toque de sofisticaci\u00f3n.<\/span><\/p>\n<h3 data-start=\"1323\" data-end=\"1353\">Especificaciones t\u00e9cnicas:<\/h3>\n<ul data-start=\"1355\" data-end=\"2006\">\n<li data-start=\"1355\" data-end=\"1412\">\n<p data-start=\"1357\" data-end=\"1412\"><strong data-start=\"1357\" data-end=\"1372\">Referencia:<\/strong> <span class=\"relative -mx-px my-[-0.2rem] rounded px-px py-[0.2rem] transition-colors duration-100 ease-in-out\">134339<\/span><\/p>\n<\/li>\n<li data-start=\"1413\" data-end=\"1470\">\n<p data-start=\"1415\" data-end=\"1470\"><strong data-start=\"1415\" data-end=\"1430\">Movimiento:<\/strong> <span class=\"relative -mx-px my-[-0.2rem] rounded px-px py-[0.2rem] transition-colors duration-100 ease-in-out\">Autom\u00e1tico suizo (calibre MB 24.17)<\/span><\/p>\n<\/li>\n<li data-start=\"1471\" data-end=\"1522\">\n<p data-start=\"1473\" data-end=\"1522\"><strong data-start=\"1473\" data-end=\"1482\">Caja:<\/strong> <span class=\"relative -mx-px my-[-0.2rem] rounded px-px py-[0.2rem] transition-colors duration-100 ease-in-out\">Bronce, 41 mm de di\u00e1metro<\/span><\/p>\n<\/li>\n<li data-start=\"1523\" data-end=\"1577\">\n<p data-start=\"1525\" data-end=\"1577\"><strong data-start=\"1525\" data-end=\"1537\">Cristal:<\/strong> <span class=\"relative -mx-px my-[-0.2rem] rounded px-px py-[0.2rem] transition-colors duration-100 ease-in-out\">Zafiro resistente a los ara\u00f1azos con tratamiento antirreflejos en ambas caras<\/span><\/p>\n<\/li>\n<li data-start=\"1578\" data-end=\"1631\">\n<p data-start=\"1580\" data-end=\"1631\"><strong data-start=\"1580\" data-end=\"1591\">Esfera:<\/strong> <span class=\"relative -mx-px my-[-0.2rem] rounded px-px py-[0.2rem] transition-colors duration-100 ease-in-out\">Marr\u00f3n Sfumato con n\u00fameros \u00e1rabes luminiscentes chapados en oro rosa<\/span><\/p>\n<\/li>\n<li data-start=\"1632\" data-end=\"1698\">\n<p data-start=\"1634\" data-end=\"1698\"><strong data-start=\"1634\" data-end=\"1658\">Resistencia al agua:<\/strong> <span class=\"relative -mx-px my-[-0.2rem] rounded px-px py-[0.2rem] transition-colors duration-100 ease-in-out\">10 bar (100 metros \/ 330 pies)<\/span><\/p>\n<\/li>\n<li data-start=\"1699\" data-end=\"1755\">\n<p data-start=\"1701\" data-end=\"1755\"><strong data-start=\"1701\" data-end=\"1715\">Brazalete:<\/strong> <span class=\"relative -mx-px my-[-0.2rem] rounded px-px py-[0.2rem] transition-colors duration-100 ease-in-out\">Piel de becerro marr\u00f3n Sfumato con cierre desplegable<\/span><\/p>\n<\/li>\n<li data-start=\"1756\" data-end=\"1812\">\n<p data-start=\"1758\" data-end=\"1812\"><strong data-start=\"1758\" data-end=\"1772\">Funciones:<\/strong> <span class=\"relative -mx-px my-[-0.2rem] rounded px-px py-[0.2rem] transition-colors duration-100 ease-in-out\">Horas, minutos, segundos, fecha<\/span><\/p>\n<\/li>\n<li data-start=\"1813\" data-end=\"1866\">\n<p data-start=\"1815\" data-end=\"1866\"><strong data-start=\"1815\" data-end=\"1826\">Grosor:<\/strong> <span class=\"relative -mx-px my-[-0.2rem] rounded px-px py-[0.2rem] transition-colors duration-100 ease-in-out\">11.3 mm<\/span><\/p>\n<\/li>\n<li data-start=\"1867\" data-end=\"2006\">\n<p data-start=\"1869\" data-end=\"2006\"><strong data-start=\"1869\" data-end=\"1887\">Certificaci\u00f3n:<\/strong> <span class=\"relative -mx-px my-[-0.2rem] rounded px-px py-[0.2rem] transition-colors duration-100 ease-in-out\">Swiss Made<\/span><\/p>\n<\/li>\n<\/ul>\n<p data-start=\"2008\" data-end=\"2130\"><span class=\"relative -mx-px my-[-0.2rem] rounded px-px py-[0.2rem] transition-colors duration-100 ease-in-out\">El <strong data-start=\"3\" data-end=\"45\">Montblanc 1858 Automatic Date 0 Oxygen<\/strong> es una opci\u00f3n ideal para quienes buscan un reloj que combine la artesan\u00eda suiza con un dise\u00f1o elegante y funcionalidad moderna.<\/span> <span class=\"relative -mx-px my-[-0.2rem] rounded px-px py-[0.2rem] transition-colors duration-100 ease-in-out\">Su versatilidad lo hace adecuado tanto para el uso diario como para actividades al aire libre.<\/span><\/p>\n","protected":false},"excerpt":{"rendered":"<p><span class=\"relative -mx-px my-[-0.2rem] rounded px-px py-[0.2rem] transition-colors duration-100 ease-in-out\">El <strong data-start=\"3\" data-end=\"59\">Montblanc 1858 Automatic Date 0 Oxygen (ref. 134339)<\/strong> es un reloj suizo que combina elegancia y funcionalidad.<\/span> <span class=\"relative -mx-px my-[-0.2rem] rounded px-px py-[0.2rem] transition-colors duration-100 ease-in-out\">Con una caja de bronce de 41 mm completamente vac\u00eda de ox\u00edgeno, bisel fijo con inserci\u00f3n de cer\u00e1mica marr\u00f3n y puntos cardinales luminiscentes, y esfera marr\u00f3n Sfumato con n\u00fameros \u00e1rabes luminiscentes chapados en oro rosa, ofrece un dise\u00f1o sofisticado y vers\u00e1til.<\/span> <span class=\"relative -mx-px my-[-0.2rem] rounded px-px py-[0.2rem] transition-colors duration-100 ease-in-out\">Equipado con el calibre autom\u00e1tico MB 24.17, garantiza precisi\u00f3n y resistencia a campos magn\u00e9ticos.<\/span> <span class=\"relative -mx-px my-[-0.2rem] rounded px-px py-[0.2rem] transition-colors duration-100 ease-in-out\">Su resistencia al agua de 100 metros y cristal de zafiro antirreflejos lo hacen ideal para el uso diario y actividades al aire libre.<\/span> <span class=\"relative -mx-px my-[-0.2rem] rounded px-px py-[0.2rem] transition-colors duration-100 ease-in-out\">Un reloj que refleja la excelencia de la relojer\u00eda suiza.<\/span><\/p>\n","protected":false},"featured_media":78328,"template":"","meta":{"_acf_changed":false},"product_brand":[1141],"product_cat":[54],"product_tag":[],"class_list":{"0":"post-78327","1":"product","2":"type-product","3":"status-publish","4":"has-post-thumbnail","6":"product_brand-montblanc","7":"product_cat-montblanc-relojes","9":"first","10":"instock","11":"taxable","12":"shipping-taxable","13":"purchasable","14":"product-type-simple"},"acf":[],"df_price":3900,"df_sale_price":"","df_regular_price":3900,"df_image_link":"https:\/\/joyeriagordillo.com\/wp-content\/uploads\/2025\/07\/w747-53-300x300.webp","_links":{"self":[{"href":"https:\/\/joyeriagordillo.com\/en\/wp-json\/wp\/v2\/product\/78327","targetHints":{"allow":["GET"]}}],"collection":[{"href":"https:\/\/joyeriagordillo.com\/en\/wp-json\/wp\/v2\/product"}],"about":[{"href":"https:\/\/joyeriagordillo.com\/en\/wp-json\/wp\/v2\/types\/product"}],"version-history":[{"count":0,"href":"https:\/\/joyeriagordillo.com\/en\/wp-json\/wp\/v2\/product\/78327\/revisions"}],"wp:featuredmedia":[{"embeddable":true,"href":"https:\/\/joyeriagordillo.com\/en\/wp-json\/wp\/v2\/media\/78328"}],"wp:attachment":[{"href":"https:\/\/joyeriagordillo.com\/en\/wp-json\/wp\/v2\/media?parent=78327"}],"wp:term":[{"taxonomy":"product_brand","embeddable":true,"href":"https:\/\/joyeriagordillo.com\/en\/wp-json\/wp\/v2\/product_brand?post=78327"},{"taxonomy":"product_cat","embeddable":true,"href":"https:\/\/joyeriagordillo.com\/en\/wp-json\/wp\/v2\/product_cat?post=78327"},{"taxonomy":"product_tag","embeddable":true,"href":"https:\/\/joyeriagordillo.com\/en\/wp-json\/wp\/v2\/product_tag?post=78327"}],"curies":[{"name":"wp","href":"https:\/\/api.w.org\/{rel}","templated":true}]}}