{"id":7904,"date":"2025-02-04T20:52:37","date_gmt":"2025-02-04T20:52:37","guid":{"rendered":"https:\/\/joyeriagordillo.com\/?post_type=product&#038;p=7904"},"modified":"2025-06-20T12:10:00","modified_gmt":"2025-06-20T11:10:00","slug":"anillo-barrosa-pequeno-con-turmalina","status":"publish","type":"product","link":"https:\/\/joyeriagordillo.com\/en\/producto\/anillo-barrosa-pequeno-con-turmalina\/","title":{"rendered":"Small Barrosa Ring with Tourmaline"},"content":{"rendered":"<div class=\"flex-1 overflow-hidden\">\n<div class=\"react-scroll-to-bottom--css-gvupx-79elbk h-full\">\n<div class=\"react-scroll-to-bottom--css-gvupx-1n7m0yu\">\n<div class=\"flex flex-col pb-9 text-sm\">\n<div class=\"w-full text-token-text-primary\" data-testid=\"conversation-turn-15\">\n<div class=\"px-4 py-2 justify-center text-base md:gap-6 m-auto\">\n<div class=\"flex flex-1 text-base mx-auto gap-3 md:px-5 lg:px-1 xl:px-5 md:max-w-3xl lg:max-w-[40rem] xl:max-w-[48rem] group final-completion\">\n<div class=\"relative flex w-full flex-col lg:w-[calc(100%-115px)] agent-turn\">\n<div class=\"flex-col gap-1 md:gap-3\">\n<div class=\"flex flex-grow flex-col max-w-full\">\n<div class=\"min-h-[20px] text-message flex flex-col items-start gap-3 whitespace-pre-wrap break-words [.text-message+&amp;]:mt-5 overflow-x-auto\" data-message-author-role=\"assistant\" data-message-id=\"c29ffa1a-06f0-47de-bc18-6c74c359cf6c\">\n<div class=\"markdown prose w-full break-words dark:prose-invert light\">\n<p data-start=\"531\" data-end=\"897\">El <strong data-start=\"595\" data-end=\"643\">Anillo Barrosa Peque\u00f1o con turmalina granate<\/strong> es una oda a la belleza sobria e intensa que se encuentra en la naturaleza. Inspirado en los atardeceres c\u00e1lidos y los reflejos dorados de la Playa de la Barrosa, esta pieza condensa serenidad, fuerza y estilo en un dise\u00f1o compacto pero de gran impacto.<\/p>\n<h2 data-start=\"899\" data-end=\"939\">Belleza serena en un formato elegante<\/h2>\n<p data-start=\"941\" data-end=\"1147\">La composici\u00f3n del anillo equilibra el protagonismo de la <strong data-start=\"999\" data-end=\"1020\">turmalina granate<\/strong> con un fino trabajo de engaste en <strong data-start=\"1055\" data-end=\"1084\">diamantes talla brillante<\/strong>, ofreciendo una experiencia visual rica en matices y texturas.<\/p>\n<ul data-start=\"1149\" data-end=\"1625\">\n<li data-start=\"1149\" data-end=\"1318\">\n<p data-start=\"1151\" data-end=\"1318\"><strong data-start=\"1151\" data-end=\"1180\">Turmalina granate central<\/strong>: de 1.02CT, con un color rojizo profundo que transmite energ\u00eda, protecci\u00f3n y pasi\u00f3n. Su corte realza la intensidad de la luz que refleja.<\/p>\n<\/li>\n<li data-start=\"1319\" data-end=\"1483\">\n<p data-start=\"1321\" data-end=\"1483\"><strong data-start=\"1321\" data-end=\"1334\">Diamantes<\/strong>: con un total de 0.49CT, rodean la piedra central en una disposici\u00f3n que aporta brillo sin restar protagonismo, ofreciendo una luminosidad refinada.<\/p>\n<\/li>\n<li data-start=\"1484\" data-end=\"1625\">\n<p data-start=\"1486\" data-end=\"1625\"><strong data-start=\"1486\" data-end=\"1504\">Montura de oro<\/strong>: con l\u00edneas depuradas y elegantes, dise\u00f1ada para encajar perfectamente en el dedo y acompa\u00f1ar el movimiento con fluidez.<\/p>\n<\/li>\n<\/ul>\n<h3 data-start=\"1627\" data-end=\"1666\">Ligereza visual y potencia simb\u00f3lica<\/h3>\n<p data-start=\"1668\" data-end=\"2041\">El <strong data-start=\"1671\" data-end=\"1719\">Anillo Barrosa Peque\u00f1o con turmalina granate<\/strong> es ideal para mujeres que buscan una joya con car\u00e1cter en un formato contenido. Su estructura ligera lo hace perfecto para el d\u00eda a d\u00eda, y su simbolog\u00eda lo convierte en una pieza con historia personal: la <strong data-start=\"1925\" data-end=\"1946\">turmalina granate<\/strong> es reconocida por estimular la vitalidad, el equilibrio emocional y la conexi\u00f3n con la tierra.<\/p>\n<p data-start=\"2043\" data-end=\"2228\">Para ampliar conocimientos sobre esta piedra, puedes consultar el <a class=\"\" href=\"https:\/\/www.gemstone.org\/\" target=\"_blank\" rel=\"noopener noreferrer nofollow\" data-start=\"2109\" data-end=\"2180\">International Colored Gemstone Association<\/a> donde se explican sus propiedades y variedades.<\/p>\n<h2 data-start=\"2230\" data-end=\"2274\">Joyer\u00eda artesanal con inspiraci\u00f3n costera<\/h2>\n<p data-start=\"2276\" data-end=\"2628\">En <a class=\"\" href=\"https:\/\/www.joyeriagordillo.com\/\" target=\"_blank\" rel=\"noopener noreferrer nofollow\" data-start=\"2279\" data-end=\"2331\">Joyer\u00eda Gordillo<\/a>, cada pieza es fruto de la fusi\u00f3n entre t\u00e9cnica, dise\u00f1o y emoci\u00f3n. El <strong data-start=\"2402\" data-end=\"2450\">Anillo Barrosa Peque\u00f1o con turmalina granate<\/strong> es elaborado a mano en nuestro taller de <a class=\"cursor-pointer\" target=\"_new\" rel=\"noopener\" data-start=\"2492\" data-end=\"2569\">joyer\u00eda en Salamanca<\/a>, asegurando acabados impecables y un alto valor art\u00edstico.<\/p>\n<h3 data-start=\"2635\" data-end=\"2710\"><strong data-start=\"2639\" data-end=\"2710\">Motivos para elegir el Anillo Barrosa Peque\u00f1o con turmalina granate<\/strong><\/h3>\n<h4 data-start=\"2712\" data-end=\"2753\">Poder crom\u00e1tico en una joya compacta<\/h4>\n<p data-start=\"2755\" data-end=\"2891\">La <strong data-start=\"2758\" data-end=\"2779\">turmalina granate<\/strong> concentra una energ\u00eda intensa en un tono sofisticado, ideal para expresar personalidad con elegancia contenida.<\/p>\n<h4 data-start=\"2893\" data-end=\"2927\">Calidad artesanal garantizada<\/h4>\n<p data-start=\"2929\" data-end=\"3059\">Desde la selecci\u00f3n de piedras hasta el \u00faltimo pulido, cada anillo se trabaja con precisi\u00f3n y dedicaci\u00f3n en nuestras instalaciones.<\/p>\n<h4 data-start=\"3061\" data-end=\"3093\">Dise\u00f1o simb\u00f3lico y vers\u00e1til<\/h4>\n<p data-start=\"3095\" data-end=\"3236\">El <strong data-start=\"3098\" data-end=\"3124\">Anillo Barrosa Peque\u00f1o<\/strong> es perfecto como regalo de aniversario, amuleto personal o detalle significativo en cualquier etapa de la vida.<\/p>\n<\/div>\n<\/div>\n<\/div>\n<\/div>\n<\/div>\n<\/div>\n<\/div>\n<\/div>\n<\/div>\n<\/div>\n<\/div>\n<\/div>\n<div class=\"w-full pt-2 md:pt-0 dark:border-white\/20 md:border-transparent md:dark:border-transparent md:w-[calc(100%-.5rem)]\">\n<div class=\"relative flex h-full flex-1 items-stretch md:flex-col\">\n<div class=\"flex w-full items-center\"><\/div>\n<\/div>\n<\/div>\n","protected":false},"excerpt":{"rendered":"<p>Anillo Barrosa Peque\u00f1o en oro con turmalina granate de 1.02CT y diamantes de 0.49CT. Una joya con dise\u00f1o refinado, tonos c\u00e1lidos y una energ\u00eda envolvente inspirada en la naturaleza.<\/p>","protected":false},"featured_media":7934,"template":"","meta":{"_acf_changed":false},"product_brand":[],"product_cat":[45,203,205,111,32,624],"product_tag":[1238,1175],"class_list":{"0":"post-7904","1":"product","2":"type-product","3":"status-publish","4":"has-post-thumbnail","6":"product_cat-anillos-de-oro","7":"product_cat-anillos-diamantes","8":"product_cat-anillos-oro-rosa","9":"product_cat-colecciones-propias","10":"product_cat-joyas","11":"product_cat-perseidas","12":"product_tag-oro-rosa-con-diamante","13":"product_tag-oro-rosa-con-turmalina","15":"first","16":"instock","17":"taxable","18":"shipping-taxable","19":"purchasable","20":"product-type-variable","21":"has-default-attributes"},"acf":[],"df_price":2700,"df_sale_price":"","df_regular_price":2700,"df_image_link":"https:\/\/joyeriagordillo.com\/wp-content\/uploads\/2025\/02\/115-023611-Sortija-perseidas-pequena_1-300x300.jpg","_links":{"self":[{"href":"https:\/\/joyeriagordillo.com\/en\/wp-json\/wp\/v2\/product\/7904","targetHints":{"allow":["GET"]}}],"collection":[{"href":"https:\/\/joyeriagordillo.com\/en\/wp-json\/wp\/v2\/product"}],"about":[{"href":"https:\/\/joyeriagordillo.com\/en\/wp-json\/wp\/v2\/types\/product"}],"version-history":[{"count":0,"href":"https:\/\/joyeriagordillo.com\/en\/wp-json\/wp\/v2\/product\/7904\/revisions"}],"wp:featuredmedia":[{"embeddable":true,"href":"https:\/\/joyeriagordillo.com\/en\/wp-json\/wp\/v2\/media\/7934"}],"wp:attachment":[{"href":"https:\/\/joyeriagordillo.com\/en\/wp-json\/wp\/v2\/media?parent=7904"}],"wp:term":[{"taxonomy":"product_brand","embeddable":true,"href":"https:\/\/joyeriagordillo.com\/en\/wp-json\/wp\/v2\/product_brand?post=7904"},{"taxonomy":"product_cat","embeddable":true,"href":"https:\/\/joyeriagordillo.com\/en\/wp-json\/wp\/v2\/product_cat?post=7904"},{"taxonomy":"product_tag","embeddable":true,"href":"https:\/\/joyeriagordillo.com\/en\/wp-json\/wp\/v2\/product_tag?post=7904"}],"curies":[{"name":"wp","href":"https:\/\/api.w.org\/{rel}","templated":true}]}}