{"id":80423,"date":"2025-08-13T11:16:55","date_gmt":"2025-08-13T10:16:55","guid":{"rendered":"https:\/\/joyeriagordillo.com\/?post_type=product&#038;p=80423"},"modified":"2025-08-13T19:19:22","modified_gmt":"2025-08-13T18:19:22","slug":"certina-ds-action-nacar-azul","status":"publish","type":"product","link":"https:\/\/joyeriagordillo.com\/en\/producto\/certina-ds-action-nacar-azul\/","title":{"rendered":"Certina DS Action Mother-of-Pearl Blue 34.5mm"},"content":{"rendered":"<p data-start=\"485\" data-end=\"807\">Hay relojes que captan la atenci\u00f3n por su dise\u00f1o, y otros que lo hacen por su rendimiento. El <strong data-start=\"579\" data-end=\"611\">Certina DS Action N\u00e1car Azul<\/strong> logra destacar por ambas razones. Su fusi\u00f3n entre elegancia natural y rendimiento t\u00e9cnico suizo lo convierte en el reloj ideal para mujeres que buscan un accesorio refinado, funcional y duradero.<\/p>\n<h2 data-start=\"809\" data-end=\"859\">N\u00e1car azul: sofisticaci\u00f3n natural e irrepetible<\/h2>\n<p data-start=\"861\" data-end=\"1203\">The <strong data-start=\"864\" data-end=\"888\">esfera de n\u00e1car azul<\/strong> de este modelo ofrece un juego de reflejos \u00fanicos gracias a su textura org\u00e1nica. Cada esfera es diferente, lo que convierte a cada <strong data-start=\"1020\" data-end=\"1052\">Certina DS Action N\u00e1car Azul<\/strong> en una pieza irrepetible. El tono azul transmite calma, confianza y un car\u00e1cter sereno pero firme, perfecto para quienes buscan distinci\u00f3n sin exceso.<\/p>\n<h2 data-start=\"1205\" data-end=\"1250\">Precisi\u00f3n suiza con tecnolog\u00eda Precidrive\u2122<\/h2>\n<p data-start=\"1252\" data-end=\"1573\">This model has a <strong data-start=\"1278\" data-end=\"1320\">movimiento de cuarzo suizo Precidrive\u2122<\/strong>, que garantiza una precisi\u00f3n superior a la media. Adem\u00e1s, la tecnolog\u00eda <strong data-start=\"1393\" data-end=\"1417\">DS (Double Security)<\/strong> le proporciona una estructura reforzada frente a impactos, cambios de presi\u00f3n y condiciones acu\u00e1ticas, con una <strong data-start=\"1529\" data-end=\"1572\">water resistance up to 200 metres<\/strong>.<\/p>\n<h2 data-start=\"1575\" data-end=\"1625\">Pensado para el uso diario con detalles de lujo<\/h2>\n<p data-start=\"1627\" data-end=\"1994\">The <strong data-start=\"1630\" data-end=\"1697\">caja de acero inoxidable con recubrimiento PVD en tono oro rosa<\/strong> aporta un contraste c\u00e1lido y elegante frente al azul intenso del n\u00e1car. El <strong data-start=\"1773\" data-end=\"1794\">brazalete bicolor<\/strong> con cierre desplegable a\u00f1ade un toque de sofisticaci\u00f3n que lo convierte en una joya funcional para toda ocasi\u00f3n. El <strong data-start=\"1911\" data-end=\"1945\">cristal de zafiro antirreflejo<\/strong> asegura visibilidad n\u00edtida en cualquier entorno.<\/p>\n<h3 data-start=\"1996\" data-end=\"2051\">Caracter\u00edsticas del Certina DS Action N\u00e1car Azul<\/h3>\n<ul data-start=\"2053\" data-end=\"2424\">\n<li data-start=\"2053\" data-end=\"2110\">\n<p data-start=\"2055\" data-end=\"2110\">Box of <strong data-start=\"2063\" data-end=\"2110\">34.5mm en acero inoxidable con PVD oro rosa<\/strong><\/p>\n<\/li>\n<li data-start=\"2111\" data-end=\"2147\">\n<p data-start=\"2113\" data-end=\"2147\">Esfera de <strong data-start=\"2123\" data-end=\"2147\">n\u00e1car azul aut\u00e9ntico<\/strong><\/p>\n<\/li>\n<li data-start=\"2148\" data-end=\"2192\">\n<p data-start=\"2150\" data-end=\"2192\">Movement <strong data-start=\"2161\" data-end=\"2192\">Precidrive\u2122 de cuarzo suizo<\/strong><\/p>\n<\/li>\n<li data-start=\"2193\" data-end=\"2241\">\n<p data-start=\"2195\" data-end=\"2241\">Sistema <strong data-start=\"2203\" data-end=\"2227\">DS (Double Security)<\/strong> de protecci\u00f3n<\/p>\n<\/li>\n<li data-start=\"2242\" data-end=\"2311\">\n<p data-start=\"2244\" data-end=\"2311\"><strong data-start=\"2244\" data-end=\"2280\">Cristal de zafiro antirrayaduras<\/strong> con recubrimiento antirreflejo<\/p>\n<\/li>\n<li data-start=\"2312\" data-end=\"2363\">\n<p data-start=\"2314\" data-end=\"2363\"><strong data-start=\"2314\" data-end=\"2363\">Resistencia al agua hasta 200 metros (20 bar)<\/strong><\/p>\n<\/li>\n<li data-start=\"2364\" data-end=\"2424\">\n<p data-start=\"2366\" data-end=\"2424\"><strong data-start=\"2366\" data-end=\"2398\">Brazalete bicolor acero\/rosa<\/strong> con cierre doble pulsador<\/p>\n<\/li>\n<\/ul>\n<h3 data-start=\"2426\" data-end=\"2468\">Reloj t\u00e9cnico con est\u00e9tica refinada<\/h3>\n<ul data-start=\"2470\" data-end=\"2614\">\n<li data-start=\"2470\" data-end=\"2524\">\n<p data-start=\"2472\" data-end=\"2524\">Dise\u00f1ado para mujeres que exigen precisi\u00f3n y belleza<\/p>\n<\/li>\n<li data-start=\"2525\" data-end=\"2568\">\n<p data-start=\"2527\" data-end=\"2568\">Materiales duraderos con acabado elegante<\/p>\n<\/li>\n<li data-start=\"2569\" data-end=\"2614\">\n<p data-start=\"2571\" data-end=\"2614\">Vers\u00e1til para eventos formales o uso diario<\/p>\n<\/li>\n<\/ul>\n<h3 data-start=\"2616\" data-end=\"2671\">\u00bfPor qu\u00e9 elegir el Certina DS Action N\u00e1car Azul?<\/h3>\n<p data-start=\"2673\" data-end=\"2894\">The <strong data-start=\"2676\" data-end=\"2708\">Certina DS Action N\u00e1car Azul<\/strong> representa el encuentro perfecto entre deportividad discreta y lujo atemporal. Es una pieza que ofrece confianza, resistencia y una est\u00e9tica \u00fanica con el respaldo de la relojer\u00eda suiza.<\/p>\n<p data-start=\"2632\" data-end=\"2885\">Descubre m\u00e1s relojes como este en nuestra <a href=\"https:\/\/joyeriagordillo.com\/certina\/\">colecci\u00f3n Certina para mujer<\/a> o conoce m\u00e1s sobre la tecnolog\u00eda Precidrive\u2122 en art\u00edculos t\u00e9cnicos de <a class=\"cursor-pointer\" href=\"http:\/\/watchtime.com\/\" target=\"_blank\" rel=\"noopener noreferrer nofollow\" data-start=\"3095\" data-end=\"3134\">WatchTime<\/a>.<\/p>","protected":false},"excerpt":{"rendered":"<p>The <strong data-start=\"275\" data-end=\"307\">Certina DS Action N\u00e1car Azul<\/strong> combina una exquisita esfera de n\u00e1car azul con tecnolog\u00eda suiza de alta precisi\u00f3n y resistencia. Elegancia deportiva femenina para cada ocasi\u00f3n.<\/p>","protected":false},"featured_media":80462,"template":"","meta":{"_acf_changed":false},"product_brand":[1135],"product_cat":[47,369],"product_tag":[],"class_list":{"0":"post-80423","1":"product","2":"type-product","3":"status-publish","4":"has-post-thumbnail","6":"product_brand-certina","7":"product_cat-relojes","8":"product_cat-certina","10":"first","11":"instock","12":"taxable","13":"shipping-taxable","14":"purchasable","15":"product-type-simple"},"acf":[],"df_price":525,"df_sale_price":"","df_regular_price":525,"df_image_link":"https:\/\/joyeriagordillo.com\/wp-content\/uploads\/2025\/08\/C0482102213100-300x300.jpg","_links":{"self":[{"href":"https:\/\/joyeriagordillo.com\/en\/wp-json\/wp\/v2\/product\/80423","targetHints":{"allow":["GET"]}}],"collection":[{"href":"https:\/\/joyeriagordillo.com\/en\/wp-json\/wp\/v2\/product"}],"about":[{"href":"https:\/\/joyeriagordillo.com\/en\/wp-json\/wp\/v2\/types\/product"}],"version-history":[{"count":0,"href":"https:\/\/joyeriagordillo.com\/en\/wp-json\/wp\/v2\/product\/80423\/revisions"}],"wp:featuredmedia":[{"embeddable":true,"href":"https:\/\/joyeriagordillo.com\/en\/wp-json\/wp\/v2\/media\/80462"}],"wp:attachment":[{"href":"https:\/\/joyeriagordillo.com\/en\/wp-json\/wp\/v2\/media?parent=80423"}],"wp:term":[{"taxonomy":"product_brand","embeddable":true,"href":"https:\/\/joyeriagordillo.com\/en\/wp-json\/wp\/v2\/product_brand?post=80423"},{"taxonomy":"product_cat","embeddable":true,"href":"https:\/\/joyeriagordillo.com\/en\/wp-json\/wp\/v2\/product_cat?post=80423"},{"taxonomy":"product_tag","embeddable":true,"href":"https:\/\/joyeriagordillo.com\/en\/wp-json\/wp\/v2\/product_tag?post=80423"}],"curies":[{"name":"wp","href":"https:\/\/api.w.org\/{rel}","templated":true}]}}