{"id":84834,"date":"2025-12-05T11:31:43","date_gmt":"2025-12-05T10:31:43","guid":{"rendered":"https:\/\/joyeriagordillo.com\/?post_type=product&#038;p=84834"},"modified":"2026-02-10T19:50:13","modified_gmt":"2026-02-10T18:50:13","slug":"pulsera-oro-blanco-y-diamantes","status":"publish","type":"product","link":"https:\/\/joyeriagordillo.com\/en\/producto\/pulsera-oro-blanco-y-diamantes\/","title":{"rendered":"White gold and diamond bracelet"},"content":{"rendered":"<p data-start=\"445\" data-end=\"839\">The <strong data-start=\"448\" data-end=\"482\">White gold and diamond bracelet<\/strong> que presentamos en <strong data-start=\"502\" data-end=\"522\">Gordillo Jewellery<\/strong> es una pieza excepcional dise\u00f1ada para mujeres que buscan elegancia, exclusividad y una joya que marque la diferencia. Fabricada en <strong data-start=\"655\" data-end=\"684\">18 carat white gold<\/strong> and set with <strong data-start=\"701\" data-end=\"731\">3,88 quilates de diamantes<\/strong>, esta creaci\u00f3n representa la excelencia de la alta joyer\u00eda y la belleza atemporal de las piedras preciosas.<\/p>\n<h2 data-start=\"846\" data-end=\"871\">Dise\u00f1o de alta joyer\u00eda<\/h2>\n<h3 data-start=\"873\" data-end=\"904\">18 carat white gold<\/h3>\n<p data-start=\"905\" data-end=\"1158\">Elaborada completamente en <strong data-start=\"932\" data-end=\"961\">18 carat white gold<\/strong>the <strong data-start=\"966\" data-end=\"1000\">White gold and diamond bracelet<\/strong> ofrece un acabado luminoso, sofisticado y resistente. Su tono neutro realza el destello de los diamantes y permite combinarla con cualquier estilo o atuendo.<\/p>\n<h3 data-start=\"1160\" data-end=\"1204\">Diamantes seleccionados cuidadosamente<\/h3>\n<p data-start=\"1205\" data-end=\"1483\">The <strong data-start=\"1209\" data-end=\"1233\">3,88 ct de diamantes<\/strong> que componen la pulsera han sido seleccionados por su brillo, claridad y calidad extraordinaria. Cada piedra aporta un destello \u00fanico, convirtiendo a la <strong data-start=\"1387\" data-end=\"1421\">White gold and diamond bracelet<\/strong> en una pieza capaz de capturar la luz desde cualquier \u00e1ngulo.<\/p>\n<h2 data-start=\"1490\" data-end=\"1515\">Artesan\u00eda y excelencia<\/h2>\n<h3 data-start=\"1517\" data-end=\"1555\">Un dise\u00f1o elegante y equilibrado<\/h3>\n<p data-start=\"1556\" data-end=\"1846\">Cada diamante est\u00e1 engastado con precisi\u00f3n por maestros joyeros, garantizando seguridad, durabilidad y un acabado impecable. La estructura flexible y ergon\u00f3mica de la <strong data-start=\"1723\" data-end=\"1757\">White gold and diamond bracelet<\/strong> asegura comodidad durante el uso, manteniendo siempre una est\u00e9tica refinada y armoniosa.<\/p>\n<h3 data-start=\"1848\" data-end=\"1876\">Joya para toda la vida<\/h3>\n<p data-start=\"1877\" data-end=\"2053\">Gracias a sus materiales nobles y su elaboraci\u00f3n experta, esta pulsera se convierte en una joya destinada a perdurar generaci\u00f3n tras generaci\u00f3n, manteniendo intacta su belleza.<\/p>\n<h2 data-start=\"2060\" data-end=\"2096\">A jewel for special moments<\/h2>\n<h3 data-start=\"2098\" data-end=\"2128\">Ideal para celebraciones<\/h3>\n<p data-start=\"2129\" data-end=\"2294\">The <strong data-start=\"2132\" data-end=\"2166\">White gold and diamond bracelet<\/strong> es perfecta para bodas, aniversarios, eventos de gala o cualquier ocasi\u00f3n que requiera un complemento exclusivo y deslumbrante.<\/p>\n<h3 data-start=\"2296\" data-end=\"2325\">Un toque de lujo diario<\/h3>\n<p data-start=\"2326\" data-end=\"2467\">A pesar de su espectacularidad, tambi\u00e9n puede lucirse a diario como s\u00edmbolo de elegancia personal, dando un brillo especial a cualquier look.<\/p>\n<h2 data-start=\"2474\" data-end=\"2497\">Simbolismo y belleza<\/h2>\n<h3 data-start=\"2499\" data-end=\"2532\">El significado del diamante<\/h3>\n<p data-start=\"2533\" data-end=\"2710\">El diamante representa pureza, fortaleza y amor eterno. En esta <strong data-start=\"2597\" data-end=\"2631\">White gold and diamond bracelet<\/strong>, cada piedra simboliza un destello de emociones que acompa\u00f1an a quien la luce.<\/p>\n<h3 data-start=\"2712\" data-end=\"2756\">White gold: modernity and sophistication<\/h3>\n<p data-start=\"2757\" data-end=\"2902\">El oro blanco es uno de los metales m\u00e1s apreciados por su brillo fr\u00edo y su tonalidad contempor\u00e1nea, combinando a la perfecci\u00f3n con los diamantes.<\/p>\n<h2 data-start=\"2909\" data-end=\"2952\">Joyer\u00eda Gordillo: excelencia garantizada<\/h2>\n<h3 data-start=\"2954\" data-end=\"2981\">Tradici\u00f3n y confianza<\/h3>\n<p data-start=\"2982\" data-end=\"3237\">At <strong data-start=\"2985\" data-end=\"3005\">Gordillo Jewellery<\/strong>, seleccionamos joyas que se distinguen por su calidad, dise\u00f1o y autenticidad. La <strong data-start=\"3087\" data-end=\"3121\">White gold and diamond bracelet<\/strong> forma parte de nuestra colecci\u00f3n m\u00e1s exquisita, garantizando una pieza con certificaci\u00f3n y garant\u00eda de fabricaci\u00f3n.<\/p>\n<h3 data-start=\"3239\" data-end=\"3267\">Presentaci\u00f3n exclusiva<\/h3>\n<p data-start=\"3268\" data-end=\"3426\">La pulsera se entrega en un estuche elegante, lista para convertirse en un regalo inolvidable o en una pieza destacada dentro de cualquier colecci\u00f3n personal.<\/p>\n<h2 data-start=\"3433\" data-end=\"3501\">Descubre la Pulsera de Oro Blanco y Diamantes en Joyer\u00eda Gordillo<\/h2>\n<p data-start=\"3503\" data-end=\"3754\">Te invitamos a conocer en persona esta espectacular <strong data-start=\"3555\" data-end=\"3589\">White gold and diamond bracelet<\/strong>, una joya que combina lujo, delicadeza y resplandor incomparable. En <strong data-start=\"3659\" data-end=\"3679\">Gordillo Jewellery<\/strong>, estaremos encantados de asesorarte y ayudarte a elegir la pieza perfecta.<\/p>\n<p data-start=\"3756\" data-end=\"3881\">Si buscas una joya que represente sofisticaci\u00f3n y belleza eterna, la <strong data-start=\"3825\" data-end=\"3859\">White gold and diamond bracelet<\/strong> es la elecci\u00f3n ideal.<\/p>","protected":false},"excerpt":{"rendered":"<p>Descubre la exclusiva <strong data-start=\"228\" data-end=\"262\">White gold and diamond bracelet<\/strong> en Joyer\u00eda Gordillo. Elaborada en oro de 18 quilates y con 3,88 ct de diamantes, una joya de lujo para brillar siempre.<\/p>","protected":false},"featured_media":84835,"template":"","meta":{"_acf_changed":false},"product_brand":[],"product_cat":[97,42,67,702,703],"product_tag":[],"class_list":{"0":"post-84834","1":"product","2":"type-product","3":"status-publish","4":"has-post-thumbnail","6":"product_cat-pulseras-de-oro","7":"product_cat-joyas-de-boda","8":"product_cat-joyas-para-novia","9":"product_cat-pulseras-diamantes","10":"product_cat-pulseras-oro-blanco","12":"first","13":"instock","14":"taxable","15":"shipping-taxable","16":"purchasable","17":"product-type-simple"},"acf":[],"df_price":17500,"df_sale_price":"","df_regular_price":17500,"df_image_link":"https:\/\/joyeriagordillo.com\/wp-content\/uploads\/2025\/12\/141-024862_1-300x300.jpg","_links":{"self":[{"href":"https:\/\/joyeriagordillo.com\/en\/wp-json\/wp\/v2\/product\/84834","targetHints":{"allow":["GET"]}}],"collection":[{"href":"https:\/\/joyeriagordillo.com\/en\/wp-json\/wp\/v2\/product"}],"about":[{"href":"https:\/\/joyeriagordillo.com\/en\/wp-json\/wp\/v2\/types\/product"}],"version-history":[{"count":1,"href":"https:\/\/joyeriagordillo.com\/en\/wp-json\/wp\/v2\/product\/84834\/revisions"}],"predecessor-version":[{"id":85997,"href":"https:\/\/joyeriagordillo.com\/en\/wp-json\/wp\/v2\/product\/84834\/revisions\/85997"}],"wp:featuredmedia":[{"embeddable":true,"href":"https:\/\/joyeriagordillo.com\/en\/wp-json\/wp\/v2\/media\/84835"}],"wp:attachment":[{"href":"https:\/\/joyeriagordillo.com\/en\/wp-json\/wp\/v2\/media?parent=84834"}],"wp:term":[{"taxonomy":"product_brand","embeddable":true,"href":"https:\/\/joyeriagordillo.com\/en\/wp-json\/wp\/v2\/product_brand?post=84834"},{"taxonomy":"product_cat","embeddable":true,"href":"https:\/\/joyeriagordillo.com\/en\/wp-json\/wp\/v2\/product_cat?post=84834"},{"taxonomy":"product_tag","embeddable":true,"href":"https:\/\/joyeriagordillo.com\/en\/wp-json\/wp\/v2\/product_tag?post=84834"}],"curies":[{"name":"wp","href":"https:\/\/api.w.org\/{rel}","templated":true}]}}