{"id":86026,"date":"2026-02-11T11:18:33","date_gmt":"2026-02-11T10:18:33","guid":{"rendered":"https:\/\/joyeriagordillo.com\/?post_type=product&#038;p=86026"},"modified":"2026-02-11T11:18:35","modified_gmt":"2026-02-11T10:18:35","slug":"anillo-oro-blanco-con-5-zafiros","status":"publish","type":"product","link":"https:\/\/joyeriagordillo.com\/en\/producto\/anillo-oro-blanco-con-5-zafiros\/","title":{"rendered":"White gold ring with 5 sapphires"},"content":{"rendered":"<div class=\"flex flex-col text-sm pb-25\">\n<article class=\"text-token-text-primary w-full focus:outline-none [--shadow-height:45px] has-data-writing-block:pointer-events-none has-data-writing-block:-mt-(--shadow-height) has-data-writing-block:pt-(--shadow-height) [&amp;:has([data-writing-block])&gt;*]:pointer-events-auto scroll-mt-[calc(var(--header-height)+min(200px,max(70px,20svh)))]\" dir=\"auto\" tabindex=\"-1\" data-turn-id=\"request-WEB:fb3f7e3a-7c2e-4df7-a5d7-553c7854a020-70\" data-testid=\"conversation-turn-8\" data-scroll-anchor=\"true\" data-turn=\"assistant\">\n<div class=\"text-base my-auto mx-auto pb-10 [--thread-content-margin:--spacing(4)] @w-sm\/main:[--thread-content-margin:--spacing(6)] @w-lg\/main:[--thread-content-margin:--spacing(16)] px-(--thread-content-margin)\">\n<div class=\"[--thread-content-max-width:40rem] @w-lg\/main:[--thread-content-max-width:48rem] mx-auto max-w-(--thread-content-max-width) flex-1 group\/turn-messages focus-visible:outline-hidden relative flex w-full min-w-0 flex-col agent-turn\" tabindex=\"-1\">\n<div class=\"flex max-w-full flex-col grow\">\n<div class=\"min-h-8 text-message relative flex w-full flex-col items-end gap-2 text-start break-words whitespace-normal [.text-message+&amp;]:mt-1\" dir=\"auto\" data-message-author-role=\"assistant\" data-message-id=\"0ecb9f90-77ad-42e9-9ae0-f9830d51243a\" data-message-model-slug=\"gpt-5-2\">\n<div class=\"flex w-full flex-col gap-1 empty:hidden first:pt-[1px]\">\n<div class=\"markdown prose dark:prose-invert w-full wrap-break-word light markdown-new-styling\">\n<p data-start=\"318\" data-end=\"621\">Hay dise\u00f1os que nunca pasan de moda. Pero hay otros que, adem\u00e1s, transmiten equilibrio, fuerza y armon\u00eda desde el primer vistazo. El <strong data-start=\"451\" data-end=\"486\">Anillo oro blanco con 5 zafiros<\/strong> es uno de ellos. Cinco puntos de color azul perfectamente alineados que crean una sensaci\u00f3n de orden, elegancia y distinci\u00f3n absoluta.<\/p>\n<p data-start=\"623\" data-end=\"777\">En Joyer\u00eda Gordillo hemos creado este <strong data-start=\"661\" data-end=\"696\">Anillo oro blanco con 5 zafiros<\/strong> pensando en quienes buscan una joya con presencia, pero tambi\u00e9n con significado.<\/p>\n<h2 data-start=\"784\" data-end=\"846\">Anillo oro blanco con 5 zafiros: equilibrio visual perfecto<\/h2>\n<p data-start=\"848\" data-end=\"1027\">El gran atractivo del <strong data-start=\"870\" data-end=\"905\">Anillo oro blanco con 5 zafiros<\/strong> es su simetr\u00eda. Los cinco zafiros est\u00e1n cuidadosamente distribuidos para crear una l\u00ednea continua de color azul profundo.<\/p>\n<p data-start=\"1029\" data-end=\"1261\">Con un total de <strong data-start=\"1045\" data-end=\"1064\">zafiros 1,41 CT<\/strong>, la intensidad crom\u00e1tica es clara, viva y elegante. Acompa\u00f1ando esta composici\u00f3n, los <strong data-start=\"1151\" data-end=\"1172\">diamantes 0,29 CT<\/strong> aportan destellos estrat\u00e9gicos que iluminan el conjunto sin restar protagonismo al azul.<\/p>\n<h3 data-start=\"1263\" data-end=\"1298\">Cinco zafiros, un mensaje claro<\/h3>\n<p data-start=\"1300\" data-end=\"1422\">El n\u00famero cinco simboliza equilibrio y estabilidad. En el <strong data-start=\"1358\" data-end=\"1393\">Anillo oro blanco con 5 zafiros<\/strong>, esta disposici\u00f3n transmite:<\/p>\n<ul data-start=\"1424\" data-end=\"1534\">\n<li data-start=\"1424\" data-end=\"1442\">\n<p data-start=\"1426\" data-end=\"1442\">Armon\u00eda visual<\/p>\n<\/li>\n<li data-start=\"1443\" data-end=\"1471\">\n<p data-start=\"1445\" data-end=\"1471\">Sensaci\u00f3n de continuidad<\/p>\n<\/li>\n<li data-start=\"1472\" data-end=\"1506\">\n<p data-start=\"1474\" data-end=\"1506\">Dise\u00f1o estructurado y elegante<\/p>\n<\/li>\n<li data-start=\"1507\" data-end=\"1534\">\n<p data-start=\"1509\" data-end=\"1534\">Estilo cl\u00e1sico renovado<\/p>\n<\/li>\n<\/ul>\n<p data-start=\"1536\" data-end=\"1632\">El contraste entre el azul intenso y el brillo blanco crea una combinaci\u00f3n que siempre funciona.<\/p>\n<h2 data-start=\"1639\" data-end=\"1691\">Oro blanco de 18 quilates: base s\u00f3lida y luminosa<\/h2>\n<p data-start=\"1693\" data-end=\"1830\">El <strong data-start=\"1696\" data-end=\"1731\">Anillo oro blanco con 5 zafiros<\/strong> est\u00e1 elaborado en <strong data-start=\"1750\" data-end=\"1779\">oro blanco de 18 quilates<\/strong>, una elecci\u00f3n que garantiza calidad y durabilidad.<\/p>\n<h3 data-start=\"1832\" data-end=\"1875\">Ventajas del oro blanco en alta joyer\u00eda<\/h3>\n<ul data-start=\"1877\" data-end=\"2009\">\n<li data-start=\"1877\" data-end=\"1905\">\n<p data-start=\"1879\" data-end=\"1905\">Resistente al uso diario<\/p>\n<\/li>\n<li data-start=\"1906\" data-end=\"1945\">\n<p data-start=\"1908\" data-end=\"1945\">Color neutro que realza las piedras<\/p>\n<\/li>\n<li data-start=\"1946\" data-end=\"1979\">\n<p data-start=\"1948\" data-end=\"1979\">Acabado moderno y sofisticado<\/p>\n<\/li>\n<li data-start=\"1980\" data-end=\"2009\">\n<p data-start=\"1982\" data-end=\"2009\">Sensaci\u00f3n ligera y c\u00f3moda<\/p>\n<\/li>\n<\/ul>\n<p data-start=\"2011\" data-end=\"2209\">El oro blanco potencia la profundidad del azul y multiplica el brillo de los diamantes, haciendo que el <strong data-start=\"2115\" data-end=\"2150\">Anillo oro blanco con 5 zafiros<\/strong> tenga una luz especial bajo cualquier tipo de iluminaci\u00f3n.<\/p>\n<p data-start=\"2317\" data-end=\"2469\">Para conocer m\u00e1s sobre las caracter\u00edsticas gemol\u00f3gicas del zafiro, puedes consultar el Instituto Gemol\u00f3gico de Am\u00e9rica (GIA):<br data-start=\"2442\" data-end=\"2445\" \/>\ud83d\udc49 <a class=\"decorated-link\" href=\"https:\/\/www.gia.edu\" target=\"_blank\" rel=\"noopener noreferrer nofollow\" data-start=\"2448\" data-end=\"2467\">https:\/\/www.gia.edu<\/a><\/p>\n<h2 data-start=\"2476\" data-end=\"2544\">Anillo oro blanco con 5 zafiros: brillo equilibrado con diamantes<\/h2>\n<p data-start=\"2546\" data-end=\"2717\">Los <strong data-start=\"2550\" data-end=\"2571\">diamantes 0,29 CT<\/strong> cumplen una funci\u00f3n clave. No compiten con el zafiro. Lo acompa\u00f1an. Aportan peque\u00f1os puntos de luz que hacen que el azul parezca a\u00fan m\u00e1s intenso.<\/p>\n<h3 data-start=\"2719\" data-end=\"2761\">El papel de los diamantes en el dise\u00f1o<\/h3>\n<p data-start=\"2763\" data-end=\"2820\">En el <strong data-start=\"2769\" data-end=\"2804\">Anillo oro blanco con 5 zafiros<\/strong>, los diamantes:<\/p>\n<ul data-start=\"2822\" data-end=\"2957\">\n<li data-start=\"2822\" data-end=\"2851\">\n<p data-start=\"2824\" data-end=\"2851\">Aumentan el brillo global<\/p>\n<\/li>\n<li data-start=\"2852\" data-end=\"2890\">\n<p data-start=\"2854\" data-end=\"2890\">Refuerzan la estructura del anillo<\/p>\n<\/li>\n<li data-start=\"2891\" data-end=\"2921\">\n<p data-start=\"2893\" data-end=\"2921\">Aportan contraste elegante<\/p>\n<\/li>\n<li data-start=\"2922\" data-end=\"2957\">\n<p data-start=\"2924\" data-end=\"2957\">Elevan la categor\u00eda de la pieza<\/p>\n<\/li>\n<\/ul>\n<p data-start=\"2959\" data-end=\"3042\">El resultado es una joya con personalidad propia, sofisticada pero f\u00e1cil de llevar.<\/p>\n<h2 data-start=\"3049\" data-end=\"3086\">Una joya para momentos importantes<\/h2>\n<p data-start=\"3088\" data-end=\"3315\">El <strong data-start=\"3091\" data-end=\"3126\">Anillo oro blanco con 5 zafiros<\/strong> es ideal para celebrar momentos especiales. Su dise\u00f1o lineal lo convierte en una opci\u00f3n perfecta tanto como anillo de aniversario como pieza de compromiso diferente o regalo significativo.<\/p>\n<h3 data-start=\"3317\" data-end=\"3335\">Perfecto para:<\/h3>\n<ul data-start=\"3337\" data-end=\"3448\">\n<li data-start=\"3337\" data-end=\"3353\">\n<p data-start=\"3339\" data-end=\"3353\">Aniversarios<\/p>\n<\/li>\n<li data-start=\"3354\" data-end=\"3382\">\n<p data-start=\"3356\" data-end=\"3382\">Celebraciones personales<\/p>\n<\/li>\n<li data-start=\"3383\" data-end=\"3415\">\n<p data-start=\"3385\" data-end=\"3415\">Regalos de \u00e9xito profesional<\/p>\n<\/li>\n<li data-start=\"3416\" data-end=\"3448\">\n<p data-start=\"3418\" data-end=\"3448\">Fechas con valor sentimental<\/p>\n<\/li>\n<\/ul>\n<p data-start=\"3450\" data-end=\"3654\">Es una pieza que transmite confianza y seguridad. El azul del zafiro est\u00e1 asociado a la lealtad y la serenidad, cualidades que hacen del <strong data-start=\"3587\" data-end=\"3622\">Anillo oro blanco con 5 zafiros<\/strong> una joya cargada de simbolismo.<\/p>\n<h2 data-start=\"3661\" data-end=\"3705\">Dise\u00f1o c\u00f3modo y pensado para el d\u00eda a d\u00eda<\/h2>\n<p data-start=\"3707\" data-end=\"3844\">La belleza no sirve de nada si no hay comodidad. Por eso, el brazo del <strong data-start=\"3778\" data-end=\"3813\">Anillo oro blanco con 5 zafiros<\/strong> ha sido dise\u00f1ado para ofrecer:<\/p>\n<ul data-start=\"3846\" data-end=\"3956\">\n<li data-start=\"3846\" data-end=\"3867\">\n<p data-start=\"3848\" data-end=\"3867\">Ajuste ergon\u00f3mico<\/p>\n<\/li>\n<li data-start=\"3868\" data-end=\"3886\">\n<p data-start=\"3870\" data-end=\"3886\">Engaste seguro<\/p>\n<\/li>\n<li data-start=\"3887\" data-end=\"3912\">\n<p data-start=\"3889\" data-end=\"3912\">Estabilidad en el uso<\/p>\n<\/li>\n<li data-start=\"3913\" data-end=\"3956\">\n<p data-start=\"3915\" data-end=\"3956\">Sensaci\u00f3n suave al contacto con la piel<\/p>\n<\/li>\n<\/ul>\n<p data-start=\"3958\" data-end=\"4040\">Es una pieza resistente, preparada para acompa\u00f1arte cada d\u00eda sin perder su brillo.<\/p>\n<h2 data-start=\"4047\" data-end=\"4107\">Ventajas competitivas del Anillo oro blanco con 5 zafiros<\/h2>\n<p data-start=\"4109\" data-end=\"4263\">En el mercado actual, encontrar una joya que combine calidad, dise\u00f1o y equilibrio no siempre es f\u00e1cil. El <strong data-start=\"4215\" data-end=\"4250\">Anillo oro blanco con 5 zafiros<\/strong> destaca por:<\/p>\n<ul data-start=\"4265\" data-end=\"4473\">\n<li data-start=\"4265\" data-end=\"4309\">\n<p data-start=\"4267\" data-end=\"4309\">Selecci\u00f3n cuidadosa de piedras naturales<\/p>\n<\/li>\n<li data-start=\"4310\" data-end=\"4351\">\n<p data-start=\"4312\" data-end=\"4351\">Proporciones perfectamente estudiadas<\/p>\n<\/li>\n<li data-start=\"4352\" data-end=\"4393\">\n<p data-start=\"4354\" data-end=\"4393\">Fabricaci\u00f3n en <strong data-start=\"4369\" data-end=\"4391\">oro de 18 quilates<\/strong><\/p>\n<\/li>\n<li data-start=\"4394\" data-end=\"4434\">\n<p data-start=\"4396\" data-end=\"4434\">Dise\u00f1o exclusivo de Joyer\u00eda Gordillo<\/p>\n<\/li>\n<li data-start=\"4435\" data-end=\"4473\">\n<p data-start=\"4437\" data-end=\"4473\">Control de calidad en cada detalle<\/p>\n<\/li>\n<\/ul>\n<p data-start=\"4475\" data-end=\"4611\">Cada <strong data-start=\"4480\" data-end=\"4515\">Anillo oro blanco con 5 zafiros<\/strong> es revisado minuciosamente para asegurar que el engaste, el pulido y el brillo sean impecables.<\/p>\n<h2 data-start=\"4618\" data-end=\"4657\">Una inversi\u00f3n en elegancia atemporal<\/h2>\n<p data-start=\"4659\" data-end=\"4837\">El <strong data-start=\"4662\" data-end=\"4697\">Anillo oro blanco con 5 zafiros<\/strong> no sigue tendencias pasajeras. Su dise\u00f1o lineal y equilibrado lo convierte en una pieza que seguir\u00e1 siendo elegante con el paso del tiempo.<\/p>\n<h3 data-start=\"4839\" data-end=\"4866\">Combina f\u00e1cilmente con:<\/h3>\n<ul data-start=\"4868\" data-end=\"4983\">\n<li data-start=\"4868\" data-end=\"4896\">\n<p data-start=\"4870\" data-end=\"4896\">Pendientes de oro blanco<\/p>\n<\/li>\n<li data-start=\"4897\" data-end=\"4928\">\n<p data-start=\"4899\" data-end=\"4928\">Pulseras finas de diamantes<\/p>\n<\/li>\n<li data-start=\"4929\" data-end=\"4954\">\n<p data-start=\"4931\" data-end=\"4954\">Collares minimalistas<\/p>\n<\/li>\n<li data-start=\"4955\" data-end=\"4983\">\n<p data-start=\"4957\" data-end=\"4983\">Otras piezas con zafiros<\/p>\n<\/li>\n<\/ul>\n<p data-start=\"4985\" data-end=\"5116\">Su versatilidad hace que el <strong data-start=\"5013\" data-end=\"5048\">Anillo oro blanco con 5 zafiros<\/strong> sea una joya imprescindible en cualquier colecci\u00f3n de alta joyer\u00eda.<\/p>\n<h2 data-start=\"5123\" data-end=\"5154\">Experiencia Joyer\u00eda Gordillo<\/h2>\n<p data-start=\"5156\" data-end=\"5283\">En Joyer\u00eda Gordillo creamos joyas que cuentan historias. Cada detalle est\u00e1 pensado para ofrecer calidad, belleza y durabilidad.<\/p>\n<p data-start=\"5361\" data-end=\"5422\">Elegir un <strong data-start=\"5371\" data-end=\"5406\">Anillo oro blanco con 5 zafiros<\/strong> es apostar por:<\/p>\n<ul data-start=\"5424\" data-end=\"5527\">\n<li data-start=\"5424\" data-end=\"5449\">\n<p data-start=\"5426\" data-end=\"5449\"><strong data-start=\"5426\" data-end=\"5447\">Artesan\u00eda experta<\/strong><\/p>\n<\/li>\n<li data-start=\"5450\" data-end=\"5475\">\n<p data-start=\"5452\" data-end=\"5475\"><strong data-start=\"5452\" data-end=\"5473\">Materiales nobles<\/strong><\/p>\n<\/li>\n<li data-start=\"5476\" data-end=\"5500\">\n<p data-start=\"5478\" data-end=\"5500\"><strong data-start=\"5478\" data-end=\"5498\">Dise\u00f1o exclusivo<\/strong><\/p>\n<\/li>\n<li data-start=\"5501\" data-end=\"5527\">\n<p data-start=\"5503\" data-end=\"5527\"><strong data-start=\"5503\" data-end=\"5525\">Elegancia duradera<\/strong><\/p>\n<\/li>\n<\/ul>\n<p data-start=\"5529\" data-end=\"5671\" data-is-last-node=\"\" data-is-only-node=\"\">El <strong data-start=\"5532\" data-end=\"5567\">Anillo oro blanco con 5 zafiros<\/strong> no es solo una joya. Es equilibrio, luz y car\u00e1cter convertidos en una pieza que brillar\u00e1 hoy y siempre.<\/p>\n<\/div>\n<\/div>\n<\/div>\n<\/div>\n<div class=\"z-0 flex min-h-[46px] justify-start\"><\/div>\n<div class=\"mt-3 w-full empty:hidden\">\n<div class=\"text-center\"><\/div>\n<\/div>\n<\/div>\n<\/div>\n<\/article>\n<\/div>\n<div class=\"pointer-events-none h-px w-px absolute bottom-0\" aria-hidden=\"true\" data-edge=\"true\"><\/div>\n","protected":false},"excerpt":{"rendered":"<p>Elegant <strong data-start=\"91\" data-end=\"126\">White gold ring with 5 sapphires<\/strong> fabricado en <strong data-start=\"140\" data-end=\"162\">18 carat gold<\/strong>with <strong data-start=\"168\" data-end=\"189\">diamantes 0,29 CT<\/strong> y <strong data-start=\"192\" data-end=\"211\">zafiros 1,41 CT<\/strong>. Una joya sofisticada que combina brillo y color azul intenso en un dise\u00f1o equilibrado y atemporal.<\/p>","protected":false},"featured_media":86015,"template":"","meta":{"_acf_changed":false},"product_brand":[],"product_cat":[32,43,45,704,42],"product_tag":[],"class_list":{"0":"post-86026","1":"product","2":"type-product","3":"status-publish","4":"has-post-thumbnail","6":"product_cat-joyas","7":"product_cat-anillos-compromiso","8":"product_cat-anillos-de-oro","9":"product_cat-anillos-oro-blanco","10":"product_cat-joyas-de-boda","12":"first","13":"instock","14":"taxable","15":"shipping-taxable","16":"purchasable","17":"product-type-simple"},"acf":[],"df_price":3100,"df_sale_price":"","df_regular_price":3100,"df_image_link":"https:\/\/joyeriagordillo.com\/wp-content\/uploads\/2026\/02\/Gemini_Generated_Image_gvwkx0gvwkx0gvwk-300x300.png","_links":{"self":[{"href":"https:\/\/joyeriagordillo.com\/en\/wp-json\/wp\/v2\/product\/86026","targetHints":{"allow":["GET"]}}],"collection":[{"href":"https:\/\/joyeriagordillo.com\/en\/wp-json\/wp\/v2\/product"}],"about":[{"href":"https:\/\/joyeriagordillo.com\/en\/wp-json\/wp\/v2\/types\/product"}],"version-history":[{"count":1,"href":"https:\/\/joyeriagordillo.com\/en\/wp-json\/wp\/v2\/product\/86026\/revisions"}],"predecessor-version":[{"id":86027,"href":"https:\/\/joyeriagordillo.com\/en\/wp-json\/wp\/v2\/product\/86026\/revisions\/86027"}],"wp:featuredmedia":[{"embeddable":true,"href":"https:\/\/joyeriagordillo.com\/en\/wp-json\/wp\/v2\/media\/86015"}],"wp:attachment":[{"href":"https:\/\/joyeriagordillo.com\/en\/wp-json\/wp\/v2\/media?parent=86026"}],"wp:term":[{"taxonomy":"product_brand","embeddable":true,"href":"https:\/\/joyeriagordillo.com\/en\/wp-json\/wp\/v2\/product_brand?post=86026"},{"taxonomy":"product_cat","embeddable":true,"href":"https:\/\/joyeriagordillo.com\/en\/wp-json\/wp\/v2\/product_cat?post=86026"},{"taxonomy":"product_tag","embeddable":true,"href":"https:\/\/joyeriagordillo.com\/en\/wp-json\/wp\/v2\/product_tag?post=86026"}],"curies":[{"name":"wp","href":"https:\/\/api.w.org\/{rel}","templated":true}]}}