{"id":86976,"date":"2026-04-16T10:26:06","date_gmt":"2026-04-16T09:26:06","guid":{"rendered":"https:\/\/joyeriagordillo.com\/?post_type=product&#038;p=86976"},"modified":"2026-04-16T10:38:37","modified_gmt":"2026-04-16T09:38:37","slug":"tag-heuer-formula-1-solargraph","status":"publish","type":"product","link":"https:\/\/joyeriagordillo.com\/en\/producto\/tag-heuer-formula-1-solargraph\/","title":{"rendered":"Tag Heuer Formula 1 Solargraph 38mm"},"content":{"rendered":"<p data-start=\"255\" data-end=\"521\">\u00bfTe imaginas un reloj deportivo solar que no necesite cambiar bater\u00eda y tenga la precisi\u00f3n TAG\u202fHeuer\u202fFormula\u202f1\u202fSolargraph 38\u202fmm? El <strong data-start=\"387\" data-end=\"442\">Tag\u202fHeuer\u202fFormula\u202f1\u202fSolargraph\u202f38mm WBY1113.BA0042<\/strong> lo hace posible, combinando energ\u00eda limpia, estilo urbano y rendimiento suizo.<\/p>\n<h2 data-start=\"523\" data-end=\"597\">Tecnolog\u00eda Solar y autonom\u00eda del Tag\u202fHeuer\u202fFormula\u202f1\u202fSolargraph 38mm<\/h2>\n<p data-start=\"599\" data-end=\"867\">The <strong data-start=\"602\" data-end=\"642\">Tag\u202fHeuer\u202fFormula\u202f1\u202fSolargraph\u202f38mm<\/strong> incluye un <strong data-start=\"654\" data-end=\"680\">m\u00f3dulo solar integrado<\/strong> bajo la esfera que recarga el reloj con cualquier luz, evitando cambios de bater\u00eda. Eso significa autonom\u00eda prolongada y un paso hacia la sostenibilidad sin renunciar a estilo deportivo.<\/p>\n<h3 data-start=\"869\" data-end=\"899\">Beneficios del reloj solar<\/h3>\n<ul data-start=\"901\" data-end=\"1071\">\n<li data-start=\"901\" data-end=\"993\">\n<p data-start=\"903\" data-end=\"993\">No requiere mantenimiento frecuente: la energ\u00eda solar garantiza funcionamiento continuo.<\/p>\n<\/li>\n<li data-start=\"994\" data-end=\"1071\">\n<p data-start=\"996\" data-end=\"1071\">Indicador de carga visible en la esfera para monitorear niveles de bater\u00eda.<\/p>\n<\/li>\n<\/ul>\n<h2 data-start=\"1073\" data-end=\"1154\">Dise\u00f1o deportivo y materiales premium del Tag\u202fHeuer\u202fFormula\u202f1\u202fSolargraph 38mm<\/h2>\n<p data-start=\"1156\" data-end=\"1429\">The box of <strong data-start=\"1167\" data-end=\"1196\">38\u202fmm de acero inoxidable<\/strong> ofrece robustez sin sacrificar comodidad. Su esfera gris antracita con bordes estriados aporta un aire t\u00e9cnico inspirado en automovilismo. El cristal de zafiro con tratamiento antirreflejo asegura claridad y resistencia a rayaduras.<\/p>\n<h3 data-start=\"1431\" data-end=\"1462\">Est\u00e9tica deportiva y c\u00f3moda<\/h3>\n<p data-start=\"1464\" data-end=\"1746\">La corona atornillada y la trasera s\u00f3lida garantizan una resistencia al agua de <strong data-start=\"1544\" data-end=\"1562\">100\u202fm (10\u202fbar)<\/strong>, perfecta para uso diario. Su brazalete\u00a0aporta confort y estilo informal compatible con la filosof\u00eda urbana del Tag\u202fHeuer\u202fFormula\u202f1\u202fSolargraph 38\u202fmm.<\/p>\n<h2 data-start=\"1748\" data-end=\"1782\">Precisi\u00f3n suiza y funcionalidad<\/h2>\n<p data-start=\"1784\" data-end=\"2026\">Con un movimiento <strong data-start=\"1802\" data-end=\"1828\">cuarzo solar Tag\u202fHeuer<\/strong>the <strong data-start=\"1833\" data-end=\"1863\">Formula\u202f1\u202fSolargraph 38mm<\/strong> mantiene la precisi\u00f3n est\u00e1ndar TAG\u202fHeuer sin necesidad de recargas el\u00e9ctricas. Incluye funci\u00f3n de <strong data-start=\"1962\" data-end=\"1981\">fecha a las 3\u202fh<\/strong> y segundero central para una lectura fiable.<\/p>\n<h3 data-start=\"2028\" data-end=\"2056\">Eficiencia y simplicidad<\/h3>\n<p data-start=\"2058\" data-end=\"2234\">La funcionalidad del <strong data-start=\"2079\" data-end=\"2119\">Tag\u202fHeuer\u202fFormula\u202f1\u202fSolargraph 38\u202fmm<\/strong> se expresa en su esfera clara, ideal para quienes buscan legibilidad y fiabilidad con un dise\u00f1o informal y actual.<\/p>\n<h2 data-start=\"2236\" data-end=\"2269\">Versatilidad para el d\u00eda a d\u00eda<\/h2>\n<p data-start=\"2271\" data-end=\"2521\">The <strong data-start=\"2274\" data-end=\"2314\">Tag\u202fHeuer\u202fFormula\u202f1\u202fSolargraph 38\u202fmm<\/strong> equilibra estilo deportivo con elegancia casual. Su tama\u00f1o compacto y brazalete facilitan adaptarlo a looks urbanos, de oficina o informales, convirti\u00e9ndolo en un reloj pr\u00e1ctico para m\u00faltiples escenarios.<\/p>\n<h3 data-start=\"2523\" data-end=\"2550\">Transici\u00f3n sin esfuerzo<\/h3>\n<p data-start=\"2552\" data-end=\"2703\">Desde un paseo por la ciudad hasta una reuni\u00f3n informal, el <strong data-start=\"2612\" data-end=\"2652\">Tag\u202fHeuer\u202fFormula\u202f1\u202fSolargraph 38\u202fmm<\/strong> se adapta con comodidad y presencia contempor\u00e1nea.<\/p>\n<h2 data-start=\"2705\" data-end=\"2742\">Innovaci\u00f3n y compromiso sostenible<\/h2>\n<p data-start=\"2744\" data-end=\"2970\">The line <strong data-start=\"2753\" data-end=\"2777\">Formula 1 Solargraph<\/strong> refleja el compromiso de TAG\u202fHeuer con la innovaci\u00f3n y la sostenibilidad. El <strong data-start=\"2855\" data-end=\"2895\">Tag\u202fHeuer\u202fFormula\u202f1\u202fSolargraph 38mm<\/strong> es un paso firme hacia relojes que combinan estilo y tecnolog\u00eda ecol\u00f3gica.<\/p>\n<h3 data-start=\"2972\" data-end=\"2995\">Filosof\u00eda de futuro<\/h3>\n<p data-start=\"2997\" data-end=\"3112\">Al optar por este reloj, est\u00e1s eligiendo sostenibilidad, calidad suiza y dise\u00f1o deportivo con conciencia ecol\u00f3gica.<\/p>","protected":false},"excerpt":{"rendered":"<p>The <strong data-start=\"387\" data-end=\"442\">Tag Heuer Formula 1 Solargraph<\/strong>\u202f38mm WBY1113.BA0042 destaca por su dise\u00f1o deportivo y energ\u00eda solar, con caja de 38\u202fmm y versatilidad urbana: tecnolog\u00eda avanzada y estilo sostenible en la mu\u00f1eca.<\/p>","protected":false},"featured_media":86980,"template":"","meta":{"_acf_changed":false},"product_brand":[1145],"product_cat":[47],"product_tag":[],"class_list":{"0":"post-86976","1":"product","2":"type-product","3":"status-publish","4":"has-post-thumbnail","6":"product_brand-tag-heuer","7":"product_cat-relojes","9":"first","10":"instock","11":"taxable","12":"shipping-taxable","13":"purchasable","14":"product-type-simple"},"acf":[],"df_price":2050,"df_sale_price":"","df_regular_price":2050,"df_image_link":"https:\/\/joyeriagordillo.com\/wp-content\/uploads\/2026\/04\/WBY1111.BA0042_Soldier-240x300.avif","_links":{"self":[{"href":"https:\/\/joyeriagordillo.com\/en\/wp-json\/wp\/v2\/product\/86976","targetHints":{"allow":["GET"]}}],"collection":[{"href":"https:\/\/joyeriagordillo.com\/en\/wp-json\/wp\/v2\/product"}],"about":[{"href":"https:\/\/joyeriagordillo.com\/en\/wp-json\/wp\/v2\/types\/product"}],"version-history":[{"count":1,"href":"https:\/\/joyeriagordillo.com\/en\/wp-json\/wp\/v2\/product\/86976\/revisions"}],"predecessor-version":[{"id":86982,"href":"https:\/\/joyeriagordillo.com\/en\/wp-json\/wp\/v2\/product\/86976\/revisions\/86982"}],"wp:featuredmedia":[{"embeddable":true,"href":"https:\/\/joyeriagordillo.com\/en\/wp-json\/wp\/v2\/media\/86980"}],"wp:attachment":[{"href":"https:\/\/joyeriagordillo.com\/en\/wp-json\/wp\/v2\/media?parent=86976"}],"wp:term":[{"taxonomy":"product_brand","embeddable":true,"href":"https:\/\/joyeriagordillo.com\/en\/wp-json\/wp\/v2\/product_brand?post=86976"},{"taxonomy":"product_cat","embeddable":true,"href":"https:\/\/joyeriagordillo.com\/en\/wp-json\/wp\/v2\/product_cat?post=86976"},{"taxonomy":"product_tag","embeddable":true,"href":"https:\/\/joyeriagordillo.com\/en\/wp-json\/wp\/v2\/product_tag?post=86976"}],"curies":[{"name":"wp","href":"https:\/\/api.w.org\/{rel}","templated":true}]}}