{"id":86991,"date":"2026-04-16T11:23:42","date_gmt":"2026-04-16T10:23:42","guid":{"rendered":"https:\/\/joyeriagordillo.com\/?post_type=product&#038;p=86991"},"modified":"2026-04-16T12:17:26","modified_gmt":"2026-04-16T11:17:26","slug":"tag-heuer-formula-1-solargraph-azul","status":"publish","type":"product","link":"https:\/\/joyeriagordillo.com\/en\/producto\/tag-heuer-formula-1-solargraph-azul\/","title":{"rendered":"Tag Heuer Formula 1 Solargraph Azul 38mm"},"content":{"rendered":"<section class=\"text-token-text-primary w-full focus:outline-none [--shadow-height:45px] has-data-writing-block:pointer-events-none has-data-writing-block:-mt-(--shadow-height) has-data-writing-block:pt-(--shadow-height) [&amp;:has([data-writing-block])&gt;*]:pointer-events-auto R6Vx5W_threadScrollVars scroll-mb-[calc(var(--scroll-root-safe-area-inset-bottom,0px)+var(--thread-response-height,0px))] scroll-mt-[calc(var(--header-height)+min(200px,max(70px,20svh)))]\" dir=\"auto\" data-turn-id=\"request-WEB:5a47c1a6-645c-4c1d-b51d-9e9aba5b0f7b-5\" data-testid=\"conversation-turn-4\" data-scroll-anchor=\"false\" data-turn=\"assistant\">\n<div class=\"text-base my-auto mx-auto pb-10 [--thread-content-margin:var(--thread-content-margin-xs,calc(var(--spacing)*4))] @w-sm\/main:[--thread-content-margin:var(--thread-content-margin-sm,calc(var(--spacing)*6))] @w-lg\/main:[--thread-content-margin:var(--thread-content-margin-lg,calc(var(--spacing)*16))] px-(--thread-content-margin)\">\n<div class=\"[--thread-content-max-width:40rem] @w-lg\/main:[--thread-content-max-width:48rem] mx-auto max-w-(--thread-content-max-width) flex-1 group\/turn-messages focus-visible:outline-hidden relative flex w-full min-w-0 flex-col agent-turn\">\n<div class=\"flex max-w-full flex-col gap-4 grow\">\n<div class=\"min-h-8 text-message relative flex w-full flex-col items-end gap-2 text-start break-words whitespace-normal outline-none keyboard-focused:focus-ring [.text-message+&amp;]:mt-1\" dir=\"auto\" tabindex=\"0\" data-message-author-role=\"assistant\" data-message-id=\"f9b874d0-91d8-499c-ad0f-78be19051a3c\" data-message-model-slug=\"gpt-5-3\" data-turn-start-message=\"true\">\n<div class=\"flex w-full flex-col gap-1 empty:hidden\">\n<div class=\"markdown prose dark:prose-invert w-full wrap-break-word light markdown-new-styling\">\n<p data-start=\"334\" data-end=\"598\">Parece un reloj deportivo m\u00e1s\u2026 pero hay un detalle que lo cambia todo. El <strong data-start=\"408\" data-end=\"471\">Tag Heuer Formula 1 Solargraph Azul 38mm WBY1112.BA0042<\/strong> no solo destaca por su dise\u00f1o, sino por la forma en la que se adapta a tu ritmo de vida sin que tengas que preocuparte por \u00e9l.<\/p>\n<h2 data-section-id=\"1a20opu\" data-start=\"600\" data-end=\"678\">Estilo vers\u00e1til del Tag Heuer Formula 1 Solargraph<\/h2>\n<p data-start=\"679\" data-end=\"866\">El <strong data-start=\"682\" data-end=\"745\">Tag Heuer Formula 1 Solargraph Azul 38mm WBY1112.BA0042<\/strong> presenta un equilibrio perfecto entre deportividad y elegancia. Su tono azul transmite calma, confianza y sofisticaci\u00f3n.<\/p>\n<h3 data-section-id=\"zsi9wu\" data-start=\"868\" data-end=\"892\">Tama\u00f1o ideal de 38mm<\/h3>\n<p data-start=\"893\" data-end=\"1101\">El di\u00e1metro de 38mm lo convierte en una opci\u00f3n muy c\u00f3moda para cualquier mu\u00f1eca. El <strong data-start=\"977\" data-end=\"1040\">Tag Heuer Formula 1 Solargraph WBY1112.BA0042<\/strong> se adapta f\u00e1cilmente tanto a estilos formales como casuales.<\/p>\n<h3 data-section-id=\"19vy55k\" data-start=\"1103\" data-end=\"1136\">Brazalete de acero inoxidable<\/h3>\n<p data-start=\"1137\" data-end=\"1310\">Su brazalete aporta resistencia y un acabado premium. Adem\u00e1s, mejora la durabilidad del <strong data-start=\"1225\" data-end=\"1288\">Tag Heuer Formula 1 Solargraph Azul 38mm WBY1112.BA0042<\/strong> frente al uso diario.<\/p>\n<h3 data-section-id=\"1nomc0v\" data-start=\"1312\" data-end=\"1340\">Esfera clara y funcional<\/h3>\n<p data-start=\"1341\" data-end=\"1460\">La legibilidad es excelente gracias a su dise\u00f1o limpio, permitiendo ver la hora de forma r\u00e1pida en cualquier situaci\u00f3n.<\/p>\n<h2 data-section-id=\"1jr8kdq\" data-start=\"1462\" data-end=\"1548\">Innovaci\u00f3n Solargraph en el Tag Heuer Formula 1 Solargraph Azul 38mm WBY1112.BA0042<\/h2>\n<p data-start=\"1549\" data-end=\"1673\">Aqu\u00ed es donde el <strong data-start=\"1566\" data-end=\"1629\">Tag Heuer Formula 1 Solargraph Azul 38mm WBY1112.BA0042<\/strong> marca la diferencia frente a otros relojes.<\/p>\n<h3 data-section-id=\"iyxwll\" data-start=\"1675\" data-end=\"1713\">Carga con luz natural o artificial<\/h3>\n<p data-start=\"1714\" data-end=\"1839\">Gracias a su tecnolog\u00eda solar, el reloj se recarga con cualquier fuente de luz. Esto elimina la necesidad de cambiar la pila.<\/p>\n<h3 data-section-id=\"cmus4q\" data-start=\"1841\" data-end=\"1865\">Autonom\u00eda prolongada<\/h3>\n<p data-start=\"1866\" data-end=\"2001\">El <strong data-start=\"1869\" data-end=\"1932\">Tag Heuer Formula 1 Solargraph Azul 38mm WBY1112.BA0042<\/strong> puede funcionar durante largos periodos con una sola carga completa.<\/p>\n<h3 data-section-id=\"62dqkg\" data-start=\"2003\" data-end=\"2034\">Precisi\u00f3n suiza garantizada<\/h3>\n<p data-start=\"2035\" data-end=\"2137\">Ofrece un rendimiento fiable y exacto, manteniendo la tradici\u00f3n de la relojer\u00eda suiza de alta calidad.<\/p>\n<h2 data-section-id=\"apkgyg\" data-start=\"2139\" data-end=\"2210\">Ventajas del Tag Heuer Formula 1 Solargraph Azul 38mm WBY1112.BA0042<\/h2>\n<p data-start=\"2211\" data-end=\"2355\">Elegir el <strong data-start=\"2221\" data-end=\"2284\">Tag Heuer Formula 1 Solargraph <\/strong>significa apostar por comodidad, innovaci\u00f3n y estilo en un solo reloj.<\/p>\n<p data-start=\"2357\" data-end=\"2540\">Puedes descubrir m\u00e1s modelos similares en la colecci\u00f3n de relojes deportivos en <a href=\"https:\/\/joyeriagordillo.com\">joyeriagordillo.com<\/a> o explorar otras opciones de la marca en <a href=\"https:\/\/joyeriagordillo.com\/tag-heuer\">Tag Heuer<\/a>.<\/p>\n<p data-start=\"2542\" data-end=\"2795\">Si quieres conocer m\u00e1s sobre la tecnolog\u00eda solar en relojes, puedes consultar fuentes informativas, donde explican en detalle su funcionamiento.<\/p>\n<p data-start=\"2797\" data-end=\"2951\" data-is-last-node=\"\" data-is-only-node=\"\">El <strong data-start=\"2800\" data-end=\"2863\">Tag Heuer Formula 1 Solargraph Azul 38mm WBY1112.BA0042<\/strong> est\u00e1 dise\u00f1ado para quienes buscan rendimiento sin complicaciones y estilo sin esfuerzo.<\/p>\n<\/div>\n<\/div>\n<\/div>\n<\/div>\n<\/div>\n<\/div>\n<\/section>\n","protected":false},"excerpt":{"rendered":"<p>The <strong data-start=\"102\" data-end=\"165\">Tag Heuer Formula 1 Solargraph Azul 38mm WBY1112.BA0042<\/strong> combina elegancia deportiva, tecnolog\u00eda solar y precisi\u00f3n suiza en un dise\u00f1o compacto, c\u00f3modo y perfecto para el uso diario sin mantenimiento.<\/p>","protected":false},"featured_media":86996,"template":"","meta":{"_acf_changed":false},"product_brand":[1145],"product_cat":[47],"product_tag":[],"class_list":{"0":"post-86991","1":"product","2":"type-product","3":"status-publish","4":"has-post-thumbnail","6":"product_brand-tag-heuer","7":"product_cat-relojes","9":"first","10":"instock","11":"taxable","12":"shipping-taxable","13":"purchasable","14":"product-type-simple"},"acf":[],"df_price":2050,"df_sale_price":"","df_regular_price":2050,"df_image_link":"https:\/\/joyeriagordillo.com\/wp-content\/uploads\/2026\/04\/WBY1112.BA0042_Soldier-240x300.avif","_links":{"self":[{"href":"https:\/\/joyeriagordillo.com\/en\/wp-json\/wp\/v2\/product\/86991","targetHints":{"allow":["GET"]}}],"collection":[{"href":"https:\/\/joyeriagordillo.com\/en\/wp-json\/wp\/v2\/product"}],"about":[{"href":"https:\/\/joyeriagordillo.com\/en\/wp-json\/wp\/v2\/types\/product"}],"version-history":[{"count":3,"href":"https:\/\/joyeriagordillo.com\/en\/wp-json\/wp\/v2\/product\/86991\/revisions"}],"predecessor-version":[{"id":87000,"href":"https:\/\/joyeriagordillo.com\/en\/wp-json\/wp\/v2\/product\/86991\/revisions\/87000"}],"wp:featuredmedia":[{"embeddable":true,"href":"https:\/\/joyeriagordillo.com\/en\/wp-json\/wp\/v2\/media\/86996"}],"wp:attachment":[{"href":"https:\/\/joyeriagordillo.com\/en\/wp-json\/wp\/v2\/media?parent=86991"}],"wp:term":[{"taxonomy":"product_brand","embeddable":true,"href":"https:\/\/joyeriagordillo.com\/en\/wp-json\/wp\/v2\/product_brand?post=86991"},{"taxonomy":"product_cat","embeddable":true,"href":"https:\/\/joyeriagordillo.com\/en\/wp-json\/wp\/v2\/product_cat?post=86991"},{"taxonomy":"product_tag","embeddable":true,"href":"https:\/\/joyeriagordillo.com\/en\/wp-json\/wp\/v2\/product_tag?post=86991"}],"curies":[{"name":"wp","href":"https:\/\/api.w.org\/{rel}","templated":true}]}}