{"id":877,"date":"2025-02-04T19:22:33","date_gmt":"2025-02-04T19:22:33","guid":{"rendered":"https:\/\/joyeriagordillo.com\/?post_type=product&#038;p=877"},"modified":"2025-06-20T09:28:23","modified_gmt":"2025-06-20T08:28:23","slug":"pendientes-de-oro-amarillo-estrellas-coleccion-meraki","status":"publish","type":"product","link":"https:\/\/joyeriagordillo.com\/en\/producto\/pendientes-de-oro-amarillo-estrellas-coleccion-meraki\/","title":{"rendered":"Yellow gold earrings stars Meraki Collection"},"content":{"rendered":"<p>Los pendiente shiny Star realizados en oro amarillo de 18kt son unas divertidas estrellas que pertenecen a la colecci\u00f3n Meraki by Gordillo. No hay nada que te haga brillar m\u00e1s que nuestros pendientes shiny star, las estrellas son lo \u00faltimo esta temporada, hazte con las tuyas!.<\/p>","protected":false},"excerpt":{"rendered":"<p>Los pendientes Shiny Star de oro amarillo de 18kt son una divertidas estrellas de la colecci\u00f3n Meraki by Gordillo.<\/p>","protected":false},"featured_media":950,"template":"","meta":{"_acf_changed":false},"product_brand":[],"product_cat":[120,111,32,56,59],"product_tag":[],"class_list":{"0":"post-877","1":"product","2":"type-product","3":"status-publish","4":"has-post-thumbnail","6":"product_cat-basicos","7":"product_cat-colecciones-propias","8":"product_cat-joyas","9":"product_cat-pendientes-de-oro","10":"product_cat-pendientes-de-oro-amarillo","12":"first","13":"instock","14":"taxable","15":"shipping-taxable","16":"purchasable","17":"product-type-simple"},"acf":[],"df_price":225,"df_sale_price":"","df_regular_price":225,"df_image_link":"https:\/\/joyeriagordillo.com\/wp-content\/uploads\/2025\/02\/products-421-019523-2-300x300.jpg","_links":{"self":[{"href":"https:\/\/joyeriagordillo.com\/en\/wp-json\/wp\/v2\/product\/877","targetHints":{"allow":["GET"]}}],"collection":[{"href":"https:\/\/joyeriagordillo.com\/en\/wp-json\/wp\/v2\/product"}],"about":[{"href":"https:\/\/joyeriagordillo.com\/en\/wp-json\/wp\/v2\/types\/product"}],"version-history":[{"count":0,"href":"https:\/\/joyeriagordillo.com\/en\/wp-json\/wp\/v2\/product\/877\/revisions"}],"wp:featuredmedia":[{"embeddable":true,"href":"https:\/\/joyeriagordillo.com\/en\/wp-json\/wp\/v2\/media\/950"}],"wp:attachment":[{"href":"https:\/\/joyeriagordillo.com\/en\/wp-json\/wp\/v2\/media?parent=877"}],"wp:term":[{"taxonomy":"product_brand","embeddable":true,"href":"https:\/\/joyeriagordillo.com\/en\/wp-json\/wp\/v2\/product_brand?post=877"},{"taxonomy":"product_cat","embeddable":true,"href":"https:\/\/joyeriagordillo.com\/en\/wp-json\/wp\/v2\/product_cat?post=877"},{"taxonomy":"product_tag","embeddable":true,"href":"https:\/\/joyeriagordillo.com\/en\/wp-json\/wp\/v2\/product_tag?post=877"}],"curies":[{"name":"wp","href":"https:\/\/api.w.org\/{rel}","templated":true}]}}