{"id":878,"date":"2025-02-04T19:22:33","date_gmt":"2025-02-04T19:22:33","guid":{"rendered":"https:\/\/joyeriagordillo.com\/?post_type=product&#038;p=878"},"modified":"2025-06-20T09:33:34","modified_gmt":"2025-06-20T08:33:34","slug":"anillo-circle-de-oro-rosa-coleccion-meraki","status":"publish","type":"product","link":"https:\/\/joyeriagordillo.com\/en\/producto\/anillo-circle-de-oro-rosa-coleccion-meraki\/","title":{"rendered":"Circle ring in rose gold Meraki Collection"},"content":{"rendered":"<p>El anillo Circle de oro rosa de 18kt, cuenta con una est\u00e9tica minimalista. La geometr\u00eda ha decidido expandir su esencia en toda nuestra colecci\u00f3n Meraki by Gordillo, l\u00edneas b\u00e1sicas conquistan nuestras piezas dando resultado joyas ic\u00f3nicas y atemporales.<\/p>","protected":false},"excerpt":{"rendered":"<p>El anillo Circle de oro rosa de 18kt de inspiraciones geom\u00e9tricas pertenece a la colecci\u00f3n Meraki by Gordillo.<\/p>","protected":false},"featured_media":952,"template":"","meta":{"_acf_changed":false},"product_brand":[],"product_cat":[45,205,120,111,32],"product_tag":[],"class_list":{"0":"post-878","1":"product","2":"type-product","3":"status-publish","4":"has-post-thumbnail","6":"product_cat-anillos-de-oro","7":"product_cat-anillos-oro-rosa","8":"product_cat-basicos","9":"product_cat-colecciones-propias","10":"product_cat-joyas","12":"first","13":"instock","14":"purchasable","15":"product-type-variable","16":"has-default-attributes"},"acf":[],"df_price":430,"df_sale_price":"","df_regular_price":430,"df_image_link":"https:\/\/joyeriagordillo.com\/wp-content\/uploads\/2025\/02\/products-411-019524-1-300x300.jpg","_links":{"self":[{"href":"https:\/\/joyeriagordillo.com\/en\/wp-json\/wp\/v2\/product\/878","targetHints":{"allow":["GET"]}}],"collection":[{"href":"https:\/\/joyeriagordillo.com\/en\/wp-json\/wp\/v2\/product"}],"about":[{"href":"https:\/\/joyeriagordillo.com\/en\/wp-json\/wp\/v2\/types\/product"}],"version-history":[{"count":0,"href":"https:\/\/joyeriagordillo.com\/en\/wp-json\/wp\/v2\/product\/878\/revisions"}],"wp:featuredmedia":[{"embeddable":true,"href":"https:\/\/joyeriagordillo.com\/en\/wp-json\/wp\/v2\/media\/952"}],"wp:attachment":[{"href":"https:\/\/joyeriagordillo.com\/en\/wp-json\/wp\/v2\/media?parent=878"}],"wp:term":[{"taxonomy":"product_brand","embeddable":true,"href":"https:\/\/joyeriagordillo.com\/en\/wp-json\/wp\/v2\/product_brand?post=878"},{"taxonomy":"product_cat","embeddable":true,"href":"https:\/\/joyeriagordillo.com\/en\/wp-json\/wp\/v2\/product_cat?post=878"},{"taxonomy":"product_tag","embeddable":true,"href":"https:\/\/joyeriagordillo.com\/en\/wp-json\/wp\/v2\/product_tag?post=878"}],"curies":[{"name":"wp","href":"https:\/\/api.w.org\/{rel}","templated":true}]}}