{"id":924,"date":"2025-02-04T19:22:58","date_gmt":"2025-02-04T19:22:58","guid":{"rendered":"https:\/\/joyeriagordillo.com\/?post_type=product&#038;p=924"},"modified":"2026-01-09T12:55:55","modified_gmt":"2026-01-09T11:55:55","slug":"sortija-oro-blanco-con-esmeraldas-y-zafiros","status":"publish","type":"product","link":"https:\/\/joyeriagordillo.com\/en\/producto\/sortija-oro-blanco-con-esmeraldas-y-zafiros\/","title":{"rendered":"White gold ring with emeralds and sapphires"},"content":{"rendered":"<p>El anillo Brasilia de oro blanco de 18kt est\u00e1 realizada con una esmeralda de 3,32ct y zafiros en un total de 0,95ct, posee una personalidad \u00fanica en la que color y dise\u00f1o a\u00fanan sus fuerzas obteni\u00e9ndose este atractivo dise\u00f1o que no pasar\u00e1 desapercibido.<\/p>","protected":false},"excerpt":{"rendered":"<p>The 18k white gold Brasilia ring features an emerald and sapphires.<\/p>","protected":false},"featured_media":85475,"template":"","meta":{"_acf_changed":false},"product_brand":[],"product_cat":[735,45,704,207,32],"product_tag":[1173,1170],"class_list":{"0":"post-924","1":"product","2":"type-product","3":"status-publish","4":"has-post-thumbnail","6":"product_cat-anillo-esmeraldas","7":"product_cat-anillos-de-oro","8":"product_cat-anillos-oro-blanco","9":"product_cat-anillos-zafiros","10":"product_cat-joyas","11":"product_tag-oro-blanco-con-esmeralda","12":"product_tag-oro-blanco-con-zafiros","14":"first","15":"instock","16":"taxable","17":"shipping-taxable","18":"purchasable","19":"product-type-simple"},"acf":[],"df_price":3500,"df_sale_price":"","df_regular_price":3500,"df_image_link":"https:\/\/joyeriagordillo.com\/wp-content\/uploads\/2025\/02\/885c1c3a-3e23-4e6f-9081-9bd8670b0604-300x300.jpg","_links":{"self":[{"href":"https:\/\/joyeriagordillo.com\/en\/wp-json\/wp\/v2\/product\/924","targetHints":{"allow":["GET"]}}],"collection":[{"href":"https:\/\/joyeriagordillo.com\/en\/wp-json\/wp\/v2\/product"}],"about":[{"href":"https:\/\/joyeriagordillo.com\/en\/wp-json\/wp\/v2\/types\/product"}],"version-history":[{"count":2,"href":"https:\/\/joyeriagordillo.com\/en\/wp-json\/wp\/v2\/product\/924\/revisions"}],"predecessor-version":[{"id":85478,"href":"https:\/\/joyeriagordillo.com\/en\/wp-json\/wp\/v2\/product\/924\/revisions\/85478"}],"wp:featuredmedia":[{"embeddable":true,"href":"https:\/\/joyeriagordillo.com\/en\/wp-json\/wp\/v2\/media\/85475"}],"wp:attachment":[{"href":"https:\/\/joyeriagordillo.com\/en\/wp-json\/wp\/v2\/media?parent=924"}],"wp:term":[{"taxonomy":"product_brand","embeddable":true,"href":"https:\/\/joyeriagordillo.com\/en\/wp-json\/wp\/v2\/product_brand?post=924"},{"taxonomy":"product_cat","embeddable":true,"href":"https:\/\/joyeriagordillo.com\/en\/wp-json\/wp\/v2\/product_cat?post=924"},{"taxonomy":"product_tag","embeddable":true,"href":"https:\/\/joyeriagordillo.com\/en\/wp-json\/wp\/v2\/product_tag?post=924"}],"curies":[{"name":"wp","href":"https:\/\/api.w.org\/{rel}","templated":true}]}}